{"id":298,"date":"2012-11-16T15:05:17","date_gmt":"2012-11-16T15:05:17","guid":{"rendered":"http:\/\/roundone.cmsmasters.net\/?page_id=298"},"modified":"2020-07-15T09:18:53","modified_gmt":"2020-07-15T09:18:53","slug":"three-columns-portfolio","status":"publish","type":"page","link":"https:\/\/www.todocon.com\/ru_RU\/three-columns-portfolio\/","title":{"rendered":"\u043e\u0431\u0440\u0430\u0437\u043d\u043e\u0441\u0442\u044c"},"content":{"rendered":"\n<div class=\"ngg-galleryoverview ngg-template-caption\" id=\"ngg-gallery-98a54b7fbfb4c33749ae79d146bb458e-298\">\n\n\n\t<!-- Thumbnails -->\n    \t\t\n\t<div id=\"ngg-image-1\" class=\"ngg-gallery-thumbnail-box\" style=\"width:25%;\" >\n\t\t<div class=\"ngg-gallery-thumbnail\" >\n\t\t\t<a href=\"https:\/\/www.todocon.com\/wp-content\/gallery\/productos-todocon\/06092012872.jpg\"\n               title=\" \"\n               class=\"ngg-fancybox\" rel=\"98a54b7fbfb4c33749ae79d146bb458e\" data-image-id=\"1\" data-src=\"https:\/\/www.todocon.com\/wp-content\/gallery\/productos-todocon\/06092012872.jpg\" data-thumbnail=\"https:\/\/www.todocon.com\/wp-content\/gallery\/productos-todocon\/thumbs\/thumbs_06092012872.jpg\" data-title=\"06092012872\" data-description=\" \" >\n\t\t\t\t\t\t\t\t<img title=\"06092012872\" alt=\"06092012872\" src=\"https:\/\/www.todocon.com\/wp-content\/gallery\/productos-todocon\/thumbs\/thumbs_06092012872.jpg\" width='240' height='160' \/>\n\t\t\t\t\t\t\t<\/a>\n\t\t\t<span> <\/span>\n\t\t<\/div>\n\t<\/div>\n\t\t \t\t\n\t<div id=\"ngg-image-2\" class=\"ngg-gallery-thumbnail-box\" style=\"width:25%;\" >\n\t\t<div class=\"ngg-gallery-thumbnail\" >\n\t\t\t<a href=\"https:\/\/www.todocon.com\/wp-content\/gallery\/productos-todocon\/081809_0621072-sv-85_apl.jpg\"\n               title=\" \"\n               class=\"ngg-fancybox\" rel=\"98a54b7fbfb4c33749ae79d146bb458e\" data-image-id=\"2\" data-src=\"https:\/\/www.todocon.com\/wp-content\/gallery\/productos-todocon\/081809_0621072-sv-85_apl.jpg\" data-thumbnail=\"https:\/\/www.todocon.com\/wp-content\/gallery\/productos-todocon\/thumbs\/thumbs_081809_0621072-sv-85_apl.jpg\" data-title=\"081809_0621072-sv-85_apl\" data-description=\" \" >\n\t\t\t\t\t\t\t\t<img title=\"081809_0621072-sv-85_apl\" alt=\"081809_0621072-sv-85_apl\" src=\"https:\/\/www.todocon.com\/wp-content\/gallery\/productos-todocon\/thumbs\/thumbs_081809_0621072-sv-85_apl.jpg\" width='240' height='160' \/>\n\t\t\t\t\t\t\t<\/a>\n\t\t\t<span> <\/span>\n\t\t<\/div>\n\t<\/div>\n\t\t \t\t\n\t<div id=\"ngg-image-4\" class=\"ngg-gallery-thumbnail-box\" style=\"width:25%;\" >\n\t\t<div class=\"ngg-gallery-thumbnail\" >\n\t\t\t<a href=\"https:\/\/www.todocon.com\/wp-content\/gallery\/productos-todocon\/06092012873.jpg\"\n               title=\" \"\n               class=\"ngg-fancybox\" rel=\"98a54b7fbfb4c33749ae79d146bb458e\" data-image-id=\"4\" data-src=\"https:\/\/www.todocon.com\/wp-content\/gallery\/productos-todocon\/06092012873.jpg\" data-thumbnail=\"https:\/\/www.todocon.com\/wp-content\/gallery\/productos-todocon\/thumbs\/thumbs_06092012873.jpg\" data-title=\"06092012873\" data-description=\" \" >\n\t\t\t\t\t\t\t\t<img title=\"06092012873\" alt=\"06092012873\" src=\"https:\/\/www.todocon.com\/wp-content\/gallery\/productos-todocon\/thumbs\/thumbs_06092012873.jpg\" width='240' height='160' \/>\n\t\t\t\t\t\t\t<\/a>\n\t\t\t<span> <\/span>\n\t\t<\/div>\n\t<\/div>\n\t\t \t\t\n\t<div id=\"ngg-image-5\" class=\"ngg-gallery-thumbnail-box\" style=\"width:25%;\" >\n\t\t<div class=\"ngg-gallery-thumbnail\" >\n\t\t\t<a href=\"https:\/\/www.todocon.com\/wp-content\/gallery\/productos-todocon\/2012-11-22-12.36.46.jpg\"\n               title=\" \"\n               class=\"ngg-fancybox\" rel=\"98a54b7fbfb4c33749ae79d146bb458e\" data-image-id=\"5\" data-src=\"https:\/\/www.todocon.com\/wp-content\/gallery\/productos-todocon\/2012-11-22-12.36.46.jpg\" data-thumbnail=\"https:\/\/www.todocon.com\/wp-content\/gallery\/productos-todocon\/thumbs\/thumbs_2012-11-22-12.36.46.jpg\" data-title=\"SAMSUNG\" data-description=\" \" >\n\t\t\t\t\t\t\t\t<img title=\"SAMSUNG\" alt=\"SAMSUNG\" src=\"https:\/\/www.todocon.com\/wp-content\/gallery\/productos-todocon\/thumbs\/thumbs_2012-11-22-12.36.46.jpg\" width='240' height='160' \/>\n\t\t\t\t\t\t\t<\/a>\n\t\t\t<span> <\/span>\n\t\t<\/div>\n\t<\/div>\n\t\t\t<br style=\"clear: both\" \/>\n\t \t\t\n\t<div id=\"ngg-image-6\" class=\"ngg-gallery-thumbnail-box\" style=\"width:25%;\" >\n\t\t<div class=\"ngg-gallery-thumbnail\" >\n\t\t\t<a href=\"https:\/\/www.todocon.com\/wp-content\/gallery\/productos-todocon\/2012-11-22-18.27.32.jpg\"\n               title=\" \"\n               class=\"ngg-fancybox\" rel=\"98a54b7fbfb4c33749ae79d146bb458e\" data-image-id=\"6\" data-src=\"https:\/\/www.todocon.com\/wp-content\/gallery\/productos-todocon\/2012-11-22-18.27.32.jpg\" data-thumbnail=\"https:\/\/www.todocon.com\/wp-content\/gallery\/productos-todocon\/thumbs\/thumbs_2012-11-22-18.27.32.jpg\" data-title=\"SAMSUNG\" data-description=\" \" >\n\t\t\t\t\t\t\t\t<img title=\"SAMSUNG\" alt=\"SAMSUNG\" src=\"https:\/\/www.todocon.com\/wp-content\/gallery\/productos-todocon\/thumbs\/thumbs_2012-11-22-18.27.32.jpg\" width='240' height='160' \/>\n\t\t\t\t\t\t\t<\/a>\n\t\t\t<span> <\/span>\n\t\t<\/div>\n\t<\/div>\n\t\t \t\t\n\t<div id=\"ngg-image-7\" class=\"ngg-gallery-thumbnail-box\" style=\"width:25%;\" >\n\t\t<div class=\"ngg-gallery-thumbnail\" >\n\t\t\t<a href=\"https:\/\/www.todocon.com\/wp-content\/gallery\/productos-todocon\/131112.jpg\"\n               title=\" \"\n               class=\"ngg-fancybox\" rel=\"98a54b7fbfb4c33749ae79d146bb458e\" data-image-id=\"7\" data-src=\"https:\/\/www.todocon.com\/wp-content\/gallery\/productos-todocon\/131112.jpg\" data-thumbnail=\"https:\/\/www.todocon.com\/wp-content\/gallery\/productos-todocon\/thumbs\/thumbs_131112.jpg\" data-title=\"131112\" data-description=\" \" >\n\t\t\t\t\t\t\t\t<img title=\"131112\" alt=\"131112\" src=\"https:\/\/www.todocon.com\/wp-content\/gallery\/productos-todocon\/thumbs\/thumbs_131112.jpg\" width='240' height='160' \/>\n\t\t\t\t\t\t\t<\/a>\n\t\t\t<span> <\/span>\n\t\t<\/div>\n\t<\/div>\n\t\t \t\t\n\t<div id=\"ngg-image-8\" class=\"ngg-gallery-thumbnail-box\" style=\"width:25%;\" >\n\t\t<div class=\"ngg-gallery-thumbnail\" >\n\t\t\t<a href=\"https:\/\/www.todocon.com\/wp-content\/gallery\/productos-todocon\/20130225_161905.jpg\"\n               title=\" \"\n               class=\"ngg-fancybox\" rel=\"98a54b7fbfb4c33749ae79d146bb458e\" data-image-id=\"8\" data-src=\"https:\/\/www.todocon.com\/wp-content\/gallery\/productos-todocon\/20130225_161905.jpg\" data-thumbnail=\"https:\/\/www.todocon.com\/wp-content\/gallery\/productos-todocon\/thumbs\/thumbs_20130225_161905.jpg\" data-title=\"20130225_161905\" data-description=\" \" >\n\t\t\t\t\t\t\t\t<img title=\"20130225_161905\" alt=\"20130225_161905\" src=\"https:\/\/www.todocon.com\/wp-content\/gallery\/productos-todocon\/thumbs\/thumbs_20130225_161905.jpg\" width='240' height='160' \/>\n\t\t\t\t\t\t\t<\/a>\n\t\t\t<span> <\/span>\n\t\t<\/div>\n\t<\/div>\n\t\t \t\t\n\t<div id=\"ngg-image-9\" class=\"ngg-gallery-thumbnail-box\" style=\"width:25%;\" >\n\t\t<div class=\"ngg-gallery-thumbnail\" >\n\t\t\t<a href=\"https:\/\/www.todocon.com\/wp-content\/gallery\/productos-todocon\/20130225_161915.jpg\"\n               title=\" \"\n               class=\"ngg-fancybox\" rel=\"98a54b7fbfb4c33749ae79d146bb458e\" data-image-id=\"9\" data-src=\"https:\/\/www.todocon.com\/wp-content\/gallery\/productos-todocon\/20130225_161915.jpg\" data-thumbnail=\"https:\/\/www.todocon.com\/wp-content\/gallery\/productos-todocon\/thumbs\/thumbs_20130225_161915.jpg\" data-title=\"20130225_161915\" data-description=\" \" >\n\t\t\t\t\t\t\t\t<img title=\"20130225_161915\" alt=\"20130225_161915\" src=\"https:\/\/www.todocon.com\/wp-content\/gallery\/productos-todocon\/thumbs\/thumbs_20130225_161915.jpg\" width='240' height='160' \/>\n\t\t\t\t\t\t\t<\/a>\n\t\t\t<span> <\/span>\n\t\t<\/div>\n\t<\/div>\n\t\t\t<br style=\"clear: both\" \/>\n\t \t\t\n\t<div id=\"ngg-image-10\" class=\"ngg-gallery-thumbnail-box\" style=\"width:25%;\" >\n\t\t<div class=\"ngg-gallery-thumbnail\" >\n\t\t\t<a href=\"https:\/\/www.todocon.com\/wp-content\/gallery\/productos-todocon\/20130225_161945.jpg\"\n               title=\" \"\n               class=\"ngg-fancybox\" rel=\"98a54b7fbfb4c33749ae79d146bb458e\" data-image-id=\"10\" data-src=\"https:\/\/www.todocon.com\/wp-content\/gallery\/productos-todocon\/20130225_161945.jpg\" data-thumbnail=\"https:\/\/www.todocon.com\/wp-content\/gallery\/productos-todocon\/thumbs\/thumbs_20130225_161945.jpg\" data-title=\"20130225_161945\" data-description=\" \" >\n\t\t\t\t\t\t\t\t<img title=\"20130225_161945\" alt=\"20130225_161945\" src=\"https:\/\/www.todocon.com\/wp-content\/gallery\/productos-todocon\/thumbs\/thumbs_20130225_161945.jpg\" width='240' height='160' \/>\n\t\t\t\t\t\t\t<\/a>\n\t\t\t<span> <\/span>\n\t\t<\/div>\n\t<\/div>\n\t\t \t\t\n\t<div id=\"ngg-image-11\" class=\"ngg-gallery-thumbnail-box\" style=\"width:25%;\" >\n\t\t<div class=\"ngg-gallery-thumbnail\" >\n\t\t\t<a href=\"https:\/\/www.todocon.com\/wp-content\/gallery\/productos-todocon\/060920128721.jpg\"\n               title=\" \"\n               class=\"ngg-fancybox\" rel=\"98a54b7fbfb4c33749ae79d146bb458e\" data-image-id=\"11\" data-src=\"https:\/\/www.todocon.com\/wp-content\/gallery\/productos-todocon\/060920128721.jpg\" data-thumbnail=\"https:\/\/www.todocon.com\/wp-content\/gallery\/productos-todocon\/thumbs\/thumbs_060920128721.jpg\" data-title=\"060920128721\" data-description=\" \" >\n\t\t\t\t\t\t\t\t<img title=\"060920128721\" alt=\"060920128721\" src=\"https:\/\/www.todocon.com\/wp-content\/gallery\/productos-todocon\/thumbs\/thumbs_060920128721.jpg\" width='240' height='160' \/>\n\t\t\t\t\t\t\t<\/a>\n\t\t\t<span> <\/span>\n\t\t<\/div>\n\t<\/div>\n\t\t \t\t\n\t<div id=\"ngg-image-12\" class=\"ngg-gallery-thumbnail-box\" style=\"width:25%;\" >\n\t\t<div class=\"ngg-gallery-thumbnail\" >\n\t\t\t<a href=\"https:\/\/www.todocon.com\/wp-content\/gallery\/productos-todocon\/060920128731.jpg\"\n               title=\" \"\n               class=\"ngg-fancybox\" rel=\"98a54b7fbfb4c33749ae79d146bb458e\" data-image-id=\"12\" data-src=\"https:\/\/www.todocon.com\/wp-content\/gallery\/productos-todocon\/060920128731.jpg\" data-thumbnail=\"https:\/\/www.todocon.com\/wp-content\/gallery\/productos-todocon\/thumbs\/thumbs_060920128731.jpg\" data-title=\"060920128731\" data-description=\" \" >\n\t\t\t\t\t\t\t\t<img title=\"060920128731\" alt=\"060920128731\" src=\"https:\/\/www.todocon.com\/wp-content\/gallery\/productos-todocon\/thumbs\/thumbs_060920128731.jpg\" width='240' height='160' \/>\n\t\t\t\t\t\t\t<\/a>\n\t\t\t<span> <\/span>\n\t\t<\/div>\n\t<\/div>\n\t\t \t\t\n\t<div id=\"ngg-image-13\" class=\"ngg-gallery-thumbnail-box\" style=\"width:25%;\" >\n\t\t<div class=\"ngg-gallery-thumbnail\" >\n\t\t\t<a href=\"https:\/\/www.todocon.com\/wp-content\/gallery\/productos-todocon\/06092012874.jpg\"\n               title=\" \"\n               class=\"ngg-fancybox\" rel=\"98a54b7fbfb4c33749ae79d146bb458e\" data-image-id=\"13\" data-src=\"https:\/\/www.todocon.com\/wp-content\/gallery\/productos-todocon\/06092012874.jpg\" data-thumbnail=\"https:\/\/www.todocon.com\/wp-content\/gallery\/productos-todocon\/thumbs\/thumbs_06092012874.jpg\" data-title=\"06092012874\" data-description=\" \" >\n\t\t\t\t\t\t\t\t<img title=\"06092012874\" alt=\"06092012874\" src=\"https:\/\/www.todocon.com\/wp-content\/gallery\/productos-todocon\/thumbs\/thumbs_06092012874.jpg\" width='240' height='160' \/>\n\t\t\t\t\t\t\t<\/a>\n\t\t\t<span> <\/span>\n\t\t<\/div>\n\t<\/div>\n\t\t\t<br style=\"clear: both\" \/>\n\t \t\t\n\t<div id=\"ngg-image-14\" class=\"ngg-gallery-thumbnail-box\" style=\"width:25%;\" >\n\t\t<div class=\"ngg-gallery-thumbnail\" >\n\t\t\t<a href=\"https:\/\/www.todocon.com\/wp-content\/gallery\/productos-todocon\/06092012875.jpg\"\n               title=\" \"\n               class=\"ngg-fancybox\" rel=\"98a54b7fbfb4c33749ae79d146bb458e\" data-image-id=\"14\" data-src=\"https:\/\/www.todocon.com\/wp-content\/gallery\/productos-todocon\/06092012875.jpg\" data-thumbnail=\"https:\/\/www.todocon.com\/wp-content\/gallery\/productos-todocon\/thumbs\/thumbs_06092012875.jpg\" data-title=\"06092012875\" data-description=\" \" >\n\t\t\t\t\t\t\t\t<img title=\"06092012875\" alt=\"06092012875\" src=\"https:\/\/www.todocon.com\/wp-content\/gallery\/productos-todocon\/thumbs\/thumbs_06092012875.jpg\" width='240' height='160' \/>\n\t\t\t\t\t\t\t<\/a>\n\t\t\t<span> <\/span>\n\t\t<\/div>\n\t<\/div>\n\t\t \t\t\n\t<div id=\"ngg-image-15\" class=\"ngg-gallery-thumbnail-box\" style=\"width:25%;\" >\n\t\t<div class=\"ngg-gallery-thumbnail\" >\n\t\t\t<a href=\"https:\/\/www.todocon.com\/wp-content\/gallery\/productos-todocon\/09102012987.jpg\"\n               title=\" \"\n               class=\"ngg-fancybox\" rel=\"98a54b7fbfb4c33749ae79d146bb458e\" data-image-id=\"15\" data-src=\"https:\/\/www.todocon.com\/wp-content\/gallery\/productos-todocon\/09102012987.jpg\" data-thumbnail=\"https:\/\/www.todocon.com\/wp-content\/gallery\/productos-todocon\/thumbs\/thumbs_09102012987.jpg\" data-title=\"09102012987\" data-description=\" \" >\n\t\t\t\t\t\t\t\t<img title=\"09102012987\" alt=\"09102012987\" src=\"https:\/\/www.todocon.com\/wp-content\/gallery\/productos-todocon\/thumbs\/thumbs_09102012987.jpg\" width='240' height='160' \/>\n\t\t\t\t\t\t\t<\/a>\n\t\t\t<span> <\/span>\n\t\t<\/div>\n\t<\/div>\n\t\t \t\t\n\t<div id=\"ngg-image-16\" class=\"ngg-gallery-thumbnail-box\" style=\"width:25%;\" >\n\t\t<div class=\"ngg-gallery-thumbnail\" >\n\t\t\t<a href=\"https:\/\/www.todocon.com\/wp-content\/gallery\/productos-todocon\/11102012992.jpg\"\n               title=\" \"\n               class=\"ngg-fancybox\" rel=\"98a54b7fbfb4c33749ae79d146bb458e\" data-image-id=\"16\" data-src=\"https:\/\/www.todocon.com\/wp-content\/gallery\/productos-todocon\/11102012992.jpg\" data-thumbnail=\"https:\/\/www.todocon.com\/wp-content\/gallery\/productos-todocon\/thumbs\/thumbs_11102012992.jpg\" data-title=\"11102012992\" data-description=\" \" >\n\t\t\t\t\t\t\t\t<img title=\"11102012992\" alt=\"11102012992\" src=\"https:\/\/www.todocon.com\/wp-content\/gallery\/productos-todocon\/thumbs\/thumbs_11102012992.jpg\" width='240' height='160' \/>\n\t\t\t\t\t\t\t<\/a>\n\t\t\t<span> <\/span>\n\t\t<\/div>\n\t<\/div>\n\t\t \t\t\n\t<div id=\"ngg-image-17\" class=\"ngg-gallery-thumbnail-box\" style=\"width:25%;\" >\n\t\t<div class=\"ngg-gallery-thumbnail\" >\n\t\t\t<a href=\"https:\/\/www.todocon.com\/wp-content\/gallery\/productos-todocon\/11102012993.jpg\"\n               title=\" \"\n               class=\"ngg-fancybox\" rel=\"98a54b7fbfb4c33749ae79d146bb458e\" data-image-id=\"17\" data-src=\"https:\/\/www.todocon.com\/wp-content\/gallery\/productos-todocon\/11102012993.jpg\" data-thumbnail=\"https:\/\/www.todocon.com\/wp-content\/gallery\/productos-todocon\/thumbs\/thumbs_11102012993.jpg\" data-title=\"11102012993\" data-description=\" \" >\n\t\t\t\t\t\t\t\t<img title=\"11102012993\" alt=\"11102012993\" src=\"https:\/\/www.todocon.com\/wp-content\/gallery\/productos-todocon\/thumbs\/thumbs_11102012993.jpg\" width='240' height='160' \/>\n\t\t\t\t\t\t\t<\/a>\n\t\t\t<span> <\/span>\n\t\t<\/div>\n\t<\/div>\n\t\t\t<br style=\"clear: both\" \/>\n\t \t\t\n\t<div id=\"ngg-image-18\" class=\"ngg-gallery-thumbnail-box\" style=\"width:25%;\" >\n\t\t<div class=\"ngg-gallery-thumbnail\" >\n\t\t\t<a href=\"https:\/\/www.todocon.com\/wp-content\/gallery\/productos-todocon\/11102012994.jpg\"\n               title=\" \"\n               class=\"ngg-fancybox\" rel=\"98a54b7fbfb4c33749ae79d146bb458e\" data-image-id=\"18\" data-src=\"https:\/\/www.todocon.com\/wp-content\/gallery\/productos-todocon\/11102012994.jpg\" data-thumbnail=\"https:\/\/www.todocon.com\/wp-content\/gallery\/productos-todocon\/thumbs\/thumbs_11102012994.jpg\" data-title=\"11102012994\" data-description=\" \" >\n\t\t\t\t\t\t\t\t<img title=\"11102012994\" alt=\"11102012994\" src=\"https:\/\/www.todocon.com\/wp-content\/gallery\/productos-todocon\/thumbs\/thumbs_11102012994.jpg\" width='240' height='160' \/>\n\t\t\t\t\t\t\t<\/a>\n\t\t\t<span> <\/span>\n\t\t<\/div>\n\t<\/div>\n\t\t \t\t\n\t<div id=\"ngg-image-20\" class=\"ngg-gallery-thumbnail-box\" style=\"width:25%;\" >\n\t\t<div class=\"ngg-gallery-thumbnail\" >\n\t\t\t<a href=\"https:\/\/www.todocon.com\/wp-content\/gallery\/productos-todocon\/11102012995.jpg\"\n               title=\" \"\n               class=\"ngg-fancybox\" rel=\"98a54b7fbfb4c33749ae79d146bb458e\" data-image-id=\"20\" data-src=\"https:\/\/www.todocon.com\/wp-content\/gallery\/productos-todocon\/11102012995.jpg\" data-thumbnail=\"https:\/\/www.todocon.com\/wp-content\/gallery\/productos-todocon\/thumbs\/thumbs_11102012995.jpg\" data-title=\"11102012995\" data-description=\" \" >\n\t\t\t\t\t\t\t\t<img title=\"11102012995\" alt=\"11102012995\" src=\"https:\/\/www.todocon.com\/wp-content\/gallery\/productos-todocon\/thumbs\/thumbs_11102012995.jpg\" width='240' height='160' \/>\n\t\t\t\t\t\t\t<\/a>\n\t\t\t<span> <\/span>\n\t\t<\/div>\n\t<\/div>\n\t\t \t\t\n\t<div id=\"ngg-image-21\" class=\"ngg-gallery-thumbnail-box\" style=\"width:25%;\" >\n\t\t<div class=\"ngg-gallery-thumbnail\" >\n\t\t\t<a href=\"https:\/\/www.todocon.com\/wp-content\/gallery\/productos-todocon\/11102012997.jpg\"\n               title=\" \"\n               class=\"ngg-fancybox\" rel=\"98a54b7fbfb4c33749ae79d146bb458e\" data-image-id=\"21\" data-src=\"https:\/\/www.todocon.com\/wp-content\/gallery\/productos-todocon\/11102012997.jpg\" data-thumbnail=\"https:\/\/www.todocon.com\/wp-content\/gallery\/productos-todocon\/thumbs\/thumbs_11102012997.jpg\" data-title=\"11102012997\" data-description=\" \" >\n\t\t\t\t\t\t\t\t<img title=\"11102012997\" alt=\"11102012997\" src=\"https:\/\/www.todocon.com\/wp-content\/gallery\/productos-todocon\/thumbs\/thumbs_11102012997.jpg\" width='240' height='160' \/>\n\t\t\t\t\t\t\t<\/a>\n\t\t\t<span> <\/span>\n\t\t<\/div>\n\t<\/div>\n\t\t \t\t\n\t<div id=\"ngg-image-22\" class=\"ngg-gallery-thumbnail-box\" style=\"width:25%;\" >\n\t\t<div class=\"ngg-gallery-thumbnail\" >\n\t\t\t<a href=\"https:\/\/www.todocon.com\/wp-content\/gallery\/productos-todocon\/11102012998.jpg\"\n               title=\" \"\n               class=\"ngg-fancybox\" rel=\"98a54b7fbfb4c33749ae79d146bb458e\" data-image-id=\"22\" data-src=\"https:\/\/www.todocon.com\/wp-content\/gallery\/productos-todocon\/11102012998.jpg\" data-thumbnail=\"https:\/\/www.todocon.com\/wp-content\/gallery\/productos-todocon\/thumbs\/thumbs_11102012998.jpg\" data-title=\"11102012998\" data-description=\" \" >\n\t\t\t\t\t\t\t\t<img title=\"11102012998\" alt=\"11102012998\" src=\"https:\/\/www.todocon.com\/wp-content\/gallery\/productos-todocon\/thumbs\/thumbs_11102012998.jpg\" width='240' height='160' \/>\n\t\t\t\t\t\t\t<\/a>\n\t\t\t<span> <\/span>\n\t\t<\/div>\n\t<\/div>\n\t\t\t<br style=\"clear: both\" \/>\n\t \t \t\n\t<!-- Pagination -->\n \t<div class='ngg-navigation'><span class='current'>1<\/span>\n<a class='page-numbers' data-pageid='2' href='https:\/\/www.todocon.com\/ru_RU\/three-columns-portfolio\/nggallery\/page\/2'>2<\/a>\n<span class='ellipsis'>...<\/span>\n<a class='page-numbers' data-pageid='9' href='https:\/\/www.todocon.com\/ru_RU\/three-columns-portfolio\/nggallery\/page\/9'>9<\/a>\n<a class='prev' href='https:\/\/www.todocon.com\/ru_RU\/three-columns-portfolio\/nggallery\/page\/2' data-pageid=2>&#9658;<\/a><\/div> \t\n<\/div>\n\n\n","protected":false},"excerpt":{"rendered":"<p>[ngg src=&#8221;galleries&#8221; ids=&#8221;1&#8243; display=&#8221;basic_thumbnail&#8221; number_of_columns=&#8221;4&#8243; show_slideshow_link=&#8221;0&#8243; template=&#8221;\/home\/todocon\/domains\/todocon.com\/public_html\/wp-content\/plugins\/nextgen-gallery\/products\/photocrati_nextgen\/modules\/ngglegacy\/view\/gallery&#8230;<\/p>\n","protected":false},"author":1,"featured_media":0,"parent":0,"menu_order":0,"comment_status":"closed","ping_status":"open","template":"","meta":{"_monsterinsights_skip_tracking":false,"_monsterinsights_sitenote_active":false,"_monsterinsights_sitenote_note":"","_monsterinsights_sitenote_category":0,"ngg_post_thumbnail":0,"footnotes":""},"class_list":["post-298","page","type-page","status-publish","hentry"],"yoast_head":"<!-- This site is optimized with the Yoast SEO plugin v17.5 - https:\/\/yoast.com\/wordpress\/plugins\/seo\/ -->\n<meta name=\"robots\" content=\"index, follow, max-snippet:-1, max-image-preview:large, max-video-preview:-1\" \/>\n<link rel=\"canonical\" href=\"https:\/\/www.todocon.com\/es_ES\/three-columns-portfolio\/\" \/>\n<meta property=\"og:locale\" content=\"en_US\" \/>\n<meta property=\"og:type\" content=\"article\" \/>\n<meta property=\"og:title\" content=\"Galer\u00eda - Todocon, empresa de cerramientos, cristaler\u00eda y m\u00e1mparas\" \/>\n<meta property=\"og:description\" content=\"[ngg src=&quot;galleries&quot; ids=&quot;1&quot; display=&quot;basic_thumbnail&quot; number_of_columns=&quot;4&quot; show_slideshow_link=&quot;0&quot; template=&quot;\/home\/todocon\/domains\/todocon.com\/public_html\/wp-content\/plugins\/nextgen-gallery\/products\/photocrati_nextgen\/modules\/ngglegacy\/view\/gallery...\" \/>\n<meta property=\"og:url\" content=\"https:\/\/www.todocon.com\/es_ES\/three-columns-portfolio\/\" \/>\n<meta property=\"og:site_name\" content=\"Todocon, empresa de cerramientos, cristaler\u00eda y m\u00e1mparas\" \/>\n<meta property=\"article:modified_time\" content=\"2020-07-15T09:18:53+00:00\" \/>\n<meta name=\"twitter:card\" content=\"summary\" \/>\n<script type=\"application\/ld+json\" class=\"yoast-schema-graph\">{\"@context\":\"https:\/\/schema.org\",\"@graph\":[{\"@type\":\"WebSite\",\"@id\":\"https:\/\/www.todocon.com\/es_ES\/#website\",\"url\":\"https:\/\/www.todocon.com\/es_ES\/\",\"name\":\"Todocon, empresa de cerramientos, cristaler\\u00eda y m\\u00e1mparas\",\"description\":\"\",\"potentialAction\":[{\"@type\":\"SearchAction\",\"target\":{\"@type\":\"EntryPoint\",\"urlTemplate\":\"https:\/\/www.todocon.com\/es_ES\/?s={search_term_string}\"},\"query-input\":\"required name=search_term_string\"}],\"inLanguage\":\"en-US\"},{\"@type\":\"WebPage\",\"@id\":\"https:\/\/www.todocon.com\/es_ES\/three-columns-portfolio\/#webpage\",\"url\":\"https:\/\/www.todocon.com\/es_ES\/three-columns-portfolio\/\",\"name\":\"Galer\\u00eda - Todocon, empresa de cerramientos, cristaler\\u00eda y m\\u00e1mparas\",\"isPartOf\":{\"@id\":\"https:\/\/www.todocon.com\/es_ES\/#website\"},\"datePublished\":\"2012-11-16T15:05:17+00:00\",\"dateModified\":\"2020-07-15T09:18:53+00:00\",\"breadcrumb\":{\"@id\":\"https:\/\/www.todocon.com\/es_ES\/three-columns-portfolio\/#breadcrumb\"},\"inLanguage\":\"en-US\",\"potentialAction\":[{\"@type\":\"ReadAction\",\"target\":[\"https:\/\/www.todocon.com\/es_ES\/three-columns-portfolio\/\"]}]},{\"@type\":\"BreadcrumbList\",\"@id\":\"https:\/\/www.todocon.com\/es_ES\/three-columns-portfolio\/#breadcrumb\",\"itemListElement\":[{\"@type\":\"ListItem\",\"position\":1,\"name\":\"Portada\",\"item\":\"https:\/\/www.todocon.com\/\"},{\"@type\":\"ListItem\",\"position\":2,\"name\":\"Galer\\u00eda\"}]}]}<\/script>\n<!-- \/ Yoast SEO plugin. -->","yoast_head_json":{"robots":{"index":"index","follow":"follow","max-snippet":"max-snippet:-1","max-image-preview":"max-image-preview:large","max-video-preview":"max-video-preview:-1"},"canonical":"https:\/\/www.todocon.com\/es_ES\/three-columns-portfolio\/","og_locale":"en_US","og_type":"article","og_title":"Galer\u00eda - Todocon, empresa de cerramientos, cristaler\u00eda y m\u00e1mparas","og_description":"[ngg src=\"galleries\" ids=\"1\" display=\"basic_thumbnail\" number_of_columns=\"4\" show_slideshow_link=\"0\" template=\"\/home\/todocon\/domains\/todocon.com\/public_html\/wp-content\/plugins\/nextgen-gallery\/products\/photocrati_nextgen\/modules\/ngglegacy\/view\/gallery...","og_url":"https:\/\/www.todocon.com\/es_ES\/three-columns-portfolio\/","og_site_name":"Todocon, empresa de cerramientos, cristaler\u00eda y m\u00e1mparas","article_modified_time":"2020-07-15T09:18:53+00:00","twitter_card":"summary","schema":{"@context":"https:\/\/schema.org","@graph":[{"@type":"WebSite","@id":"https:\/\/www.todocon.com\/es_ES\/#website","url":"https:\/\/www.todocon.com\/es_ES\/","name":"Todocon, empresa de cerramientos, cristaler\u00eda y m\u00e1mparas","description":"","potentialAction":[{"@type":"SearchAction","target":{"@type":"EntryPoint","urlTemplate":"https:\/\/www.todocon.com\/es_ES\/?s={search_term_string}"},"query-input":"required name=search_term_string"}],"inLanguage":"en-US"},{"@type":"WebPage","@id":"https:\/\/www.todocon.com\/es_ES\/three-columns-portfolio\/#webpage","url":"https:\/\/www.todocon.com\/es_ES\/three-columns-portfolio\/","name":"Galer\u00eda - Todocon, empresa de cerramientos, cristaler\u00eda y m\u00e1mparas","isPartOf":{"@id":"https:\/\/www.todocon.com\/es_ES\/#website"},"datePublished":"2012-11-16T15:05:17+00:00","dateModified":"2020-07-15T09:18:53+00:00","breadcrumb":{"@id":"https:\/\/www.todocon.com\/es_ES\/three-columns-portfolio\/#breadcrumb"},"inLanguage":"en-US","potentialAction":[{"@type":"ReadAction","target":["https:\/\/www.todocon.com\/es_ES\/three-columns-portfolio\/"]}]},{"@type":"BreadcrumbList","@id":"https:\/\/www.todocon.com\/es_ES\/three-columns-portfolio\/#breadcrumb","itemListElement":[{"@type":"ListItem","position":1,"name":"Portada","item":"https:\/\/www.todocon.com\/"},{"@type":"ListItem","position":2,"name":"Galer\u00eda"}]}]}},"_links":{"self":[{"href":"https:\/\/www.todocon.com\/ru_RU\/wp-json\/wp\/v2\/pages\/298","targetHints":{"allow":["GET"]}}],"collection":[{"href":"https:\/\/www.todocon.com\/ru_RU\/wp-json\/wp\/v2\/pages"}],"about":[{"href":"https:\/\/www.todocon.com\/ru_RU\/wp-json\/wp\/v2\/types\/page"}],"author":[{"embeddable":true,"href":"https:\/\/www.todocon.com\/ru_RU\/wp-json\/wp\/v2\/users\/1"}],"replies":[{"embeddable":true,"href":"https:\/\/www.todocon.com\/ru_RU\/wp-json\/wp\/v2\/comments?post=298"}],"version-history":[{"count":22,"href":"https:\/\/www.todocon.com\/ru_RU\/wp-json\/wp\/v2\/pages\/298\/revisions"}],"predecessor-version":[{"id":8433,"href":"https:\/\/www.todocon.com\/ru_RU\/wp-json\/wp\/v2\/pages\/298\/revisions\/8433"}],"wp:attachment":[{"href":"https:\/\/www.todocon.com\/ru_RU\/wp-json\/wp\/v2\/media?parent=298"}],"curies":[{"name":"wp","href":"https:\/\/api.w.org\/{rel}","templated":true}]}}