{"id":7408,"date":"2015-09-25T08:31:24","date_gmt":"2015-09-25T08:31:24","guid":{"rendered":"http:\/\/www.todocon.com\/?page_id=7408"},"modified":"2019-10-04T14:41:49","modified_gmt":"2019-10-04T14:41:49","slug":"certificacion-de-calidad-applus","status":"publish","type":"page","link":"https:\/\/www.todocon.com\/es_ES\/certificacion-de-calidad-applus\/","title":{"rendered":"Certificaci\u00f3n de calidad Applus"},"content":{"rendered":"<h2 class=\"western\"><em>La marca Applus+,la mejor garant\u00eda de calidad de su vidrio o mampara<\/em><\/h2>\n<div class=\"descrip\">\n<p><a href=\"\/wp-content\/uploads\/2015\/06\/VIDRIO-AISLANTE-CMYK-PR-1718-021.png\" target=\"_blank\" rel=\"noopener\"><img loading=\"lazy\" decoding=\"async\" class=\"alignleft wp-image-6224 size-medium\" src=\"\/wp-content\/uploads\/2015\/06\/VIDRIO-AISLANTE-CMYK-PR-1718-021-212x300.png\" alt=\"VIDRIO AISLANTE CMYK PR-1718-021\" width=\"212\" height=\"300\" srcset=\"https:\/\/www.todocon.com\/wp-content\/uploads\/2015\/06\/VIDRIO-AISLANTE-CMYK-PR-1718-021-212x300.png 212w, https:\/\/www.todocon.com\/wp-content\/uploads\/2015\/06\/VIDRIO-AISLANTE-CMYK-PR-1718-021.png 291w\" sizes=\"auto, (max-width: 212px) 100vw, 212px\" \/><\/a>Los vidrios como elementos o partes de un cerramiento en un edificio deben aportar condiciones de durabilidad y confort t\u00e9rmico y ac\u00fastico para el \u00f3ptimo desarrollo de las actividades diarias. La comercializaci\u00f3n de vidrios y mamparas en Europa est\u00e1 regulada por el Reglamento de Productos de la Construcci\u00f3n que implica el marcado CE de este producto. En Espa\u00f1a, cuando el vidrio va asociado a un cerramiento, se le aplica tambi\u00e9n el C\u00f3digo T\u00e9cnico de la Edificaci\u00f3n (CTE) exigiendo caracter\u00edsticas seg\u00fan sus usos adicionales.<\/p>\n<p>La marca de calidad Applus+ de vidrios y mamparas recoge el cumplimiento de todas las regulaciones (CE y CTE), para obtener la excelencia del producto y la idoneidad al uso. Asimismo se recoge la verificaci\u00f3n y evaluaci\u00f3n de todos los controles de producci\u00f3n, caracterizaci\u00f3n completo del producto y seguimientos peri\u00f3dicos. La marca Applus+ facilita la comercializaci\u00f3n del producto ayudando a los fabricantes a demostrar y trasmitir a sus clientes que las caracter\u00edsticas de su producto son las adecuadas y perduran en el tiempo.<\/p>\n<p>La certificaci\u00f3n Applus+ se basa en requisitos que han sido definidos con rigor t\u00e9cnico y de mercado por un grupo de expertos del producto y responsables de la administraci\u00f3n.<\/p>\n<p><b>Soluci\u00f3n<\/b><\/p>\n<p>La certificaci\u00f3n Applus+ garantiza la aptitud al uso de los productos marcando unos requisitos suplementarios de calidad o de excelencia para estos. Para realizar la certificaci\u00f3n Applus+ de producto y poder aplicar la marca Applus+ a su vidrio o mampara, el fabricante deber\u00e1 realizar un proceso inicial de control intensivo y parte de \u00e9ste le permitir\u00e1 llevar a cabo el marcado CE.<\/p>\n<p>Applus+ es organismo notificado n\u00ba 0370* por la Uni\u00f3n Europea para el Reglamento de Productos de Construcci\u00f3n, y ofrecemos un servicio completo de control y ensayos con medios propios para ejecutar el proceso de marcado CE y certificaci\u00f3n Applus+ a los vidrios y mamparas.<\/p>\n<p>El proceso a seguir para obtener la marca Applus+ incluye las fases y la repartici\u00f3n de tareas siguientes:<\/p>\n<p>Tareas de Applus+ como organismo de certificaci\u00f3n:<\/p>\n<ul>\n<li>Ensayos iniciales de tipo para la caracterizaci\u00f3n del producto y evaluaci\u00f3n de cumplimiento de los requisitos del SPC.<\/li>\n<li>Ensayos de seguimiento o contraste.<\/li>\n<li>Auditor\u00edas iniciales y de seguimiento del control de producci\u00f3n en f\u00e1brica<\/li>\n<li>Comisi\u00f3n de evaluaci\u00f3n para otorgar la certificaci\u00f3n de calidad Applus+ de los vidrios y mamparas.<\/li>\n<\/ul>\n<p>Tareas del fabricante:<\/p>\n<ul>\n<li>Ensayos de autocontrol<\/li>\n<li>Implantaci\u00f3n del control de producci\u00f3n en f\u00e1brica<\/li>\n<li>Procesos de aseguramiento de la Calidad mantenidos en el tiempo<\/li>\n<\/ul>\n<p>Las normas recogidas en el sistema particular de certificaci\u00f3n (SPC) para la certificaci\u00f3n Applus+ de vidrios y mamparas son las siguientes:<\/p>\n<p>EN 1279-5 &nbsp;&nbsp; &nbsp;Vidrio para la edificaci\u00f3n. Unidades de vidrio aislante. Parte 5: Evaluaci\u00f3n de la conformidad<br \/>\nEN 1863-2 &nbsp;&nbsp; &nbsp;Vidrio para la edificaci\u00f3n. Vidrio de silicato sodoc\u00e1lcico termoendurecido. Parte 2: Evaluaci\u00f3n de la conformidad<br \/>\nEN 12150-2 &nbsp; Vidrio para la edificaci\u00f3n. Vidrio de silicato sodoc\u00e1lcico de seguridad templado t\u00e9rmicamente. Parte 2: Evaluaci\u00f3n de la conformidad<br \/>\nEN 14179-2 &nbsp; Vidrio para la edificaci\u00f3n. Vidrio de seguridad de silicato sodoc\u00e1lcico templado en caliente. Parte 2: Evaluaci\u00f3n de la conformidad<br \/>\nEN 14449 &nbsp;&nbsp; &nbsp;Vidrio para la edificaci\u00f3n. Vidrio laminado y vidrio laminado de seguridad. Evaluaci\u00f3n de la conformidad<br \/>\nEN 14428 &nbsp;&nbsp; &nbsp;Mamparas de ducha. Requisitos funcionales y m\u00e9todos de ensayo<\/p>\n<p>La marca Applus+ est\u00e1 reconocida por el Ministerio de Vivienda para vidrio, permitiendo en algunas comunidades la exenci\u00f3n de realizar ensayos de control en la obra. Applus+ certifica a m\u00e1s de 120 empresas fabricantes de UVA a nivel nacional, as\u00ed como a empresas fabricantes de vidrio templado, laminado, termoendurecido y mamparas.<\/p>\n<p>En Applus+ trabajamos tanto en el \u00e1mbito nacional como internacional teniendo una amplia experiencia y reputaci\u00f3n, fruto de m\u00e1s de 100 a\u00f1os de Applus+ en el sector de la construcci\u00f3n.<\/p>\n<p><b>Beneficios:<\/b><\/p>\n<ul>\n<li>Realizar con un solo interlocutor el marcado CE, la certificaci\u00f3n Applus+ y los ensayos optimizando los plazos de consecuci\u00f3n de ambos reconocimientos.<\/li>\n<li>Transmitir con la marca Applus+ la calidad de su producto.<\/li>\n<li>Mayor control sobre su producto y su proceso, reduciendo costes por no-calidad.<\/li>\n<li>Mayor precisi\u00f3n y homogeneidad de los valores t\u00e9cnicos de sus productos para los usuarios y direcciones de obra.<\/li>\n<li>Comercializar su producto en toda la Uni\u00f3n Europea.<\/li>\n<\/ul>\n<\/div>\n","protected":false},"excerpt":{"rendered":"<h2 class=\"western\"><em>La marca Applus+,la mejor garant\u00eda de calidad de su vidrio o mampara<\/em><\/h2>\n<div class=\"descrip\">\n<p><a href=\"\/wp-content\/uploads\/2015\/06\/VIDRIO-AISLANTE-CMYK-PR-1718-021.png\" target=\"_blank\" rel=\"noopener\"><img class=\"alignl...\n<\/p>\n","protected":false},"author":1,"featured_media":0,"parent":0,"menu_order":0,"comment_status":"open","ping_status":"open","template":"","meta":{"_monsterinsights_skip_tracking":false,"_monsterinsights_sitenote_active":false,"_monsterinsights_sitenote_note":"","_monsterinsights_sitenote_category":0,"ngg_post_thumbnail":0,"footnotes":""},"class_list":["post-7408","page","type-page","status-publish","hentry"],"yoast_head":"<!-- This site is optimized with the Yoast SEO plugin v17.5 - https:\/\/yoast.com\/wordpress\/plugins\/seo\/ -->\n<meta name=\"robots\" content=\"index, follow, max-snippet:-1, max-image-preview:large, max-video-preview:-1\" \/>\n<link rel=\"canonical\" href=\"https:\/\/www.todocon.com\/es_ES\/certificacion-de-calidad-applus\/\" \/>\n<meta property=\"og:locale\" content=\"en_US\" \/>\n<meta property=\"og:type\" content=\"article\" \/>\n<meta property=\"og:title\" content=\"Certificaci\u00f3n de calidad Applus - Todocon, empresa de cerramientos, cristaler\u00eda y m\u00e1mparas\" \/>\n<meta property=\"og:description\" content=\"La marca Applus+,la mejor garant\u00eda de calidad de su vidrio o mampara\" \/>\n<meta property=\"og:url\" content=\"https:\/\/www.todocon.com\/es_ES\/certificacion-de-calidad-applus\/\" \/>\n<meta property=\"og:site_name\" content=\"Todocon, empresa de cerramientos, cristaler\u00eda y m\u00e1mparas\" \/>\n<meta property=\"article:modified_time\" content=\"2019-10-04T14:41:49+00:00\" \/>\n<meta property=\"og:image\" content=\"https:\/\/www.todocon.com\/wp-content\/uploads\/2015\/06\/VIDRIO-AISLANTE-CMYK-PR-1718-021-212x300.png\" \/>\n<meta name=\"twitter:card\" content=\"summary\" \/>\n<meta name=\"twitter:label1\" content=\"Est. reading time\" \/>\n\t<meta name=\"twitter:data1\" content=\"4 minutes\" \/>\n<script type=\"application\/ld+json\" class=\"yoast-schema-graph\">{\"@context\":\"https:\/\/schema.org\",\"@graph\":[{\"@type\":\"WebSite\",\"@id\":\"https:\/\/www.todocon.com\/es_ES\/#website\",\"url\":\"https:\/\/www.todocon.com\/es_ES\/\",\"name\":\"Todocon, empresa de cerramientos, cristaler\\u00eda y m\\u00e1mparas\",\"description\":\"\",\"potentialAction\":[{\"@type\":\"SearchAction\",\"target\":{\"@type\":\"EntryPoint\",\"urlTemplate\":\"https:\/\/www.todocon.com\/es_ES\/?s={search_term_string}\"},\"query-input\":\"required name=search_term_string\"}],\"inLanguage\":\"en-US\"},{\"@type\":\"ImageObject\",\"@id\":\"https:\/\/www.todocon.com\/es_ES\/certificacion-de-calidad-applus\/#primaryimage\",\"inLanguage\":\"en-US\",\"url\":\"\/wp-content\/uploads\/2015\/06\/VIDRIO-AISLANTE-CMYK-PR-1718-021-212x300.png\",\"contentUrl\":\"\/wp-content\/uploads\/2015\/06\/VIDRIO-AISLANTE-CMYK-PR-1718-021-212x300.png\"},{\"@type\":\"WebPage\",\"@id\":\"https:\/\/www.todocon.com\/es_ES\/certificacion-de-calidad-applus\/#webpage\",\"url\":\"https:\/\/www.todocon.com\/es_ES\/certificacion-de-calidad-applus\/\",\"name\":\"Certificaci\\u00f3n de calidad Applus - Todocon, empresa de cerramientos, cristaler\\u00eda y m\\u00e1mparas\",\"isPartOf\":{\"@id\":\"https:\/\/www.todocon.com\/es_ES\/#website\"},\"primaryImageOfPage\":{\"@id\":\"https:\/\/www.todocon.com\/es_ES\/certificacion-de-calidad-applus\/#primaryimage\"},\"datePublished\":\"2015-09-25T08:31:24+00:00\",\"dateModified\":\"2019-10-04T14:41:49+00:00\",\"breadcrumb\":{\"@id\":\"https:\/\/www.todocon.com\/es_ES\/certificacion-de-calidad-applus\/#breadcrumb\"},\"inLanguage\":\"en-US\",\"potentialAction\":[{\"@type\":\"ReadAction\",\"target\":[\"https:\/\/www.todocon.com\/es_ES\/certificacion-de-calidad-applus\/\"]}]},{\"@type\":\"BreadcrumbList\",\"@id\":\"https:\/\/www.todocon.com\/es_ES\/certificacion-de-calidad-applus\/#breadcrumb\",\"itemListElement\":[{\"@type\":\"ListItem\",\"position\":1,\"name\":\"Portada\",\"item\":\"https:\/\/www.todocon.com\/\"},{\"@type\":\"ListItem\",\"position\":2,\"name\":\"Certificaci\\u00f3n de calidad Applus\"}]}]}<\/script>\n<!-- \/ Yoast SEO plugin. -->","yoast_head_json":{"robots":{"index":"index","follow":"follow","max-snippet":"max-snippet:-1","max-image-preview":"max-image-preview:large","max-video-preview":"max-video-preview:-1"},"canonical":"https:\/\/www.todocon.com\/es_ES\/certificacion-de-calidad-applus\/","og_locale":"en_US","og_type":"article","og_title":"Certificaci\u00f3n de calidad Applus - Todocon, empresa de cerramientos, cristaler\u00eda y m\u00e1mparas","og_description":"La marca Applus+,la mejor garant\u00eda de calidad de su vidrio o mampara","og_url":"https:\/\/www.todocon.com\/es_ES\/certificacion-de-calidad-applus\/","og_site_name":"Todocon, empresa de cerramientos, cristaler\u00eda y m\u00e1mparas","article_modified_time":"2019-10-04T14:41:49+00:00","og_image":[{"url":"https:\/\/www.todocon.com\/wp-content\/uploads\/2015\/06\/VIDRIO-AISLANTE-CMYK-PR-1718-021-212x300.png"}],"twitter_card":"summary","twitter_misc":{"Est. reading time":"4 minutes"},"schema":{"@context":"https:\/\/schema.org","@graph":[{"@type":"WebSite","@id":"https:\/\/www.todocon.com\/es_ES\/#website","url":"https:\/\/www.todocon.com\/es_ES\/","name":"Todocon, empresa de cerramientos, cristaler\u00eda y m\u00e1mparas","description":"","potentialAction":[{"@type":"SearchAction","target":{"@type":"EntryPoint","urlTemplate":"https:\/\/www.todocon.com\/es_ES\/?s={search_term_string}"},"query-input":"required name=search_term_string"}],"inLanguage":"en-US"},{"@type":"ImageObject","@id":"https:\/\/www.todocon.com\/es_ES\/certificacion-de-calidad-applus\/#primaryimage","inLanguage":"en-US","url":"\/wp-content\/uploads\/2015\/06\/VIDRIO-AISLANTE-CMYK-PR-1718-021-212x300.png","contentUrl":"\/wp-content\/uploads\/2015\/06\/VIDRIO-AISLANTE-CMYK-PR-1718-021-212x300.png"},{"@type":"WebPage","@id":"https:\/\/www.todocon.com\/es_ES\/certificacion-de-calidad-applus\/#webpage","url":"https:\/\/www.todocon.com\/es_ES\/certificacion-de-calidad-applus\/","name":"Certificaci\u00f3n de calidad Applus - Todocon, empresa de cerramientos, cristaler\u00eda y m\u00e1mparas","isPartOf":{"@id":"https:\/\/www.todocon.com\/es_ES\/#website"},"primaryImageOfPage":{"@id":"https:\/\/www.todocon.com\/es_ES\/certificacion-de-calidad-applus\/#primaryimage"},"datePublished":"2015-09-25T08:31:24+00:00","dateModified":"2019-10-04T14:41:49+00:00","breadcrumb":{"@id":"https:\/\/www.todocon.com\/es_ES\/certificacion-de-calidad-applus\/#breadcrumb"},"inLanguage":"en-US","potentialAction":[{"@type":"ReadAction","target":["https:\/\/www.todocon.com\/es_ES\/certificacion-de-calidad-applus\/"]}]},{"@type":"BreadcrumbList","@id":"https:\/\/www.todocon.com\/es_ES\/certificacion-de-calidad-applus\/#breadcrumb","itemListElement":[{"@type":"ListItem","position":1,"name":"Portada","item":"https:\/\/www.todocon.com\/"},{"@type":"ListItem","position":2,"name":"Certificaci\u00f3n de calidad Applus"}]}]}},"_links":{"self":[{"href":"https:\/\/www.todocon.com\/es_ES\/wp-json\/wp\/v2\/pages\/7408","targetHints":{"allow":["GET"]}}],"collection":[{"href":"https:\/\/www.todocon.com\/es_ES\/wp-json\/wp\/v2\/pages"}],"about":[{"href":"https:\/\/www.todocon.com\/es_ES\/wp-json\/wp\/v2\/types\/page"}],"author":[{"embeddable":true,"href":"https:\/\/www.todocon.com\/es_ES\/wp-json\/wp\/v2\/users\/1"}],"replies":[{"embeddable":true,"href":"https:\/\/www.todocon.com\/es_ES\/wp-json\/wp\/v2\/comments?post=7408"}],"version-history":[{"count":18,"href":"https:\/\/www.todocon.com\/es_ES\/wp-json\/wp\/v2\/pages\/7408\/revisions"}],"predecessor-version":[{"id":8392,"href":"https:\/\/www.todocon.com\/es_ES\/wp-json\/wp\/v2\/pages\/7408\/revisions\/8392"}],"wp:attachment":[{"href":"https:\/\/www.todocon.com\/es_ES\/wp-json\/wp\/v2\/media?parent=7408"}],"curies":[{"name":"wp","href":"https:\/\/api.w.org\/{rel}","templated":true}]}}