{"id":6139,"date":"2015-06-30T12:17:38","date_gmt":"2015-06-30T12:17:38","guid":{"rendered":"http:\/\/www.todocon.com\/?page_id=6139"},"modified":"2020-07-15T09:18:07","modified_gmt":"2020-07-15T09:18:07","slug":"condiciones-de-uso","status":"publish","type":"page","link":"https:\/\/www.todocon.com\/es_ES\/condiciones-de-uso\/","title":{"rendered":"Condiciones de uso"},"content":{"rendered":"<p>1. Condiciones Particulares de Uso del Portal.<\/p>\n<p>El presente documento tiene por objeto establecer las Condiciones Particulares de Uso del Portal de Internet y todas sus web sites www.todocon.com (en adelante el Portal Web) titularidad de TODOCONSTRUCCI\u00d3N MARBELLA S.L.&nbsp;(en adelante TODOCON), con domicilio Social en Plg. Ind. La Ermita, C\/ Oro, 8,&nbsp;29603,&nbsp;Marbella, M\u00e1laga, titular del CIF N\u00b0 B29863222&nbsp;e inscrita , al igual que el dominio www.todocon.com , en el Registro de la Propiedad de M\u00e1laga&nbsp;en Tomo 2.069, Hoja 30465, Folio 30,<\/p>\n<p>TODOCON se reserva el derecho a modificar las Condiciones Particulares de Uso para adecuarlas a la legislaci\u00f3n vigente aplicable en cada momento, las novedades jurisprudenciales y las pr\u00e1cticas habituales de mercado.<\/p>\n<p>Las Condiciones Particulares de Uso no excluyen la posibilidad de que determinados Servicios del Portal Web, por sus caracter\u00edsticas particulares, sean sometidos, adem\u00e1s de a las Condiciones Particulares de Uso, a sus propias condiciones Espec\u00edficas de uso.<\/p>\n<p>La utilizaci\u00f3n por parte del Usuario de cualquiera de los Servicios del Portal Web supone y expresa su adhesi\u00f3n y aceptaci\u00f3n expresa a todas las Condiciones Particulares de Uso en la versi\u00f3n publicada en el Portal Web en el momento en que el usuario acceda al Portal Web, as\u00ed como a las Condiciones Espec\u00edficas que, en su caso, sean de aplicaci\u00f3n.<\/p>\n<p>2. Pol\u00edtica de Privacidad y Seguridad.<\/p>\n<p>En cumplimiento de lo establecido en Ley Org\u00e1nica 15\/1.999, de 13 de diciembre, de Protecci\u00f3n de Datos de Car\u00e1cter Personal (en adelante LOPD), los datos objeto de tratamiento que el usuario facilite a TODOCON a trav\u00e9s del portal web no podr\u00e1n usarse para finalidades incompatibles con aquellas para las que los datos hubieran sido recogidos.<\/p>\n<p>De este modo la finalidad de la recogida es la siguiente:<\/p>\n<ul>\n<li>Gesti\u00f3n de clientes actuales y potenciales.<\/li>\n<li>Gesti\u00f3n de bienes y servicios por la empresa.<\/li>\n<li>Env\u00edo de informaci\u00f3n de productos y servicios de la empresa.<\/li>\n<li>Contable fiscal y administrativa.<\/li>\n<li>Comercio electr\u00f3nico.<\/li>\n<\/ul>\n<p>TODOCON se compromete a tratar dichos datos de manera confidencial y de conformidad con el contenido del Texto Legal anteriormente citado y con la finalidad establecida anteriormente. Cualquier otro uso de los datos, distinto a los mencionados, requerir\u00e1 previo y expreso consentimiento del usuario. El usuario podr\u00e1 en todo momento ejercitar sus derechos de Acceso, Rectificaci\u00f3n, Cancelaci\u00f3n y Oposici\u00f3n de tratamiento mediante el env\u00edo de una carta al domicilio social de TODOCON, anteriormente rese\u00f1ado, o mediante el env\u00edo de un correo electr\u00f3nico a la direcci\u00f3n info@todocon.com<\/p>\n<p>As\u00ed mismo, le informamos que mediante la cumplimentaci\u00f3n de los formularios de registro de clientes en nuestro Portal Web, sus datos personales se incorporar\u00e1n a nuestros ficheros automatizados con el \u00fanico fin de poder prestarle el servicio requerido. En todo momento, tiene derecho a acceder a los mismos para realizar las modificaciones que necesite , cancelaci\u00f3n, modificaci\u00f3n, oposici\u00f3n y rectificaci\u00f3n.<\/p>\n<p>Si por otro lado desea la eliminaci\u00f3n de tales datos, deber\u00e1 solicitarlo mediante el env\u00edo de una carta al domicilio social de TODOCON, anteriormente rese\u00f1ado, o mediante el env\u00edo de un correo electr\u00f3nico a la direcci\u00f3n info@todocon.com<\/p>\n<p>El Portal Web de la tienda de TODOCON est\u00e1 registrado con las autoridades de identificaci\u00f3n de sites para permitir que su navegador confirme la identidad de la tienda TODOCON antes de que ninguna transmisi\u00f3n sea enviada. Con esta tecnolog\u00eda:<\/p>\n<p>La identidad de nuestro Portal Web se confirma autom\u00e1ticamente antes de la transmisi\u00f3n de cualquier informaci\u00f3n de los clientes solicitada para completar un pedido online.<br \/>\nSus datos alcanzan el objetivo deseado o su navegador le notifica (antes de enviar cualquier informaci\u00f3n personal) que el site puede que no sea seguro y deber\u00eda ser evitado.<br \/>\nEs nuestro compromiso el seguir las pautas marcadas por la legislaci\u00f3n vigente sobre protecci\u00f3n de datos personales, en especial en lo relativo a los derechos de informaci\u00f3n, acceso, rectificaci\u00f3n, cancelaci\u00f3n y oposici\u00f3n de datos.<\/p>\n<p>3. Condiciones Generales de Uso.<\/p>\n<p>3.1. Generalidades.<\/p>\n<p>Estas condiciones son s\u00f3lo aplicables a los registros realizados a trav\u00e9s de Portal Web no pudi\u00e9ndose usar nunca como argumento de cara a una inscripci\u00f3n&nbsp;realizada en una de nuestras tiendas con sede f\u00edsica. Estas condiciones generales de uso&nbsp;son las \u00fanicas aplicables y reemplazan cualquier otra condici\u00f3n general, excepto en caso de anulaci\u00f3n previa, expresa y escrita. TODOCON puede ocasionalmente modificar los art\u00edculos de sus condiciones generales, por lo que es aconsejable que \u00e9stas sean le\u00eddas en cada visita al Portal Web. Estas modificaciones son atribuibles a partir de su publicaci\u00f3n en Internet y no podr\u00e1n aplicarse a los contratos concluidos anteriormente. Cada registro en el Portal Web se rige por las condiciones generales aplicables en la fecha del mismo.&nbsp;Consideramos que una vez que usted haya hecho un registro, habr\u00e1 aceptado sin reservas nuestras condiciones generales de venta tras haberlas le\u00eddo.<\/p>\n<p>Accediendo al Portal Web, usted se compromete a respetar las Condiciones Generales, que incluyen las Particulares de Uso y Espec\u00edficas.<\/p>\n<p>4. Informaci\u00f3n sobre&nbsp;productos y servicios.<\/p>\n<p>El contenido del Portal Web se actualizan constantemente, siendo el objetivo principal de TODOCON&nbsp;ofrecer una informaci\u00f3n veraz, completa y sin errores tipogr\u00e1ficos de las caracter\u00edsticas de los productos ofertados. Si en alguna ocasi\u00f3n se produjera alg\u00fan error en la informaci\u00f3n facilitada en el Portal Web, TODOCON&nbsp;proceder\u00e1 inmediatamente a su correcci\u00f3n.<\/p>\n<p>De existir un error tipogr\u00e1fico en alguna de las caracter\u00edsticas o precios y en el caso en que usted hubiera realizado la compra de dicho producto, se le informar\u00e1 inmediatamente de este error y del precio real del producto, teniendo derecho usted a rescindir el contrato de compra si as\u00ed lo desea con el abono de cantidades adelantadas.<\/p>\n<p>TODOCON&nbsp;se reserva el derecho a modificar, sin previo aviso productos y promociones contenidas en el Portal Web.<\/p>\n<p>5. Condiciones de utilizaci\u00f3n.<\/p>\n<p>TODOCON&nbsp;no se hace responsable:<\/p>\n<p>5.1. Hacer un uso Portal Web www.todocon.com con fines o connotaciones il\u00edcitas, de conformidad con la legislaci\u00f3n aplicable en cada momento; un uso no autorizado o fraudulento del Portal Web o de sus contenidos; un uso prohibido en las presentes condiciones; as\u00ed como cualquier utilizaci\u00f3n que resulte lesiva para los leg\u00edtimos derechos e intereses de terceros.<\/p>\n<p>5.2. Provocar da\u00f1os en los sistemas f\u00edsicos o l\u00f3gicos de TODOCON&nbsp;, de su Portal Web, de sus proveedores o de terceros, o cualquier pr\u00e1ctica que pueda da\u00f1ar, inutilizar, sobrecargar, deteriorar o impedir el normal funcionamiento de los documentos, archivos y toda clase de contenidos almacenados en cualquier equipo inform\u00e1tico. Especial y expresamente, se proh\u00edbe introducir o difundir en la red, virus inform\u00e1ticos o cualesquiera otros sistemas f\u00edsicos o l\u00f3gicos que sean susceptibles de provocar da\u00f1os.<\/p>\n<p>11.3. Intentar acceder a los recursos o \u00e1reas restringidas de la p\u00e1gina Web, sin cumplir los requisitos de acceso, as\u00ed como, utilizar, reproducir, copiar, distribuir, permitir el acceso del p\u00fablico o manipular los datos de TODOCON&nbsp;o de terceros proveedores o de otros usuarios, a trav\u00e9s de cualquier modalidad.<\/p>\n<p>5.4. En particular, y a t\u00edtulo meramente indicativo y no exhaustivo, usted, como usuario, se compromete a no transmitir, difundir o poner a disposici\u00f3n de terceros, informaciones, datos, contenidos, mensajes, gr\u00e1ficos, dibujos, archivos de sonido o imagen, fotograf\u00edas, grabaciones, software y, en general, cualquier clase de material que:<\/p>\n<p>5.4.1. De cualquier forma sea contrario, menosprecie o atente contra los derechos fundamentales y las libertades p\u00fablicas reconocidos constitucionalmente, en los Tratados Internacionales y en el resto de la legislaci\u00f3n.<\/p>\n<p>5.4.2. Induzca, incite, incorpore, ponga a disposici\u00f3n o permita acceder a productos o promueva actuaciones delictivas, denigratorias, difamatorias, infamantes, violentas, peligrosas, de riesgo o nocivas para la salud y el equilibrio ps\u00edquico.<\/p>\n<p>5.4.3. Induzca, incite o promueva actuaciones, actitudes o pensamientos discriminatorios por raz\u00f3n de sexo, raza, religi\u00f3n, creencias, edad o condici\u00f3n.<\/p>\n<p>5.4.4. Constituya cualquier tipo de publicidad o anuncio de terceros ajenos a TODOCON.<\/p>\n<p>6. Derechos de autor, propiedad intelectual e industrial.<\/p>\n<p>Son de propiedad de TODOCON&nbsp;todos los contenidos de www.todocon.com que supongan: su dise\u00f1o gr\u00e1fico, sus logos, las im\u00e1genes, los textos y dem\u00e1s elementos contenidos en la misma. Igualmente, usted, como usuario reconoce y acepta que todas las marcas, nombres comerciales o signos distintivos, y todos los derechos de propiedad industrial e intelectual inherentes a los mismos, sobre los contenidos y\/o cualesquiera otros elementos insertados en la p\u00e1gina, son propiedad exclusiva de TODOCON y\/o de terceros, quienes tienen el derecho exclusivo de utilizarlos en el tr\u00e1fico econ\u00f3mico. Bajo ning\u00fan supuesto, el acceso a los contenidos de la p\u00e1gina Web supone la renuncia, transmisi\u00f3n, cesi\u00f3n, licencia total o parcial de dichos derechos, ni confiere ning\u00fan derecho de utilizaci\u00f3n, traducci\u00f3n, adaptaci\u00f3n, alteraci\u00f3n, explotaci\u00f3n, reproducci\u00f3n, distribuci\u00f3n o comunicaci\u00f3n p\u00fablica de dichos contenidos, sin la previa y expresa autorizaci\u00f3n de TODOCON&nbsp;o sus titulares legales. Ning\u00fan material de los que se presentan en la p\u00e1gina Web de TODOCON&nbsp;podr\u00e1 ser copiado, reproducido, publicado, cargado en equipos inform\u00e1ticos, enviado por correo, transmitido o distribuido en forma alguna, en especial mediante publicaci\u00f3n en otras p\u00e1ginas Web o en entornos de red, distinta de la descarga en su ordenador personal para su uso exclusivo dom\u00e9stico, respetando rigurosamente todos los copyright y avisos de propiedad.<\/p>\n<p>7. Responsabilidad.<\/p>\n<p>TODOCON&nbsp;no garantiza la ausencia de virus o elementos similares en los documentos electr\u00f3nicos y ficheros almacenados en su sistema inform\u00e1tico y en su p\u00e1gina Web, que pudieran producir alteraciones de software y hardware para usted como usuario. La utilizaci\u00f3n de nuestra p\u00e1gina Web y de sus contenidos supone la aceptaci\u00f3n por parte usted de los anteriores riesgos y, por ello, usted excluye a TODOCON&nbsp;de cualquier responsabilidad por los da\u00f1os y perjuicios de toda naturaleza derivados de la eventual presencia de virus u otros elementos an\u00e1logos. TODOCON&nbsp;intentar\u00e1 con todos los medios a su alcance garantizar la seguridad de la informaci\u00f3n facilitada por los usuarios. No obstante, como es com\u00fanmente conocido, la seguridad en el entorno de Internet no puede ser garantizada en su totalidad, en ning\u00fan momento.<\/p>\n<p>8. Uso de tecnolog\u00eda cookie.<\/p>\n<p>TODOCON&nbsp;se reserva el derecho de utilizaci\u00f3n de las denominadas cookies o archivos similares, en cualquier tipo de utilizaci\u00f3n del Portal Web. No obstante, las cookies utilizadas se asocian \u00fanicamente con usuarios an\u00f3nimos y sus terminales, sin proporcionar referencias que permitan deducir datos personales del usuario. Asimismo, en relaci\u00f3n a cuanto antecede, TODOCON&nbsp;le informa sobre el hecho de que la mayor\u00eda de los navegadores en la red, permiten a los usuarios borrar las cookies del disco duro de su ordenador, bloquearlas o recibir un mensaje antes de grabar una. En este enlace puede ampliar la informaci\u00f3n sobre las mismas.<\/p>\n<p>9. Modificaciones en el Portal Web, en los servicios y en los contenidos.<\/p>\n<p>TODOCON&nbsp;se reserva el derecho a modificar unilateralmente y en cualquier momento, sin previo aviso, la presentaci\u00f3n y contenido del Portal Web, sus servicios y las condiciones generales. Dichas modificaciones ser\u00e1n para mejorar la p\u00e1gina, optimizando simult\u00e1neamente los servicios ofrecidos a usted como usuario. Por cuanto antecede, TODOCON&nbsp;le ruega encarecidamente que proceda a la revisi\u00f3n y comprobaci\u00f3n de las condiciones generales, cada una de las veces que acceda a la Web, siendo de su propia responsabilidad el no hacerlo y suponiendo ello que, aun as\u00ed, acepta t\u00e1citamente el contenido de las mismas.<\/p>\n<p>10. Terminaci\u00f3n.<\/p>\n<p>Si bien, en principio, la duraci\u00f3n de este Portal Web es indeterminada, TODOCON&nbsp;se reserva el derecho a suspender o dar por terminada la prestaci\u00f3n de algunos o todos de sus servicios, sin que esta decisi\u00f3n deba ser comunicada con antelaci\u00f3n a los usuarios del mismo.<\/p>\n<p>11. Ley y jurisdicci\u00f3n aplicables.<\/p>\n<p>Las presentes condiciones generales se rigen por las Leyes Espa\u00f1olas. Cualquier controversia en relaci\u00f3n con el Portal Web www.todocon.com se sustanciar\u00e1 ante la Jurisdicci\u00f3n Espa\u00f1ola.<\/p>\n<p>12. Responsabilidades.<\/p>\n<p>El incumplimiento de las presentes condiciones generales, o la utilizaci\u00f3n de la p\u00e1gina web www.todocon.com en t\u00e9rminos contrarios a los establecidos, dar\u00e1 lugar a la exigencia de las responsabilidades derivadas de cuanto antecede, mediante el ejercicio de las acciones judiciales que TODOCON&nbsp;estime pertinentes en cada momento.<\/p>\n<p>13. Reclamaciones.<\/p>\n<p>Existen hojas de reclamaciones a disposici\u00f3n de los consumidores y usuarios de las tiendas TODOCON&nbsp;(previa solicitud telef\u00f3nica en el 952 774 507).<\/p>\n","protected":false},"excerpt":{"rendered":"<p>1. Condiciones Particulares de Uso del Portal.<\/p>\n<p>El presente documento tiene por objeto establecer las Condiciones Particulares de Uso del Portal de Internet y todas sus web sites www.todocon.com (en adelante el Portal Web) titularidad de TODOCONSTRUC&#8230;<\/p>\n","protected":false},"author":1,"featured_media":0,"parent":0,"menu_order":0,"comment_status":"closed","ping_status":"open","template":"","meta":{"_monsterinsights_skip_tracking":false,"_monsterinsights_sitenote_active":false,"_monsterinsights_sitenote_note":"","_monsterinsights_sitenote_category":0,"ngg_post_thumbnail":0,"footnotes":""},"class_list":["post-6139","page","type-page","status-publish","hentry"],"yoast_head":"<!-- This site is optimized with the Yoast SEO plugin v17.5 - https:\/\/yoast.com\/wordpress\/plugins\/seo\/ -->\n<meta name=\"robots\" content=\"index, follow, max-snippet:-1, max-image-preview:large, max-video-preview:-1\" \/>\n<link rel=\"canonical\" href=\"https:\/\/www.todocon.com\/es_ES\/condiciones-de-uso\/\" \/>\n<meta property=\"og:locale\" content=\"en_US\" \/>\n<meta property=\"og:type\" content=\"article\" \/>\n<meta property=\"og:title\" content=\"Condiciones de uso - Todocon, empresa de cerramientos, cristaler\u00eda y m\u00e1mparas\" \/>\n<meta property=\"og:description\" content=\"1. Condiciones Particulares de Uso del Portal. El presente documento tiene por objeto establecer las Condiciones Particulares de Uso del Portal de Internet y todas sus web sites www.todocon.com (en adelante el Portal Web) titularidad de TODOCONSTRUC...\" \/>\n<meta property=\"og:url\" content=\"https:\/\/www.todocon.com\/es_ES\/condiciones-de-uso\/\" \/>\n<meta property=\"og:site_name\" content=\"Todocon, empresa de cerramientos, cristaler\u00eda y m\u00e1mparas\" \/>\n<meta property=\"article:modified_time\" content=\"2020-07-15T09:18:07+00:00\" \/>\n<meta name=\"twitter:card\" content=\"summary\" \/>\n<meta name=\"twitter:label1\" content=\"Est. reading time\" \/>\n\t<meta name=\"twitter:data1\" content=\"11 minutes\" \/>\n<script type=\"application\/ld+json\" class=\"yoast-schema-graph\">{\"@context\":\"https:\/\/schema.org\",\"@graph\":[{\"@type\":\"WebSite\",\"@id\":\"https:\/\/www.todocon.com\/es_ES\/#website\",\"url\":\"https:\/\/www.todocon.com\/es_ES\/\",\"name\":\"Todocon, empresa de cerramientos, cristaler\\u00eda y m\\u00e1mparas\",\"description\":\"\",\"potentialAction\":[{\"@type\":\"SearchAction\",\"target\":{\"@type\":\"EntryPoint\",\"urlTemplate\":\"https:\/\/www.todocon.com\/es_ES\/?s={search_term_string}\"},\"query-input\":\"required name=search_term_string\"}],\"inLanguage\":\"en-US\"},{\"@type\":\"WebPage\",\"@id\":\"https:\/\/www.todocon.com\/es_ES\/condiciones-de-uso\/#webpage\",\"url\":\"https:\/\/www.todocon.com\/es_ES\/condiciones-de-uso\/\",\"name\":\"Condiciones de uso - Todocon, empresa de cerramientos, cristaler\\u00eda y m\\u00e1mparas\",\"isPartOf\":{\"@id\":\"https:\/\/www.todocon.com\/es_ES\/#website\"},\"datePublished\":\"2015-06-30T12:17:38+00:00\",\"dateModified\":\"2020-07-15T09:18:07+00:00\",\"breadcrumb\":{\"@id\":\"https:\/\/www.todocon.com\/es_ES\/condiciones-de-uso\/#breadcrumb\"},\"inLanguage\":\"en-US\",\"potentialAction\":[{\"@type\":\"ReadAction\",\"target\":[\"https:\/\/www.todocon.com\/es_ES\/condiciones-de-uso\/\"]}]},{\"@type\":\"BreadcrumbList\",\"@id\":\"https:\/\/www.todocon.com\/es_ES\/condiciones-de-uso\/#breadcrumb\",\"itemListElement\":[{\"@type\":\"ListItem\",\"position\":1,\"name\":\"Portada\",\"item\":\"https:\/\/www.todocon.com\/\"},{\"@type\":\"ListItem\",\"position\":2,\"name\":\"Condiciones de uso\"}]}]}<\/script>\n<!-- \/ Yoast SEO plugin. -->","yoast_head_json":{"robots":{"index":"index","follow":"follow","max-snippet":"max-snippet:-1","max-image-preview":"max-image-preview:large","max-video-preview":"max-video-preview:-1"},"canonical":"https:\/\/www.todocon.com\/es_ES\/condiciones-de-uso\/","og_locale":"en_US","og_type":"article","og_title":"Condiciones de uso - Todocon, empresa de cerramientos, cristaler\u00eda y m\u00e1mparas","og_description":"1. Condiciones Particulares de Uso del Portal. El presente documento tiene por objeto establecer las Condiciones Particulares de Uso del Portal de Internet y todas sus web sites www.todocon.com (en adelante el Portal Web) titularidad de TODOCONSTRUC...","og_url":"https:\/\/www.todocon.com\/es_ES\/condiciones-de-uso\/","og_site_name":"Todocon, empresa de cerramientos, cristaler\u00eda y m\u00e1mparas","article_modified_time":"2020-07-15T09:18:07+00:00","twitter_card":"summary","twitter_misc":{"Est. reading time":"11 minutes"},"schema":{"@context":"https:\/\/schema.org","@graph":[{"@type":"WebSite","@id":"https:\/\/www.todocon.com\/es_ES\/#website","url":"https:\/\/www.todocon.com\/es_ES\/","name":"Todocon, empresa de cerramientos, cristaler\u00eda y m\u00e1mparas","description":"","potentialAction":[{"@type":"SearchAction","target":{"@type":"EntryPoint","urlTemplate":"https:\/\/www.todocon.com\/es_ES\/?s={search_term_string}"},"query-input":"required name=search_term_string"}],"inLanguage":"en-US"},{"@type":"WebPage","@id":"https:\/\/www.todocon.com\/es_ES\/condiciones-de-uso\/#webpage","url":"https:\/\/www.todocon.com\/es_ES\/condiciones-de-uso\/","name":"Condiciones de uso - Todocon, empresa de cerramientos, cristaler\u00eda y m\u00e1mparas","isPartOf":{"@id":"https:\/\/www.todocon.com\/es_ES\/#website"},"datePublished":"2015-06-30T12:17:38+00:00","dateModified":"2020-07-15T09:18:07+00:00","breadcrumb":{"@id":"https:\/\/www.todocon.com\/es_ES\/condiciones-de-uso\/#breadcrumb"},"inLanguage":"en-US","potentialAction":[{"@type":"ReadAction","target":["https:\/\/www.todocon.com\/es_ES\/condiciones-de-uso\/"]}]},{"@type":"BreadcrumbList","@id":"https:\/\/www.todocon.com\/es_ES\/condiciones-de-uso\/#breadcrumb","itemListElement":[{"@type":"ListItem","position":1,"name":"Portada","item":"https:\/\/www.todocon.com\/"},{"@type":"ListItem","position":2,"name":"Condiciones de uso"}]}]}},"_links":{"self":[{"href":"https:\/\/www.todocon.com\/es_ES\/wp-json\/wp\/v2\/pages\/6139","targetHints":{"allow":["GET"]}}],"collection":[{"href":"https:\/\/www.todocon.com\/es_ES\/wp-json\/wp\/v2\/pages"}],"about":[{"href":"https:\/\/www.todocon.com\/es_ES\/wp-json\/wp\/v2\/types\/page"}],"author":[{"embeddable":true,"href":"https:\/\/www.todocon.com\/es_ES\/wp-json\/wp\/v2\/users\/1"}],"replies":[{"embeddable":true,"href":"https:\/\/www.todocon.com\/es_ES\/wp-json\/wp\/v2\/comments?post=6139"}],"version-history":[{"count":11,"href":"https:\/\/www.todocon.com\/es_ES\/wp-json\/wp\/v2\/pages\/6139\/revisions"}],"predecessor-version":[{"id":8431,"href":"https:\/\/www.todocon.com\/es_ES\/wp-json\/wp\/v2\/pages\/6139\/revisions\/8431"}],"wp:attachment":[{"href":"https:\/\/www.todocon.com\/es_ES\/wp-json\/wp\/v2\/media?parent=6139"}],"curies":[{"name":"wp","href":"https:\/\/api.w.org\/{rel}","templated":true}]}}