{"id":6137,"date":"2015-06-30T12:16:12","date_gmt":"2015-06-30T12:16:12","guid":{"rendered":"http:\/\/www.todocon.com\/?page_id=6137"},"modified":"2020-07-15T09:23:12","modified_gmt":"2020-07-15T09:23:12","slug":"politica-de-cookies","status":"publish","type":"page","link":"https:\/\/www.todocon.com\/es_ES\/politica-de-cookies\/","title":{"rendered":"Pol\u00edtica de cookies"},"content":{"rendered":"<p>Nuestro sitio web www.todocon.com (el sitio Web) utiliza una tecnolog\u00eda llamada cookie, con el fin de poder obtener informaci\u00f3n sobre el uso del mismo, mejorar la experiencia del usuario y garantizar su correcto funcionamiento.<\/p>\n<p>Definici\u00f3n de Cookie<\/p>\n<p>Una cookie es un peque\u00f1o fragmento de texto que los sitios web env\u00edan al navegador y que se almacenan en el terminal del usuario, (ordenador o dispositivo m\u00f3vil). Estos archivos tienen la finalidad de almacenar datos que podr\u00e1n ser actualizados y recuperadas por la entidad responsable de su instalaci\u00f3n. As\u00ed, cada vez que el usuario vuelve a visitar el mismo sitio web, el explorador recupera el archivo y lo env\u00eda al servidor del sitio web. Las cookies tienen varias funciones entre las que se incluyen, la de recoger informaci\u00f3n sobre las preferencias del usuario y recordarla, y en general, facilitar el uso del sitio web al usuario haciendo que el sitio sea m\u00e1s \u00fatil al personalizar su contenido.<\/p>\n<p>Las cookies se pueden clasificar en base a diferentes par\u00e1metros:<\/p>\n<p>1. Titularidad: cookies propias y cookies de terceros: dependiendo de cu\u00e1l sea la entidad que gestione el dominio desde donde se env\u00edan las cookies y se traten los datos que se obtengan.<\/p>\n<p>2. Duraci\u00f3n: cookies de sesi\u00f3n y cookies persistentes: de acuerdo con el plazo de tiempo que permanecen almacenadas en el terminal del usuario.<\/p>\n<p>3. Finalidad: cookies t\u00e9cnicas, cookies de personalizaci\u00f3n, cookies de an\u00e1lisis, cookies publicitarias, cookies de publicidad comportamental: de acuerdo con la finalidad para la que se traten los datos obtenidos.<\/p>\n<p>Cookies t\u00e9cnicas: Son aquellas que permiten al usuario la navegaci\u00f3n a trav\u00e9s de la p\u00e1gina web o aplicaci\u00f3n y la utilizaci\u00f3n de las diferentes opciones o servicios que en ella existen. Por ejemplo, controlar el tr\u00e1fico y la comunicaci\u00f3n de datos, identificar la sesi\u00f3n o acceder a las partes web de acceso restringido.<br \/>\nCookies de personalizaci\u00f3n: Son aquellas que permiten al usuario acceder al servicio con algunas caracter\u00edsticas de car\u00e1cter general predefinidas en su terminal o que el propio usuario defina. Por ejemplo, el idioma, el tipo de navegador a trav\u00e9s del cual accede al servicio o el dise\u00f1o de contenidos seleccionado.<br \/>\nCookies de an\u00e1lisis: Son aquellas que o bien tratadas por nosotros o por terceros, nos permiten cuantificar el n\u00famero de usuarios y as\u00ed realizar el an\u00e1lisis estad\u00edstico de la utilizaci\u00f3n que hacen los usuarios del servicio ofrecido. Para ello se analiza su navegaci\u00f3n en nuestra p\u00e1gina web para mejorar la oferta de productos o servicios que le ofrecemos.<br \/>\nCookies publicitarias: Son aquellas que permiten la gesti\u00f3n, de la forma m\u00e1s eficaz posible, los espacios publicitarios que, en su caso, el editor haya incluido en una p\u00e1gina web , aplicaci\u00f3n o plataforma desde la que presta el servicio solicitado sobre la base de criterios como el contenido editado o la frecuencia en a que se muestran los anuncios.<br \/>\nCookies de publicidad comportamental: Son aquellas que permiten la gesti\u00f3n, de la manera m\u00e1s eficaz posible, los espacios publicitarios que, en su caso, el editor haya incluido en una p\u00e1gina web, aplicaci\u00f3n o plataforma desde la que presta el servicio solicitado. Estas cookies almacenan informaci\u00f3n del comportamiento de los usuarios obtenida a trav\u00e9s de la observaci\u00f3n continuada de sus h\u00e1bitos de navegaci\u00f3n, lo que permite desarrollar un perfil espec\u00edfico para mostrar publicidad en funci\u00f3n del mismo.<\/p>\n<p>Cookies utilizadas en nuestro sitio web<\/p>\n<p>Nuestro sitio web utiliza tanto cookies propias, que son las enviadas a su ordenador y gestionadas exclusivamente por nosotros para el mejor funcionamiento del sitio web, como cookies de terceros, con la funci\u00f3n de servirnos como herramienta de an\u00e1lisis de la interacci\u00f3n los usuarios con nuestra web, gracias a ellas obtenemos una informaci\u00f3n que puede ayudar a mejorar la navegaci\u00f3n y dar un mejor servicio a los usuarios y clientes.<\/p>\n<p>Nuestro sitio web utiliza tanto cookies temporales de sesi\u00f3n, como cookies persistentes. Las cookies de sesi\u00f3n almacenan datos \u00fanicamente mientras el usuario accede a la web y las cookies persistentes almacenan los datos en el terminal para que sean accedidas y utilizadas en m\u00e1s de una sesi\u00f3n.<\/p>\n<p>Concretamente las COOKIES que usamos en nuestro sitio web son:<\/p>\n<p>Cookies propias:<\/p>\n<p>Nombre<\/p>\n<p>Finalidad<\/p>\n<p>Expiraci\u00f3n<\/p>\n<p>6bc890cb7b5704cff62e4f70e6f2fe91<\/p>\n<p>Usada para funcionalidad de la tienda, no almacena datos personales si el usuario no esta registrado.<\/p>\n<p>20 d\u00edas<\/p>\n<p>cookie_eu<\/p>\n<p>Indica que se acepta el uso de cookies en esta web.<\/p>\n<p>12 meses<\/p>\n<p>Cookies de terceros:<\/p>\n<p>Nombre<\/p>\n<p>Titular<\/p>\n<p>Finalidad<\/p>\n<p>Expiraci\u00f3n<\/p>\n<p>__utmz<\/p>\n<p>Google Inc.<\/p>\n<p>Almacena el origen del tr\u00e1fico a esta web.<\/p>\n<p>6 meses<\/p>\n<p>__utmc<\/p>\n<p>Google Inc.<\/p>\n<p>Determina el lugar en el que el usuario accede a cada sesi\u00f3n o visita.<\/p>\n<p>sesi\u00f3n<\/p>\n<p>__utma<\/p>\n<p>Google Inc.<\/p>\n<p>Distingue entre usuarios y sesiones.<\/p>\n<p>24 meses<\/p>\n<p>__utmb<\/p>\n<p>Google Inc.<\/p>\n<p>Determina nuevas sesiones y visitas.<\/p>\n<p>30 minutos<\/p>\n<p>__ga<\/p>\n<p>Google Inc.<br \/>\nEsta cookie se utiliza para distinguir a usuarios \u00fanicos mediante la asignaci\u00f3n de un n\u00famero generado aleatoriamente como un identificador de cliente. Se incluye en cada solicitud de p\u00e1gina en un sitio y se utiliza para calcular el volumen de visitantes, sesiones y datos para los informes de an\u00e1lisis de la web. Por defecto caduca a los 2 a\u00f1os, aunque esto lo puede personalizar el propietario de la web.<\/p>\n<p>2 a\u00f1os<\/p>\n<p>_zlcid Zopim Permite identificar al usuario a trav\u00e9s de distintas visitas al sitio web. 1 a\u00f1o<br \/>\n_cfduid<\/p>\n<p>Zopim Es utilizada por Cloudfare para mejorar el rendimiento del sitio web<br \/>\n5 a\u00f1os<\/p>\n<p>Cookies de publicidad:<\/p>\n<p>Nombre<\/p>\n<p>Finalidad<\/p>\n<p>Expiraci\u00f3n<\/p>\n<p>_atuvc<\/p>\n<p>Esta cookie se crea y lee en el javascript del complemento social AddThis en el lado del cliente, con el fin de asegurarse de que el usuario ve el recuento actualizado si se comparte una p\u00e1gina. Estos datos de la cookie no se reenv\u00edan a AddThis. Deshabilitar estas cookies podr\u00eda causar un comportamiento inesperado para los usuarios.<\/p>\n<p>2 a\u00f1os<\/p>\n<p>addshoppers<\/p>\n<p>Es la herramienta que nos permite compartir nuestros productos en las RRSS. Est\u00e1 cookie se encargar de medir las veces que los usuarios lo comparten.<\/p>\n<p>12 meses<\/p>\n<p>Las cookies __utmz, __utmc, __utma , __utmb\u201c y_ga son las que utiliza Google Analytics para recopilar informaci\u00f3n de forma an\u00f3nima y elaborar informes de tendencias del sitio web sin identificar usuarios individuales. A continuaci\u00f3n incluimos un enlace al sitio web de Google donde puede consultar la descripci\u00f3n del tipo de cookies que utiliza Google Analitycs:https:\/\/developers.google.com\/analytics\/devguides\/collection\/analyticsjs\/cookie-usage?hl=es<\/p>\n<p>El usuario puede desactivar las cookies an\u00f3nimas de Google Analytics para evitar que el sitio web env\u00ede informaci\u00f3n de sus visitas a Google Analytics. Para obtener m\u00e1s informaci\u00f3n, visite: http:\/\/www.google.com\/analytics\/learn\/privacy.html. Tambi\u00e9n puede instalar en los navegadores un complemento que ha desarrollado Google para inhabilitar el env\u00edo de datos a Google Analytics. El complemento se puede descargar en: https:\/\/tools.google.com\/dlpage\/gaoptout?hl=es<\/p>\n<p>Asimismo, le informamos de que si interact\u00faa con el contenido de nuestro sitio web tambi\u00e9n se pueden establecer otras cookies de terceros (por ejemplo, al pulsar botones de redes sociales o interactuar con mapas alojados en otro sitio web). Las cookies de terceros, son aquellas establecidas para un dominio diferente de nuestro sitio web, como por ejemplo facebook, twitter o google. No podemos acceder a los datos almacenados en las cookies de otros sitios web cuando navegue en dichos sitios web.<\/p>\n<p>En los siguientes enlaces podr\u00e1 consultar la pol\u00edtica de privacidad de:<\/p>\n<p>Zopim: Zopim Privacy Policy.<\/p>\n<p>Facebook:. Facebooks data usage policy.<\/p>\n<p>Twitter : Twitter Privacy Policy.<\/p>\n<p>Consentimiento<\/p>\n<p>Al navegar y continuar en nuestro sitio web el usuario estar\u00e1 consintiendo el uso de las cookies antes enunciadas, por los plazos se\u00f1alados y en las condiciones contenidas en la presente Pol\u00edtica de Cookies<\/p>\n<p>Retirada del consentimiento<\/p>\n<p>El usuario podr\u00e1 retirar en cualquier momento su consentimiento relacionado con esta Pol\u00edtica de Cookies, por eso tendr\u00e1 que eliminar las cookies almacenadas en su equipo utilizando los ajustes y configuraciones de su navegador de Internet.<\/p>\n<p>Modificaci\u00f3n de la configuraci\u00f3n de las cookies<\/p>\n<p>El usuario puede restringir, bloquear o borrar las cookies de cualquier sitio web, utilizando su navegador. En cada navegador la operativa es diferente, por lo que puede consultar los siguientes enlaces la forma de hacerlo:<\/p>\n<p>Internet Explorer: windows.microsoft.com\/es-xl\/internet-explorer\/delete-manage-cookies#ie=ie-10<br \/>\nFireFox: support.mozilla.org\/es\/kb\/Borrar%20cookies<br \/>\nChrome: support.google.com\/chrome\/answer\/95647?hl=es<br \/>\nSafari: www.apple.com\/es\/privacy\/use-of-cookies\/<br \/>\nPara obtener m\u00e1s informaci\u00f3n sobre la eliminaci\u00f3n, deshabilitaci\u00f3n o bloqueo de las cookies tambi\u00e9n puede visitar:<\/p>\n<p>http:\/\/www.aboutcookies.org\/Default.aspx?page=2<\/p>\n<p>Actualizaci\u00f3n de la pol\u00edtica de cookies<\/p>\n<p>Este sitio web puede modificar esta Pol\u00edtica de Cookies, por ello le recomendamos revisar esta pol\u00edtica cada vez que acceda a nuestro sitio web para estar adecuadamente informado sobre el uso que hacemos de las cookies.<\/p>\n<p>Fecha de la \u00faltima actualizaci\u00f3n: 1 de Julio de 2015.<\/p>\n<p>Notas adicionales<\/p>\n<p>Ni esta web ni sus representantes legales se hacen responsables ni del contenido ni de la veracidad de las pol\u00edticas de privacidad que puedan tener los terceros mencionados en esta pol\u00edtica de cookies.<br \/>\nLos navegadores web son las herramientas encargadas de almacenar las cookies y desde este lugar debe efectuar su derecho a eliminaci\u00f3n o desactivaci\u00f3n de las mismas. Ni esta web ni sus representantes legales pueden garantizar la correcta o incorrecta manipulaci\u00f3n de las cookies por parte de los mencionados navegadores.<br \/>\nEn algunos casos es necesario instalar cookies para que el navegador no olvide su decisi\u00f3n de no aceptaci\u00f3n de las mismas.<br \/>\nEn el caso de las cookies de Google Analytics, esta empresa almacena las cookies en servidores ubicados en Estados Unidos y se compromete a no compartirla con terceros, excepto en los casos en los que sea necesario para el funcionamiento del sistema o cuando la ley obligue a tal efecto. Seg\u00fan Google no guarda su direcci\u00f3n IP. Google Inc. es una compa\u00f1\u00eda adherida al Acuerdo de Puerto Seguro que garantiza que todos los datos transferidos ser\u00e1n tratados con un nivel de protecci\u00f3n acorde a la normativa europea. Puede consultar informaci\u00f3n detallada a este respecto en este enlace. Si desea informaci\u00f3n sobre el uso que Google da a las cookies le adjuntamos este otro enlace.<br \/>\nPara cualquier duda o consulta acerca de esta pol\u00edtica de cookies no dude en comunicarse con nosotros.<\/p>\n","protected":false},"excerpt":{"rendered":"<p>Nuestro sitio web www.todocon.com (el sitio Web) utiliza una tecnolog\u00eda llamada cookie, con el fin de poder obtener informaci\u00f3n sobre el uso del mismo, mejorar la experiencia del usuario y garantizar su correcto funcionamiento.<\/p>\n<p>Definici\u00f3n de Cooki&#8230;<\/p>\n","protected":false},"author":1,"featured_media":0,"parent":0,"menu_order":0,"comment_status":"closed","ping_status":"open","template":"","meta":{"_monsterinsights_skip_tracking":false,"_monsterinsights_sitenote_active":false,"_monsterinsights_sitenote_note":"","_monsterinsights_sitenote_category":0,"ngg_post_thumbnail":0,"footnotes":""},"class_list":["post-6137","page","type-page","status-publish","hentry"],"yoast_head":"<!-- This site is optimized with the Yoast SEO plugin v17.5 - https:\/\/yoast.com\/wordpress\/plugins\/seo\/ -->\n<meta name=\"robots\" content=\"index, follow, max-snippet:-1, max-image-preview:large, max-video-preview:-1\" \/>\n<link rel=\"canonical\" href=\"https:\/\/www.todocon.com\/es_ES\/politica-de-cookies\/\" \/>\n<meta property=\"og:locale\" content=\"en_US\" \/>\n<meta property=\"og:type\" content=\"article\" \/>\n<meta property=\"og:title\" content=\"Pol\u00edtica de cookies - Todocon, empresa de cerramientos, cristaler\u00eda y m\u00e1mparas\" \/>\n<meta property=\"og:description\" content=\"Nuestro sitio web www.todocon.com (el sitio Web) utiliza una tecnolog\u00eda llamada cookie, con el fin de poder obtener informaci\u00f3n sobre el uso del mismo, mejorar la experiencia del usuario y garantizar su correcto funcionamiento.  Definici\u00f3n de Cooki...\" \/>\n<meta property=\"og:url\" content=\"https:\/\/www.todocon.com\/es_ES\/politica-de-cookies\/\" \/>\n<meta property=\"og:site_name\" content=\"Todocon, empresa de cerramientos, cristaler\u00eda y m\u00e1mparas\" \/>\n<meta property=\"article:modified_time\" content=\"2020-07-15T09:23:12+00:00\" \/>\n<meta name=\"twitter:card\" content=\"summary\" \/>\n<meta name=\"twitter:label1\" content=\"Est. reading time\" \/>\n\t<meta name=\"twitter:data1\" content=\"9 minutes\" \/>\n<script type=\"application\/ld+json\" class=\"yoast-schema-graph\">{\"@context\":\"https:\/\/schema.org\",\"@graph\":[{\"@type\":\"WebSite\",\"@id\":\"https:\/\/www.todocon.com\/es_ES\/#website\",\"url\":\"https:\/\/www.todocon.com\/es_ES\/\",\"name\":\"Todocon, empresa de cerramientos, cristaler\\u00eda y m\\u00e1mparas\",\"description\":\"\",\"potentialAction\":[{\"@type\":\"SearchAction\",\"target\":{\"@type\":\"EntryPoint\",\"urlTemplate\":\"https:\/\/www.todocon.com\/es_ES\/?s={search_term_string}\"},\"query-input\":\"required name=search_term_string\"}],\"inLanguage\":\"en-US\"},{\"@type\":\"WebPage\",\"@id\":\"https:\/\/www.todocon.com\/es_ES\/politica-de-cookies\/#webpage\",\"url\":\"https:\/\/www.todocon.com\/es_ES\/politica-de-cookies\/\",\"name\":\"Pol\\u00edtica de cookies - Todocon, empresa de cerramientos, cristaler\\u00eda y m\\u00e1mparas\",\"isPartOf\":{\"@id\":\"https:\/\/www.todocon.com\/es_ES\/#website\"},\"datePublished\":\"2015-06-30T12:16:12+00:00\",\"dateModified\":\"2020-07-15T09:23:12+00:00\",\"breadcrumb\":{\"@id\":\"https:\/\/www.todocon.com\/es_ES\/politica-de-cookies\/#breadcrumb\"},\"inLanguage\":\"en-US\",\"potentialAction\":[{\"@type\":\"ReadAction\",\"target\":[\"https:\/\/www.todocon.com\/es_ES\/politica-de-cookies\/\"]}]},{\"@type\":\"BreadcrumbList\",\"@id\":\"https:\/\/www.todocon.com\/es_ES\/politica-de-cookies\/#breadcrumb\",\"itemListElement\":[{\"@type\":\"ListItem\",\"position\":1,\"name\":\"Portada\",\"item\":\"https:\/\/www.todocon.com\/\"},{\"@type\":\"ListItem\",\"position\":2,\"name\":\"Pol\\u00edtica de cookies\"}]}]}<\/script>\n<!-- \/ Yoast SEO plugin. -->","yoast_head_json":{"robots":{"index":"index","follow":"follow","max-snippet":"max-snippet:-1","max-image-preview":"max-image-preview:large","max-video-preview":"max-video-preview:-1"},"canonical":"https:\/\/www.todocon.com\/es_ES\/politica-de-cookies\/","og_locale":"en_US","og_type":"article","og_title":"Pol\u00edtica de cookies - Todocon, empresa de cerramientos, cristaler\u00eda y m\u00e1mparas","og_description":"Nuestro sitio web www.todocon.com (el sitio Web) utiliza una tecnolog\u00eda llamada cookie, con el fin de poder obtener informaci\u00f3n sobre el uso del mismo, mejorar la experiencia del usuario y garantizar su correcto funcionamiento.  Definici\u00f3n de Cooki...","og_url":"https:\/\/www.todocon.com\/es_ES\/politica-de-cookies\/","og_site_name":"Todocon, empresa de cerramientos, cristaler\u00eda y m\u00e1mparas","article_modified_time":"2020-07-15T09:23:12+00:00","twitter_card":"summary","twitter_misc":{"Est. reading time":"9 minutes"},"schema":{"@context":"https:\/\/schema.org","@graph":[{"@type":"WebSite","@id":"https:\/\/www.todocon.com\/es_ES\/#website","url":"https:\/\/www.todocon.com\/es_ES\/","name":"Todocon, empresa de cerramientos, cristaler\u00eda y m\u00e1mparas","description":"","potentialAction":[{"@type":"SearchAction","target":{"@type":"EntryPoint","urlTemplate":"https:\/\/www.todocon.com\/es_ES\/?s={search_term_string}"},"query-input":"required name=search_term_string"}],"inLanguage":"en-US"},{"@type":"WebPage","@id":"https:\/\/www.todocon.com\/es_ES\/politica-de-cookies\/#webpage","url":"https:\/\/www.todocon.com\/es_ES\/politica-de-cookies\/","name":"Pol\u00edtica de cookies - Todocon, empresa de cerramientos, cristaler\u00eda y m\u00e1mparas","isPartOf":{"@id":"https:\/\/www.todocon.com\/es_ES\/#website"},"datePublished":"2015-06-30T12:16:12+00:00","dateModified":"2020-07-15T09:23:12+00:00","breadcrumb":{"@id":"https:\/\/www.todocon.com\/es_ES\/politica-de-cookies\/#breadcrumb"},"inLanguage":"en-US","potentialAction":[{"@type":"ReadAction","target":["https:\/\/www.todocon.com\/es_ES\/politica-de-cookies\/"]}]},{"@type":"BreadcrumbList","@id":"https:\/\/www.todocon.com\/es_ES\/politica-de-cookies\/#breadcrumb","itemListElement":[{"@type":"ListItem","position":1,"name":"Portada","item":"https:\/\/www.todocon.com\/"},{"@type":"ListItem","position":2,"name":"Pol\u00edtica de cookies"}]}]}},"_links":{"self":[{"href":"https:\/\/www.todocon.com\/es_ES\/wp-json\/wp\/v2\/pages\/6137","targetHints":{"allow":["GET"]}}],"collection":[{"href":"https:\/\/www.todocon.com\/es_ES\/wp-json\/wp\/v2\/pages"}],"about":[{"href":"https:\/\/www.todocon.com\/es_ES\/wp-json\/wp\/v2\/types\/page"}],"author":[{"embeddable":true,"href":"https:\/\/www.todocon.com\/es_ES\/wp-json\/wp\/v2\/users\/1"}],"replies":[{"embeddable":true,"href":"https:\/\/www.todocon.com\/es_ES\/wp-json\/wp\/v2\/comments?post=6137"}],"version-history":[{"count":12,"href":"https:\/\/www.todocon.com\/es_ES\/wp-json\/wp\/v2\/pages\/6137\/revisions"}],"predecessor-version":[{"id":8448,"href":"https:\/\/www.todocon.com\/es_ES\/wp-json\/wp\/v2\/pages\/6137\/revisions\/8448"}],"wp:attachment":[{"href":"https:\/\/www.todocon.com\/es_ES\/wp-json\/wp\/v2\/media?parent=6137"}],"curies":[{"name":"wp","href":"https:\/\/api.w.org\/{rel}","templated":true}]}}