{"id":6135,"date":"2015-06-30T12:15:03","date_gmt":"2015-06-30T12:15:03","guid":{"rendered":"http:\/\/www.todocon.com\/?page_id=6135"},"modified":"2020-07-15T09:17:28","modified_gmt":"2020-07-15T09:17:28","slug":"aviso-legal","status":"publish","type":"page","link":"https:\/\/www.todocon.com\/es_ES\/aviso-legal\/","title":{"rendered":"Aviso Legal"},"content":{"rendered":"<p>AVISO LEGAL<br \/>\nEn cumplimiento de lo dispuesto en el art. 10 de la Ley 34\/2002, de 11 de julio, de Servicios de la Sociedad de la Informaci\u00f3n y Comercio Electr\u00f3nico, se informa a los usuarios que el sitio www.todocon.com es propiedad de TODOCONSTRUCCI\u00d3N MARBELLA S.L.&nbsp;(en adelante, TODOCON), cuyos datos son los siguientes:<br \/>\nNombre:&nbsp;TODOCONSTRUCCI\u00d3N MARBELLA S.L.<br \/>\nDirecci\u00f3n:&nbsp;Plg. Ind. La Ermita, C\/ Oro, 8<br \/>\nCIF:B29863222<br \/>\nTel\u00e9fono: 952 774 507<br \/>\nFax: 952 773 709<br \/>\nCorreo electr\u00f3nico: info@todocon.com<\/p>\n<p>CONDICIONES GENERALES DE ACCESO Y USO<br \/>\nEstas condiciones regulan el uso de la p\u00e1gina www.todocon.com y va dirigida a todos los usuarios que accedan a la web, por lo que es recomendable que las lea detenidamente. Adem\u00e1s, le informamos que estas condiciones generales de acceso pueden ser modificadas en cualquier momento.<br \/>\nTODOCON, como responsable del sitio web, pone a disposici\u00f3n de los usuarios el presente documento con el que pretende dar cumplimiento a las obligaciones dispuestas en la Ley 34\/2002, de Servicios de la Sociedad de la Informaci\u00f3n y del Comercio Electr\u00f3nico (LSSICE), as\u00ed como informar a todos los usuarios del sitio web respecto a cu\u00e1les son las condiciones de uso del sitio web.<br \/>\nToda persona que acceda a este sitio web asume el papel de usuario, comprometi\u00e9ndose a la observancia y cumplimiento riguroso de las disposiciones aqu\u00ed dispuestas, as\u00ed como a cualesquiera otra disposici\u00f3n legal que fuera de aplicaci\u00f3n.<br \/>\nEl prestador se reserva el derecho a modificar cualquier tipo de informaci\u00f3n que pudiera aparecer en el sitio web, sin que exista obligaci\u00f3n de preavisar o poner en conocimiento de los usuarios dichas obligaciones, entendi\u00e9ndose como suficiente con la publicaci\u00f3n en el sitio web del prestador.<\/p>\n<p>LIMITACION DE RESPONSABILIDAD<\/p>\n<p>El prestador se exime de cualquier tipo de responsabilidad derivada de la informaci\u00f3n publicada en su sitio web, siempre que esta informaci\u00f3n haya sido manipulada o introducida por un tercero ajeno al mismo.<br \/>\nEste sitio web puede utilizar COOKIES (peque\u00f1os archivos de informaci\u00f3n que el servidor env\u00eda al ordenador de quien accede a la p\u00e1gina) para llevar a cabo determinadas funciones que son consideradas imprescindibles para el correcto funcionamiento y visualizaci\u00f3n del sitio. Las cookies utilizadas en el sitio web tienen, en todo caso, car\u00e1cter temporal con la \u00fanica finalidad de hacer m\u00e1s eficaz su transmisi\u00f3n ulterior y desaparecen al terminar la sesi\u00f3n del usuario. En ning\u00fan caso se utilizar\u00e1n las cookies para recoger informaci\u00f3n de car\u00e1cter personal.<br \/>\nDesde el sitio web es posible que se redirija a contenidos de terceros sitios web. Dado que el prestador no puede controlar siempre los contenidos introducidos por los terceros en sus sitios web, \u00e9ste no asume ning\u00fan tipo de responsabilidad respecto a dichos contenidos. En todo caso, el prestador manifiesta que proceder\u00e1 a la retirada inmediata de cualquier contenido que pudiera contravenir la legislaci\u00f3n nacional o internacional, la moral o el orden p\u00fablico, procediendo a la retirada inmediata de la redirecci\u00f3n a dicho sitio web, poniendo en conocimiento de las autoridades competentes el contenido en cuesti\u00f3n.<br \/>\nEl prestador no se hace responsable de la informaci\u00f3n y contenidos almacenados en foros, chats, generadores de blogs, comentarios, redes sociales o cualesquiera otro medio que permita a terceros publicar contenidos de forma independiente en la p\u00e1gina web del prestador. No obstante y en cumplimiento de lo dispuesto en el art. 11 y 16 de la LSSICE, el prestador se pone a disposici\u00f3n de todos los usuarios, autoridades y fuerzas de seguridad, y colaborando de forma activa en la retirada o en su caso bloqueo de todos aquellos contenidos que pudieran afectar o contravenir la legislaci\u00f3n nacional, o internacional, derechos de terceros o la moral y el orden p\u00fablico. En caso de que el usuario considere que existe en el sitio web alg\u00fan contenido que pudiera ser susceptible de esta clasificaci\u00f3n, se ruega lo notifique de forma inmediata al administrador del sitio web.<\/p>\n<p>Este sitio web ha sido revisado y probado para que funcione correctamente. En principio, puede garantizarse el correcto funcionamiento los 365 d\u00edas del a\u00f1o, 24 horas al d\u00eda. No obstante, el prestador no descarta la posibilidad de que existan ciertos errores de programaci\u00f3n, o que acontezcan causas de fuerza mayor, cat\u00e1strofes naturales, huelgas, o circunstancias semejantes que hagan imposible el acceso a la p\u00e1gina web.<br \/>\nOBLIGACIONES Y RESPONSABILIDADES DEL USUARIO DEL SITIO WEB<br \/>\nAl acceder a este sitio web, el usuario se compromete a:<br \/>\na) Hacer un uso adecuado y l\u00edcito del Sitio Web as\u00ed como de los contenidos y servicios, de conformidad con la legislaci\u00f3n aplicable en cada momento; las Condiciones Generales de Uso del Sitio Web; la moral y buenas costumbres generalmente aceptadas y el orden<br \/>\np\u00fablico.<br \/>\nb)Proveerse de todos los medios y requerimientos t\u00e9cnicos que se precisen para acceder al Sitio Web.<br \/>\nc) Facilitar informaci\u00f3n veraz al cumplimentar con sus datos de car\u00e1cter personal los formularios contenidos en el Sitio Web y a mantenerlos actualizados en todo momento de forma que responda, en cada momento, a la situaci\u00f3n real del Usuario. El Usuario ser\u00e1 el \u00fanico responsable de las manifestaciones falsas o inexactas que realice y de los perjuicios que cause a TODOCON&nbsp;o a terceros por la informaci\u00f3n que facilite.<br \/>\nAdem\u00e1s, el usuario deber\u00e1 abstenerse de:<br \/>\na) Hacer un uso no autorizado o fraudulento del Sitio Web y\/o de los contenidos con fines o efectos il\u00edcitos, prohibidos en las presentes Condiciones Generales de Uso, lesivos de los derechos e intereses de terceros, o que de cualquier forma puedan da\u00f1ar, inutilizar, sobrecargar, deteriorar o impedir la normal utilizaci\u00f3n de los servicios o los documentos, archivos y toda clase de contenidos almacenados en cualquier equipo inform\u00e1tico.<br \/>\nb) Acceder o intentar acceder a recursos o \u00e1reas restringidas del Sitio Web, sin cumplir las condiciones exigidas para dicho acceso.<br \/>\nc) Provocar da\u00f1os en los sistemas f\u00edsicos o l\u00f3gicos del Sitio Web, de sus proveedores o de terceros.<br \/>\nd) Introducir o difundir en la red virus inform\u00e1ticos o cualesquiera otros sistemas f\u00edsicos o l\u00f3gicos que sean susceptibles de provocar da\u00f1os en los sistemas f\u00edsicos o l\u00f3gicos de TODOCON, de sus proveedores o de terceros.<\/p>\n<p>e) Intentar acceder, utilizar y\/o manipular los datos de TODOCON, terceros proveedores y otros Usuarios.<br \/>\nf)Reproducir o copiar, distribuir, permitir el acceso del p\u00fablico a trav\u00e9s de cualquier modalidad de comunicaci\u00f3n p\u00fablica, transformar o modificar los contenidos, a menos que se cuente con la autorizaci\u00f3n del titular de los correspondientes derechos o ello resulte legalmente permitido.<br \/>\ng) Suprimir, ocultar o manipular las notas sobre derechos de propiedad intelectual o industrial y dem\u00e1s datos identificativos de los derechos de TODOCON&nbsp;o de terceros incorporados a los contenidos, as\u00ed como los dispositivos t\u00e9cnicos de protecci\u00f3n o cualesquiera mecanismos de informaci\u00f3n que puedan insertarse en los contenidos.<br \/>\nh) Obtener e intentar obtener los contenidos empleando para ello medios o procedimientos distintos de los que, seg\u00fan los casos, se hayan puesto a su disposici\u00f3n a este efecto o se hayan indicado expresamente en las p\u00e1ginas web donde se encuentren los contenidos o, en general, de los que se empleen habitualmente en Internet por no entra\u00f1ar un riesgo de da\u00f1o o inutilizaci\u00f3n del sitio web y\/o de los contenidos.<br \/>\ni)En particular, y a t\u00edtulo meramente indicativo y no exhaustivo, el Usuario se compromete a no transmitir, difundir o poner a disposici\u00f3n de terceros informaciones, datos, contenidos, mensajes, gr\u00e1ficos, dibujos, archivos de sonido y\/o imagen, fotograf\u00edas, grabaciones, software y, en general, cualquier clase de material que de cualquier forma sea contrario, menosprecie o atente contra los derechos fundamentales y las libertades p\u00fablicas reconocidas constitucionalmente, en los Tratados Internacionales y en el resto de la legislaci\u00f3n vigente; que induzca, incite o promueva actuaciones delictivas, denigratorias, difamatorias, violentas o, en general, contrarias a la ley, a la moral, a las buenas costumbres generalmente aceptadas o al orden p\u00fablico; que induzca, incite o promueva actuaciones, actitudes o pensamientos discriminatorios por raz\u00f3n de sexo, raza, religi\u00f3n, creencias, edad o condici\u00f3n; que incorpore, ponga a disposici\u00f3n o permita acceder a productos, elementos, mensajes y\/o servicios delictivos, violentos, ofensivos, nocivos, degradantes o, en general, contrarios a la ley, a la moral y a las buenas costumbres generalmente aceptadas o al orden p\u00fablico; que induzca o pueda inducir a un estado inaceptable de ansiedad o temor; que induzca o incite a involucrarse en pr\u00e1cticas peligrosas, de riesgo o nocivas para la salud y el equilibrio ps\u00edquico; que se encuentre protegido por la legislaci\u00f3n en materia de protecci\u00f3n intelectual o industrial perteneciente al prestador o a terceros sin que haya sido autorizado el uso que se pretenda realizar; que sea contrario al honor, a la intimidad personal y familiar o a la propia imagen de las personas; que constituya cualquier tipo de publicidad; que incluya cualquier tipo de virus o programa que impida el normal funcionamiento del Sitio Web. Si para acceder a algunos de los servicios y\/o contenidos del Sitio Web se debiera proporcionar alguna contrase\u00f1a, se obliga a usarla de manera diligente, manteni\u00e9ndola en todo momento en secreto. En consecuencia, ser\u00e1 responsable de su adecuada custodia y confidencialidad, comprometi\u00e9ndose a no cederla a terceros, de manera temporal o permanente, ni a permitir el acceso a los mencionados servicios y\/o contenidos por parte de personas ajenas. Igualmente, se obliga a notificar a TODOCON cualquier hecho que pueda suponer un uso indebido de su contrase\u00f1a, como, a t\u00edtulo enunciativo, su robo, extrav\u00edo o el acceso no autorizado, con el fin de proceder a su inmediata cancelaci\u00f3n. En consecuencia, mientras no efect\u00fae la notificaci\u00f3n anterior, TODOCON quedar\u00e1 eximida de cualquier responsabilidad que pudiera derivarse del uso indebido de su contrase\u00f1a, siendo de su responsabilidad cualquier utilizaci\u00f3n il\u00edcita de los contenidos y\/o servicios del Sitio Web por cualquier tercero ileg\u00edtimo. Si de manera negligente o dolosa incumpliera cualquiera de las obligaciones establecidas en las presentes Condiciones Generales de Uso, responder\u00e1 por todos los da\u00f1os y perjuicios que de dicho incumplimiento pudieran derivarse para TODOCON.<br \/>\nLEY DE PROTECCI\u00d3N DE DATOS<br \/>\nTODOCON garantiza el cumplimiento \u00edntegro de la Ley 15\/1999, de Protecci\u00f3n de Datos de Car\u00e1cter Personal (LOPD) y del Reglamento de Desarrollo de la LOPD.<br \/>\nSe pone a disposici\u00f3n de los usuarios la Pol\u00edtica de Privacidad y Seguridad, donde se informa a los usuarios respecto a los siguientes aspectos relativos al cumplimiento de la Ley de Protecci\u00f3n de Datos:<\/p>\n<p>Datos del Responsable del tratamiento.<br \/>\nDatos tratados.<br \/>\nFichero en el que se almacenan.<br \/>\nFinalidad del tratamiento.<br \/>\nObligatoriedad o no de facilitarlos, as\u00ed como las consecuencias en caso de no facilitarlos.<br \/>\nSobre los derechos que asisten a todo usuario y el procedimiento para ejercitarlos.<br \/>\nPROPIEDAD INTELECTUAL E INDUSTRIAL<br \/>\nTODOCON es una marca registrada en la Oficina Espa\u00f1ola de Patentes y Marcas a nombre deTODOCONSTRUCCI\u00d3N MARBELLA S.L. Todo el sitio web, incluyendo su programaci\u00f3n, edici\u00f3n, compilaci\u00f3n y dem\u00e1s elementos necesarios para su funcionamiento, los dise\u00f1os, logotipos, todos los textos, art\u00edculos, im\u00e1genes, logotipos, marcas, archivos, botones, software, combinaciones de colores, as\u00ed como su estructura, selecci\u00f3n, ordenaci\u00f3n y presentaci\u00f3n son propiedad intelectual de TODOCON y se hallan expresamente protegidos por las leyes de Propiedad Intelectual e Industrial.<br \/>\nPor eso, quedan expresamente prohibidas, en todo caso, la reproducci\u00f3n, copia, comunicaci\u00f3n p\u00fablica, puesta a disposici\u00f3n, distribuci\u00f3n, transformaci\u00f3n y cualquier otra forma de utilizaci\u00f3n o explotaci\u00f3n de todo o parte de este sitio web, sin la previa y expresa autorizaci\u00f3n de TODOCON. Sin embargo, existen textos e im\u00e1genes en la web que pertenecen a terceros que han autorizado expresamente a TODOCON para que pueda explotarlos en la web, siendo ellos mismos responsables de cualquier posible controversia que pudiera suscitarse respecto a los mismos. El prestador reconoce a favor de sus titulares los correspondientes derechos de propiedad industrial e intelectual, no implicando su sola menci\u00f3n o aparici\u00f3n en el sitio web la existencia de derechos o responsabilidad alguna del prestador sobre los mismos, como tampoco respaldo, patrocinio o recomendaci\u00f3n por parte del mismo. Para realizar cualquier tipo de observaci\u00f3n respecto a posibles incumplimientos de los derechos de propiedad intelectual o industrial, as\u00ed como sobre cualquiera de los contenidos del sitio web, puede hacerlo a trav\u00e9s del siguiente correo electr\u00f3nico:info@todocon.com.<br \/>\nENLACES E HIPERV\u00cdNCULOS<br \/>\nLas terceras personas que quieran incluir en una web un enlace que dirija al sitio www.todocon.com deber\u00e1n obtener la previa autorizaci\u00f3n por escrito y firmada por TODOCON, no siendo responsable TODOCON&nbsp;de las irregularidades ni de los contenidos que contenga el web site donde se haya incluido el enlace. Por otro lado, si TODOCON&nbsp;incluye en su sitio un enlace de otra web, no se hace responsable del contenido, condiciones de uso, pol\u00edticas de privacidad y dem\u00e1s condiciones de la web enlazada, siendo el usuario el \u00fanico responsable&nbsp;de comprobar y aceptar tales datos cada vez que acceda y use los mismos. Tenga en cuenta que si TODOCON&nbsp;ofrece a un usuario de su web un enlace es porque considera que el contenido enlazado tiene inter\u00e9s para el usuario, pero no compartir\u00e1 ninguna responsabilidad si el prestador de servicios de la web enlazada no cumple con sus obligaciones.<br \/>\nINCUMPLIMIENTO Y FUERO<br \/>\nEl incumplimiento de estas normas y de cualquier ley aplicable facultar\u00e1 a TODOCON&nbsp;a emprender las correspondientes acciones judiciales, se\u00f1al\u00e1ndose como fuero el de los Juzgados de&nbsp;Marbella.<\/p>\n","protected":false},"excerpt":{"rendered":"<p>AVISO LEGAL<br \/>\nEn cumplimiento de lo dispuesto en el art. 10 de la Ley 34\/2002, de 11 de julio, de Servicios de la Sociedad de la Informaci\u00f3n y Comercio Electr\u00f3nico, se informa a los usuarios que el sitio www.todocon.com es propiedad de TODOCONSTRUCCI\u00d3N&#8230;<\/p>\n","protected":false},"author":1,"featured_media":0,"parent":0,"menu_order":0,"comment_status":"closed","ping_status":"open","template":"","meta":{"_monsterinsights_skip_tracking":false,"_monsterinsights_sitenote_active":false,"_monsterinsights_sitenote_note":"","_monsterinsights_sitenote_category":0,"ngg_post_thumbnail":0,"footnotes":""},"class_list":["post-6135","page","type-page","status-publish","hentry"],"yoast_head":"<!-- This site is optimized with the Yoast SEO plugin v17.5 - https:\/\/yoast.com\/wordpress\/plugins\/seo\/ -->\n<meta name=\"robots\" content=\"index, follow, max-snippet:-1, max-image-preview:large, max-video-preview:-1\" \/>\n<link rel=\"canonical\" href=\"https:\/\/www.todocon.com\/es_ES\/aviso-legal\/\" \/>\n<meta property=\"og:locale\" content=\"en_US\" \/>\n<meta property=\"og:type\" content=\"article\" \/>\n<meta property=\"og:title\" content=\"Aviso Legal - Todocon, empresa de cerramientos, cristaler\u00eda y m\u00e1mparas\" \/>\n<meta property=\"og:description\" content=\"AVISO LEGAL En cumplimiento de lo dispuesto en el art. 10 de la Ley 34\/2002, de 11 de julio, de Servicios de la Sociedad de la Informaci\u00f3n y Comercio Electr\u00f3nico, se informa a los usuarios que el sitio www.todocon.com es propiedad de TODOCONSTRUCCI\u00d3N...\" \/>\n<meta property=\"og:url\" content=\"https:\/\/www.todocon.com\/es_ES\/aviso-legal\/\" \/>\n<meta property=\"og:site_name\" content=\"Todocon, empresa de cerramientos, cristaler\u00eda y m\u00e1mparas\" \/>\n<meta property=\"article:modified_time\" content=\"2020-07-15T09:17:28+00:00\" \/>\n<meta name=\"twitter:card\" content=\"summary\" \/>\n<meta name=\"twitter:label1\" content=\"Est. reading time\" \/>\n\t<meta name=\"twitter:data1\" content=\"12 minutes\" \/>\n<script type=\"application\/ld+json\" class=\"yoast-schema-graph\">{\"@context\":\"https:\/\/schema.org\",\"@graph\":[{\"@type\":\"WebSite\",\"@id\":\"https:\/\/www.todocon.com\/es_ES\/#website\",\"url\":\"https:\/\/www.todocon.com\/es_ES\/\",\"name\":\"Todocon, empresa de cerramientos, cristaler\\u00eda y m\\u00e1mparas\",\"description\":\"\",\"potentialAction\":[{\"@type\":\"SearchAction\",\"target\":{\"@type\":\"EntryPoint\",\"urlTemplate\":\"https:\/\/www.todocon.com\/es_ES\/?s={search_term_string}\"},\"query-input\":\"required name=search_term_string\"}],\"inLanguage\":\"en-US\"},{\"@type\":\"WebPage\",\"@id\":\"https:\/\/www.todocon.com\/es_ES\/aviso-legal\/#webpage\",\"url\":\"https:\/\/www.todocon.com\/es_ES\/aviso-legal\/\",\"name\":\"Aviso Legal - Todocon, empresa de cerramientos, cristaler\\u00eda y m\\u00e1mparas\",\"isPartOf\":{\"@id\":\"https:\/\/www.todocon.com\/es_ES\/#website\"},\"datePublished\":\"2015-06-30T12:15:03+00:00\",\"dateModified\":\"2020-07-15T09:17:28+00:00\",\"breadcrumb\":{\"@id\":\"https:\/\/www.todocon.com\/es_ES\/aviso-legal\/#breadcrumb\"},\"inLanguage\":\"en-US\",\"potentialAction\":[{\"@type\":\"ReadAction\",\"target\":[\"https:\/\/www.todocon.com\/es_ES\/aviso-legal\/\"]}]},{\"@type\":\"BreadcrumbList\",\"@id\":\"https:\/\/www.todocon.com\/es_ES\/aviso-legal\/#breadcrumb\",\"itemListElement\":[{\"@type\":\"ListItem\",\"position\":1,\"name\":\"Portada\",\"item\":\"https:\/\/www.todocon.com\/\"},{\"@type\":\"ListItem\",\"position\":2,\"name\":\"Aviso Legal\"}]}]}<\/script>\n<!-- \/ Yoast SEO plugin. -->","yoast_head_json":{"robots":{"index":"index","follow":"follow","max-snippet":"max-snippet:-1","max-image-preview":"max-image-preview:large","max-video-preview":"max-video-preview:-1"},"canonical":"https:\/\/www.todocon.com\/es_ES\/aviso-legal\/","og_locale":"en_US","og_type":"article","og_title":"Aviso Legal - Todocon, empresa de cerramientos, cristaler\u00eda y m\u00e1mparas","og_description":"AVISO LEGAL En cumplimiento de lo dispuesto en el art. 10 de la Ley 34\/2002, de 11 de julio, de Servicios de la Sociedad de la Informaci\u00f3n y Comercio Electr\u00f3nico, se informa a los usuarios que el sitio www.todocon.com es propiedad de TODOCONSTRUCCI\u00d3N...","og_url":"https:\/\/www.todocon.com\/es_ES\/aviso-legal\/","og_site_name":"Todocon, empresa de cerramientos, cristaler\u00eda y m\u00e1mparas","article_modified_time":"2020-07-15T09:17:28+00:00","twitter_card":"summary","twitter_misc":{"Est. reading time":"12 minutes"},"schema":{"@context":"https:\/\/schema.org","@graph":[{"@type":"WebSite","@id":"https:\/\/www.todocon.com\/es_ES\/#website","url":"https:\/\/www.todocon.com\/es_ES\/","name":"Todocon, empresa de cerramientos, cristaler\u00eda y m\u00e1mparas","description":"","potentialAction":[{"@type":"SearchAction","target":{"@type":"EntryPoint","urlTemplate":"https:\/\/www.todocon.com\/es_ES\/?s={search_term_string}"},"query-input":"required name=search_term_string"}],"inLanguage":"en-US"},{"@type":"WebPage","@id":"https:\/\/www.todocon.com\/es_ES\/aviso-legal\/#webpage","url":"https:\/\/www.todocon.com\/es_ES\/aviso-legal\/","name":"Aviso Legal - Todocon, empresa de cerramientos, cristaler\u00eda y m\u00e1mparas","isPartOf":{"@id":"https:\/\/www.todocon.com\/es_ES\/#website"},"datePublished":"2015-06-30T12:15:03+00:00","dateModified":"2020-07-15T09:17:28+00:00","breadcrumb":{"@id":"https:\/\/www.todocon.com\/es_ES\/aviso-legal\/#breadcrumb"},"inLanguage":"en-US","potentialAction":[{"@type":"ReadAction","target":["https:\/\/www.todocon.com\/es_ES\/aviso-legal\/"]}]},{"@type":"BreadcrumbList","@id":"https:\/\/www.todocon.com\/es_ES\/aviso-legal\/#breadcrumb","itemListElement":[{"@type":"ListItem","position":1,"name":"Portada","item":"https:\/\/www.todocon.com\/"},{"@type":"ListItem","position":2,"name":"Aviso Legal"}]}]}},"_links":{"self":[{"href":"https:\/\/www.todocon.com\/es_ES\/wp-json\/wp\/v2\/pages\/6135","targetHints":{"allow":["GET"]}}],"collection":[{"href":"https:\/\/www.todocon.com\/es_ES\/wp-json\/wp\/v2\/pages"}],"about":[{"href":"https:\/\/www.todocon.com\/es_ES\/wp-json\/wp\/v2\/types\/page"}],"author":[{"embeddable":true,"href":"https:\/\/www.todocon.com\/es_ES\/wp-json\/wp\/v2\/users\/1"}],"replies":[{"embeddable":true,"href":"https:\/\/www.todocon.com\/es_ES\/wp-json\/wp\/v2\/comments?post=6135"}],"version-history":[{"count":11,"href":"https:\/\/www.todocon.com\/es_ES\/wp-json\/wp\/v2\/pages\/6135\/revisions"}],"predecessor-version":[{"id":8428,"href":"https:\/\/www.todocon.com\/es_ES\/wp-json\/wp\/v2\/pages\/6135\/revisions\/8428"}],"wp:attachment":[{"href":"https:\/\/www.todocon.com\/es_ES\/wp-json\/wp\/v2\/media?parent=6135"}],"curies":[{"name":"wp","href":"https:\/\/api.w.org\/{rel}","templated":true}]}}