{"id":6061,"date":"2015-06-25T11:49:26","date_gmt":"2015-06-25T11:49:26","guid":{"rendered":"http:\/\/www.todocon.com\/?page_id=6061"},"modified":"2020-07-15T09:16:55","modified_gmt":"2020-07-15T09:16:55","slug":"almacen-vidrios","status":"publish","type":"page","link":"https:\/\/www.todocon.com\/es_ES\/almacen-vidrios\/","title":{"rendered":"Almac\u00e9n de vidrio"},"content":{"rendered":"<h2 class=\"western\"><em>Almac\u00e9n de vidrio<\/em><\/h2>\n<p>Disponemos de una amplia variedad de vidrios en stock: &nbsp;Flotados, &nbsp;Laminados, &nbsp;Lacados, &nbsp;Espejos, &nbsp;Impresos, &nbsp;Decorativos para poder servir a nuestros clientes, entregando el material en sus instalaciones, tanto en la provincia de C\u00e1diz como en M\u00e1laga.<\/p>\n<p>Tenemos taller propio de manufactura, donde trabajamos el vidrio, manipul\u00e1ndolo y transform\u00e1ndolo, haciendo todo tipo de trabajos como canto pulido, bisel, pecho paloma, inglete, taladro, talla..<\/p>\n<p>Podemos cortar y servir cualquier tipo de vidrio, as\u00ed como realizar su instalaci\u00f3n en el domicilio del cliente o en locales&nbsp;comerciales, asesorando a nuestros clientes en todo momento y disponiendo para ello de los medios adecuados.<\/p>\n\n<div class=\"ngg-galleryoverview ngg-template-caption\" id=\"ngg-gallery-d406bce52e63386696fc6fa3454e353e-6061\">\n\n\n\t<!-- Thumbnails -->\n    \t\t\n\t<div id=\"ngg-image-275\" class=\"ngg-gallery-thumbnail-box\"  >\n\t\t<div class=\"ngg-gallery-thumbnail\" >\n\t\t\t<a href=\"https:\/\/www.todocon.com\/wp-content\/gallery\/almacen-vidrio\/CRISTAL-VIDRIOS7.JPG\"\n               title=\" \"\n               class=\"ngg-fancybox\" rel=\"d406bce52e63386696fc6fa3454e353e\" data-image-id=\"275\" data-src=\"https:\/\/www.todocon.com\/wp-content\/gallery\/almacen-vidrio\/CRISTAL-VIDRIOS7.JPG\" data-thumbnail=\"https:\/\/www.todocon.com\/wp-content\/gallery\/almacen-vidrio\/thumbs\/thumbs_CRISTAL-VIDRIOS7.JPG\" data-title=\"CRISTAL VIDRIOS7\" data-description=\" \" >\n\t\t\t\t\t\t\t\t<img title=\"CRISTAL VIDRIOS7\" alt=\"CRISTAL VIDRIOS7\" src=\"https:\/\/www.todocon.com\/wp-content\/gallery\/almacen-vidrio\/thumbs\/thumbs_CRISTAL-VIDRIOS7.JPG\" width='240' height='160' \/>\n\t\t\t\t\t\t\t<\/a>\n\t\t\t<span> <\/span>\n\t\t<\/div>\n\t<\/div>\n\t\t \t\t\n\t<div id=\"ngg-image-276\" class=\"ngg-gallery-thumbnail-box\"  >\n\t\t<div class=\"ngg-gallery-thumbnail\" >\n\t\t\t<a href=\"https:\/\/www.todocon.com\/wp-content\/gallery\/almacen-vidrio\/CRISTALES-20.jpg\"\n               title=\" \"\n               class=\"ngg-fancybox\" rel=\"d406bce52e63386696fc6fa3454e353e\" data-image-id=\"276\" data-src=\"https:\/\/www.todocon.com\/wp-content\/gallery\/almacen-vidrio\/CRISTALES-20.jpg\" data-thumbnail=\"https:\/\/www.todocon.com\/wp-content\/gallery\/almacen-vidrio\/thumbs\/thumbs_CRISTALES-20.jpg\" data-title=\"CRISTALES 20\" data-description=\" \" >\n\t\t\t\t\t\t\t\t<img title=\"CRISTALES 20\" alt=\"CRISTALES 20\" src=\"https:\/\/www.todocon.com\/wp-content\/gallery\/almacen-vidrio\/thumbs\/thumbs_CRISTALES-20.jpg\" width='240' height='160' \/>\n\t\t\t\t\t\t\t<\/a>\n\t\t\t<span> <\/span>\n\t\t<\/div>\n\t<\/div>\n\t\t \t\t\n\t<div id=\"ngg-image-277\" class=\"ngg-gallery-thumbnail-box\"  >\n\t\t<div class=\"ngg-gallery-thumbnail\" >\n\t\t\t<a href=\"https:\/\/www.todocon.com\/wp-content\/gallery\/almacen-vidrio\/CRISTAL-VIDRIOS11.JPG\"\n               title=\" \"\n               class=\"ngg-fancybox\" rel=\"d406bce52e63386696fc6fa3454e353e\" data-image-id=\"277\" data-src=\"https:\/\/www.todocon.com\/wp-content\/gallery\/almacen-vidrio\/CRISTAL-VIDRIOS11.JPG\" data-thumbnail=\"https:\/\/www.todocon.com\/wp-content\/gallery\/almacen-vidrio\/thumbs\/thumbs_CRISTAL-VIDRIOS11.JPG\" data-title=\"CRISTAL VIDRIOS11\" data-description=\" \" >\n\t\t\t\t\t\t\t\t<img title=\"CRISTAL VIDRIOS11\" alt=\"CRISTAL VIDRIOS11\" src=\"https:\/\/www.todocon.com\/wp-content\/gallery\/almacen-vidrio\/thumbs\/thumbs_CRISTAL-VIDRIOS11.JPG\" width='240' height='160' \/>\n\t\t\t\t\t\t\t<\/a>\n\t\t\t<span> <\/span>\n\t\t<\/div>\n\t<\/div>\n\t\t \t\t\n\t<div id=\"ngg-image-278\" class=\"ngg-gallery-thumbnail-box\"  >\n\t\t<div class=\"ngg-gallery-thumbnail\" >\n\t\t\t<a href=\"https:\/\/www.todocon.com\/wp-content\/gallery\/almacen-vidrio\/CRISTAL-VIDRIOS.JPG\"\n               title=\" \"\n               class=\"ngg-fancybox\" rel=\"d406bce52e63386696fc6fa3454e353e\" data-image-id=\"278\" data-src=\"https:\/\/www.todocon.com\/wp-content\/gallery\/almacen-vidrio\/CRISTAL-VIDRIOS.JPG\" data-thumbnail=\"https:\/\/www.todocon.com\/wp-content\/gallery\/almacen-vidrio\/thumbs\/thumbs_CRISTAL-VIDRIOS.JPG\" data-title=\"CRISTAL- VIDRIOS\" data-description=\" \" >\n\t\t\t\t\t\t\t\t<img title=\"CRISTAL- VIDRIOS\" alt=\"CRISTAL- VIDRIOS\" src=\"https:\/\/www.todocon.com\/wp-content\/gallery\/almacen-vidrio\/thumbs\/thumbs_CRISTAL-VIDRIOS.JPG\" width='240' height='160' \/>\n\t\t\t\t\t\t\t<\/a>\n\t\t\t<span> <\/span>\n\t\t<\/div>\n\t<\/div>\n\t\t \t\t\n\t<div id=\"ngg-image-279\" class=\"ngg-gallery-thumbnail-box\"  >\n\t\t<div class=\"ngg-gallery-thumbnail\" >\n\t\t\t<a href=\"https:\/\/www.todocon.com\/wp-content\/gallery\/almacen-vidrio\/CRISTAL-VIDRIOS2.JPG\"\n               title=\" \"\n               class=\"ngg-fancybox\" rel=\"d406bce52e63386696fc6fa3454e353e\" data-image-id=\"279\" data-src=\"https:\/\/www.todocon.com\/wp-content\/gallery\/almacen-vidrio\/CRISTAL-VIDRIOS2.JPG\" data-thumbnail=\"https:\/\/www.todocon.com\/wp-content\/gallery\/almacen-vidrio\/thumbs\/thumbs_CRISTAL-VIDRIOS2.JPG\" data-title=\"CRISTAL- VIDRIOS2\" data-description=\" \" >\n\t\t\t\t\t\t\t\t<img title=\"CRISTAL- VIDRIOS2\" alt=\"CRISTAL- VIDRIOS2\" src=\"https:\/\/www.todocon.com\/wp-content\/gallery\/almacen-vidrio\/thumbs\/thumbs_CRISTAL-VIDRIOS2.JPG\" width='240' height='160' \/>\n\t\t\t\t\t\t\t<\/a>\n\t\t\t<span> <\/span>\n\t\t<\/div>\n\t<\/div>\n\t\t \t\t\n\t<div id=\"ngg-image-280\" class=\"ngg-gallery-thumbnail-box\"  >\n\t\t<div class=\"ngg-gallery-thumbnail\" >\n\t\t\t<a href=\"https:\/\/www.todocon.com\/wp-content\/gallery\/almacen-vidrio\/CRISTAL-VIDRIOS3.JPG\"\n               title=\" \"\n               class=\"ngg-fancybox\" rel=\"d406bce52e63386696fc6fa3454e353e\" data-image-id=\"280\" data-src=\"https:\/\/www.todocon.com\/wp-content\/gallery\/almacen-vidrio\/CRISTAL-VIDRIOS3.JPG\" data-thumbnail=\"https:\/\/www.todocon.com\/wp-content\/gallery\/almacen-vidrio\/thumbs\/thumbs_CRISTAL-VIDRIOS3.JPG\" data-title=\"CRISTAL- VIDRIOS3\" data-description=\" \" >\n\t\t\t\t\t\t\t\t<img title=\"CRISTAL- VIDRIOS3\" alt=\"CRISTAL- VIDRIOS3\" src=\"https:\/\/www.todocon.com\/wp-content\/gallery\/almacen-vidrio\/thumbs\/thumbs_CRISTAL-VIDRIOS3.JPG\" width='240' height='160' \/>\n\t\t\t\t\t\t\t<\/a>\n\t\t\t<span> <\/span>\n\t\t<\/div>\n\t<\/div>\n\t\t \t\t\n\t<div id=\"ngg-image-281\" class=\"ngg-gallery-thumbnail-box\"  >\n\t\t<div class=\"ngg-gallery-thumbnail\" >\n\t\t\t<a href=\"https:\/\/www.todocon.com\/wp-content\/gallery\/almacen-vidrio\/CRISTAL-VIDRIOS4.JPG\"\n               title=\" \"\n               class=\"ngg-fancybox\" rel=\"d406bce52e63386696fc6fa3454e353e\" data-image-id=\"281\" data-src=\"https:\/\/www.todocon.com\/wp-content\/gallery\/almacen-vidrio\/CRISTAL-VIDRIOS4.JPG\" data-thumbnail=\"https:\/\/www.todocon.com\/wp-content\/gallery\/almacen-vidrio\/thumbs\/thumbs_CRISTAL-VIDRIOS4.JPG\" data-title=\"CRISTAL- VIDRIOS4\" data-description=\" \" >\n\t\t\t\t\t\t\t\t<img title=\"CRISTAL- VIDRIOS4\" alt=\"CRISTAL- VIDRIOS4\" src=\"https:\/\/www.todocon.com\/wp-content\/gallery\/almacen-vidrio\/thumbs\/thumbs_CRISTAL-VIDRIOS4.JPG\" width='240' height='160' \/>\n\t\t\t\t\t\t\t<\/a>\n\t\t\t<span> <\/span>\n\t\t<\/div>\n\t<\/div>\n\t\t \t\t\n\t<div id=\"ngg-image-282\" class=\"ngg-gallery-thumbnail-box\"  >\n\t\t<div class=\"ngg-gallery-thumbnail\" >\n\t\t\t<a href=\"https:\/\/www.todocon.com\/wp-content\/gallery\/almacen-vidrio\/CRISTALES-1.jpg\"\n               title=\" \"\n               class=\"ngg-fancybox\" rel=\"d406bce52e63386696fc6fa3454e353e\" data-image-id=\"282\" data-src=\"https:\/\/www.todocon.com\/wp-content\/gallery\/almacen-vidrio\/CRISTALES-1.jpg\" data-thumbnail=\"https:\/\/www.todocon.com\/wp-content\/gallery\/almacen-vidrio\/thumbs\/thumbs_CRISTALES-1.jpg\" data-title=\"CRISTALES 1\" data-description=\" \" >\n\t\t\t\t\t\t\t\t<img title=\"CRISTALES 1\" alt=\"CRISTALES 1\" src=\"https:\/\/www.todocon.com\/wp-content\/gallery\/almacen-vidrio\/thumbs\/thumbs_CRISTALES-1.jpg\" width='240' height='160' \/>\n\t\t\t\t\t\t\t<\/a>\n\t\t\t<span> <\/span>\n\t\t<\/div>\n\t<\/div>\n\t\t \t\t\n\t<div id=\"ngg-image-283\" class=\"ngg-gallery-thumbnail-box\"  >\n\t\t<div class=\"ngg-gallery-thumbnail\" >\n\t\t\t<a href=\"https:\/\/www.todocon.com\/wp-content\/gallery\/almacen-vidrio\/CRISTALES-2.jpg\"\n               title=\" \"\n               class=\"ngg-fancybox\" rel=\"d406bce52e63386696fc6fa3454e353e\" data-image-id=\"283\" data-src=\"https:\/\/www.todocon.com\/wp-content\/gallery\/almacen-vidrio\/CRISTALES-2.jpg\" data-thumbnail=\"https:\/\/www.todocon.com\/wp-content\/gallery\/almacen-vidrio\/thumbs\/thumbs_CRISTALES-2.jpg\" data-title=\"CRISTALES 2\" data-description=\" \" >\n\t\t\t\t\t\t\t\t<img title=\"CRISTALES 2\" alt=\"CRISTALES 2\" src=\"https:\/\/www.todocon.com\/wp-content\/gallery\/almacen-vidrio\/thumbs\/thumbs_CRISTALES-2.jpg\" width='240' height='160' \/>\n\t\t\t\t\t\t\t<\/a>\n\t\t\t<span> <\/span>\n\t\t<\/div>\n\t<\/div>\n\t\t \t\t\n\t<div id=\"ngg-image-284\" class=\"ngg-gallery-thumbnail-box\"  >\n\t\t<div class=\"ngg-gallery-thumbnail\" >\n\t\t\t<a href=\"https:\/\/www.todocon.com\/wp-content\/gallery\/almacen-vidrio\/CRISTALES-3.jpg\"\n               title=\" \"\n               class=\"ngg-fancybox\" rel=\"d406bce52e63386696fc6fa3454e353e\" data-image-id=\"284\" data-src=\"https:\/\/www.todocon.com\/wp-content\/gallery\/almacen-vidrio\/CRISTALES-3.jpg\" data-thumbnail=\"https:\/\/www.todocon.com\/wp-content\/gallery\/almacen-vidrio\/thumbs\/thumbs_CRISTALES-3.jpg\" data-title=\"CRISTALES 3\" data-description=\" \" >\n\t\t\t\t\t\t\t\t<img title=\"CRISTALES 3\" alt=\"CRISTALES 3\" src=\"https:\/\/www.todocon.com\/wp-content\/gallery\/almacen-vidrio\/thumbs\/thumbs_CRISTALES-3.jpg\" width='240' height='160' \/>\n\t\t\t\t\t\t\t<\/a>\n\t\t\t<span> <\/span>\n\t\t<\/div>\n\t<\/div>\n\t\t \t\t\n\t<div id=\"ngg-image-285\" class=\"ngg-gallery-thumbnail-box\"  >\n\t\t<div class=\"ngg-gallery-thumbnail\" >\n\t\t\t<a href=\"https:\/\/www.todocon.com\/wp-content\/gallery\/almacen-vidrio\/CRISTALES-4.jpg\"\n               title=\" \"\n               class=\"ngg-fancybox\" rel=\"d406bce52e63386696fc6fa3454e353e\" data-image-id=\"285\" data-src=\"https:\/\/www.todocon.com\/wp-content\/gallery\/almacen-vidrio\/CRISTALES-4.jpg\" data-thumbnail=\"https:\/\/www.todocon.com\/wp-content\/gallery\/almacen-vidrio\/thumbs\/thumbs_CRISTALES-4.jpg\" data-title=\"CRISTALES 4\" data-description=\" \" >\n\t\t\t\t\t\t\t\t<img title=\"CRISTALES 4\" alt=\"CRISTALES 4\" src=\"https:\/\/www.todocon.com\/wp-content\/gallery\/almacen-vidrio\/thumbs\/thumbs_CRISTALES-4.jpg\" width='240' height='160' \/>\n\t\t\t\t\t\t\t<\/a>\n\t\t\t<span> <\/span>\n\t\t<\/div>\n\t<\/div>\n\t\t \t\t\n\t<div id=\"ngg-image-286\" class=\"ngg-gallery-thumbnail-box\"  >\n\t\t<div class=\"ngg-gallery-thumbnail\" >\n\t\t\t<a href=\"https:\/\/www.todocon.com\/wp-content\/gallery\/almacen-vidrio\/CRISTALES-5.jpg\"\n               title=\" \"\n               class=\"ngg-fancybox\" rel=\"d406bce52e63386696fc6fa3454e353e\" data-image-id=\"286\" data-src=\"https:\/\/www.todocon.com\/wp-content\/gallery\/almacen-vidrio\/CRISTALES-5.jpg\" data-thumbnail=\"https:\/\/www.todocon.com\/wp-content\/gallery\/almacen-vidrio\/thumbs\/thumbs_CRISTALES-5.jpg\" data-title=\"CRISTALES 5\" data-description=\" \" >\n\t\t\t\t\t\t\t\t<img title=\"CRISTALES 5\" alt=\"CRISTALES 5\" src=\"https:\/\/www.todocon.com\/wp-content\/gallery\/almacen-vidrio\/thumbs\/thumbs_CRISTALES-5.jpg\" width='240' height='160' \/>\n\t\t\t\t\t\t\t<\/a>\n\t\t\t<span> <\/span>\n\t\t<\/div>\n\t<\/div>\n\t\t \t\t\n\t<div id=\"ngg-image-287\" class=\"ngg-gallery-thumbnail-box\"  >\n\t\t<div class=\"ngg-gallery-thumbnail\" >\n\t\t\t<a href=\"https:\/\/www.todocon.com\/wp-content\/gallery\/almacen-vidrio\/CRISTALES-6.jpg\"\n               title=\" \"\n               class=\"ngg-fancybox\" rel=\"d406bce52e63386696fc6fa3454e353e\" data-image-id=\"287\" data-src=\"https:\/\/www.todocon.com\/wp-content\/gallery\/almacen-vidrio\/CRISTALES-6.jpg\" data-thumbnail=\"https:\/\/www.todocon.com\/wp-content\/gallery\/almacen-vidrio\/thumbs\/thumbs_CRISTALES-6.jpg\" data-title=\"CRISTALES 6\" data-description=\" \" >\n\t\t\t\t\t\t\t\t<img title=\"CRISTALES 6\" alt=\"CRISTALES 6\" src=\"https:\/\/www.todocon.com\/wp-content\/gallery\/almacen-vidrio\/thumbs\/thumbs_CRISTALES-6.jpg\" width='240' height='160' \/>\n\t\t\t\t\t\t\t<\/a>\n\t\t\t<span> <\/span>\n\t\t<\/div>\n\t<\/div>\n\t\t \t\t\n\t<div id=\"ngg-image-288\" class=\"ngg-gallery-thumbnail-box\"  >\n\t\t<div class=\"ngg-gallery-thumbnail\" >\n\t\t\t<a href=\"https:\/\/www.todocon.com\/wp-content\/gallery\/almacen-vidrio\/CRISTALES-7.jpg\"\n               title=\" \"\n               class=\"ngg-fancybox\" rel=\"d406bce52e63386696fc6fa3454e353e\" data-image-id=\"288\" data-src=\"https:\/\/www.todocon.com\/wp-content\/gallery\/almacen-vidrio\/CRISTALES-7.jpg\" data-thumbnail=\"https:\/\/www.todocon.com\/wp-content\/gallery\/almacen-vidrio\/thumbs\/thumbs_CRISTALES-7.jpg\" data-title=\"CRISTALES 7\" data-description=\" \" >\n\t\t\t\t\t\t\t\t<img title=\"CRISTALES 7\" alt=\"CRISTALES 7\" src=\"https:\/\/www.todocon.com\/wp-content\/gallery\/almacen-vidrio\/thumbs\/thumbs_CRISTALES-7.jpg\" width='240' height='160' \/>\n\t\t\t\t\t\t\t<\/a>\n\t\t\t<span> <\/span>\n\t\t<\/div>\n\t<\/div>\n\t\t \t\t\n\t<div id=\"ngg-image-289\" class=\"ngg-gallery-thumbnail-box\"  >\n\t\t<div class=\"ngg-gallery-thumbnail\" >\n\t\t\t<a href=\"https:\/\/www.todocon.com\/wp-content\/gallery\/almacen-vidrio\/CRISTALES-8.jpg\"\n               title=\" \"\n               class=\"ngg-fancybox\" rel=\"d406bce52e63386696fc6fa3454e353e\" data-image-id=\"289\" data-src=\"https:\/\/www.todocon.com\/wp-content\/gallery\/almacen-vidrio\/CRISTALES-8.jpg\" data-thumbnail=\"https:\/\/www.todocon.com\/wp-content\/gallery\/almacen-vidrio\/thumbs\/thumbs_CRISTALES-8.jpg\" data-title=\"CRISTALES 8\" data-description=\" \" >\n\t\t\t\t\t\t\t\t<img title=\"CRISTALES 8\" alt=\"CRISTALES 8\" src=\"https:\/\/www.todocon.com\/wp-content\/gallery\/almacen-vidrio\/thumbs\/thumbs_CRISTALES-8.jpg\" width='240' height='160' \/>\n\t\t\t\t\t\t\t<\/a>\n\t\t\t<span> <\/span>\n\t\t<\/div>\n\t<\/div>\n\t\t \t\t\n\t<div id=\"ngg-image-290\" class=\"ngg-gallery-thumbnail-box\"  >\n\t\t<div class=\"ngg-gallery-thumbnail\" >\n\t\t\t<a href=\"https:\/\/www.todocon.com\/wp-content\/gallery\/almacen-vidrio\/CRISTALES-9.jpg\"\n               title=\" \"\n               class=\"ngg-fancybox\" rel=\"d406bce52e63386696fc6fa3454e353e\" data-image-id=\"290\" data-src=\"https:\/\/www.todocon.com\/wp-content\/gallery\/almacen-vidrio\/CRISTALES-9.jpg\" data-thumbnail=\"https:\/\/www.todocon.com\/wp-content\/gallery\/almacen-vidrio\/thumbs\/thumbs_CRISTALES-9.jpg\" data-title=\"CRISTALES 9\" data-description=\" \" >\n\t\t\t\t\t\t\t\t<img title=\"CRISTALES 9\" alt=\"CRISTALES 9\" src=\"https:\/\/www.todocon.com\/wp-content\/gallery\/almacen-vidrio\/thumbs\/thumbs_CRISTALES-9.jpg\" width='240' height='160' \/>\n\t\t\t\t\t\t\t<\/a>\n\t\t\t<span> <\/span>\n\t\t<\/div>\n\t<\/div>\n\t\t \t\t\n\t<div id=\"ngg-image-291\" class=\"ngg-gallery-thumbnail-box\"  >\n\t\t<div class=\"ngg-gallery-thumbnail\" >\n\t\t\t<a href=\"https:\/\/www.todocon.com\/wp-content\/gallery\/almacen-vidrio\/CRISTALES-10.jpg\"\n               title=\" \"\n               class=\"ngg-fancybox\" rel=\"d406bce52e63386696fc6fa3454e353e\" data-image-id=\"291\" data-src=\"https:\/\/www.todocon.com\/wp-content\/gallery\/almacen-vidrio\/CRISTALES-10.jpg\" data-thumbnail=\"https:\/\/www.todocon.com\/wp-content\/gallery\/almacen-vidrio\/thumbs\/thumbs_CRISTALES-10.jpg\" data-title=\"CRISTALES 10\" data-description=\" \" >\n\t\t\t\t\t\t\t\t<img title=\"CRISTALES 10\" alt=\"CRISTALES 10\" src=\"https:\/\/www.todocon.com\/wp-content\/gallery\/almacen-vidrio\/thumbs\/thumbs_CRISTALES-10.jpg\" width='240' height='160' \/>\n\t\t\t\t\t\t\t<\/a>\n\t\t\t<span> <\/span>\n\t\t<\/div>\n\t<\/div>\n\t\t \t\t\n\t<div id=\"ngg-image-292\" class=\"ngg-gallery-thumbnail-box\"  >\n\t\t<div class=\"ngg-gallery-thumbnail\" >\n\t\t\t<a href=\"https:\/\/www.todocon.com\/wp-content\/gallery\/almacen-vidrio\/CRISTALES-11.jpg\"\n               title=\" \"\n               class=\"ngg-fancybox\" rel=\"d406bce52e63386696fc6fa3454e353e\" data-image-id=\"292\" data-src=\"https:\/\/www.todocon.com\/wp-content\/gallery\/almacen-vidrio\/CRISTALES-11.jpg\" data-thumbnail=\"https:\/\/www.todocon.com\/wp-content\/gallery\/almacen-vidrio\/thumbs\/thumbs_CRISTALES-11.jpg\" data-title=\"CRISTALES 11\" data-description=\" \" >\n\t\t\t\t\t\t\t\t<img title=\"CRISTALES 11\" alt=\"CRISTALES 11\" src=\"https:\/\/www.todocon.com\/wp-content\/gallery\/almacen-vidrio\/thumbs\/thumbs_CRISTALES-11.jpg\" width='240' height='160' \/>\n\t\t\t\t\t\t\t<\/a>\n\t\t\t<span> <\/span>\n\t\t<\/div>\n\t<\/div>\n\t\t \t\t\n\t<div id=\"ngg-image-293\" class=\"ngg-gallery-thumbnail-box\"  >\n\t\t<div class=\"ngg-gallery-thumbnail\" >\n\t\t\t<a href=\"https:\/\/www.todocon.com\/wp-content\/gallery\/almacen-vidrio\/CRISTALES-12.jpg\"\n               title=\" \"\n               class=\"ngg-fancybox\" rel=\"d406bce52e63386696fc6fa3454e353e\" data-image-id=\"293\" data-src=\"https:\/\/www.todocon.com\/wp-content\/gallery\/almacen-vidrio\/CRISTALES-12.jpg\" data-thumbnail=\"https:\/\/www.todocon.com\/wp-content\/gallery\/almacen-vidrio\/thumbs\/thumbs_CRISTALES-12.jpg\" data-title=\"CRISTALES 12\" data-description=\" \" >\n\t\t\t\t\t\t\t\t<img title=\"CRISTALES 12\" alt=\"CRISTALES 12\" src=\"https:\/\/www.todocon.com\/wp-content\/gallery\/almacen-vidrio\/thumbs\/thumbs_CRISTALES-12.jpg\" width='240' height='160' \/>\n\t\t\t\t\t\t\t<\/a>\n\t\t\t<span> <\/span>\n\t\t<\/div>\n\t<\/div>\n\t\t \t\t\n\t<div id=\"ngg-image-294\" class=\"ngg-gallery-thumbnail-box\"  >\n\t\t<div class=\"ngg-gallery-thumbnail\" >\n\t\t\t<a href=\"https:\/\/www.todocon.com\/wp-content\/gallery\/almacen-vidrio\/CRISTALES-13.jpg\"\n               title=\" \"\n               class=\"ngg-fancybox\" rel=\"d406bce52e63386696fc6fa3454e353e\" data-image-id=\"294\" data-src=\"https:\/\/www.todocon.com\/wp-content\/gallery\/almacen-vidrio\/CRISTALES-13.jpg\" data-thumbnail=\"https:\/\/www.todocon.com\/wp-content\/gallery\/almacen-vidrio\/thumbs\/thumbs_CRISTALES-13.jpg\" data-title=\"CRISTALES 13\" data-description=\" \" >\n\t\t\t\t\t\t\t\t<img title=\"CRISTALES 13\" alt=\"CRISTALES 13\" src=\"https:\/\/www.todocon.com\/wp-content\/gallery\/almacen-vidrio\/thumbs\/thumbs_CRISTALES-13.jpg\" width='240' height='160' \/>\n\t\t\t\t\t\t\t<\/a>\n\t\t\t<span> <\/span>\n\t\t<\/div>\n\t<\/div>\n\t\t \t \t\n\t<!-- Pagination -->\n \t<div class='ngg-navigation'><span class='current'>1<\/span>\n<a class='page-numbers' data-pageid='2' href='https:\/\/www.todocon.com\/es_ES\/almacen-vidrios\/nggallery\/page\/2'>2<\/a>\n<a class='prev' href='https:\/\/www.todocon.com\/es_ES\/almacen-vidrios\/nggallery\/page\/2' data-pageid=2>&#9658;<\/a><\/div> \t\n<\/div>\n\n\n","protected":false},"excerpt":{"rendered":"<h2 class=\"western\"><em>Almac\u00e9n de vidrio<\/em><\/h2>\n<p>Disponemos de una amplia variedad de vidrios en stock: &nbsp;Flotados, &nbsp;Laminados, &nbsp;Lacados, &nbsp;Espejos, &nbsp;Impresos, &nbsp;Decorativos para poder servir a nuestros clientes, entrega&#8230;<\/p>\n","protected":false},"author":1,"featured_media":0,"parent":0,"menu_order":0,"comment_status":"closed","ping_status":"open","template":"","meta":{"_monsterinsights_skip_tracking":false,"_monsterinsights_sitenote_active":false,"_monsterinsights_sitenote_note":"","_monsterinsights_sitenote_category":0,"ngg_post_thumbnail":0,"footnotes":""},"class_list":["post-6061","page","type-page","status-publish","hentry"],"yoast_head":"<!-- This site is optimized with the Yoast SEO plugin v17.5 - https:\/\/yoast.com\/wordpress\/plugins\/seo\/ -->\n<meta name=\"robots\" content=\"index, follow, max-snippet:-1, max-image-preview:large, max-video-preview:-1\" \/>\n<link rel=\"canonical\" href=\"https:\/\/www.todocon.com\/es_ES\/almacen-vidrios\/\" \/>\n<meta property=\"og:locale\" content=\"en_US\" \/>\n<meta property=\"og:type\" content=\"article\" \/>\n<meta property=\"og:title\" content=\"Almac\u00e9n de vidrio - Todocon, empresa de cerramientos, cristaler\u00eda y m\u00e1mparas\" \/>\n<meta property=\"og:description\" content=\"Almac\u00e9n de vidrio Disponemos de una amplia variedad de vidrios en stock: &nbsp;Flotados, &nbsp;Laminados, &nbsp;Lacados, &nbsp;Espejos, &nbsp;Impresos, &nbsp;Decorativos para poder servir a nuestros clientes, entrega...\" \/>\n<meta property=\"og:url\" content=\"https:\/\/www.todocon.com\/es_ES\/almacen-vidrios\/\" \/>\n<meta property=\"og:site_name\" content=\"Todocon, empresa de cerramientos, cristaler\u00eda y m\u00e1mparas\" \/>\n<meta property=\"article:modified_time\" content=\"2020-07-15T09:16:55+00:00\" \/>\n<meta name=\"twitter:card\" content=\"summary\" \/>\n<meta name=\"twitter:label1\" content=\"Est. reading time\" \/>\n\t<meta name=\"twitter:data1\" content=\"1 minute\" \/>\n<script type=\"application\/ld+json\" class=\"yoast-schema-graph\">{\"@context\":\"https:\/\/schema.org\",\"@graph\":[{\"@type\":\"WebSite\",\"@id\":\"https:\/\/www.todocon.com\/es_ES\/#website\",\"url\":\"https:\/\/www.todocon.com\/es_ES\/\",\"name\":\"Todocon, empresa de cerramientos, cristaler\\u00eda y m\\u00e1mparas\",\"description\":\"\",\"potentialAction\":[{\"@type\":\"SearchAction\",\"target\":{\"@type\":\"EntryPoint\",\"urlTemplate\":\"https:\/\/www.todocon.com\/es_ES\/?s={search_term_string}\"},\"query-input\":\"required name=search_term_string\"}],\"inLanguage\":\"en-US\"},{\"@type\":\"WebPage\",\"@id\":\"https:\/\/www.todocon.com\/es_ES\/almacen-vidrios\/#webpage\",\"url\":\"https:\/\/www.todocon.com\/es_ES\/almacen-vidrios\/\",\"name\":\"Almac\\u00e9n de vidrio - Todocon, empresa de cerramientos, cristaler\\u00eda y m\\u00e1mparas\",\"isPartOf\":{\"@id\":\"https:\/\/www.todocon.com\/es_ES\/#website\"},\"datePublished\":\"2015-06-25T11:49:26+00:00\",\"dateModified\":\"2020-07-15T09:16:55+00:00\",\"breadcrumb\":{\"@id\":\"https:\/\/www.todocon.com\/es_ES\/almacen-vidrios\/#breadcrumb\"},\"inLanguage\":\"en-US\",\"potentialAction\":[{\"@type\":\"ReadAction\",\"target\":[\"https:\/\/www.todocon.com\/es_ES\/almacen-vidrios\/\"]}]},{\"@type\":\"BreadcrumbList\",\"@id\":\"https:\/\/www.todocon.com\/es_ES\/almacen-vidrios\/#breadcrumb\",\"itemListElement\":[{\"@type\":\"ListItem\",\"position\":1,\"name\":\"Portada\",\"item\":\"https:\/\/www.todocon.com\/\"},{\"@type\":\"ListItem\",\"position\":2,\"name\":\"Almac\\u00e9n de vidrio\"}]}]}<\/script>\n<!-- \/ Yoast SEO plugin. -->","yoast_head_json":{"robots":{"index":"index","follow":"follow","max-snippet":"max-snippet:-1","max-image-preview":"max-image-preview:large","max-video-preview":"max-video-preview:-1"},"canonical":"https:\/\/www.todocon.com\/es_ES\/almacen-vidrios\/","og_locale":"en_US","og_type":"article","og_title":"Almac\u00e9n de vidrio - Todocon, empresa de cerramientos, cristaler\u00eda y m\u00e1mparas","og_description":"Almac\u00e9n de vidrio Disponemos de una amplia variedad de vidrios en stock: &nbsp;Flotados, &nbsp;Laminados, &nbsp;Lacados, &nbsp;Espejos, &nbsp;Impresos, &nbsp;Decorativos para poder servir a nuestros clientes, entrega...","og_url":"https:\/\/www.todocon.com\/es_ES\/almacen-vidrios\/","og_site_name":"Todocon, empresa de cerramientos, cristaler\u00eda y m\u00e1mparas","article_modified_time":"2020-07-15T09:16:55+00:00","twitter_card":"summary","twitter_misc":{"Est. reading time":"1 minute"},"schema":{"@context":"https:\/\/schema.org","@graph":[{"@type":"WebSite","@id":"https:\/\/www.todocon.com\/es_ES\/#website","url":"https:\/\/www.todocon.com\/es_ES\/","name":"Todocon, empresa de cerramientos, cristaler\u00eda y m\u00e1mparas","description":"","potentialAction":[{"@type":"SearchAction","target":{"@type":"EntryPoint","urlTemplate":"https:\/\/www.todocon.com\/es_ES\/?s={search_term_string}"},"query-input":"required name=search_term_string"}],"inLanguage":"en-US"},{"@type":"WebPage","@id":"https:\/\/www.todocon.com\/es_ES\/almacen-vidrios\/#webpage","url":"https:\/\/www.todocon.com\/es_ES\/almacen-vidrios\/","name":"Almac\u00e9n de vidrio - Todocon, empresa de cerramientos, cristaler\u00eda y m\u00e1mparas","isPartOf":{"@id":"https:\/\/www.todocon.com\/es_ES\/#website"},"datePublished":"2015-06-25T11:49:26+00:00","dateModified":"2020-07-15T09:16:55+00:00","breadcrumb":{"@id":"https:\/\/www.todocon.com\/es_ES\/almacen-vidrios\/#breadcrumb"},"inLanguage":"en-US","potentialAction":[{"@type":"ReadAction","target":["https:\/\/www.todocon.com\/es_ES\/almacen-vidrios\/"]}]},{"@type":"BreadcrumbList","@id":"https:\/\/www.todocon.com\/es_ES\/almacen-vidrios\/#breadcrumb","itemListElement":[{"@type":"ListItem","position":1,"name":"Portada","item":"https:\/\/www.todocon.com\/"},{"@type":"ListItem","position":2,"name":"Almac\u00e9n de vidrio"}]}]}},"_links":{"self":[{"href":"https:\/\/www.todocon.com\/es_ES\/wp-json\/wp\/v2\/pages\/6061","targetHints":{"allow":["GET"]}}],"collection":[{"href":"https:\/\/www.todocon.com\/es_ES\/wp-json\/wp\/v2\/pages"}],"about":[{"href":"https:\/\/www.todocon.com\/es_ES\/wp-json\/wp\/v2\/types\/page"}],"author":[{"embeddable":true,"href":"https:\/\/www.todocon.com\/es_ES\/wp-json\/wp\/v2\/users\/1"}],"replies":[{"embeddable":true,"href":"https:\/\/www.todocon.com\/es_ES\/wp-json\/wp\/v2\/comments?post=6061"}],"version-history":[{"count":44,"href":"https:\/\/www.todocon.com\/es_ES\/wp-json\/wp\/v2\/pages\/6061\/revisions"}],"predecessor-version":[{"id":8426,"href":"https:\/\/www.todocon.com\/es_ES\/wp-json\/wp\/v2\/pages\/6061\/revisions\/8426"}],"wp:attachment":[{"href":"https:\/\/www.todocon.com\/es_ES\/wp-json\/wp\/v2\/media?parent=6061"}],"curies":[{"name":"wp","href":"https:\/\/api.w.org\/{rel}","templated":true}]}}