{"id":6059,"date":"2015-06-25T11:48:53","date_gmt":"2015-06-25T11:48:53","guid":{"rendered":"http:\/\/www.todocon.com\/?page_id=6059"},"modified":"2020-07-16T14:46:10","modified_gmt":"2020-07-16T14:46:10","slug":"fabricante-cn-doble","status":"publish","type":"page","link":"https:\/\/www.todocon.com\/es_ES\/fabricante-cn-doble\/","title":{"rendered":"Fabricante de CN DOBLE"},"content":{"rendered":"<h2 class=\"western\"><em>Fabricante de CN Doble<br \/>\n<\/em><\/h2>\n<p>CN Doble es un Doble Acristalamiento Aislante T\u00e9rmico, formado por dos o m\u00e1s vidrios separados entre s\u00ed por perfiles separadores, en cuyo interior llevan introducida una sustancia que absorbe la posible humedad del aire contenido en la c\u00e1mara.<\/p>\n<ul>\n<li style=\"text-align: left;\">Reduce el ruido<\/li>\n<li style=\"text-align: left;\">Evita la condensaci\u00f3n<\/li>\n<li style=\"text-align: left;\">Controla y regula el paso de la luz<\/li>\n<li style=\"text-align: left;\">Protege tanto del fr\u00edo como del calor, regulando su entrada y\/o p\u00e9rdidas<\/li>\n<li style=\"text-align: left;\">Proporciona un importante ahorro econ\u00f3mico en consumos de energ\u00eda (calefacci\u00f3n y\/o aire acondicionado)<\/li>\n<li style=\"text-align: left;\">Reduce las emisiones contaminantes de CO2<\/li>\n<\/ul>\n<p>Una de las claves de CN Doble est\u00e1 en la c\u00e1mara, que debe ser estanca, y el aire que queda entre los dos vidrios debe estar desecado, con el fin de que no se produzcan condensaciones en el interior. Para conseguir esto, los dos vidrios est\u00e1n separados por un perfil met\u00e1lico perforado hacia la c\u00e1mara,el cual est\u00e1 unido a los vidrios mediante un butilo que crea la primera barrera de sellado, posteriormente todo el vidrio es sellado alrededor por una segunda barrera de sellado que puede ser de polisulfuro, poliuretano o silicona. Adem\u00e1s fabricamos bajo el marcado CE y ofrecemos una garant\u00eda especial para el doble acristalamiento de hasta 10 a\u00f1os.<\/p>\n<p><a href=\"\/wp-content\/uploads\/2015\/06\/certificado3.jpg\"><img loading=\"lazy\" decoding=\"async\" class=\"alignleft size-full wp-image-7061\" src=\"\/wp-content\/uploads\/2015\/06\/certificado3.jpg\" alt=\"certificado3\" width=\"110\" height=\"81\"\/><\/a><a href=\"https:\/\/www.todocon.com\/wp-content\/uploads\/2020\/07\/applus.png\"><img loading=\"lazy\" decoding=\"async\" class=\"alignnone  wp-image-8499\" src=\"https:\/\/www.todocon.com\/wp-content\/uploads\/2020\/07\/applus-162x300.png\" alt=\"\" width=\"52\" height=\"96\" srcset=\"https:\/\/www.todocon.com\/wp-content\/uploads\/2020\/07\/applus-162x300.png 162w, https:\/\/www.todocon.com\/wp-content\/uploads\/2020\/07\/applus.png 196w\" sizes=\"auto, (max-width: 52px) 100vw, 52px\" \/><\/a><\/p>\n","protected":false},"excerpt":{"rendered":"<h2 class=\"western\"><em>Fabricante de CN Doble<br \/>\n<\/em><\/h2>\n<p>CN Doble es un Doble Acristalamiento Aislante T\u00e9rmico, formado por dos o m\u00e1s vidrios separados entre s\u00ed por perfiles separadores, en cuyo interior llevan introducida una sustancia que absorbe &#8230;<\/p>\n","protected":false},"author":1,"featured_media":0,"parent":0,"menu_order":0,"comment_status":"closed","ping_status":"open","template":"","meta":{"_monsterinsights_skip_tracking":false,"_monsterinsights_sitenote_active":false,"_monsterinsights_sitenote_note":"","_monsterinsights_sitenote_category":0,"ngg_post_thumbnail":0,"footnotes":""},"class_list":["post-6059","page","type-page","status-publish","hentry"],"yoast_head":"<!-- This site is optimized with the Yoast SEO plugin v17.5 - https:\/\/yoast.com\/wordpress\/plugins\/seo\/ -->\n<meta name=\"robots\" content=\"index, follow, max-snippet:-1, max-image-preview:large, max-video-preview:-1\" \/>\n<link rel=\"canonical\" href=\"https:\/\/www.todocon.com\/es_ES\/fabricante-cn-doble\/\" \/>\n<meta property=\"og:locale\" content=\"en_US\" \/>\n<meta property=\"og:type\" content=\"article\" \/>\n<meta property=\"og:title\" content=\"Fabricante de CN DOBLE - Todocon, empresa de cerramientos, cristaler\u00eda y m\u00e1mparas\" \/>\n<meta property=\"og:description\" content=\"Fabricante de CN Doble CN Doble es un Doble Acristalamiento Aislante T\u00e9rmico, formado por dos o m\u00e1s vidrios separados entre s\u00ed por perfiles separadores, en cuyo interior llevan introducida una sustancia que absorbe ...\" \/>\n<meta property=\"og:url\" content=\"https:\/\/www.todocon.com\/es_ES\/fabricante-cn-doble\/\" \/>\n<meta property=\"og:site_name\" content=\"Todocon, empresa de cerramientos, cristaler\u00eda y m\u00e1mparas\" \/>\n<meta property=\"article:modified_time\" content=\"2020-07-16T14:46:10+00:00\" \/>\n<meta property=\"og:image\" content=\"https:\/\/www.todocon.com\/wp-content\/uploads\/2015\/06\/certificado3.jpg\" \/>\n<meta name=\"twitter:card\" content=\"summary\" \/>\n<meta name=\"twitter:label1\" content=\"Est. reading time\" \/>\n\t<meta name=\"twitter:data1\" content=\"1 minute\" \/>\n<script type=\"application\/ld+json\" class=\"yoast-schema-graph\">{\"@context\":\"https:\/\/schema.org\",\"@graph\":[{\"@type\":\"WebSite\",\"@id\":\"https:\/\/www.todocon.com\/es_ES\/#website\",\"url\":\"https:\/\/www.todocon.com\/es_ES\/\",\"name\":\"Todocon, empresa de cerramientos, cristaler\\u00eda y m\\u00e1mparas\",\"description\":\"\",\"potentialAction\":[{\"@type\":\"SearchAction\",\"target\":{\"@type\":\"EntryPoint\",\"urlTemplate\":\"https:\/\/www.todocon.com\/es_ES\/?s={search_term_string}\"},\"query-input\":\"required name=search_term_string\"}],\"inLanguage\":\"en-US\"},{\"@type\":\"ImageObject\",\"@id\":\"https:\/\/www.todocon.com\/es_ES\/fabricante-cn-doble\/#primaryimage\",\"inLanguage\":\"en-US\",\"url\":\"\/wp-content\/uploads\/2015\/06\/certificado3.jpg\",\"contentUrl\":\"\/wp-content\/uploads\/2015\/06\/certificado3.jpg\"},{\"@type\":\"WebPage\",\"@id\":\"https:\/\/www.todocon.com\/es_ES\/fabricante-cn-doble\/#webpage\",\"url\":\"https:\/\/www.todocon.com\/es_ES\/fabricante-cn-doble\/\",\"name\":\"Fabricante de CN DOBLE - Todocon, empresa de cerramientos, cristaler\\u00eda y m\\u00e1mparas\",\"isPartOf\":{\"@id\":\"https:\/\/www.todocon.com\/es_ES\/#website\"},\"primaryImageOfPage\":{\"@id\":\"https:\/\/www.todocon.com\/es_ES\/fabricante-cn-doble\/#primaryimage\"},\"datePublished\":\"2015-06-25T11:48:53+00:00\",\"dateModified\":\"2020-07-16T14:46:10+00:00\",\"breadcrumb\":{\"@id\":\"https:\/\/www.todocon.com\/es_ES\/fabricante-cn-doble\/#breadcrumb\"},\"inLanguage\":\"en-US\",\"potentialAction\":[{\"@type\":\"ReadAction\",\"target\":[\"https:\/\/www.todocon.com\/es_ES\/fabricante-cn-doble\/\"]}]},{\"@type\":\"BreadcrumbList\",\"@id\":\"https:\/\/www.todocon.com\/es_ES\/fabricante-cn-doble\/#breadcrumb\",\"itemListElement\":[{\"@type\":\"ListItem\",\"position\":1,\"name\":\"Portada\",\"item\":\"https:\/\/www.todocon.com\/\"},{\"@type\":\"ListItem\",\"position\":2,\"name\":\"Fabricante de CN DOBLE\"}]}]}<\/script>\n<!-- \/ Yoast SEO plugin. -->","yoast_head_json":{"robots":{"index":"index","follow":"follow","max-snippet":"max-snippet:-1","max-image-preview":"max-image-preview:large","max-video-preview":"max-video-preview:-1"},"canonical":"https:\/\/www.todocon.com\/es_ES\/fabricante-cn-doble\/","og_locale":"en_US","og_type":"article","og_title":"Fabricante de CN DOBLE - Todocon, empresa de cerramientos, cristaler\u00eda y m\u00e1mparas","og_description":"Fabricante de CN Doble CN Doble es un Doble Acristalamiento Aislante T\u00e9rmico, formado por dos o m\u00e1s vidrios separados entre s\u00ed por perfiles separadores, en cuyo interior llevan introducida una sustancia que absorbe ...","og_url":"https:\/\/www.todocon.com\/es_ES\/fabricante-cn-doble\/","og_site_name":"Todocon, empresa de cerramientos, cristaler\u00eda y m\u00e1mparas","article_modified_time":"2020-07-16T14:46:10+00:00","og_image":[{"url":"https:\/\/www.todocon.com\/wp-content\/uploads\/2015\/06\/certificado3.jpg"}],"twitter_card":"summary","twitter_misc":{"Est. reading time":"1 minute"},"schema":{"@context":"https:\/\/schema.org","@graph":[{"@type":"WebSite","@id":"https:\/\/www.todocon.com\/es_ES\/#website","url":"https:\/\/www.todocon.com\/es_ES\/","name":"Todocon, empresa de cerramientos, cristaler\u00eda y m\u00e1mparas","description":"","potentialAction":[{"@type":"SearchAction","target":{"@type":"EntryPoint","urlTemplate":"https:\/\/www.todocon.com\/es_ES\/?s={search_term_string}"},"query-input":"required name=search_term_string"}],"inLanguage":"en-US"},{"@type":"ImageObject","@id":"https:\/\/www.todocon.com\/es_ES\/fabricante-cn-doble\/#primaryimage","inLanguage":"en-US","url":"\/wp-content\/uploads\/2015\/06\/certificado3.jpg","contentUrl":"\/wp-content\/uploads\/2015\/06\/certificado3.jpg"},{"@type":"WebPage","@id":"https:\/\/www.todocon.com\/es_ES\/fabricante-cn-doble\/#webpage","url":"https:\/\/www.todocon.com\/es_ES\/fabricante-cn-doble\/","name":"Fabricante de CN DOBLE - Todocon, empresa de cerramientos, cristaler\u00eda y m\u00e1mparas","isPartOf":{"@id":"https:\/\/www.todocon.com\/es_ES\/#website"},"primaryImageOfPage":{"@id":"https:\/\/www.todocon.com\/es_ES\/fabricante-cn-doble\/#primaryimage"},"datePublished":"2015-06-25T11:48:53+00:00","dateModified":"2020-07-16T14:46:10+00:00","breadcrumb":{"@id":"https:\/\/www.todocon.com\/es_ES\/fabricante-cn-doble\/#breadcrumb"},"inLanguage":"en-US","potentialAction":[{"@type":"ReadAction","target":["https:\/\/www.todocon.com\/es_ES\/fabricante-cn-doble\/"]}]},{"@type":"BreadcrumbList","@id":"https:\/\/www.todocon.com\/es_ES\/fabricante-cn-doble\/#breadcrumb","itemListElement":[{"@type":"ListItem","position":1,"name":"Portada","item":"https:\/\/www.todocon.com\/"},{"@type":"ListItem","position":2,"name":"Fabricante de CN DOBLE"}]}]}},"_links":{"self":[{"href":"https:\/\/www.todocon.com\/es_ES\/wp-json\/wp\/v2\/pages\/6059","targetHints":{"allow":["GET"]}}],"collection":[{"href":"https:\/\/www.todocon.com\/es_ES\/wp-json\/wp\/v2\/pages"}],"about":[{"href":"https:\/\/www.todocon.com\/es_ES\/wp-json\/wp\/v2\/types\/page"}],"author":[{"embeddable":true,"href":"https:\/\/www.todocon.com\/es_ES\/wp-json\/wp\/v2\/users\/1"}],"replies":[{"embeddable":true,"href":"https:\/\/www.todocon.com\/es_ES\/wp-json\/wp\/v2\/comments?post=6059"}],"version-history":[{"count":83,"href":"https:\/\/www.todocon.com\/es_ES\/wp-json\/wp\/v2\/pages\/6059\/revisions"}],"predecessor-version":[{"id":8509,"href":"https:\/\/www.todocon.com\/es_ES\/wp-json\/wp\/v2\/pages\/6059\/revisions\/8509"}],"wp:attachment":[{"href":"https:\/\/www.todocon.com\/es_ES\/wp-json\/wp\/v2\/media?parent=6059"}],"curies":[{"name":"wp","href":"https:\/\/api.w.org\/{rel}","templated":true}]}}