{"id":6057,"date":"2015-06-25T11:48:26","date_gmt":"2015-06-25T11:48:26","guid":{"rendered":"http:\/\/www.todocon.com\/?page_id=6057"},"modified":"2020-07-15T09:22:09","modified_gmt":"2020-07-15T09:22:09","slug":"mamparas-de-bano","status":"publish","type":"page","link":"https:\/\/www.todocon.com\/es_ES\/mamparas-de-bano\/","title":{"rendered":"Mamparas de ba\u00f1o"},"content":{"rendered":"<h2 class=\"western\"><em>Mamparas de ba\u00f1o<\/em><\/h2>\n<p>Nuestras mamparas le permiten encontrar soluciones a la medida exacta de sus necesidades, tanto en espacios como en decoraci\u00f3n. Su dise\u00f1o a la vez funcional y decorativo, le ofrece las m\u00e1ximas prestaciones, sea cual sea el espacio que tenga usted disponible. Siempre ofreci\u00e9ndole toda la garant\u00eda de durabilidad y resistencia.<\/p>\n\n<div class=\"ngg-galleryoverview ngg-template-caption\" id=\"ngg-gallery-d008965307318200d06a775003e2ebdd-6057\">\n\n\n\t<!-- Thumbnails -->\n    \t\t\n\t<div id=\"ngg-image-232\" class=\"ngg-gallery-thumbnail-box\" style=\"width:25%;\" >\n\t\t<div class=\"ngg-gallery-thumbnail\" >\n\t\t\t<a href=\"https:\/\/www.todocon.com\/wp-content\/gallery\/mamparas-bano\/MOD.-HABANA-1.JPG\"\n               title=\" \"\n               class=\"ngg-fancybox\" rel=\"d008965307318200d06a775003e2ebdd\" data-image-id=\"232\" data-src=\"https:\/\/www.todocon.com\/wp-content\/gallery\/mamparas-bano\/MOD.-HABANA-1.JPG\" data-thumbnail=\"https:\/\/www.todocon.com\/wp-content\/gallery\/mamparas-bano\/thumbs\/thumbs_MOD.-HABANA-1.JPG\" data-title=\"MOD. HABANA (1)\" data-description=\" \" >\n\t\t\t\t\t\t\t\t<img title=\"MOD. HABANA (1)\" alt=\"MOD. HABANA (1)\" src=\"https:\/\/www.todocon.com\/wp-content\/gallery\/mamparas-bano\/thumbs\/thumbs_MOD.-HABANA-1.JPG\" width='240' height='160' \/>\n\t\t\t\t\t\t\t<\/a>\n\t\t\t<span> <\/span>\n\t\t<\/div>\n\t<\/div>\n\t\t \t\t\n\t<div id=\"ngg-image-233\" class=\"ngg-gallery-thumbnail-box\" style=\"width:25%;\" >\n\t\t<div class=\"ngg-gallery-thumbnail\" >\n\t\t\t<a href=\"https:\/\/www.todocon.com\/wp-content\/gallery\/mamparas-bano\/MOD-IRO-B26-1.JPG\"\n               title=\" \"\n               class=\"ngg-fancybox\" rel=\"d008965307318200d06a775003e2ebdd\" data-image-id=\"233\" data-src=\"https:\/\/www.todocon.com\/wp-content\/gallery\/mamparas-bano\/MOD-IRO-B26-1.JPG\" data-thumbnail=\"https:\/\/www.todocon.com\/wp-content\/gallery\/mamparas-bano\/thumbs\/thumbs_MOD-IRO-B26-1.JPG\" data-title=\"MOD IRO B26 (1)\" data-description=\" \" >\n\t\t\t\t\t\t\t\t<img title=\"MOD IRO B26 (1)\" alt=\"MOD IRO B26 (1)\" src=\"https:\/\/www.todocon.com\/wp-content\/gallery\/mamparas-bano\/thumbs\/thumbs_MOD-IRO-B26-1.JPG\" width='240' height='160' \/>\n\t\t\t\t\t\t\t<\/a>\n\t\t\t<span> <\/span>\n\t\t<\/div>\n\t<\/div>\n\t\t \t\t\n\t<div id=\"ngg-image-234\" class=\"ngg-gallery-thumbnail-box\" style=\"width:25%;\" >\n\t\t<div class=\"ngg-gallery-thumbnail\" >\n\t\t\t<a href=\"https:\/\/www.todocon.com\/wp-content\/gallery\/mamparas-bano\/MAMPARA-WIN-A-41-1.JPG\"\n               title=\" \"\n               class=\"ngg-fancybox\" rel=\"d008965307318200d06a775003e2ebdd\" data-image-id=\"234\" data-src=\"https:\/\/www.todocon.com\/wp-content\/gallery\/mamparas-bano\/MAMPARA-WIN-A-41-1.JPG\" data-thumbnail=\"https:\/\/www.todocon.com\/wp-content\/gallery\/mamparas-bano\/thumbs\/thumbs_MAMPARA-WIN-A-41-1.JPG\" data-title=\"MAMPARA WIN A-41 (1)\" data-description=\" \" >\n\t\t\t\t\t\t\t\t<img title=\"MAMPARA WIN A-41 (1)\" alt=\"MAMPARA WIN A-41 (1)\" src=\"https:\/\/www.todocon.com\/wp-content\/gallery\/mamparas-bano\/thumbs\/thumbs_MAMPARA-WIN-A-41-1.JPG\" width='240' height='160' \/>\n\t\t\t\t\t\t\t<\/a>\n\t\t\t<span> <\/span>\n\t\t<\/div>\n\t<\/div>\n\t\t \t\t\n\t<div id=\"ngg-image-235\" class=\"ngg-gallery-thumbnail-box\" style=\"width:25%;\" >\n\t\t<div class=\"ngg-gallery-thumbnail\" >\n\t\t\t<a href=\"https:\/\/www.todocon.com\/wp-content\/gallery\/mamparas-bano\/MAMPARA-SAO-PAULO-1.JPG\"\n               title=\" \"\n               class=\"ngg-fancybox\" rel=\"d008965307318200d06a775003e2ebdd\" data-image-id=\"235\" data-src=\"https:\/\/www.todocon.com\/wp-content\/gallery\/mamparas-bano\/MAMPARA-SAO-PAULO-1.JPG\" data-thumbnail=\"https:\/\/www.todocon.com\/wp-content\/gallery\/mamparas-bano\/thumbs\/thumbs_MAMPARA-SAO-PAULO-1.JPG\" data-title=\"MAMPARA SAO PAULO (1)\" data-description=\" \" >\n\t\t\t\t\t\t\t\t<img title=\"MAMPARA SAO PAULO (1)\" alt=\"MAMPARA SAO PAULO (1)\" src=\"https:\/\/www.todocon.com\/wp-content\/gallery\/mamparas-bano\/thumbs\/thumbs_MAMPARA-SAO-PAULO-1.JPG\" width='240' height='160' \/>\n\t\t\t\t\t\t\t<\/a>\n\t\t\t<span> <\/span>\n\t\t<\/div>\n\t<\/div>\n\t\t\t<br style=\"clear: both\" \/>\n\t \t\t\n\t<div id=\"ngg-image-236\" class=\"ngg-gallery-thumbnail-box\" style=\"width:25%;\" >\n\t\t<div class=\"ngg-gallery-thumbnail\" >\n\t\t\t<a href=\"https:\/\/www.todocon.com\/wp-content\/gallery\/mamparas-bano\/MAMPARA-IRO-A21-1.JPG\"\n               title=\" \"\n               class=\"ngg-fancybox\" rel=\"d008965307318200d06a775003e2ebdd\" data-image-id=\"236\" data-src=\"https:\/\/www.todocon.com\/wp-content\/gallery\/mamparas-bano\/MAMPARA-IRO-A21-1.JPG\" data-thumbnail=\"https:\/\/www.todocon.com\/wp-content\/gallery\/mamparas-bano\/thumbs\/thumbs_MAMPARA-IRO-A21-1.JPG\" data-title=\"MAMPARA IRO A21 (1)\" data-description=\" \" >\n\t\t\t\t\t\t\t\t<img title=\"MAMPARA IRO A21 (1)\" alt=\"MAMPARA IRO A21 (1)\" src=\"https:\/\/www.todocon.com\/wp-content\/gallery\/mamparas-bano\/thumbs\/thumbs_MAMPARA-IRO-A21-1.JPG\" width='240' height='160' \/>\n\t\t\t\t\t\t\t<\/a>\n\t\t\t<span> <\/span>\n\t\t<\/div>\n\t<\/div>\n\t\t \t\t\n\t<div id=\"ngg-image-237\" class=\"ngg-gallery-thumbnail-box\" style=\"width:25%;\" >\n\t\t<div class=\"ngg-gallery-thumbnail\" >\n\t\t\t<a href=\"https:\/\/www.todocon.com\/wp-content\/gallery\/mamparas-bano\/MAMPARA-COLORADO-1.JPG\"\n               title=\" \"\n               class=\"ngg-fancybox\" rel=\"d008965307318200d06a775003e2ebdd\" data-image-id=\"237\" data-src=\"https:\/\/www.todocon.com\/wp-content\/gallery\/mamparas-bano\/MAMPARA-COLORADO-1.JPG\" data-thumbnail=\"https:\/\/www.todocon.com\/wp-content\/gallery\/mamparas-bano\/thumbs\/thumbs_MAMPARA-COLORADO-1.JPG\" data-title=\"MAMPARA COLORADO (1)\" data-description=\" \" >\n\t\t\t\t\t\t\t\t<img title=\"MAMPARA COLORADO (1)\" alt=\"MAMPARA COLORADO (1)\" src=\"https:\/\/www.todocon.com\/wp-content\/gallery\/mamparas-bano\/thumbs\/thumbs_MAMPARA-COLORADO-1.JPG\" width='240' height='160' \/>\n\t\t\t\t\t\t\t<\/a>\n\t\t\t<span> <\/span>\n\t\t<\/div>\n\t<\/div>\n\t\t \t\t\n\t<div id=\"ngg-image-238\" class=\"ngg-gallery-thumbnail-box\" style=\"width:25%;\" >\n\t\t<div class=\"ngg-gallery-thumbnail\" >\n\t\t\t<a href=\"https:\/\/www.todocon.com\/wp-content\/gallery\/mamparas-bano\/MAMPARA-CANCUN-1.JPG\"\n               title=\" \"\n               class=\"ngg-fancybox\" rel=\"d008965307318200d06a775003e2ebdd\" data-image-id=\"238\" data-src=\"https:\/\/www.todocon.com\/wp-content\/gallery\/mamparas-bano\/MAMPARA-CANCUN-1.JPG\" data-thumbnail=\"https:\/\/www.todocon.com\/wp-content\/gallery\/mamparas-bano\/thumbs\/thumbs_MAMPARA-CANCUN-1.JPG\" data-title=\"MAMPARA CANCUN (1)\" data-description=\" \" >\n\t\t\t\t\t\t\t\t<img title=\"MAMPARA CANCUN (1)\" alt=\"MAMPARA CANCUN (1)\" src=\"https:\/\/www.todocon.com\/wp-content\/gallery\/mamparas-bano\/thumbs\/thumbs_MAMPARA-CANCUN-1.JPG\" width='240' height='160' \/>\n\t\t\t\t\t\t\t<\/a>\n\t\t\t<span> <\/span>\n\t\t<\/div>\n\t<\/div>\n\t\t \t\t\n\t<div id=\"ngg-image-239\" class=\"ngg-gallery-thumbnail-box\" style=\"width:25%;\" >\n\t\t<div class=\"ngg-gallery-thumbnail\" >\n\t\t\t<a href=\"https:\/\/www.todocon.com\/wp-content\/gallery\/mamparas-bano\/MAMPARA-BAHIA-1.JPG\"\n               title=\" \"\n               class=\"ngg-fancybox\" rel=\"d008965307318200d06a775003e2ebdd\" data-image-id=\"239\" data-src=\"https:\/\/www.todocon.com\/wp-content\/gallery\/mamparas-bano\/MAMPARA-BAHIA-1.JPG\" data-thumbnail=\"https:\/\/www.todocon.com\/wp-content\/gallery\/mamparas-bano\/thumbs\/thumbs_MAMPARA-BAHIA-1.JPG\" data-title=\"MAMPARA BAHIA (1)\" data-description=\" \" >\n\t\t\t\t\t\t\t\t<img title=\"MAMPARA BAHIA (1)\" alt=\"MAMPARA BAHIA (1)\" src=\"https:\/\/www.todocon.com\/wp-content\/gallery\/mamparas-bano\/thumbs\/thumbs_MAMPARA-BAHIA-1.JPG\" width='240' height='160' \/>\n\t\t\t\t\t\t\t<\/a>\n\t\t\t<span> <\/span>\n\t\t<\/div>\n\t<\/div>\n\t\t\t<br style=\"clear: both\" \/>\n\t \t\t\n\t<div id=\"ngg-image-301\" class=\"ngg-gallery-thumbnail-box\" style=\"width:25%;\" >\n\t\t<div class=\"ngg-gallery-thumbnail\" >\n\t\t\t<a href=\"https:\/\/www.todocon.com\/wp-content\/gallery\/mamparas-bano\/ALUM.-PVC-MAMPARAS-7.JPG\"\n               title=\" \"\n               class=\"ngg-fancybox\" rel=\"d008965307318200d06a775003e2ebdd\" data-image-id=\"301\" data-src=\"https:\/\/www.todocon.com\/wp-content\/gallery\/mamparas-bano\/ALUM.-PVC-MAMPARAS-7.JPG\" data-thumbnail=\"https:\/\/www.todocon.com\/wp-content\/gallery\/mamparas-bano\/thumbs\/thumbs_ALUM.-PVC-MAMPARAS-7.JPG\" data-title=\"ALUM.-PVC -MAMPARAS 7\" data-description=\" \" >\n\t\t\t\t\t\t\t\t<img title=\"ALUM.-PVC -MAMPARAS 7\" alt=\"ALUM.-PVC -MAMPARAS 7\" src=\"https:\/\/www.todocon.com\/wp-content\/gallery\/mamparas-bano\/thumbs\/thumbs_ALUM.-PVC-MAMPARAS-7.JPG\" width='240' height='160' \/>\n\t\t\t\t\t\t\t<\/a>\n\t\t\t<span> <\/span>\n\t\t<\/div>\n\t<\/div>\n\t\t \t\t\n\t<div id=\"ngg-image-302\" class=\"ngg-gallery-thumbnail-box\" style=\"width:25%;\" >\n\t\t<div class=\"ngg-gallery-thumbnail\" >\n\t\t\t<a href=\"https:\/\/www.todocon.com\/wp-content\/gallery\/mamparas-bano\/ALUM.-PVC-MAMPARAS-5.JPG\"\n               title=\" \"\n               class=\"ngg-fancybox\" rel=\"d008965307318200d06a775003e2ebdd\" data-image-id=\"302\" data-src=\"https:\/\/www.todocon.com\/wp-content\/gallery\/mamparas-bano\/ALUM.-PVC-MAMPARAS-5.JPG\" data-thumbnail=\"https:\/\/www.todocon.com\/wp-content\/gallery\/mamparas-bano\/thumbs\/thumbs_ALUM.-PVC-MAMPARAS-5.JPG\" data-title=\"ALUM.-PVC -MAMPARAS 5\" data-description=\" \" >\n\t\t\t\t\t\t\t\t<img title=\"ALUM.-PVC -MAMPARAS 5\" alt=\"ALUM.-PVC -MAMPARAS 5\" src=\"https:\/\/www.todocon.com\/wp-content\/gallery\/mamparas-bano\/thumbs\/thumbs_ALUM.-PVC-MAMPARAS-5.JPG\" width='240' height='160' \/>\n\t\t\t\t\t\t\t<\/a>\n\t\t\t<span> <\/span>\n\t\t<\/div>\n\t<\/div>\n\t\t \t\t\n\t<div id=\"ngg-image-357\" class=\"ngg-gallery-thumbnail-box\" style=\"width:25%;\" >\n\t\t<div class=\"ngg-gallery-thumbnail\" >\n\t\t\t<a href=\"https:\/\/www.todocon.com\/wp-content\/gallery\/mamparas-bano\/fijo-para-ducha.jpg\"\n               title=\" \"\n               class=\"ngg-fancybox\" rel=\"d008965307318200d06a775003e2ebdd\" data-image-id=\"357\" data-src=\"https:\/\/www.todocon.com\/wp-content\/gallery\/mamparas-bano\/fijo-para-ducha.jpg\" data-thumbnail=\"https:\/\/www.todocon.com\/wp-content\/gallery\/mamparas-bano\/thumbs\/thumbs_fijo-para-ducha.jpg\" data-title=\"fijo para ducha\" data-description=\" \" >\n\t\t\t\t\t\t\t\t<img title=\"fijo para ducha\" alt=\"fijo para ducha\" src=\"https:\/\/www.todocon.com\/wp-content\/gallery\/mamparas-bano\/thumbs\/thumbs_fijo-para-ducha.jpg\" width='240' height='160' \/>\n\t\t\t\t\t\t\t<\/a>\n\t\t\t<span> <\/span>\n\t\t<\/div>\n\t<\/div>\n\t\t \t \t\n\t<!-- Pagination -->\n \t<div class='ngg-clear'><\/div> \t\n<\/div>\n\n\n","protected":false},"excerpt":{"rendered":"<h2 class=\"western\"><em>Mamparas de ba\u00f1o<\/em><\/h2>\n<p>Nuestras mamparas le permiten encontrar soluciones a la medida exacta de sus necesidades, tanto en espacios como en decoraci\u00f3n. Su dise\u00f1o a la vez funcional y decorativo, le ofrece las m\u00e1ximas presta&#8230;<\/p>\n","protected":false},"author":1,"featured_media":0,"parent":0,"menu_order":0,"comment_status":"closed","ping_status":"open","template":"","meta":{"_monsterinsights_skip_tracking":false,"_monsterinsights_sitenote_active":false,"_monsterinsights_sitenote_note":"","_monsterinsights_sitenote_category":0,"ngg_post_thumbnail":0,"footnotes":""},"class_list":["post-6057","page","type-page","status-publish","hentry"],"yoast_head":"<!-- This site is optimized with the Yoast SEO plugin v17.5 - https:\/\/yoast.com\/wordpress\/plugins\/seo\/ -->\n<meta name=\"robots\" content=\"index, follow, max-snippet:-1, max-image-preview:large, max-video-preview:-1\" \/>\n<link rel=\"canonical\" href=\"https:\/\/www.todocon.com\/es_ES\/mamparas-de-bano\/\" \/>\n<meta property=\"og:locale\" content=\"en_US\" \/>\n<meta property=\"og:type\" content=\"article\" \/>\n<meta property=\"og:title\" content=\"Mamparas de ba\u00f1o - Todocon, empresa de cerramientos, cristaler\u00eda y m\u00e1mparas\" \/>\n<meta property=\"og:description\" content=\"Mamparas de ba\u00f1o Nuestras mamparas le permiten encontrar soluciones a la medida exacta de sus necesidades, tanto en espacios como en decoraci\u00f3n. Su dise\u00f1o a la vez funcional y decorativo, le ofrece las m\u00e1ximas presta...\" \/>\n<meta property=\"og:url\" content=\"https:\/\/www.todocon.com\/es_ES\/mamparas-de-bano\/\" \/>\n<meta property=\"og:site_name\" content=\"Todocon, empresa de cerramientos, cristaler\u00eda y m\u00e1mparas\" \/>\n<meta property=\"article:modified_time\" content=\"2020-07-15T09:22:09+00:00\" \/>\n<meta name=\"twitter:card\" content=\"summary\" \/>\n<script type=\"application\/ld+json\" class=\"yoast-schema-graph\">{\"@context\":\"https:\/\/schema.org\",\"@graph\":[{\"@type\":\"WebSite\",\"@id\":\"https:\/\/www.todocon.com\/es_ES\/#website\",\"url\":\"https:\/\/www.todocon.com\/es_ES\/\",\"name\":\"Todocon, empresa de cerramientos, cristaler\\u00eda y m\\u00e1mparas\",\"description\":\"\",\"potentialAction\":[{\"@type\":\"SearchAction\",\"target\":{\"@type\":\"EntryPoint\",\"urlTemplate\":\"https:\/\/www.todocon.com\/es_ES\/?s={search_term_string}\"},\"query-input\":\"required name=search_term_string\"}],\"inLanguage\":\"en-US\"},{\"@type\":\"WebPage\",\"@id\":\"https:\/\/www.todocon.com\/es_ES\/mamparas-de-bano\/#webpage\",\"url\":\"https:\/\/www.todocon.com\/es_ES\/mamparas-de-bano\/\",\"name\":\"Mamparas de ba\\u00f1o - Todocon, empresa de cerramientos, cristaler\\u00eda y m\\u00e1mparas\",\"isPartOf\":{\"@id\":\"https:\/\/www.todocon.com\/es_ES\/#website\"},\"datePublished\":\"2015-06-25T11:48:26+00:00\",\"dateModified\":\"2020-07-15T09:22:09+00:00\",\"breadcrumb\":{\"@id\":\"https:\/\/www.todocon.com\/es_ES\/mamparas-de-bano\/#breadcrumb\"},\"inLanguage\":\"en-US\",\"potentialAction\":[{\"@type\":\"ReadAction\",\"target\":[\"https:\/\/www.todocon.com\/es_ES\/mamparas-de-bano\/\"]}]},{\"@type\":\"BreadcrumbList\",\"@id\":\"https:\/\/www.todocon.com\/es_ES\/mamparas-de-bano\/#breadcrumb\",\"itemListElement\":[{\"@type\":\"ListItem\",\"position\":1,\"name\":\"Portada\",\"item\":\"https:\/\/www.todocon.com\/\"},{\"@type\":\"ListItem\",\"position\":2,\"name\":\"Mamparas de ba\\u00f1o\"}]}]}<\/script>\n<!-- \/ Yoast SEO plugin. -->","yoast_head_json":{"robots":{"index":"index","follow":"follow","max-snippet":"max-snippet:-1","max-image-preview":"max-image-preview:large","max-video-preview":"max-video-preview:-1"},"canonical":"https:\/\/www.todocon.com\/es_ES\/mamparas-de-bano\/","og_locale":"en_US","og_type":"article","og_title":"Mamparas de ba\u00f1o - Todocon, empresa de cerramientos, cristaler\u00eda y m\u00e1mparas","og_description":"Mamparas de ba\u00f1o Nuestras mamparas le permiten encontrar soluciones a la medida exacta de sus necesidades, tanto en espacios como en decoraci\u00f3n. Su dise\u00f1o a la vez funcional y decorativo, le ofrece las m\u00e1ximas presta...","og_url":"https:\/\/www.todocon.com\/es_ES\/mamparas-de-bano\/","og_site_name":"Todocon, empresa de cerramientos, cristaler\u00eda y m\u00e1mparas","article_modified_time":"2020-07-15T09:22:09+00:00","twitter_card":"summary","schema":{"@context":"https:\/\/schema.org","@graph":[{"@type":"WebSite","@id":"https:\/\/www.todocon.com\/es_ES\/#website","url":"https:\/\/www.todocon.com\/es_ES\/","name":"Todocon, empresa de cerramientos, cristaler\u00eda y m\u00e1mparas","description":"","potentialAction":[{"@type":"SearchAction","target":{"@type":"EntryPoint","urlTemplate":"https:\/\/www.todocon.com\/es_ES\/?s={search_term_string}"},"query-input":"required name=search_term_string"}],"inLanguage":"en-US"},{"@type":"WebPage","@id":"https:\/\/www.todocon.com\/es_ES\/mamparas-de-bano\/#webpage","url":"https:\/\/www.todocon.com\/es_ES\/mamparas-de-bano\/","name":"Mamparas de ba\u00f1o - Todocon, empresa de cerramientos, cristaler\u00eda y m\u00e1mparas","isPartOf":{"@id":"https:\/\/www.todocon.com\/es_ES\/#website"},"datePublished":"2015-06-25T11:48:26+00:00","dateModified":"2020-07-15T09:22:09+00:00","breadcrumb":{"@id":"https:\/\/www.todocon.com\/es_ES\/mamparas-de-bano\/#breadcrumb"},"inLanguage":"en-US","potentialAction":[{"@type":"ReadAction","target":["https:\/\/www.todocon.com\/es_ES\/mamparas-de-bano\/"]}]},{"@type":"BreadcrumbList","@id":"https:\/\/www.todocon.com\/es_ES\/mamparas-de-bano\/#breadcrumb","itemListElement":[{"@type":"ListItem","position":1,"name":"Portada","item":"https:\/\/www.todocon.com\/"},{"@type":"ListItem","position":2,"name":"Mamparas de ba\u00f1o"}]}]}},"_links":{"self":[{"href":"https:\/\/www.todocon.com\/es_ES\/wp-json\/wp\/v2\/pages\/6057","targetHints":{"allow":["GET"]}}],"collection":[{"href":"https:\/\/www.todocon.com\/es_ES\/wp-json\/wp\/v2\/pages"}],"about":[{"href":"https:\/\/www.todocon.com\/es_ES\/wp-json\/wp\/v2\/types\/page"}],"author":[{"embeddable":true,"href":"https:\/\/www.todocon.com\/es_ES\/wp-json\/wp\/v2\/users\/1"}],"replies":[{"embeddable":true,"href":"https:\/\/www.todocon.com\/es_ES\/wp-json\/wp\/v2\/comments?post=6057"}],"version-history":[{"count":19,"href":"https:\/\/www.todocon.com\/es_ES\/wp-json\/wp\/v2\/pages\/6057\/revisions"}],"predecessor-version":[{"id":8443,"href":"https:\/\/www.todocon.com\/es_ES\/wp-json\/wp\/v2\/pages\/6057\/revisions\/8443"}],"wp:attachment":[{"href":"https:\/\/www.todocon.com\/es_ES\/wp-json\/wp\/v2\/media?parent=6057"}],"curies":[{"name":"wp","href":"https:\/\/api.w.org\/{rel}","templated":true}]}}