{"id":6053,"date":"2015-06-25T11:47:31","date_gmt":"2015-06-25T11:47:31","guid":{"rendered":"http:\/\/www.todocon.com\/?page_id=6053"},"modified":"2020-07-15T09:21:35","modified_gmt":"2020-07-15T09:21:35","slug":"instalaciones-comerciales","status":"publish","type":"page","link":"https:\/\/www.todocon.com\/es_ES\/instalaciones-comerciales\/","title":{"rendered":"Instalaciones comerciales"},"content":{"rendered":"<h2 class=\"western\"><em>Instalaciones Comerciales<\/em><\/h2>\n<p>Realizamos instalaciones comerciales para todo tipo de superficies, poniendo a&nbsp;a su disposici\u00f3n nuestra fabricaci\u00f3n de <strong>AISLAGLAS&nbsp;<\/strong>y cortinas de cristal <strong>SUNFLEX SF 25&nbsp;<\/strong>as\u00ed como vidrios de control solar, bajo emisivo, laminados para ventanas, escaparates, muros cortina, lucernarios, cortinas de vidrio, puertas de cristal autom\u00e1ticas y manuales y todo lo que necesite para su proyecto de acristalamiento, as\u00ed como, asesoramiento y apoyo t\u00e9cnico, buscando siempre satisfacer sus necesidades.<\/p>\n<p>Disponemos de cami\u00f3n gr\u00faa y ventosa especial para poder realizar todos estos trabajos.<\/p>\n\n<div class=\"ngg-galleryoverview ngg-template-caption\" id=\"ngg-gallery-dc97df5f8f967bba53e2744f6f1da443-6053\">\n\n\n\t<!-- Thumbnails -->\n    \t\t\n\t<div id=\"ngg-image-350\" class=\"ngg-gallery-thumbnail-box\" style=\"width:25%;\" >\n\t\t<div class=\"ngg-gallery-thumbnail\" >\n\t\t\t<a href=\"https:\/\/www.todocon.com\/wp-content\/gallery\/instalaciones-comerciales\/Imagen-008.jpg\"\n               title=\" \"\n               class=\"ngg-fancybox\" rel=\"dc97df5f8f967bba53e2744f6f1da443\" data-image-id=\"350\" data-src=\"https:\/\/www.todocon.com\/wp-content\/gallery\/instalaciones-comerciales\/Imagen-008.jpg\" data-thumbnail=\"https:\/\/www.todocon.com\/wp-content\/gallery\/instalaciones-comerciales\/thumbs\/thumbs_Imagen-008.jpg\" data-title=\"Imagen 008\" data-description=\" \" >\n\t\t\t\t\t\t\t\t<img title=\"Imagen 008\" alt=\"Imagen 008\" src=\"https:\/\/www.todocon.com\/wp-content\/gallery\/instalaciones-comerciales\/thumbs\/thumbs_Imagen-008.jpg\" width='240' height='160' \/>\n\t\t\t\t\t\t\t<\/a>\n\t\t\t<span> <\/span>\n\t\t<\/div>\n\t<\/div>\n\t\t \t\t\n\t<div id=\"ngg-image-351\" class=\"ngg-gallery-thumbnail-box\" style=\"width:25%;\" >\n\t\t<div class=\"ngg-gallery-thumbnail\" >\n\t\t\t<a href=\"https:\/\/www.todocon.com\/wp-content\/gallery\/instalaciones-comerciales\/CRISTAL-CRISTALERAS.JPG\"\n               title=\" \"\n               class=\"ngg-fancybox\" rel=\"dc97df5f8f967bba53e2744f6f1da443\" data-image-id=\"351\" data-src=\"https:\/\/www.todocon.com\/wp-content\/gallery\/instalaciones-comerciales\/CRISTAL-CRISTALERAS.JPG\" data-thumbnail=\"https:\/\/www.todocon.com\/wp-content\/gallery\/instalaciones-comerciales\/thumbs\/thumbs_CRISTAL-CRISTALERAS.JPG\" data-title=\"CRISTAL - CRISTALERAS\" data-description=\" \" >\n\t\t\t\t\t\t\t\t<img title=\"CRISTAL - CRISTALERAS\" alt=\"CRISTAL - CRISTALERAS\" src=\"https:\/\/www.todocon.com\/wp-content\/gallery\/instalaciones-comerciales\/thumbs\/thumbs_CRISTAL-CRISTALERAS.JPG\" width='240' height='160' \/>\n\t\t\t\t\t\t\t<\/a>\n\t\t\t<span> <\/span>\n\t\t<\/div>\n\t<\/div>\n\t\t \t\t\n\t<div id=\"ngg-image-352\" class=\"ngg-gallery-thumbnail-box\" style=\"width:25%;\" >\n\t\t<div class=\"ngg-gallery-thumbnail\" >\n\t\t\t<a href=\"https:\/\/www.todocon.com\/wp-content\/gallery\/instalaciones-comerciales\/IMG_1912.JPG\"\n               title=\" \"\n               class=\"ngg-fancybox\" rel=\"dc97df5f8f967bba53e2744f6f1da443\" data-image-id=\"352\" data-src=\"https:\/\/www.todocon.com\/wp-content\/gallery\/instalaciones-comerciales\/IMG_1912.JPG\" data-thumbnail=\"https:\/\/www.todocon.com\/wp-content\/gallery\/instalaciones-comerciales\/thumbs\/thumbs_IMG_1912.JPG\" data-title=\"IMG_1912\" data-description=\" \" >\n\t\t\t\t\t\t\t\t<img title=\"IMG_1912\" alt=\"IMG_1912\" src=\"https:\/\/www.todocon.com\/wp-content\/gallery\/instalaciones-comerciales\/thumbs\/thumbs_IMG_1912.JPG\" width='240' height='160' \/>\n\t\t\t\t\t\t\t<\/a>\n\t\t\t<span> <\/span>\n\t\t<\/div>\n\t<\/div>\n\t\t \t \t\n\t<!-- Pagination -->\n \t<div class='ngg-clear'><\/div> \t\n<\/div>\n\n\n","protected":false},"excerpt":{"rendered":"<h2 class=\"western\"><em>Instalaciones Comerciales<\/em><\/h2>\n<p>Realizamos instalaciones comerciales para todo tipo de superficies, poniendo a&nbsp;a su disposici\u00f3n nuestra fabricaci\u00f3n de <strong>AISLAGLAS&nbsp;<\/strong>y cortinas de cristal <strong>SUNF&#8230;<\/p>\n","protected":false},"author":1,"featured_media":0,"parent":0,"menu_order":0,"comment_status":"closed","ping_status":"open","template":"","meta":{"_monsterinsights_skip_tracking":false,"_monsterinsights_sitenote_active":false,"_monsterinsights_sitenote_note":"","_monsterinsights_sitenote_category":0,"ngg_post_thumbnail":0,"footnotes":""},"class_list":["post-6053","page","type-page","status-publish","hentry"],"yoast_head":"<!-- This site is optimized with the Yoast SEO plugin v17.5 - https:\/\/yoast.com\/wordpress\/plugins\/seo\/ -->\n<meta name=\"robots\" content=\"index, follow, max-snippet:-1, max-image-preview:large, max-video-preview:-1\" \/>\n<link rel=\"canonical\" href=\"https:\/\/www.todocon.com\/es_ES\/instalaciones-comerciales\/\" \/>\n<meta property=\"og:locale\" content=\"en_US\" \/>\n<meta property=\"og:type\" content=\"article\" \/>\n<meta property=\"og:title\" content=\"Instalaciones comerciales - Todocon, empresa de cerramientos, cristaler\u00eda y m\u00e1mparas\" \/>\n<meta property=\"og:description\" content=\"Instalaciones Comerciales Realizamos instalaciones comerciales para todo tipo de superficies, poniendo a&nbsp;a su disposici\u00f3n nuestra fabricaci\u00f3n de AISLAGLAS&nbsp;y cortinas de cristal SUNF...\" \/>\n<meta property=\"og:url\" content=\"https:\/\/www.todocon.com\/es_ES\/instalaciones-comerciales\/\" \/>\n<meta property=\"og:site_name\" content=\"Todocon, empresa de cerramientos, cristaler\u00eda y m\u00e1mparas\" \/>\n<meta property=\"article:modified_time\" content=\"2020-07-15T09:21:35+00:00\" \/>\n<meta name=\"twitter:card\" content=\"summary\" \/>\n<meta name=\"twitter:label1\" content=\"Est. reading time\" \/>\n\t<meta name=\"twitter:data1\" content=\"1 minute\" \/>\n<script type=\"application\/ld+json\" class=\"yoast-schema-graph\">{\"@context\":\"https:\/\/schema.org\",\"@graph\":[{\"@type\":\"WebSite\",\"@id\":\"https:\/\/www.todocon.com\/es_ES\/#website\",\"url\":\"https:\/\/www.todocon.com\/es_ES\/\",\"name\":\"Todocon, empresa de cerramientos, cristaler\\u00eda y m\\u00e1mparas\",\"description\":\"\",\"potentialAction\":[{\"@type\":\"SearchAction\",\"target\":{\"@type\":\"EntryPoint\",\"urlTemplate\":\"https:\/\/www.todocon.com\/es_ES\/?s={search_term_string}\"},\"query-input\":\"required name=search_term_string\"}],\"inLanguage\":\"en-US\"},{\"@type\":\"WebPage\",\"@id\":\"https:\/\/www.todocon.com\/es_ES\/instalaciones-comerciales\/#webpage\",\"url\":\"https:\/\/www.todocon.com\/es_ES\/instalaciones-comerciales\/\",\"name\":\"Instalaciones comerciales - Todocon, empresa de cerramientos, cristaler\\u00eda y m\\u00e1mparas\",\"isPartOf\":{\"@id\":\"https:\/\/www.todocon.com\/es_ES\/#website\"},\"datePublished\":\"2015-06-25T11:47:31+00:00\",\"dateModified\":\"2020-07-15T09:21:35+00:00\",\"breadcrumb\":{\"@id\":\"https:\/\/www.todocon.com\/es_ES\/instalaciones-comerciales\/#breadcrumb\"},\"inLanguage\":\"en-US\",\"potentialAction\":[{\"@type\":\"ReadAction\",\"target\":[\"https:\/\/www.todocon.com\/es_ES\/instalaciones-comerciales\/\"]}]},{\"@type\":\"BreadcrumbList\",\"@id\":\"https:\/\/www.todocon.com\/es_ES\/instalaciones-comerciales\/#breadcrumb\",\"itemListElement\":[{\"@type\":\"ListItem\",\"position\":1,\"name\":\"Portada\",\"item\":\"https:\/\/www.todocon.com\/\"},{\"@type\":\"ListItem\",\"position\":2,\"name\":\"Instalaciones comerciales\"}]}]}<\/script>\n<!-- \/ Yoast SEO plugin. -->","yoast_head_json":{"robots":{"index":"index","follow":"follow","max-snippet":"max-snippet:-1","max-image-preview":"max-image-preview:large","max-video-preview":"max-video-preview:-1"},"canonical":"https:\/\/www.todocon.com\/es_ES\/instalaciones-comerciales\/","og_locale":"en_US","og_type":"article","og_title":"Instalaciones comerciales - Todocon, empresa de cerramientos, cristaler\u00eda y m\u00e1mparas","og_description":"Instalaciones Comerciales Realizamos instalaciones comerciales para todo tipo de superficies, poniendo a&nbsp;a su disposici\u00f3n nuestra fabricaci\u00f3n de AISLAGLAS&nbsp;y cortinas de cristal SUNF...","og_url":"https:\/\/www.todocon.com\/es_ES\/instalaciones-comerciales\/","og_site_name":"Todocon, empresa de cerramientos, cristaler\u00eda y m\u00e1mparas","article_modified_time":"2020-07-15T09:21:35+00:00","twitter_card":"summary","twitter_misc":{"Est. reading time":"1 minute"},"schema":{"@context":"https:\/\/schema.org","@graph":[{"@type":"WebSite","@id":"https:\/\/www.todocon.com\/es_ES\/#website","url":"https:\/\/www.todocon.com\/es_ES\/","name":"Todocon, empresa de cerramientos, cristaler\u00eda y m\u00e1mparas","description":"","potentialAction":[{"@type":"SearchAction","target":{"@type":"EntryPoint","urlTemplate":"https:\/\/www.todocon.com\/es_ES\/?s={search_term_string}"},"query-input":"required name=search_term_string"}],"inLanguage":"en-US"},{"@type":"WebPage","@id":"https:\/\/www.todocon.com\/es_ES\/instalaciones-comerciales\/#webpage","url":"https:\/\/www.todocon.com\/es_ES\/instalaciones-comerciales\/","name":"Instalaciones comerciales - Todocon, empresa de cerramientos, cristaler\u00eda y m\u00e1mparas","isPartOf":{"@id":"https:\/\/www.todocon.com\/es_ES\/#website"},"datePublished":"2015-06-25T11:47:31+00:00","dateModified":"2020-07-15T09:21:35+00:00","breadcrumb":{"@id":"https:\/\/www.todocon.com\/es_ES\/instalaciones-comerciales\/#breadcrumb"},"inLanguage":"en-US","potentialAction":[{"@type":"ReadAction","target":["https:\/\/www.todocon.com\/es_ES\/instalaciones-comerciales\/"]}]},{"@type":"BreadcrumbList","@id":"https:\/\/www.todocon.com\/es_ES\/instalaciones-comerciales\/#breadcrumb","itemListElement":[{"@type":"ListItem","position":1,"name":"Portada","item":"https:\/\/www.todocon.com\/"},{"@type":"ListItem","position":2,"name":"Instalaciones comerciales"}]}]}},"_links":{"self":[{"href":"https:\/\/www.todocon.com\/es_ES\/wp-json\/wp\/v2\/pages\/6053","targetHints":{"allow":["GET"]}}],"collection":[{"href":"https:\/\/www.todocon.com\/es_ES\/wp-json\/wp\/v2\/pages"}],"about":[{"href":"https:\/\/www.todocon.com\/es_ES\/wp-json\/wp\/v2\/types\/page"}],"author":[{"embeddable":true,"href":"https:\/\/www.todocon.com\/es_ES\/wp-json\/wp\/v2\/users\/1"}],"replies":[{"embeddable":true,"href":"https:\/\/www.todocon.com\/es_ES\/wp-json\/wp\/v2\/comments?post=6053"}],"version-history":[{"count":28,"href":"https:\/\/www.todocon.com\/es_ES\/wp-json\/wp\/v2\/pages\/6053\/revisions"}],"predecessor-version":[{"id":8441,"href":"https:\/\/www.todocon.com\/es_ES\/wp-json\/wp\/v2\/pages\/6053\/revisions\/8441"}],"wp:attachment":[{"href":"https:\/\/www.todocon.com\/es_ES\/wp-json\/wp\/v2\/media?parent=6053"}],"curies":[{"name":"wp","href":"https:\/\/api.w.org\/{rel}","templated":true}]}}