{"id":6049,"date":"2015-06-25T11:46:20","date_gmt":"2015-06-25T11:46:20","guid":{"rendered":"http:\/\/www.todocon.com\/?page_id=6049"},"modified":"2020-07-15T09:17:40","modified_gmt":"2020-07-15T09:17:40","slug":"carpinteria-aluminio-y-pvc","status":"publish","type":"page","link":"https:\/\/www.todocon.com\/es_ES\/carpinteria-aluminio-y-pvc\/","title":{"rendered":"Carpinter\u00eda Aluminio y PVC"},"content":{"rendered":"<h2 class=\"western\"><em>Carpinter\u00eda de Aluminio y PVC<\/em><\/h2>\n<p>Nuestra trayectoria es de m\u00e1s de 20 a\u00f1os en la fabricaci\u00f3n y montaje de estructuras de aluminio, acristalamientos, instalaci\u00f3n de persianas y otros complementos.&nbsp;Le presentamos como avales la experiencia y un gran equipo de profesionales. Estamos seguros de poder ofrecerle todo aquello que necesita para su hogar o su empresa.<\/p>\n<p>Para garantizar la calidad de nuestros trabajos hemos seleccionado los mejores productos en Aluminio y PVC del mercado, realizados con los sistemas de fabricaci\u00f3n m\u00e1s avanzados que se conocen y ofreciendo un servicio que garantiza sus resultados. Destaca la variedad de tratamientos y acabados, cubriendo todas las posibilidades para satisfacer sus necesidades, con aperturas &nbsp;correderas, abatibles, oscilobatientes, plegables, elevables y osciloparalelas, fabricadas con carpinteria normalizada, con rotura de puente t\u00e9rmico o PVC.. Los vidrios que se montan en nuestros productos son originales de la marca Aislaglas, pudiendo elegir el tipo de vidrio que mejor se adapte a sus necesidades.<\/p>\n<p>En&nbsp;<em><strong>PVC<\/strong>&nbsp;<\/em>contamos con la garant\u00eda de empresas punteras en el sector, como KOMERLING,&nbsp;DECEUNINCK y HERMET 10&nbsp;de la que somos distribuidores, y que ofrecen una amplia variedad de ventanas con diferentes sistemas de apertura, colores y sistemas de &nbsp;aislamiento.&nbsp;Cualquiera de estas ventanas son de gran calidad, con gran aislamiento t\u00e9rmico y excelentes acabados.&nbsp;En cuanto al sistema de apertura hay que estudiar cada caso para ver cual es el m\u00e1s conveniente seg\u00fan el espacio disponible y como se quiera hacer uso de la misma.<\/p>\n<p><a href=\"https:\/\/www.todocon.com\/wp-content\/uploads\/2015\/06\/logo-hermet10.gif\"><img loading=\"lazy\" decoding=\"async\" class=\"alignleft size-full wp-image-7134\" src=\"https:\/\/www.todocon.com\/wp-content\/uploads\/2015\/06\/logo-hermet10.gif\" alt=\"logo-hermet10\" width=\"90\" height=\"90\"\/><\/a><\/p>\n<p><a href=\"https:\/\/www.todocon.com\/wp-content\/uploads\/2015\/07\/logo_d.png\"><img loading=\"lazy\" decoding=\"async\" class=\"alignleft size-full wp-image-6250\" src=\"https:\/\/www.todocon.com\/wp-content\/uploads\/2015\/07\/logo_d.png\" alt=\"logo_d\" width=\"248\" height=\"46\"\/><\/a><\/p>\n\n<div class=\"ngg-galleryoverview ngg-template-caption\" id=\"ngg-gallery-82f2ba1e32a1b6eb4c58f4d834e0aa48-6049\">\n\n\n\t<!-- Thumbnails -->\n    \t\t\n\t<div id=\"ngg-image-314\" class=\"ngg-gallery-thumbnail-box\" style=\"width:25%;\" >\n\t\t<div class=\"ngg-gallery-thumbnail\" >\n\t\t\t<a href=\"https:\/\/www.todocon.com\/wp-content\/gallery\/aluminio\/ALUM-Y-PVC-PUERTA-ABATIBLE-CON-PERSIANA.JPG\"\n               title=\" \"\n               class=\"ngg-fancybox\" rel=\"82f2ba1e32a1b6eb4c58f4d834e0aa48\" data-image-id=\"314\" data-src=\"https:\/\/www.todocon.com\/wp-content\/gallery\/aluminio\/ALUM-Y-PVC-PUERTA-ABATIBLE-CON-PERSIANA.JPG\" data-thumbnail=\"https:\/\/www.todocon.com\/wp-content\/gallery\/aluminio\/thumbs\/thumbs_ALUM-Y-PVC-PUERTA-ABATIBLE-CON-PERSIANA.JPG\" data-title=\"ALUM Y PVC PUERTA ABATIBLE CON PERSIANA\" data-description=\" \" >\n\t\t\t\t\t\t\t\t<img title=\"ALUM Y PVC PUERTA ABATIBLE CON PERSIANA\" alt=\"ALUM Y PVC PUERTA ABATIBLE CON PERSIANA\" src=\"https:\/\/www.todocon.com\/wp-content\/gallery\/aluminio\/thumbs\/thumbs_ALUM-Y-PVC-PUERTA-ABATIBLE-CON-PERSIANA.JPG\" width='240' height='160' \/>\n\t\t\t\t\t\t\t<\/a>\n\t\t\t<span> <\/span>\n\t\t<\/div>\n\t<\/div>\n\t\t \t\t\n\t<div id=\"ngg-image-315\" class=\"ngg-gallery-thumbnail-box\" style=\"width:25%;\" >\n\t\t<div class=\"ngg-gallery-thumbnail\" >\n\t\t\t<a href=\"https:\/\/www.todocon.com\/wp-content\/gallery\/aluminio\/ALUM.-Y-PVC-VENTANA-ABATIBLE-ALUM.JPG\"\n               title=\" \"\n               class=\"ngg-fancybox\" rel=\"82f2ba1e32a1b6eb4c58f4d834e0aa48\" data-image-id=\"315\" data-src=\"https:\/\/www.todocon.com\/wp-content\/gallery\/aluminio\/ALUM.-Y-PVC-VENTANA-ABATIBLE-ALUM.JPG\" data-thumbnail=\"https:\/\/www.todocon.com\/wp-content\/gallery\/aluminio\/thumbs\/thumbs_ALUM.-Y-PVC-VENTANA-ABATIBLE-ALUM.JPG\" data-title=\"ALUM. Y PVC - VENTANA ABATIBLE ALUM\" data-description=\" \" >\n\t\t\t\t\t\t\t\t<img title=\"ALUM. Y PVC - VENTANA ABATIBLE ALUM\" alt=\"ALUM. Y PVC - VENTANA ABATIBLE ALUM\" src=\"https:\/\/www.todocon.com\/wp-content\/gallery\/aluminio\/thumbs\/thumbs_ALUM.-Y-PVC-VENTANA-ABATIBLE-ALUM.JPG\" width='240' height='160' \/>\n\t\t\t\t\t\t\t<\/a>\n\t\t\t<span> <\/span>\n\t\t<\/div>\n\t<\/div>\n\t\t \t\t\n\t<div id=\"ngg-image-316\" class=\"ngg-gallery-thumbnail-box\" style=\"width:25%;\" >\n\t\t<div class=\"ngg-gallery-thumbnail\" >\n\t\t\t<a href=\"https:\/\/www.todocon.com\/wp-content\/gallery\/aluminio\/ALUM.PVC-PUERTA-ALUMINIO.JPG\"\n               title=\" \"\n               class=\"ngg-fancybox\" rel=\"82f2ba1e32a1b6eb4c58f4d834e0aa48\" data-image-id=\"316\" data-src=\"https:\/\/www.todocon.com\/wp-content\/gallery\/aluminio\/ALUM.PVC-PUERTA-ALUMINIO.JPG\" data-thumbnail=\"https:\/\/www.todocon.com\/wp-content\/gallery\/aluminio\/thumbs\/thumbs_ALUM.PVC-PUERTA-ALUMINIO.JPG\" data-title=\"ALUM.PVC - PUERTA ALUMINIO\" data-description=\" \" >\n\t\t\t\t\t\t\t\t<img title=\"ALUM.PVC - PUERTA ALUMINIO\" alt=\"ALUM.PVC - PUERTA ALUMINIO\" src=\"https:\/\/www.todocon.com\/wp-content\/gallery\/aluminio\/thumbs\/thumbs_ALUM.PVC-PUERTA-ALUMINIO.JPG\" width='240' height='160' \/>\n\t\t\t\t\t\t\t<\/a>\n\t\t\t<span> <\/span>\n\t\t<\/div>\n\t<\/div>\n\t\t \t\t\n\t<div id=\"ngg-image-317\" class=\"ngg-gallery-thumbnail-box\" style=\"width:25%;\" >\n\t\t<div class=\"ngg-gallery-thumbnail\" >\n\t\t\t<a href=\"https:\/\/www.todocon.com\/wp-content\/gallery\/aluminio\/ALUM.PVC-CORTINA-CRISTAL-SUNFLEX-7.JPG\"\n               title=\" \"\n               class=\"ngg-fancybox\" rel=\"82f2ba1e32a1b6eb4c58f4d834e0aa48\" data-image-id=\"317\" data-src=\"https:\/\/www.todocon.com\/wp-content\/gallery\/aluminio\/ALUM.PVC-CORTINA-CRISTAL-SUNFLEX-7.JPG\" data-thumbnail=\"https:\/\/www.todocon.com\/wp-content\/gallery\/aluminio\/thumbs\/thumbs_ALUM.PVC-CORTINA-CRISTAL-SUNFLEX-7.JPG\" data-title=\"ALUM.PVC CORTINA CRISTAL SUNFLEX 7\" data-description=\" \" >\n\t\t\t\t\t\t\t\t<img title=\"ALUM.PVC CORTINA CRISTAL SUNFLEX 7\" alt=\"ALUM.PVC CORTINA CRISTAL SUNFLEX 7\" src=\"https:\/\/www.todocon.com\/wp-content\/gallery\/aluminio\/thumbs\/thumbs_ALUM.PVC-CORTINA-CRISTAL-SUNFLEX-7.JPG\" width='240' height='160' \/>\n\t\t\t\t\t\t\t<\/a>\n\t\t\t<span> <\/span>\n\t\t<\/div>\n\t<\/div>\n\t\t\t<br style=\"clear: both\" \/>\n\t \t\t\n\t<div id=\"ngg-image-318\" class=\"ngg-gallery-thumbnail-box\" style=\"width:25%;\" >\n\t\t<div class=\"ngg-gallery-thumbnail\" >\n\t\t\t<a href=\"https:\/\/www.todocon.com\/wp-content\/gallery\/aluminio\/ALUM.PVC-MALLORQUINA.jpg\"\n               title=\" \"\n               class=\"ngg-fancybox\" rel=\"82f2ba1e32a1b6eb4c58f4d834e0aa48\" data-image-id=\"318\" data-src=\"https:\/\/www.todocon.com\/wp-content\/gallery\/aluminio\/ALUM.PVC-MALLORQUINA.jpg\" data-thumbnail=\"https:\/\/www.todocon.com\/wp-content\/gallery\/aluminio\/thumbs\/thumbs_ALUM.PVC-MALLORQUINA.jpg\" data-title=\"ALUM.PVC MALLORQUINA\" data-description=\" \" >\n\t\t\t\t\t\t\t\t<img title=\"ALUM.PVC MALLORQUINA\" alt=\"ALUM.PVC MALLORQUINA\" src=\"https:\/\/www.todocon.com\/wp-content\/gallery\/aluminio\/thumbs\/thumbs_ALUM.PVC-MALLORQUINA.jpg\" width='240' height='160' \/>\n\t\t\t\t\t\t\t<\/a>\n\t\t\t<span> <\/span>\n\t\t<\/div>\n\t<\/div>\n\t\t \t\t\n\t<div id=\"ngg-image-319\" class=\"ngg-gallery-thumbnail-box\" style=\"width:25%;\" >\n\t\t<div class=\"ngg-gallery-thumbnail\" >\n\t\t\t<a href=\"https:\/\/www.todocon.com\/wp-content\/gallery\/aluminio\/ALUM.PVC-MUEBLE-ALUMINIO.JPG\"\n               title=\" \"\n               class=\"ngg-fancybox\" rel=\"82f2ba1e32a1b6eb4c58f4d834e0aa48\" data-image-id=\"319\" data-src=\"https:\/\/www.todocon.com\/wp-content\/gallery\/aluminio\/ALUM.PVC-MUEBLE-ALUMINIO.JPG\" data-thumbnail=\"https:\/\/www.todocon.com\/wp-content\/gallery\/aluminio\/thumbs\/thumbs_ALUM.PVC-MUEBLE-ALUMINIO.JPG\" data-title=\"ALUM.PVC MUEBLE ALUMINIO\" data-description=\" \" >\n\t\t\t\t\t\t\t\t<img title=\"ALUM.PVC MUEBLE ALUMINIO\" alt=\"ALUM.PVC MUEBLE ALUMINIO\" src=\"https:\/\/www.todocon.com\/wp-content\/gallery\/aluminio\/thumbs\/thumbs_ALUM.PVC-MUEBLE-ALUMINIO.JPG\" width='240' height='160' \/>\n\t\t\t\t\t\t\t<\/a>\n\t\t\t<span> <\/span>\n\t\t<\/div>\n\t<\/div>\n\t\t \t\t\n\t<div id=\"ngg-image-320\" class=\"ngg-gallery-thumbnail-box\" style=\"width:25%;\" >\n\t\t<div class=\"ngg-gallery-thumbnail\" >\n\t\t\t<a href=\"https:\/\/www.todocon.com\/wp-content\/gallery\/aluminio\/ALUM.PVC-MUEBLE-ALUMINIO-2.JPG\"\n               title=\" \"\n               class=\"ngg-fancybox\" rel=\"82f2ba1e32a1b6eb4c58f4d834e0aa48\" data-image-id=\"320\" data-src=\"https:\/\/www.todocon.com\/wp-content\/gallery\/aluminio\/ALUM.PVC-MUEBLE-ALUMINIO-2.JPG\" data-thumbnail=\"https:\/\/www.todocon.com\/wp-content\/gallery\/aluminio\/thumbs\/thumbs_ALUM.PVC-MUEBLE-ALUMINIO-2.JPG\" data-title=\"ALUM.PVC MUEBLE ALUMINIO 2\" data-description=\" \" >\n\t\t\t\t\t\t\t\t<img title=\"ALUM.PVC MUEBLE ALUMINIO 2\" alt=\"ALUM.PVC MUEBLE ALUMINIO 2\" src=\"https:\/\/www.todocon.com\/wp-content\/gallery\/aluminio\/thumbs\/thumbs_ALUM.PVC-MUEBLE-ALUMINIO-2.JPG\" width='240' height='160' \/>\n\t\t\t\t\t\t\t<\/a>\n\t\t\t<span> <\/span>\n\t\t<\/div>\n\t<\/div>\n\t\t \t\t\n\t<div id=\"ngg-image-321\" class=\"ngg-gallery-thumbnail-box\" style=\"width:25%;\" >\n\t\t<div class=\"ngg-gallery-thumbnail\" >\n\t\t\t<a href=\"https:\/\/www.todocon.com\/wp-content\/gallery\/aluminio\/ALUM.-PVC-PUERTA-ALUM-CON-CRISTAL-IMPRESO-DECORATIVO.JPG\"\n               title=\" \"\n               class=\"ngg-fancybox\" rel=\"82f2ba1e32a1b6eb4c58f4d834e0aa48\" data-image-id=\"321\" data-src=\"https:\/\/www.todocon.com\/wp-content\/gallery\/aluminio\/ALUM.-PVC-PUERTA-ALUM-CON-CRISTAL-IMPRESO-DECORATIVO.JPG\" data-thumbnail=\"https:\/\/www.todocon.com\/wp-content\/gallery\/aluminio\/thumbs\/thumbs_ALUM.-PVC-PUERTA-ALUM-CON-CRISTAL-IMPRESO-DECORATIVO.JPG\" data-title=\"ALUM.-PVC -PUERTA ALUM CON CRISTAL IMPRESO DECORATIVO\" data-description=\" \" >\n\t\t\t\t\t\t\t\t<img title=\"ALUM.-PVC -PUERTA ALUM CON CRISTAL IMPRESO DECORATIVO\" alt=\"ALUM.-PVC -PUERTA ALUM CON CRISTAL IMPRESO DECORATIVO\" src=\"https:\/\/www.todocon.com\/wp-content\/gallery\/aluminio\/thumbs\/thumbs_ALUM.-PVC-PUERTA-ALUM-CON-CRISTAL-IMPRESO-DECORATIVO.JPG\" width='240' height='160' \/>\n\t\t\t\t\t\t\t<\/a>\n\t\t\t<span> <\/span>\n\t\t<\/div>\n\t<\/div>\n\t\t\t<br style=\"clear: both\" \/>\n\t \t\t\n\t<div id=\"ngg-image-322\" class=\"ngg-gallery-thumbnail-box\" style=\"width:25%;\" >\n\t\t<div class=\"ngg-gallery-thumbnail\" >\n\t\t\t<a href=\"https:\/\/www.todocon.com\/wp-content\/gallery\/aluminio\/ALUM.PVC-PUERTAS-CORREDERAS-ALUM.JPG\"\n               title=\" \"\n               class=\"ngg-fancybox\" rel=\"82f2ba1e32a1b6eb4c58f4d834e0aa48\" data-image-id=\"322\" data-src=\"https:\/\/www.todocon.com\/wp-content\/gallery\/aluminio\/ALUM.PVC-PUERTAS-CORREDERAS-ALUM.JPG\" data-thumbnail=\"https:\/\/www.todocon.com\/wp-content\/gallery\/aluminio\/thumbs\/thumbs_ALUM.PVC-PUERTAS-CORREDERAS-ALUM.JPG\" data-title=\"ALUM.PVC PUERTAS CORREDERAS ALUM\" data-description=\" \" >\n\t\t\t\t\t\t\t\t<img title=\"ALUM.PVC PUERTAS CORREDERAS ALUM\" alt=\"ALUM.PVC PUERTAS CORREDERAS ALUM\" src=\"https:\/\/www.todocon.com\/wp-content\/gallery\/aluminio\/thumbs\/thumbs_ALUM.PVC-PUERTAS-CORREDERAS-ALUM.JPG\" width='240' height='160' \/>\n\t\t\t\t\t\t\t<\/a>\n\t\t\t<span> <\/span>\n\t\t<\/div>\n\t<\/div>\n\t\t \t\t\n\t<div id=\"ngg-image-323\" class=\"ngg-gallery-thumbnail-box\" style=\"width:25%;\" >\n\t\t<div class=\"ngg-gallery-thumbnail\" >\n\t\t\t<a href=\"https:\/\/www.todocon.com\/wp-content\/gallery\/aluminio\/ALUM.-PVC-TECHO.JPG\"\n               title=\" \"\n               class=\"ngg-fancybox\" rel=\"82f2ba1e32a1b6eb4c58f4d834e0aa48\" data-image-id=\"323\" data-src=\"https:\/\/www.todocon.com\/wp-content\/gallery\/aluminio\/ALUM.-PVC-TECHO.JPG\" data-thumbnail=\"https:\/\/www.todocon.com\/wp-content\/gallery\/aluminio\/thumbs\/thumbs_ALUM.-PVC-TECHO.JPG\" data-title=\"ALUM.-PVC -TECHO\" data-description=\" \" >\n\t\t\t\t\t\t\t\t<img title=\"ALUM.-PVC -TECHO\" alt=\"ALUM.-PVC -TECHO\" src=\"https:\/\/www.todocon.com\/wp-content\/gallery\/aluminio\/thumbs\/thumbs_ALUM.-PVC-TECHO.JPG\" width='240' height='160' \/>\n\t\t\t\t\t\t\t<\/a>\n\t\t\t<span> <\/span>\n\t\t<\/div>\n\t<\/div>\n\t\t \t\t\n\t<div id=\"ngg-image-324\" class=\"ngg-gallery-thumbnail-box\" style=\"width:25%;\" >\n\t\t<div class=\"ngg-gallery-thumbnail\" >\n\t\t\t<a href=\"https:\/\/www.todocon.com\/wp-content\/gallery\/aluminio\/ALUM.PVC-PUERTAS-GARAJE.JPG\"\n               title=\" \"\n               class=\"ngg-fancybox\" rel=\"82f2ba1e32a1b6eb4c58f4d834e0aa48\" data-image-id=\"324\" data-src=\"https:\/\/www.todocon.com\/wp-content\/gallery\/aluminio\/ALUM.PVC-PUERTAS-GARAJE.JPG\" data-thumbnail=\"https:\/\/www.todocon.com\/wp-content\/gallery\/aluminio\/thumbs\/thumbs_ALUM.PVC-PUERTAS-GARAJE.JPG\" data-title=\"ALUM.PVC PUERTAS GARAJE\" data-description=\" \" >\n\t\t\t\t\t\t\t\t<img title=\"ALUM.PVC PUERTAS GARAJE\" alt=\"ALUM.PVC PUERTAS GARAJE\" src=\"https:\/\/www.todocon.com\/wp-content\/gallery\/aluminio\/thumbs\/thumbs_ALUM.PVC-PUERTAS-GARAJE.JPG\" width='240' height='160' \/>\n\t\t\t\t\t\t\t<\/a>\n\t\t\t<span> <\/span>\n\t\t<\/div>\n\t<\/div>\n\t\t \t\t\n\t<div id=\"ngg-image-325\" class=\"ngg-gallery-thumbnail-box\" style=\"width:25%;\" >\n\t\t<div class=\"ngg-gallery-thumbnail\" >\n\t\t\t<a href=\"https:\/\/www.todocon.com\/wp-content\/gallery\/aluminio\/ALUM.PVC-PUERTAS-GARAJE-2.JPG\"\n               title=\" \"\n               class=\"ngg-fancybox\" rel=\"82f2ba1e32a1b6eb4c58f4d834e0aa48\" data-image-id=\"325\" data-src=\"https:\/\/www.todocon.com\/wp-content\/gallery\/aluminio\/ALUM.PVC-PUERTAS-GARAJE-2.JPG\" data-thumbnail=\"https:\/\/www.todocon.com\/wp-content\/gallery\/aluminio\/thumbs\/thumbs_ALUM.PVC-PUERTAS-GARAJE-2.JPG\" data-title=\"ALUM.PVC PUERTAS GARAJE 2\" data-description=\" \" >\n\t\t\t\t\t\t\t\t<img title=\"ALUM.PVC PUERTAS GARAJE 2\" alt=\"ALUM.PVC PUERTAS GARAJE 2\" src=\"https:\/\/www.todocon.com\/wp-content\/gallery\/aluminio\/thumbs\/thumbs_ALUM.PVC-PUERTAS-GARAJE-2.JPG\" width='240' height='160' \/>\n\t\t\t\t\t\t\t<\/a>\n\t\t\t<span> <\/span>\n\t\t<\/div>\n\t<\/div>\n\t\t\t<br style=\"clear: both\" \/>\n\t \t\t\n\t<div id=\"ngg-image-326\" class=\"ngg-gallery-thumbnail-box\" style=\"width:25%;\" >\n\t\t<div class=\"ngg-gallery-thumbnail\" >\n\t\t\t<a href=\"https:\/\/www.todocon.com\/wp-content\/gallery\/aluminio\/ALUM.PVC-PUERTAS-GARAJE-3.JPG\"\n               title=\" \"\n               class=\"ngg-fancybox\" rel=\"82f2ba1e32a1b6eb4c58f4d834e0aa48\" data-image-id=\"326\" data-src=\"https:\/\/www.todocon.com\/wp-content\/gallery\/aluminio\/ALUM.PVC-PUERTAS-GARAJE-3.JPG\" data-thumbnail=\"https:\/\/www.todocon.com\/wp-content\/gallery\/aluminio\/thumbs\/thumbs_ALUM.PVC-PUERTAS-GARAJE-3.JPG\" data-title=\"SAMSUNG\" data-description=\" \" >\n\t\t\t\t\t\t\t\t<img title=\"SAMSUNG\" alt=\"SAMSUNG\" src=\"https:\/\/www.todocon.com\/wp-content\/gallery\/aluminio\/thumbs\/thumbs_ALUM.PVC-PUERTAS-GARAJE-3.JPG\" width='240' height='160' \/>\n\t\t\t\t\t\t\t<\/a>\n\t\t\t<span> <\/span>\n\t\t<\/div>\n\t<\/div>\n\t\t \t\t\n\t<div id=\"ngg-image-327\" class=\"ngg-gallery-thumbnail-box\" style=\"width:25%;\" >\n\t\t<div class=\"ngg-gallery-thumbnail\" >\n\t\t\t<a href=\"https:\/\/www.todocon.com\/wp-content\/gallery\/aluminio\/ALUM.PVC-PUERTAS-GARAJE-4-SECCIONAL.JPG\"\n               title=\" \"\n               class=\"ngg-fancybox\" rel=\"82f2ba1e32a1b6eb4c58f4d834e0aa48\" data-image-id=\"327\" data-src=\"https:\/\/www.todocon.com\/wp-content\/gallery\/aluminio\/ALUM.PVC-PUERTAS-GARAJE-4-SECCIONAL.JPG\" data-thumbnail=\"https:\/\/www.todocon.com\/wp-content\/gallery\/aluminio\/thumbs\/thumbs_ALUM.PVC-PUERTAS-GARAJE-4-SECCIONAL.JPG\" data-title=\"ALUM.PVC PUERTAS GARAJE 4 SECCIONAL\" data-description=\" \" >\n\t\t\t\t\t\t\t\t<img title=\"ALUM.PVC PUERTAS GARAJE 4 SECCIONAL\" alt=\"ALUM.PVC PUERTAS GARAJE 4 SECCIONAL\" src=\"https:\/\/www.todocon.com\/wp-content\/gallery\/aluminio\/thumbs\/thumbs_ALUM.PVC-PUERTAS-GARAJE-4-SECCIONAL.JPG\" width='240' height='160' \/>\n\t\t\t\t\t\t\t<\/a>\n\t\t\t<span> <\/span>\n\t\t<\/div>\n\t<\/div>\n\t\t \t\t\n\t<div id=\"ngg-image-328\" class=\"ngg-gallery-thumbnail-box\" style=\"width:25%;\" >\n\t\t<div class=\"ngg-gallery-thumbnail\" >\n\t\t\t<a href=\"https:\/\/www.todocon.com\/wp-content\/gallery\/aluminio\/CRISTAL-BARANDILLA-CRISTAL-8.JPG\"\n               title=\" \"\n               class=\"ngg-fancybox\" rel=\"82f2ba1e32a1b6eb4c58f4d834e0aa48\" data-image-id=\"328\" data-src=\"https:\/\/www.todocon.com\/wp-content\/gallery\/aluminio\/CRISTAL-BARANDILLA-CRISTAL-8.JPG\" data-thumbnail=\"https:\/\/www.todocon.com\/wp-content\/gallery\/aluminio\/thumbs\/thumbs_CRISTAL-BARANDILLA-CRISTAL-8.JPG\" data-title=\"CRISTAL -BARANDILLA CRISTAL 8\" data-description=\" \" >\n\t\t\t\t\t\t\t\t<img title=\"CRISTAL -BARANDILLA CRISTAL 8\" alt=\"CRISTAL -BARANDILLA CRISTAL 8\" src=\"https:\/\/www.todocon.com\/wp-content\/gallery\/aluminio\/thumbs\/thumbs_CRISTAL-BARANDILLA-CRISTAL-8.JPG\" width='240' height='160' \/>\n\t\t\t\t\t\t\t<\/a>\n\t\t\t<span> <\/span>\n\t\t<\/div>\n\t<\/div>\n\t\t \t\t\n\t<div id=\"ngg-image-354\" class=\"ngg-gallery-thumbnail-box\" style=\"width:25%;\" >\n\t\t<div class=\"ngg-gallery-thumbnail\" >\n\t\t\t<a href=\"https:\/\/www.todocon.com\/wp-content\/gallery\/aluminio\/Puertas-correderas-conjunto-2015-06-10-16.34.18.jpg\"\n               title=\" \"\n               class=\"ngg-fancybox\" rel=\"82f2ba1e32a1b6eb4c58f4d834e0aa48\" data-image-id=\"354\" data-src=\"https:\/\/www.todocon.com\/wp-content\/gallery\/aluminio\/Puertas-correderas-conjunto-2015-06-10-16.34.18.jpg\" data-thumbnail=\"https:\/\/www.todocon.com\/wp-content\/gallery\/aluminio\/thumbs\/thumbs_Puertas-correderas-conjunto-2015-06-10-16.34.18.jpg\" data-title=\"Puertas correderas conjunto 2015-06-10 16.34.18\" data-description=\" \" >\n\t\t\t\t\t\t\t\t<img title=\"Puertas correderas conjunto 2015-06-10 16.34.18\" alt=\"Puertas correderas conjunto 2015-06-10 16.34.18\" src=\"https:\/\/www.todocon.com\/wp-content\/gallery\/aluminio\/thumbs\/thumbs_Puertas-correderas-conjunto-2015-06-10-16.34.18.jpg\" width='240' height='160' \/>\n\t\t\t\t\t\t\t<\/a>\n\t\t\t<span> <\/span>\n\t\t<\/div>\n\t<\/div>\n\t\t\t<br style=\"clear: both\" \/>\n\t \t \t\n\t<!-- Pagination -->\n \t<div class='ngg-clear'><\/div> \t\n<\/div>\n\n\n","protected":false},"excerpt":{"rendered":"<h2 class=\"western\"><em>Carpinter\u00eda de Aluminio y PVC<\/em><\/h2>\n<p>Nuestra trayectoria es de m\u00e1s de 20 a\u00f1os en la fabricaci\u00f3n y montaje de estructuras de aluminio, acristalamientos, instalaci\u00f3n de persianas y otros complementos.&nbsp;Le presentamos como&#8230;<\/p>\n","protected":false},"author":1,"featured_media":0,"parent":0,"menu_order":0,"comment_status":"closed","ping_status":"open","template":"","meta":{"_monsterinsights_skip_tracking":false,"_monsterinsights_sitenote_active":false,"_monsterinsights_sitenote_note":"","_monsterinsights_sitenote_category":0,"ngg_post_thumbnail":0,"footnotes":""},"class_list":["post-6049","page","type-page","status-publish","hentry"],"yoast_head":"<!-- This site is optimized with the Yoast SEO plugin v17.5 - https:\/\/yoast.com\/wordpress\/plugins\/seo\/ -->\n<meta name=\"robots\" content=\"index, follow, max-snippet:-1, max-image-preview:large, max-video-preview:-1\" \/>\n<link rel=\"canonical\" href=\"https:\/\/www.todocon.com\/es_ES\/carpinteria-aluminio-y-pvc\/\" \/>\n<meta property=\"og:locale\" content=\"en_US\" \/>\n<meta property=\"og:type\" content=\"article\" \/>\n<meta property=\"og:title\" content=\"Carpinter\u00eda Aluminio y PVC - Todocon, empresa de cerramientos, cristaler\u00eda y m\u00e1mparas\" \/>\n<meta property=\"og:description\" content=\"Carpinter\u00eda de Aluminio y PVC Nuestra trayectoria es de m\u00e1s de 20 a\u00f1os en la fabricaci\u00f3n y montaje de estructuras de aluminio, acristalamientos, instalaci\u00f3n de persianas y otros complementos.&nbsp;Le presentamos como...\" \/>\n<meta property=\"og:url\" content=\"https:\/\/www.todocon.com\/es_ES\/carpinteria-aluminio-y-pvc\/\" \/>\n<meta property=\"og:site_name\" content=\"Todocon, empresa de cerramientos, cristaler\u00eda y m\u00e1mparas\" \/>\n<meta property=\"article:modified_time\" content=\"2020-07-15T09:17:40+00:00\" \/>\n<meta property=\"og:image\" content=\"https:\/\/www.todocon.com\/wp-content\/uploads\/2015\/06\/logo-hermet10.gif\" \/>\n<meta name=\"twitter:card\" content=\"summary\" \/>\n<meta name=\"twitter:label1\" content=\"Est. reading time\" \/>\n\t<meta name=\"twitter:data1\" content=\"1 minute\" \/>\n<script type=\"application\/ld+json\" class=\"yoast-schema-graph\">{\"@context\":\"https:\/\/schema.org\",\"@graph\":[{\"@type\":\"WebSite\",\"@id\":\"https:\/\/www.todocon.com\/es_ES\/#website\",\"url\":\"https:\/\/www.todocon.com\/es_ES\/\",\"name\":\"Todocon, empresa de cerramientos, cristaler\\u00eda y m\\u00e1mparas\",\"description\":\"\",\"potentialAction\":[{\"@type\":\"SearchAction\",\"target\":{\"@type\":\"EntryPoint\",\"urlTemplate\":\"https:\/\/www.todocon.com\/es_ES\/?s={search_term_string}\"},\"query-input\":\"required name=search_term_string\"}],\"inLanguage\":\"en-US\"},{\"@type\":\"ImageObject\",\"@id\":\"https:\/\/www.todocon.com\/es_ES\/carpinteria-aluminio-y-pvc\/#primaryimage\",\"inLanguage\":\"en-US\",\"url\":\"https:\/\/www.todocon.com\/wp-content\/uploads\/2015\/06\/logo-hermet10.gif\",\"contentUrl\":\"https:\/\/www.todocon.com\/wp-content\/uploads\/2015\/06\/logo-hermet10.gif\"},{\"@type\":\"WebPage\",\"@id\":\"https:\/\/www.todocon.com\/es_ES\/carpinteria-aluminio-y-pvc\/#webpage\",\"url\":\"https:\/\/www.todocon.com\/es_ES\/carpinteria-aluminio-y-pvc\/\",\"name\":\"Carpinter\\u00eda Aluminio y PVC - Todocon, empresa de cerramientos, cristaler\\u00eda y m\\u00e1mparas\",\"isPartOf\":{\"@id\":\"https:\/\/www.todocon.com\/es_ES\/#website\"},\"primaryImageOfPage\":{\"@id\":\"https:\/\/www.todocon.com\/es_ES\/carpinteria-aluminio-y-pvc\/#primaryimage\"},\"datePublished\":\"2015-06-25T11:46:20+00:00\",\"dateModified\":\"2020-07-15T09:17:40+00:00\",\"breadcrumb\":{\"@id\":\"https:\/\/www.todocon.com\/es_ES\/carpinteria-aluminio-y-pvc\/#breadcrumb\"},\"inLanguage\":\"en-US\",\"potentialAction\":[{\"@type\":\"ReadAction\",\"target\":[\"https:\/\/www.todocon.com\/es_ES\/carpinteria-aluminio-y-pvc\/\"]}]},{\"@type\":\"BreadcrumbList\",\"@id\":\"https:\/\/www.todocon.com\/es_ES\/carpinteria-aluminio-y-pvc\/#breadcrumb\",\"itemListElement\":[{\"@type\":\"ListItem\",\"position\":1,\"name\":\"Portada\",\"item\":\"https:\/\/www.todocon.com\/\"},{\"@type\":\"ListItem\",\"position\":2,\"name\":\"Carpinter\\u00eda Aluminio y PVC\"}]}]}<\/script>\n<!-- \/ Yoast SEO plugin. -->","yoast_head_json":{"robots":{"index":"index","follow":"follow","max-snippet":"max-snippet:-1","max-image-preview":"max-image-preview:large","max-video-preview":"max-video-preview:-1"},"canonical":"https:\/\/www.todocon.com\/es_ES\/carpinteria-aluminio-y-pvc\/","og_locale":"en_US","og_type":"article","og_title":"Carpinter\u00eda Aluminio y PVC - Todocon, empresa de cerramientos, cristaler\u00eda y m\u00e1mparas","og_description":"Carpinter\u00eda de Aluminio y PVC Nuestra trayectoria es de m\u00e1s de 20 a\u00f1os en la fabricaci\u00f3n y montaje de estructuras de aluminio, acristalamientos, instalaci\u00f3n de persianas y otros complementos.&nbsp;Le presentamos como...","og_url":"https:\/\/www.todocon.com\/es_ES\/carpinteria-aluminio-y-pvc\/","og_site_name":"Todocon, empresa de cerramientos, cristaler\u00eda y m\u00e1mparas","article_modified_time":"2020-07-15T09:17:40+00:00","og_image":[{"url":"https:\/\/www.todocon.com\/wp-content\/uploads\/2015\/06\/logo-hermet10.gif"}],"twitter_card":"summary","twitter_misc":{"Est. reading time":"1 minute"},"schema":{"@context":"https:\/\/schema.org","@graph":[{"@type":"WebSite","@id":"https:\/\/www.todocon.com\/es_ES\/#website","url":"https:\/\/www.todocon.com\/es_ES\/","name":"Todocon, empresa de cerramientos, cristaler\u00eda y m\u00e1mparas","description":"","potentialAction":[{"@type":"SearchAction","target":{"@type":"EntryPoint","urlTemplate":"https:\/\/www.todocon.com\/es_ES\/?s={search_term_string}"},"query-input":"required name=search_term_string"}],"inLanguage":"en-US"},{"@type":"ImageObject","@id":"https:\/\/www.todocon.com\/es_ES\/carpinteria-aluminio-y-pvc\/#primaryimage","inLanguage":"en-US","url":"https:\/\/www.todocon.com\/wp-content\/uploads\/2015\/06\/logo-hermet10.gif","contentUrl":"https:\/\/www.todocon.com\/wp-content\/uploads\/2015\/06\/logo-hermet10.gif"},{"@type":"WebPage","@id":"https:\/\/www.todocon.com\/es_ES\/carpinteria-aluminio-y-pvc\/#webpage","url":"https:\/\/www.todocon.com\/es_ES\/carpinteria-aluminio-y-pvc\/","name":"Carpinter\u00eda Aluminio y PVC - Todocon, empresa de cerramientos, cristaler\u00eda y m\u00e1mparas","isPartOf":{"@id":"https:\/\/www.todocon.com\/es_ES\/#website"},"primaryImageOfPage":{"@id":"https:\/\/www.todocon.com\/es_ES\/carpinteria-aluminio-y-pvc\/#primaryimage"},"datePublished":"2015-06-25T11:46:20+00:00","dateModified":"2020-07-15T09:17:40+00:00","breadcrumb":{"@id":"https:\/\/www.todocon.com\/es_ES\/carpinteria-aluminio-y-pvc\/#breadcrumb"},"inLanguage":"en-US","potentialAction":[{"@type":"ReadAction","target":["https:\/\/www.todocon.com\/es_ES\/carpinteria-aluminio-y-pvc\/"]}]},{"@type":"BreadcrumbList","@id":"https:\/\/www.todocon.com\/es_ES\/carpinteria-aluminio-y-pvc\/#breadcrumb","itemListElement":[{"@type":"ListItem","position":1,"name":"Portada","item":"https:\/\/www.todocon.com\/"},{"@type":"ListItem","position":2,"name":"Carpinter\u00eda Aluminio y PVC"}]}]}},"_links":{"self":[{"href":"https:\/\/www.todocon.com\/es_ES\/wp-json\/wp\/v2\/pages\/6049","targetHints":{"allow":["GET"]}}],"collection":[{"href":"https:\/\/www.todocon.com\/es_ES\/wp-json\/wp\/v2\/pages"}],"about":[{"href":"https:\/\/www.todocon.com\/es_ES\/wp-json\/wp\/v2\/types\/page"}],"author":[{"embeddable":true,"href":"https:\/\/www.todocon.com\/es_ES\/wp-json\/wp\/v2\/users\/1"}],"replies":[{"embeddable":true,"href":"https:\/\/www.todocon.com\/es_ES\/wp-json\/wp\/v2\/comments?post=6049"}],"version-history":[{"count":54,"href":"https:\/\/www.todocon.com\/es_ES\/wp-json\/wp\/v2\/pages\/6049\/revisions"}],"predecessor-version":[{"id":8429,"href":"https:\/\/www.todocon.com\/es_ES\/wp-json\/wp\/v2\/pages\/6049\/revisions\/8429"}],"wp:attachment":[{"href":"https:\/\/www.todocon.com\/es_ES\/wp-json\/wp\/v2\/media?parent=6049"}],"curies":[{"name":"wp","href":"https:\/\/api.w.org\/{rel}","templated":true}]}}