{"id":6047,"date":"2015-06-25T11:45:44","date_gmt":"2015-06-25T11:45:44","guid":{"rendered":"http:\/\/www.todocon.com\/?page_id=6047"},"modified":"2020-07-15T09:18:19","modified_gmt":"2020-07-15T09:18:19","slug":"hierro","status":"publish","type":"page","link":"https:\/\/www.todocon.com\/es_ES\/hierro\/","title":{"rendered":"Hierro"},"content":{"rendered":"<h2 class=\"western\"><em>Hierro<\/em><\/h2>\n<p>Realizamos trabajos de cerrajer\u00eda, como puertas y rejas de forja, rejas de ballesta, escaleras y barandas, decoraci\u00f3n (mesas, cabeceros).&nbsp;Le ofrecemos todo tipo de cierres o rejas, balcones y pasamanos.<\/p>\n\n<div class=\"ngg-galleryoverview ngg-template-caption\" id=\"ngg-gallery-e45ab372eef35aca43bb4f2a2151b386-6047\">\n\n\n\t<!-- Thumbnails -->\n    \t\t\n\t<div id=\"ngg-image-337\" class=\"ngg-gallery-thumbnail-box\" style=\"width:25%;\" >\n\t\t<div class=\"ngg-gallery-thumbnail\" >\n\t\t\t<a href=\"https:\/\/www.todocon.com\/wp-content\/gallery\/hierro\/ALUM-PVC-BARANDILLA-HIERRO.JPG\"\n               title=\" \"\n               class=\"ngg-fancybox\" rel=\"e45ab372eef35aca43bb4f2a2151b386\" data-image-id=\"337\" data-src=\"https:\/\/www.todocon.com\/wp-content\/gallery\/hierro\/ALUM-PVC-BARANDILLA-HIERRO.JPG\" data-thumbnail=\"https:\/\/www.todocon.com\/wp-content\/gallery\/hierro\/thumbs\/thumbs_ALUM-PVC-BARANDILLA-HIERRO.JPG\" data-title=\"ALUM PVC - BARANDILLA HIERRO\" data-description=\" \" >\n\t\t\t\t\t\t\t\t<img title=\"ALUM PVC - BARANDILLA HIERRO\" alt=\"ALUM PVC - BARANDILLA HIERRO\" src=\"https:\/\/www.todocon.com\/wp-content\/gallery\/hierro\/thumbs\/thumbs_ALUM-PVC-BARANDILLA-HIERRO.JPG\" width='240' height='160' \/>\n\t\t\t\t\t\t\t<\/a>\n\t\t\t<span> <\/span>\n\t\t<\/div>\n\t<\/div>\n\t\t \t\t\n\t<div id=\"ngg-image-338\" class=\"ngg-gallery-thumbnail-box\" style=\"width:25%;\" >\n\t\t<div class=\"ngg-gallery-thumbnail\" >\n\t\t\t<a href=\"https:\/\/www.todocon.com\/wp-content\/gallery\/hierro\/ALUM.PVC-BARANDILLA-ALUMINIO-Y-CRISTAL-2.JPG\"\n               title=\" \"\n               class=\"ngg-fancybox\" rel=\"e45ab372eef35aca43bb4f2a2151b386\" data-image-id=\"338\" data-src=\"https:\/\/www.todocon.com\/wp-content\/gallery\/hierro\/ALUM.PVC-BARANDILLA-ALUMINIO-Y-CRISTAL-2.JPG\" data-thumbnail=\"https:\/\/www.todocon.com\/wp-content\/gallery\/hierro\/thumbs\/thumbs_ALUM.PVC-BARANDILLA-ALUMINIO-Y-CRISTAL-2.JPG\" data-title=\"ALUM.PVC - BARANDILLA ALUMINIO Y CRISTAL 2\" data-description=\" \" >\n\t\t\t\t\t\t\t\t<img title=\"ALUM.PVC - BARANDILLA ALUMINIO Y CRISTAL 2\" alt=\"ALUM.PVC - BARANDILLA ALUMINIO Y CRISTAL 2\" src=\"https:\/\/www.todocon.com\/wp-content\/gallery\/hierro\/thumbs\/thumbs_ALUM.PVC-BARANDILLA-ALUMINIO-Y-CRISTAL-2.JPG\" width='240' height='160' \/>\n\t\t\t\t\t\t\t<\/a>\n\t\t\t<span> <\/span>\n\t\t<\/div>\n\t<\/div>\n\t\t \t\t\n\t<div id=\"ngg-image-339\" class=\"ngg-gallery-thumbnail-box\" style=\"width:25%;\" >\n\t\t<div class=\"ngg-gallery-thumbnail\" >\n\t\t\t<a href=\"https:\/\/www.todocon.com\/wp-content\/gallery\/hierro\/ALUMINIO-Y-PVC-HIERRO.jpg\"\n               title=\" \"\n               class=\"ngg-fancybox\" rel=\"e45ab372eef35aca43bb4f2a2151b386\" data-image-id=\"339\" data-src=\"https:\/\/www.todocon.com\/wp-content\/gallery\/hierro\/ALUMINIO-Y-PVC-HIERRO.jpg\" data-thumbnail=\"https:\/\/www.todocon.com\/wp-content\/gallery\/hierro\/thumbs\/thumbs_ALUMINIO-Y-PVC-HIERRO.jpg\" data-title=\"ALUMINIO Y PVC - HIERRO\" data-description=\" \" >\n\t\t\t\t\t\t\t\t<img title=\"ALUMINIO Y PVC - HIERRO\" alt=\"ALUMINIO Y PVC - HIERRO\" src=\"https:\/\/www.todocon.com\/wp-content\/gallery\/hierro\/thumbs\/thumbs_ALUMINIO-Y-PVC-HIERRO.jpg\" width='240' height='160' \/>\n\t\t\t\t\t\t\t<\/a>\n\t\t\t<span> <\/span>\n\t\t<\/div>\n\t<\/div>\n\t\t \t \t\n\t<!-- Pagination -->\n \t<div class='ngg-clear'><\/div> \t\n<\/div>\n\n\n","protected":false},"excerpt":{"rendered":"<h2 class=\"western\"><em>Hierro<\/em><\/h2>\n<p>Realizamos trabajos de cerrajer\u00eda, como puertas y rejas de forja, rejas de ballesta, escaleras y barandas, decoraci\u00f3n (mesas, cabeceros).&nbsp;Le ofrecemos todo tipo de cierres o rejas, balcones y pasamanos.<\/p>\n<p>&#8230;<\/p>\n","protected":false},"author":1,"featured_media":0,"parent":0,"menu_order":0,"comment_status":"closed","ping_status":"open","template":"","meta":{"_monsterinsights_skip_tracking":false,"_monsterinsights_sitenote_active":false,"_monsterinsights_sitenote_note":"","_monsterinsights_sitenote_category":0,"ngg_post_thumbnail":0,"footnotes":""},"class_list":["post-6047","page","type-page","status-publish","hentry"],"yoast_head":"<!-- This site is optimized with the Yoast SEO plugin v17.5 - https:\/\/yoast.com\/wordpress\/plugins\/seo\/ -->\n<meta name=\"robots\" content=\"index, follow, max-snippet:-1, max-image-preview:large, max-video-preview:-1\" \/>\n<link rel=\"canonical\" href=\"https:\/\/www.todocon.com\/es_ES\/hierro\/\" \/>\n<meta property=\"og:locale\" content=\"en_US\" \/>\n<meta property=\"og:type\" content=\"article\" \/>\n<meta property=\"og:title\" content=\"Hierro - Todocon, empresa de cerramientos, cristaler\u00eda y m\u00e1mparas\" \/>\n<meta property=\"og:description\" content=\"Hierro Realizamos trabajos de cerrajer\u00eda, como puertas y rejas de forja, rejas de ballesta, escaleras y barandas, decoraci\u00f3n (mesas, cabeceros).&nbsp;Le ofrecemos todo tipo de cierres o rejas, balcones y pasamanos. ...\" \/>\n<meta property=\"og:url\" content=\"https:\/\/www.todocon.com\/es_ES\/hierro\/\" \/>\n<meta property=\"og:site_name\" content=\"Todocon, empresa de cerramientos, cristaler\u00eda y m\u00e1mparas\" \/>\n<meta property=\"article:modified_time\" content=\"2020-07-15T09:18:19+00:00\" \/>\n<meta name=\"twitter:card\" content=\"summary\" \/>\n<script type=\"application\/ld+json\" class=\"yoast-schema-graph\">{\"@context\":\"https:\/\/schema.org\",\"@graph\":[{\"@type\":\"WebSite\",\"@id\":\"https:\/\/www.todocon.com\/es_ES\/#website\",\"url\":\"https:\/\/www.todocon.com\/es_ES\/\",\"name\":\"Todocon, empresa de cerramientos, cristaler\\u00eda y m\\u00e1mparas\",\"description\":\"\",\"potentialAction\":[{\"@type\":\"SearchAction\",\"target\":{\"@type\":\"EntryPoint\",\"urlTemplate\":\"https:\/\/www.todocon.com\/es_ES\/?s={search_term_string}\"},\"query-input\":\"required name=search_term_string\"}],\"inLanguage\":\"en-US\"},{\"@type\":\"WebPage\",\"@id\":\"https:\/\/www.todocon.com\/es_ES\/hierro\/#webpage\",\"url\":\"https:\/\/www.todocon.com\/es_ES\/hierro\/\",\"name\":\"Hierro - Todocon, empresa de cerramientos, cristaler\\u00eda y m\\u00e1mparas\",\"isPartOf\":{\"@id\":\"https:\/\/www.todocon.com\/es_ES\/#website\"},\"datePublished\":\"2015-06-25T11:45:44+00:00\",\"dateModified\":\"2020-07-15T09:18:19+00:00\",\"breadcrumb\":{\"@id\":\"https:\/\/www.todocon.com\/es_ES\/hierro\/#breadcrumb\"},\"inLanguage\":\"en-US\",\"potentialAction\":[{\"@type\":\"ReadAction\",\"target\":[\"https:\/\/www.todocon.com\/es_ES\/hierro\/\"]}]},{\"@type\":\"BreadcrumbList\",\"@id\":\"https:\/\/www.todocon.com\/es_ES\/hierro\/#breadcrumb\",\"itemListElement\":[{\"@type\":\"ListItem\",\"position\":1,\"name\":\"Portada\",\"item\":\"https:\/\/www.todocon.com\/\"},{\"@type\":\"ListItem\",\"position\":2,\"name\":\"Hierro\"}]}]}<\/script>\n<!-- \/ Yoast SEO plugin. -->","yoast_head_json":{"robots":{"index":"index","follow":"follow","max-snippet":"max-snippet:-1","max-image-preview":"max-image-preview:large","max-video-preview":"max-video-preview:-1"},"canonical":"https:\/\/www.todocon.com\/es_ES\/hierro\/","og_locale":"en_US","og_type":"article","og_title":"Hierro - Todocon, empresa de cerramientos, cristaler\u00eda y m\u00e1mparas","og_description":"Hierro Realizamos trabajos de cerrajer\u00eda, como puertas y rejas de forja, rejas de ballesta, escaleras y barandas, decoraci\u00f3n (mesas, cabeceros).&nbsp;Le ofrecemos todo tipo de cierres o rejas, balcones y pasamanos. ...","og_url":"https:\/\/www.todocon.com\/es_ES\/hierro\/","og_site_name":"Todocon, empresa de cerramientos, cristaler\u00eda y m\u00e1mparas","article_modified_time":"2020-07-15T09:18:19+00:00","twitter_card":"summary","schema":{"@context":"https:\/\/schema.org","@graph":[{"@type":"WebSite","@id":"https:\/\/www.todocon.com\/es_ES\/#website","url":"https:\/\/www.todocon.com\/es_ES\/","name":"Todocon, empresa de cerramientos, cristaler\u00eda y m\u00e1mparas","description":"","potentialAction":[{"@type":"SearchAction","target":{"@type":"EntryPoint","urlTemplate":"https:\/\/www.todocon.com\/es_ES\/?s={search_term_string}"},"query-input":"required name=search_term_string"}],"inLanguage":"en-US"},{"@type":"WebPage","@id":"https:\/\/www.todocon.com\/es_ES\/hierro\/#webpage","url":"https:\/\/www.todocon.com\/es_ES\/hierro\/","name":"Hierro - Todocon, empresa de cerramientos, cristaler\u00eda y m\u00e1mparas","isPartOf":{"@id":"https:\/\/www.todocon.com\/es_ES\/#website"},"datePublished":"2015-06-25T11:45:44+00:00","dateModified":"2020-07-15T09:18:19+00:00","breadcrumb":{"@id":"https:\/\/www.todocon.com\/es_ES\/hierro\/#breadcrumb"},"inLanguage":"en-US","potentialAction":[{"@type":"ReadAction","target":["https:\/\/www.todocon.com\/es_ES\/hierro\/"]}]},{"@type":"BreadcrumbList","@id":"https:\/\/www.todocon.com\/es_ES\/hierro\/#breadcrumb","itemListElement":[{"@type":"ListItem","position":1,"name":"Portada","item":"https:\/\/www.todocon.com\/"},{"@type":"ListItem","position":2,"name":"Hierro"}]}]}},"_links":{"self":[{"href":"https:\/\/www.todocon.com\/es_ES\/wp-json\/wp\/v2\/pages\/6047","targetHints":{"allow":["GET"]}}],"collection":[{"href":"https:\/\/www.todocon.com\/es_ES\/wp-json\/wp\/v2\/pages"}],"about":[{"href":"https:\/\/www.todocon.com\/es_ES\/wp-json\/wp\/v2\/types\/page"}],"author":[{"embeddable":true,"href":"https:\/\/www.todocon.com\/es_ES\/wp-json\/wp\/v2\/users\/1"}],"replies":[{"embeddable":true,"href":"https:\/\/www.todocon.com\/es_ES\/wp-json\/wp\/v2\/comments?post=6047"}],"version-history":[{"count":18,"href":"https:\/\/www.todocon.com\/es_ES\/wp-json\/wp\/v2\/pages\/6047\/revisions"}],"predecessor-version":[{"id":8432,"href":"https:\/\/www.todocon.com\/es_ES\/wp-json\/wp\/v2\/pages\/6047\/revisions\/8432"}],"wp:attachment":[{"href":"https:\/\/www.todocon.com\/es_ES\/wp-json\/wp\/v2\/media?parent=6047"}],"curies":[{"name":"wp","href":"https:\/\/api.w.org\/{rel}","templated":true}]}}