{"id":6045,"date":"2015-06-25T11:45:17","date_gmt":"2015-06-25T11:45:17","guid":{"rendered":"http:\/\/www.todocon.com\/?page_id=6045"},"modified":"2020-07-15T09:16:36","modified_gmt":"2020-07-15T09:16:36","slug":"acero-inoxidable","status":"publish","type":"page","link":"https:\/\/www.todocon.com\/es_ES\/acero-inoxidable\/","title":{"rendered":"Acero inoxidable"},"content":{"rendered":"<h2><em>Acero Inoxidable<\/em><\/h2>\n<p>Con nuestras barandillas cubrimos cualquier soluci\u00f3n para la protecci\u00f3n de huecos, tanto sea para su vivienda, su loft, su local comercial&nbsp; sin renunciar al dise\u00f1o y con acabados de alto nivel. Puede elegir entre una amplia variedad de dise\u00f1os y materiales para crear justo la combinaci\u00f3n que desea.<\/p>\n\n<div class=\"ngg-galleryoverview ngg-template-caption\" id=\"ngg-gallery-8b4366d5b97b45eed3cb05edec1cb461-6045\">\n\n\n\t<!-- Thumbnails -->\n    \t\t\n\t<div id=\"ngg-image-329\" class=\"ngg-gallery-thumbnail-box\" style=\"width:25%;\" >\n\t\t<div class=\"ngg-gallery-thumbnail\" >\n\t\t\t<a href=\"https:\/\/www.todocon.com\/wp-content\/gallery\/acero-inoxidable\/ALUMINIO-Y-PVC-ACERO-INOX.JPG\"\n               title=\" \"\n               class=\"ngg-fancybox\" rel=\"8b4366d5b97b45eed3cb05edec1cb461\" data-image-id=\"329\" data-src=\"https:\/\/www.todocon.com\/wp-content\/gallery\/acero-inoxidable\/ALUMINIO-Y-PVC-ACERO-INOX.JPG\" data-thumbnail=\"https:\/\/www.todocon.com\/wp-content\/gallery\/acero-inoxidable\/thumbs\/thumbs_ALUMINIO-Y-PVC-ACERO-INOX.JPG\" data-title=\"ALUMINIO Y PVC - ACERO INOX\" data-description=\" \" >\n\t\t\t\t\t\t\t\t<img title=\"ALUMINIO Y PVC - ACERO INOX\" alt=\"ALUMINIO Y PVC - ACERO INOX\" src=\"https:\/\/www.todocon.com\/wp-content\/gallery\/acero-inoxidable\/thumbs\/thumbs_ALUMINIO-Y-PVC-ACERO-INOX.JPG\" width='240' height='160' \/>\n\t\t\t\t\t\t\t<\/a>\n\t\t\t<span> <\/span>\n\t\t<\/div>\n\t<\/div>\n\t\t \t\t\n\t<div id=\"ngg-image-330\" class=\"ngg-gallery-thumbnail-box\" style=\"width:25%;\" >\n\t\t<div class=\"ngg-gallery-thumbnail\" >\n\t\t\t<a href=\"https:\/\/www.todocon.com\/wp-content\/gallery\/acero-inoxidable\/CRISTAL-BARANDILLA-CRISTAL-6.JPG\"\n               title=\" \"\n               class=\"ngg-fancybox\" rel=\"8b4366d5b97b45eed3cb05edec1cb461\" data-image-id=\"330\" data-src=\"https:\/\/www.todocon.com\/wp-content\/gallery\/acero-inoxidable\/CRISTAL-BARANDILLA-CRISTAL-6.JPG\" data-thumbnail=\"https:\/\/www.todocon.com\/wp-content\/gallery\/acero-inoxidable\/thumbs\/thumbs_CRISTAL-BARANDILLA-CRISTAL-6.JPG\" data-title=\"CRISTAL -BARANDILLA CRISTAL 6\" data-description=\" \" >\n\t\t\t\t\t\t\t\t<img title=\"CRISTAL -BARANDILLA CRISTAL 6\" alt=\"CRISTAL -BARANDILLA CRISTAL 6\" src=\"https:\/\/www.todocon.com\/wp-content\/gallery\/acero-inoxidable\/thumbs\/thumbs_CRISTAL-BARANDILLA-CRISTAL-6.JPG\" width='240' height='160' \/>\n\t\t\t\t\t\t\t<\/a>\n\t\t\t<span> <\/span>\n\t\t<\/div>\n\t<\/div>\n\t\t \t\t\n\t<div id=\"ngg-image-353\" class=\"ngg-gallery-thumbnail-box\" style=\"width:25%;\" >\n\t\t<div class=\"ngg-gallery-thumbnail\" >\n\t\t\t<a href=\"https:\/\/www.todocon.com\/wp-content\/gallery\/acero-inoxidable\/la-foto-1.JPG\"\n               title=\" \"\n               class=\"ngg-fancybox\" rel=\"8b4366d5b97b45eed3cb05edec1cb461\" data-image-id=\"353\" data-src=\"https:\/\/www.todocon.com\/wp-content\/gallery\/acero-inoxidable\/la-foto-1.JPG\" data-thumbnail=\"https:\/\/www.todocon.com\/wp-content\/gallery\/acero-inoxidable\/thumbs\/thumbs_la-foto-1.JPG\" data-title=\"la foto 1\" data-description=\" \" >\n\t\t\t\t\t\t\t\t<img title=\"la foto 1\" alt=\"la foto 1\" src=\"https:\/\/www.todocon.com\/wp-content\/gallery\/acero-inoxidable\/thumbs\/thumbs_la-foto-1.JPG\" width='240' height='160' \/>\n\t\t\t\t\t\t\t<\/a>\n\t\t\t<span> <\/span>\n\t\t<\/div>\n\t<\/div>\n\t\t \t \t\n\t<!-- Pagination -->\n \t<div class='ngg-clear'><\/div> \t\n<\/div>\n\n\n","protected":false},"excerpt":{"rendered":"<h2><em>Acero Inoxidable<\/em><\/h2>\n<p>Con nuestras barandillas cubrimos cualquier soluci\u00f3n para la protecci\u00f3n de huecos, tanto sea para su vivienda, su loft, su local comercial&nbsp; sin renunciar al dise\u00f1o y con acabados de alto nivel. Puede elegir ent&#8230;<\/p>\n","protected":false},"author":1,"featured_media":0,"parent":0,"menu_order":0,"comment_status":"closed","ping_status":"open","template":"","meta":{"_monsterinsights_skip_tracking":false,"_monsterinsights_sitenote_active":false,"_monsterinsights_sitenote_note":"","_monsterinsights_sitenote_category":0,"ngg_post_thumbnail":0,"footnotes":""},"class_list":["post-6045","page","type-page","status-publish","hentry"],"yoast_head":"<!-- This site is optimized with the Yoast SEO plugin v17.5 - https:\/\/yoast.com\/wordpress\/plugins\/seo\/ -->\n<meta name=\"robots\" content=\"index, follow, max-snippet:-1, max-image-preview:large, max-video-preview:-1\" \/>\n<link rel=\"canonical\" href=\"https:\/\/www.todocon.com\/es_ES\/acero-inoxidable\/\" \/>\n<meta property=\"og:locale\" content=\"en_US\" \/>\n<meta property=\"og:type\" content=\"article\" \/>\n<meta property=\"og:title\" content=\"Acero inoxidable - Todocon, empresa de cerramientos, cristaler\u00eda y m\u00e1mparas\" \/>\n<meta property=\"og:description\" content=\"Acero Inoxidable Con nuestras barandillas cubrimos cualquier soluci\u00f3n para la protecci\u00f3n de huecos, tanto sea para su vivienda, su loft, su local comercial&nbsp; sin renunciar al dise\u00f1o y con acabados de alto nivel. Puede elegir ent...\" \/>\n<meta property=\"og:url\" content=\"https:\/\/www.todocon.com\/es_ES\/acero-inoxidable\/\" \/>\n<meta property=\"og:site_name\" content=\"Todocon, empresa de cerramientos, cristaler\u00eda y m\u00e1mparas\" \/>\n<meta property=\"article:modified_time\" content=\"2020-07-15T09:16:36+00:00\" \/>\n<meta name=\"twitter:card\" content=\"summary\" \/>\n<script type=\"application\/ld+json\" class=\"yoast-schema-graph\">{\"@context\":\"https:\/\/schema.org\",\"@graph\":[{\"@type\":\"WebSite\",\"@id\":\"https:\/\/www.todocon.com\/es_ES\/#website\",\"url\":\"https:\/\/www.todocon.com\/es_ES\/\",\"name\":\"Todocon, empresa de cerramientos, cristaler\\u00eda y m\\u00e1mparas\",\"description\":\"\",\"potentialAction\":[{\"@type\":\"SearchAction\",\"target\":{\"@type\":\"EntryPoint\",\"urlTemplate\":\"https:\/\/www.todocon.com\/es_ES\/?s={search_term_string}\"},\"query-input\":\"required name=search_term_string\"}],\"inLanguage\":\"en-US\"},{\"@type\":\"WebPage\",\"@id\":\"https:\/\/www.todocon.com\/es_ES\/acero-inoxidable\/#webpage\",\"url\":\"https:\/\/www.todocon.com\/es_ES\/acero-inoxidable\/\",\"name\":\"Acero inoxidable - Todocon, empresa de cerramientos, cristaler\\u00eda y m\\u00e1mparas\",\"isPartOf\":{\"@id\":\"https:\/\/www.todocon.com\/es_ES\/#website\"},\"datePublished\":\"2015-06-25T11:45:17+00:00\",\"dateModified\":\"2020-07-15T09:16:36+00:00\",\"breadcrumb\":{\"@id\":\"https:\/\/www.todocon.com\/es_ES\/acero-inoxidable\/#breadcrumb\"},\"inLanguage\":\"en-US\",\"potentialAction\":[{\"@type\":\"ReadAction\",\"target\":[\"https:\/\/www.todocon.com\/es_ES\/acero-inoxidable\/\"]}]},{\"@type\":\"BreadcrumbList\",\"@id\":\"https:\/\/www.todocon.com\/es_ES\/acero-inoxidable\/#breadcrumb\",\"itemListElement\":[{\"@type\":\"ListItem\",\"position\":1,\"name\":\"Portada\",\"item\":\"https:\/\/www.todocon.com\/\"},{\"@type\":\"ListItem\",\"position\":2,\"name\":\"Acero inoxidable\"}]}]}<\/script>\n<!-- \/ Yoast SEO plugin. -->","yoast_head_json":{"robots":{"index":"index","follow":"follow","max-snippet":"max-snippet:-1","max-image-preview":"max-image-preview:large","max-video-preview":"max-video-preview:-1"},"canonical":"https:\/\/www.todocon.com\/es_ES\/acero-inoxidable\/","og_locale":"en_US","og_type":"article","og_title":"Acero inoxidable - Todocon, empresa de cerramientos, cristaler\u00eda y m\u00e1mparas","og_description":"Acero Inoxidable Con nuestras barandillas cubrimos cualquier soluci\u00f3n para la protecci\u00f3n de huecos, tanto sea para su vivienda, su loft, su local comercial&nbsp; sin renunciar al dise\u00f1o y con acabados de alto nivel. Puede elegir ent...","og_url":"https:\/\/www.todocon.com\/es_ES\/acero-inoxidable\/","og_site_name":"Todocon, empresa de cerramientos, cristaler\u00eda y m\u00e1mparas","article_modified_time":"2020-07-15T09:16:36+00:00","twitter_card":"summary","schema":{"@context":"https:\/\/schema.org","@graph":[{"@type":"WebSite","@id":"https:\/\/www.todocon.com\/es_ES\/#website","url":"https:\/\/www.todocon.com\/es_ES\/","name":"Todocon, empresa de cerramientos, cristaler\u00eda y m\u00e1mparas","description":"","potentialAction":[{"@type":"SearchAction","target":{"@type":"EntryPoint","urlTemplate":"https:\/\/www.todocon.com\/es_ES\/?s={search_term_string}"},"query-input":"required name=search_term_string"}],"inLanguage":"en-US"},{"@type":"WebPage","@id":"https:\/\/www.todocon.com\/es_ES\/acero-inoxidable\/#webpage","url":"https:\/\/www.todocon.com\/es_ES\/acero-inoxidable\/","name":"Acero inoxidable - Todocon, empresa de cerramientos, cristaler\u00eda y m\u00e1mparas","isPartOf":{"@id":"https:\/\/www.todocon.com\/es_ES\/#website"},"datePublished":"2015-06-25T11:45:17+00:00","dateModified":"2020-07-15T09:16:36+00:00","breadcrumb":{"@id":"https:\/\/www.todocon.com\/es_ES\/acero-inoxidable\/#breadcrumb"},"inLanguage":"en-US","potentialAction":[{"@type":"ReadAction","target":["https:\/\/www.todocon.com\/es_ES\/acero-inoxidable\/"]}]},{"@type":"BreadcrumbList","@id":"https:\/\/www.todocon.com\/es_ES\/acero-inoxidable\/#breadcrumb","itemListElement":[{"@type":"ListItem","position":1,"name":"Portada","item":"https:\/\/www.todocon.com\/"},{"@type":"ListItem","position":2,"name":"Acero inoxidable"}]}]}},"_links":{"self":[{"href":"https:\/\/www.todocon.com\/es_ES\/wp-json\/wp\/v2\/pages\/6045","targetHints":{"allow":["GET"]}}],"collection":[{"href":"https:\/\/www.todocon.com\/es_ES\/wp-json\/wp\/v2\/pages"}],"about":[{"href":"https:\/\/www.todocon.com\/es_ES\/wp-json\/wp\/v2\/types\/page"}],"author":[{"embeddable":true,"href":"https:\/\/www.todocon.com\/es_ES\/wp-json\/wp\/v2\/users\/1"}],"replies":[{"embeddable":true,"href":"https:\/\/www.todocon.com\/es_ES\/wp-json\/wp\/v2\/comments?post=6045"}],"version-history":[{"count":22,"href":"https:\/\/www.todocon.com\/es_ES\/wp-json\/wp\/v2\/pages\/6045\/revisions"}],"predecessor-version":[{"id":8425,"href":"https:\/\/www.todocon.com\/es_ES\/wp-json\/wp\/v2\/pages\/6045\/revisions\/8425"}],"wp:attachment":[{"href":"https:\/\/www.todocon.com\/es_ES\/wp-json\/wp\/v2\/media?parent=6045"}],"curies":[{"name":"wp","href":"https:\/\/api.w.org\/{rel}","templated":true}]}}