{"id":6043,"date":"2015-06-25T11:44:50","date_gmt":"2015-06-25T11:44:50","guid":{"rendered":"http:\/\/www.todocon.com\/?page_id=6043"},"modified":"2020-07-15T09:19:54","modified_gmt":"2020-07-15T09:19:54","slug":"fabricante-cortinas-cristal-sunflex","status":"publish","type":"page","link":"https:\/\/www.todocon.com\/es_ES\/fabricante-cortinas-cristal-sunflex\/","title":{"rendered":"Fabricante cortinas cristal SUNFLEX"},"content":{"rendered":"<h2 class=\"western\"><em>Sunflex<\/em><\/h2>\n<p><b>Todocon&nbsp;<\/b>es fabricante y colaborador <b>Top Partner<\/b> de la prestigiosa compa\u00f1\u00eda alemana <b>SUNFLEX<\/b>. Sus productos son l\u00edderes del sector del cerramiento desde hace d\u00e9cadas y el sistema de cortina <b>SUNFLEX SF25<\/b> est\u00e1 considerado como el mejor por especialistas en cortinas de todo el mundo. Proporcionan un aumento significativo de los espacios utilizables, d\u00e1ndole mayor valor a su propiedad, y se pueden integrar a cualquier estructura arquitect\u00f3nica. Cuando est\u00e1n cerrados protegen contra el viento, la lluvia, el ruido y el polvo. Cumple los m\u00e1s altos est\u00e1ndares de calidad, dise\u00f1o y funcionalidad la cual puede adaptarse a diferentes necesidades. La operatividad y la limpieza de estos sistemas es simple y c\u00f3moda.<\/p>\n\n<div class=\"ngg-galleryoverview ngg-template-caption\" id=\"ngg-gallery-3c129d35c7ffff7c8ad675e498b53215-6043\">\n\n\n\t<!-- Thumbnails -->\n    \t\t\n\t<div id=\"ngg-image-256\" class=\"ngg-gallery-thumbnail-box\" style=\"width:25%;\" >\n\t\t<div class=\"ngg-gallery-thumbnail\" >\n\t\t\t<a href=\"https:\/\/www.todocon.com\/wp-content\/gallery\/sunflex\/798.jpg\"\n               title=\" \"\n               class=\"ngg-fancybox\" rel=\"3c129d35c7ffff7c8ad675e498b53215\" data-image-id=\"256\" data-src=\"https:\/\/www.todocon.com\/wp-content\/gallery\/sunflex\/798.jpg\" data-thumbnail=\"https:\/\/www.todocon.com\/wp-content\/gallery\/sunflex\/thumbs\/thumbs_798.jpg\" data-title=\"798\" data-description=\" \" >\n\t\t\t\t\t\t\t\t<img title=\"798\" alt=\"798\" src=\"https:\/\/www.todocon.com\/wp-content\/gallery\/sunflex\/thumbs\/thumbs_798.jpg\" width='240' height='160' \/>\n\t\t\t\t\t\t\t<\/a>\n\t\t\t<span> <\/span>\n\t\t<\/div>\n\t<\/div>\n\t\t \t\t\n\t<div id=\"ngg-image-257\" class=\"ngg-gallery-thumbnail-box\" style=\"width:25%;\" >\n\t\t<div class=\"ngg-gallery-thumbnail\" >\n\t\t\t<a href=\"https:\/\/www.todocon.com\/wp-content\/gallery\/sunflex\/800.jpg\"\n               title=\" \"\n               class=\"ngg-fancybox\" rel=\"3c129d35c7ffff7c8ad675e498b53215\" data-image-id=\"257\" data-src=\"https:\/\/www.todocon.com\/wp-content\/gallery\/sunflex\/800.jpg\" data-thumbnail=\"https:\/\/www.todocon.com\/wp-content\/gallery\/sunflex\/thumbs\/thumbs_800.jpg\" data-title=\"800\" data-description=\" \" >\n\t\t\t\t\t\t\t\t<img title=\"800\" alt=\"800\" src=\"https:\/\/www.todocon.com\/wp-content\/gallery\/sunflex\/thumbs\/thumbs_800.jpg\" width='240' height='160' \/>\n\t\t\t\t\t\t\t<\/a>\n\t\t\t<span> <\/span>\n\t\t<\/div>\n\t<\/div>\n\t\t \t\t\n\t<div id=\"ngg-image-258\" class=\"ngg-gallery-thumbnail-box\" style=\"width:25%;\" >\n\t\t<div class=\"ngg-gallery-thumbnail\" >\n\t\t\t<a href=\"https:\/\/www.todocon.com\/wp-content\/gallery\/sunflex\/797.jpg\"\n               title=\" \"\n               class=\"ngg-fancybox\" rel=\"3c129d35c7ffff7c8ad675e498b53215\" data-image-id=\"258\" data-src=\"https:\/\/www.todocon.com\/wp-content\/gallery\/sunflex\/797.jpg\" data-thumbnail=\"https:\/\/www.todocon.com\/wp-content\/gallery\/sunflex\/thumbs\/thumbs_797.jpg\" data-title=\"797\" data-description=\" \" >\n\t\t\t\t\t\t\t\t<img title=\"797\" alt=\"797\" src=\"https:\/\/www.todocon.com\/wp-content\/gallery\/sunflex\/thumbs\/thumbs_797.jpg\" width='240' height='160' \/>\n\t\t\t\t\t\t\t<\/a>\n\t\t\t<span> <\/span>\n\t\t<\/div>\n\t<\/div>\n\t\t \t\t\n\t<div id=\"ngg-image-259\" class=\"ngg-gallery-thumbnail-box\" style=\"width:25%;\" >\n\t\t<div class=\"ngg-gallery-thumbnail\" >\n\t\t\t<a href=\"https:\/\/www.todocon.com\/wp-content\/gallery\/sunflex\/801.jpg\"\n               title=\" \"\n               class=\"ngg-fancybox\" rel=\"3c129d35c7ffff7c8ad675e498b53215\" data-image-id=\"259\" data-src=\"https:\/\/www.todocon.com\/wp-content\/gallery\/sunflex\/801.jpg\" data-thumbnail=\"https:\/\/www.todocon.com\/wp-content\/gallery\/sunflex\/thumbs\/thumbs_801.jpg\" data-title=\"801\" data-description=\" \" >\n\t\t\t\t\t\t\t\t<img title=\"801\" alt=\"801\" src=\"https:\/\/www.todocon.com\/wp-content\/gallery\/sunflex\/thumbs\/thumbs_801.jpg\" width='240' height='160' \/>\n\t\t\t\t\t\t\t<\/a>\n\t\t\t<span> <\/span>\n\t\t<\/div>\n\t<\/div>\n\t\t\t<br style=\"clear: both\" \/>\n\t \t\t\n\t<div id=\"ngg-image-260\" class=\"ngg-gallery-thumbnail-box\" style=\"width:25%;\" >\n\t\t<div class=\"ngg-gallery-thumbnail\" >\n\t\t\t<a href=\"https:\/\/www.todocon.com\/wp-content\/gallery\/sunflex\/803.jpg\"\n               title=\" \"\n               class=\"ngg-fancybox\" rel=\"3c129d35c7ffff7c8ad675e498b53215\" data-image-id=\"260\" data-src=\"https:\/\/www.todocon.com\/wp-content\/gallery\/sunflex\/803.jpg\" data-thumbnail=\"https:\/\/www.todocon.com\/wp-content\/gallery\/sunflex\/thumbs\/thumbs_803.jpg\" data-title=\"803\" data-description=\" \" >\n\t\t\t\t\t\t\t\t<img title=\"803\" alt=\"803\" src=\"https:\/\/www.todocon.com\/wp-content\/gallery\/sunflex\/thumbs\/thumbs_803.jpg\" width='240' height='160' \/>\n\t\t\t\t\t\t\t<\/a>\n\t\t\t<span> <\/span>\n\t\t<\/div>\n\t<\/div>\n\t\t \t\t\n\t<div id=\"ngg-image-261\" class=\"ngg-gallery-thumbnail-box\" style=\"width:25%;\" >\n\t\t<div class=\"ngg-gallery-thumbnail\" >\n\t\t\t<a href=\"https:\/\/www.todocon.com\/wp-content\/gallery\/sunflex\/Bild17.jpg\"\n               title=\" \"\n               class=\"ngg-fancybox\" rel=\"3c129d35c7ffff7c8ad675e498b53215\" data-image-id=\"261\" data-src=\"https:\/\/www.todocon.com\/wp-content\/gallery\/sunflex\/Bild17.jpg\" data-thumbnail=\"https:\/\/www.todocon.com\/wp-content\/gallery\/sunflex\/thumbs\/thumbs_Bild17.jpg\" data-title=\"Bild17\" data-description=\" \" >\n\t\t\t\t\t\t\t\t<img title=\"Bild17\" alt=\"Bild17\" src=\"https:\/\/www.todocon.com\/wp-content\/gallery\/sunflex\/thumbs\/thumbs_Bild17.jpg\" width='240' height='160' \/>\n\t\t\t\t\t\t\t<\/a>\n\t\t\t<span> <\/span>\n\t\t<\/div>\n\t<\/div>\n\t\t \t\t\n\t<div id=\"ngg-image-262\" class=\"ngg-gallery-thumbnail-box\" style=\"width:25%;\" >\n\t\t<div class=\"ngg-gallery-thumbnail\" >\n\t\t\t<a href=\"https:\/\/www.todocon.com\/wp-content\/gallery\/sunflex\/DSCF0005.JPG\"\n               title=\" \"\n               class=\"ngg-fancybox\" rel=\"3c129d35c7ffff7c8ad675e498b53215\" data-image-id=\"262\" data-src=\"https:\/\/www.todocon.com\/wp-content\/gallery\/sunflex\/DSCF0005.JPG\" data-thumbnail=\"https:\/\/www.todocon.com\/wp-content\/gallery\/sunflex\/thumbs\/thumbs_DSCF0005.JPG\" data-title=\"DSCF0005\" data-description=\" \" >\n\t\t\t\t\t\t\t\t<img title=\"DSCF0005\" alt=\"DSCF0005\" src=\"https:\/\/www.todocon.com\/wp-content\/gallery\/sunflex\/thumbs\/thumbs_DSCF0005.JPG\" width='240' height='160' \/>\n\t\t\t\t\t\t\t<\/a>\n\t\t\t<span> <\/span>\n\t\t<\/div>\n\t<\/div>\n\t\t \t\t\n\t<div id=\"ngg-image-263\" class=\"ngg-gallery-thumbnail-box\" style=\"width:25%;\" >\n\t\t<div class=\"ngg-gallery-thumbnail\" >\n\t\t\t<a href=\"https:\/\/www.todocon.com\/wp-content\/gallery\/sunflex\/DSCF0007.JPG\"\n               title=\" \"\n               class=\"ngg-fancybox\" rel=\"3c129d35c7ffff7c8ad675e498b53215\" data-image-id=\"263\" data-src=\"https:\/\/www.todocon.com\/wp-content\/gallery\/sunflex\/DSCF0007.JPG\" data-thumbnail=\"https:\/\/www.todocon.com\/wp-content\/gallery\/sunflex\/thumbs\/thumbs_DSCF0007.JPG\" data-title=\"DSCF0007\" data-description=\" \" >\n\t\t\t\t\t\t\t\t<img title=\"DSCF0007\" alt=\"DSCF0007\" src=\"https:\/\/www.todocon.com\/wp-content\/gallery\/sunflex\/thumbs\/thumbs_DSCF0007.JPG\" width='240' height='160' \/>\n\t\t\t\t\t\t\t<\/a>\n\t\t\t<span> <\/span>\n\t\t<\/div>\n\t<\/div>\n\t\t\t<br style=\"clear: both\" \/>\n\t \t\t\n\t<div id=\"ngg-image-264\" class=\"ngg-gallery-thumbnail-box\" style=\"width:25%;\" >\n\t\t<div class=\"ngg-gallery-thumbnail\" >\n\t\t\t<a href=\"https:\/\/www.todocon.com\/wp-content\/gallery\/sunflex\/DSCF0011.JPG\"\n               title=\" \"\n               class=\"ngg-fancybox\" rel=\"3c129d35c7ffff7c8ad675e498b53215\" data-image-id=\"264\" data-src=\"https:\/\/www.todocon.com\/wp-content\/gallery\/sunflex\/DSCF0011.JPG\" data-thumbnail=\"https:\/\/www.todocon.com\/wp-content\/gallery\/sunflex\/thumbs\/thumbs_DSCF0011.JPG\" data-title=\"DSCF0011\" data-description=\" \" >\n\t\t\t\t\t\t\t\t<img title=\"DSCF0011\" alt=\"DSCF0011\" src=\"https:\/\/www.todocon.com\/wp-content\/gallery\/sunflex\/thumbs\/thumbs_DSCF0011.JPG\" width='240' height='160' \/>\n\t\t\t\t\t\t\t<\/a>\n\t\t\t<span> <\/span>\n\t\t<\/div>\n\t<\/div>\n\t\t \t\t\n\t<div id=\"ngg-image-265\" class=\"ngg-gallery-thumbnail-box\" style=\"width:25%;\" >\n\t\t<div class=\"ngg-gallery-thumbnail\" >\n\t\t\t<a href=\"https:\/\/www.todocon.com\/wp-content\/gallery\/sunflex\/Bild0791.jpg\"\n               title=\" \"\n               class=\"ngg-fancybox\" rel=\"3c129d35c7ffff7c8ad675e498b53215\" data-image-id=\"265\" data-src=\"https:\/\/www.todocon.com\/wp-content\/gallery\/sunflex\/Bild0791.jpg\" data-thumbnail=\"https:\/\/www.todocon.com\/wp-content\/gallery\/sunflex\/thumbs\/thumbs_Bild0791.jpg\" data-title=\"Medion   DIGITAL CAMERA\" data-description=\" \" >\n\t\t\t\t\t\t\t\t<img title=\"Medion   DIGITAL CAMERA\" alt=\"Medion   DIGITAL CAMERA\" src=\"https:\/\/www.todocon.com\/wp-content\/gallery\/sunflex\/thumbs\/thumbs_Bild0791.jpg\" width='240' height='160' \/>\n\t\t\t\t\t\t\t<\/a>\n\t\t\t<span> <\/span>\n\t\t<\/div>\n\t<\/div>\n\t\t \t\t\n\t<div id=\"ngg-image-266\" class=\"ngg-gallery-thumbnail-box\" style=\"width:25%;\" >\n\t\t<div class=\"ngg-gallery-thumbnail\" >\n\t\t\t<a href=\"https:\/\/www.todocon.com\/wp-content\/gallery\/sunflex\/Bild0792.jpg\"\n               title=\" \"\n               class=\"ngg-fancybox\" rel=\"3c129d35c7ffff7c8ad675e498b53215\" data-image-id=\"266\" data-src=\"https:\/\/www.todocon.com\/wp-content\/gallery\/sunflex\/Bild0792.jpg\" data-thumbnail=\"https:\/\/www.todocon.com\/wp-content\/gallery\/sunflex\/thumbs\/thumbs_Bild0792.jpg\" data-title=\"Bild0792\" data-description=\" \" >\n\t\t\t\t\t\t\t\t<img title=\"Bild0792\" alt=\"Bild0792\" src=\"https:\/\/www.todocon.com\/wp-content\/gallery\/sunflex\/thumbs\/thumbs_Bild0792.jpg\" width='240' height='160' \/>\n\t\t\t\t\t\t\t<\/a>\n\t\t\t<span> <\/span>\n\t\t<\/div>\n\t<\/div>\n\t\t \t\t\n\t<div id=\"ngg-image-267\" class=\"ngg-gallery-thumbnail-box\" style=\"width:25%;\" >\n\t\t<div class=\"ngg-gallery-thumbnail\" >\n\t\t\t<a href=\"https:\/\/www.todocon.com\/wp-content\/gallery\/sunflex\/Bild0796.jpg\"\n               title=\" \"\n               class=\"ngg-fancybox\" rel=\"3c129d35c7ffff7c8ad675e498b53215\" data-image-id=\"267\" data-src=\"https:\/\/www.todocon.com\/wp-content\/gallery\/sunflex\/Bild0796.jpg\" data-thumbnail=\"https:\/\/www.todocon.com\/wp-content\/gallery\/sunflex\/thumbs\/thumbs_Bild0796.jpg\" data-title=\"Bild0796\" data-description=\" \" >\n\t\t\t\t\t\t\t\t<img title=\"Bild0796\" alt=\"Bild0796\" src=\"https:\/\/www.todocon.com\/wp-content\/gallery\/sunflex\/thumbs\/thumbs_Bild0796.jpg\" width='240' height='160' \/>\n\t\t\t\t\t\t\t<\/a>\n\t\t\t<span> <\/span>\n\t\t<\/div>\n\t<\/div>\n\t\t\t<br style=\"clear: both\" \/>\n\t \t\t\n\t<div id=\"ngg-image-268\" class=\"ngg-gallery-thumbnail-box\" style=\"width:25%;\" >\n\t\t<div class=\"ngg-gallery-thumbnail\" >\n\t\t\t<a href=\"https:\/\/www.todocon.com\/wp-content\/gallery\/sunflex\/Bild1.jpg\"\n               title=\" \"\n               class=\"ngg-fancybox\" rel=\"3c129d35c7ffff7c8ad675e498b53215\" data-image-id=\"268\" data-src=\"https:\/\/www.todocon.com\/wp-content\/gallery\/sunflex\/Bild1.jpg\" data-thumbnail=\"https:\/\/www.todocon.com\/wp-content\/gallery\/sunflex\/thumbs\/thumbs_Bild1.jpg\" data-title=\"Bild1\" data-description=\" \" >\n\t\t\t\t\t\t\t\t<img title=\"Bild1\" alt=\"Bild1\" src=\"https:\/\/www.todocon.com\/wp-content\/gallery\/sunflex\/thumbs\/thumbs_Bild1.jpg\" width='240' height='160' \/>\n\t\t\t\t\t\t\t<\/a>\n\t\t\t<span> <\/span>\n\t\t<\/div>\n\t<\/div>\n\t\t \t\t\n\t<div id=\"ngg-image-269\" class=\"ngg-gallery-thumbnail-box\" style=\"width:25%;\" >\n\t\t<div class=\"ngg-gallery-thumbnail\" >\n\t\t\t<a href=\"https:\/\/www.todocon.com\/wp-content\/gallery\/sunflex\/Bild18.jpg\"\n               title=\" \"\n               class=\"ngg-fancybox\" rel=\"3c129d35c7ffff7c8ad675e498b53215\" data-image-id=\"269\" data-src=\"https:\/\/www.todocon.com\/wp-content\/gallery\/sunflex\/Bild18.jpg\" data-thumbnail=\"https:\/\/www.todocon.com\/wp-content\/gallery\/sunflex\/thumbs\/thumbs_Bild18.jpg\" data-title=\"Bild18\" data-description=\" \" >\n\t\t\t\t\t\t\t\t<img title=\"Bild18\" alt=\"Bild18\" src=\"https:\/\/www.todocon.com\/wp-content\/gallery\/sunflex\/thumbs\/thumbs_Bild18.jpg\" width='240' height='160' \/>\n\t\t\t\t\t\t\t<\/a>\n\t\t\t<span> <\/span>\n\t\t<\/div>\n\t<\/div>\n\t\t \t\t\n\t<div id=\"ngg-image-270\" class=\"ngg-gallery-thumbnail-box\" style=\"width:25%;\" >\n\t\t<div class=\"ngg-gallery-thumbnail\" >\n\t\t\t<a href=\"https:\/\/www.todocon.com\/wp-content\/gallery\/sunflex\/Img_5570.jpg\"\n               title=\" \"\n               class=\"ngg-fancybox\" rel=\"3c129d35c7ffff7c8ad675e498b53215\" data-image-id=\"270\" data-src=\"https:\/\/www.todocon.com\/wp-content\/gallery\/sunflex\/Img_5570.jpg\" data-thumbnail=\"https:\/\/www.todocon.com\/wp-content\/gallery\/sunflex\/thumbs\/thumbs_Img_5570.jpg\" data-title=\"Img_5570\" data-description=\" \" >\n\t\t\t\t\t\t\t\t<img title=\"Img_5570\" alt=\"Img_5570\" src=\"https:\/\/www.todocon.com\/wp-content\/gallery\/sunflex\/thumbs\/thumbs_Img_5570.jpg\" width='240' height='160' \/>\n\t\t\t\t\t\t\t<\/a>\n\t\t\t<span> <\/span>\n\t\t<\/div>\n\t<\/div>\n\t\t \t\t\n\t<div id=\"ngg-image-271\" class=\"ngg-gallery-thumbnail-box\" style=\"width:25%;\" >\n\t\t<div class=\"ngg-gallery-thumbnail\" >\n\t\t\t<a href=\"https:\/\/www.todocon.com\/wp-content\/gallery\/sunflex\/SF25-16.JPG\"\n               title=\" \"\n               class=\"ngg-fancybox\" rel=\"3c129d35c7ffff7c8ad675e498b53215\" data-image-id=\"271\" data-src=\"https:\/\/www.todocon.com\/wp-content\/gallery\/sunflex\/SF25-16.JPG\" data-thumbnail=\"https:\/\/www.todocon.com\/wp-content\/gallery\/sunflex\/thumbs\/thumbs_SF25-16.JPG\" data-title=\"SF25-16\" data-description=\" \" >\n\t\t\t\t\t\t\t\t<img title=\"SF25-16\" alt=\"SF25-16\" src=\"https:\/\/www.todocon.com\/wp-content\/gallery\/sunflex\/thumbs\/thumbs_SF25-16.JPG\" width='240' height='160' \/>\n\t\t\t\t\t\t\t<\/a>\n\t\t\t<span> <\/span>\n\t\t<\/div>\n\t<\/div>\n\t\t\t<br style=\"clear: both\" \/>\n\t \t\t\n\t<div id=\"ngg-image-272\" class=\"ngg-gallery-thumbnail-box\" style=\"width:25%;\" >\n\t\t<div class=\"ngg-gallery-thumbnail\" >\n\t\t\t<a href=\"https:\/\/www.todocon.com\/wp-content\/gallery\/sunflex\/SF25-17.JPG\"\n               title=\" \"\n               class=\"ngg-fancybox\" rel=\"3c129d35c7ffff7c8ad675e498b53215\" data-image-id=\"272\" data-src=\"https:\/\/www.todocon.com\/wp-content\/gallery\/sunflex\/SF25-17.JPG\" data-thumbnail=\"https:\/\/www.todocon.com\/wp-content\/gallery\/sunflex\/thumbs\/thumbs_SF25-17.JPG\" data-title=\"SF25-17\" data-description=\" \" >\n\t\t\t\t\t\t\t\t<img title=\"SF25-17\" alt=\"SF25-17\" src=\"https:\/\/www.todocon.com\/wp-content\/gallery\/sunflex\/thumbs\/thumbs_SF25-17.JPG\" width='240' height='160' \/>\n\t\t\t\t\t\t\t<\/a>\n\t\t\t<span> <\/span>\n\t\t<\/div>\n\t<\/div>\n\t\t \t\t\n\t<div id=\"ngg-image-273\" class=\"ngg-gallery-thumbnail-box\" style=\"width:25%;\" >\n\t\t<div class=\"ngg-gallery-thumbnail\" >\n\t\t\t<a href=\"https:\/\/www.todocon.com\/wp-content\/gallery\/sunflex\/SF25-37.JPG\"\n               title=\" \"\n               class=\"ngg-fancybox\" rel=\"3c129d35c7ffff7c8ad675e498b53215\" data-image-id=\"273\" data-src=\"https:\/\/www.todocon.com\/wp-content\/gallery\/sunflex\/SF25-37.JPG\" data-thumbnail=\"https:\/\/www.todocon.com\/wp-content\/gallery\/sunflex\/thumbs\/thumbs_SF25-37.JPG\" data-title=\"SF25-37\" data-description=\" \" >\n\t\t\t\t\t\t\t\t<img title=\"SF25-37\" alt=\"SF25-37\" src=\"https:\/\/www.todocon.com\/wp-content\/gallery\/sunflex\/thumbs\/thumbs_SF25-37.JPG\" width='240' height='160' \/>\n\t\t\t\t\t\t\t<\/a>\n\t\t\t<span> <\/span>\n\t\t<\/div>\n\t<\/div>\n\t\t \t\t\n\t<div id=\"ngg-image-274\" class=\"ngg-gallery-thumbnail-box\" style=\"width:25%;\" >\n\t\t<div class=\"ngg-gallery-thumbnail\" >\n\t\t\t<a href=\"https:\/\/www.todocon.com\/wp-content\/gallery\/sunflex\/Sunflex-Zadravec-3-1.jpg\"\n               title=\" \"\n               class=\"ngg-fancybox\" rel=\"3c129d35c7ffff7c8ad675e498b53215\" data-image-id=\"274\" data-src=\"https:\/\/www.todocon.com\/wp-content\/gallery\/sunflex\/Sunflex-Zadravec-3-1.jpg\" data-thumbnail=\"https:\/\/www.todocon.com\/wp-content\/gallery\/sunflex\/thumbs\/thumbs_Sunflex-Zadravec-3-1.jpg\" data-title=\"Sunflex Zadravec 3-1\" data-description=\" \" >\n\t\t\t\t\t\t\t\t<img title=\"Sunflex Zadravec 3-1\" alt=\"Sunflex Zadravec 3-1\" src=\"https:\/\/www.todocon.com\/wp-content\/gallery\/sunflex\/thumbs\/thumbs_Sunflex-Zadravec-3-1.jpg\" width='240' height='160' \/>\n\t\t\t\t\t\t\t<\/a>\n\t\t\t<span> <\/span>\n\t\t<\/div>\n\t<\/div>\n\t\t \t\t\n\t<div id=\"ngg-image-340\" class=\"ngg-gallery-thumbnail-box\" style=\"width:25%;\" >\n\t\t<div class=\"ngg-gallery-thumbnail\" >\n\t\t\t<a href=\"https:\/\/www.todocon.com\/wp-content\/gallery\/sunflex\/ALUM.PVC-CORTINA-CRISTAL-SUNFLEX.JPG\"\n               title=\" \"\n               class=\"ngg-fancybox\" rel=\"3c129d35c7ffff7c8ad675e498b53215\" data-image-id=\"340\" data-src=\"https:\/\/www.todocon.com\/wp-content\/gallery\/sunflex\/ALUM.PVC-CORTINA-CRISTAL-SUNFLEX.JPG\" data-thumbnail=\"https:\/\/www.todocon.com\/wp-content\/gallery\/sunflex\/thumbs\/thumbs_ALUM.PVC-CORTINA-CRISTAL-SUNFLEX.JPG\" data-title=\"ALUM.PVC CORTINA CRISTAL SUNFLEX\" data-description=\" \" >\n\t\t\t\t\t\t\t\t<img title=\"ALUM.PVC CORTINA CRISTAL SUNFLEX\" alt=\"ALUM.PVC CORTINA CRISTAL SUNFLEX\" src=\"https:\/\/www.todocon.com\/wp-content\/gallery\/sunflex\/thumbs\/thumbs_ALUM.PVC-CORTINA-CRISTAL-SUNFLEX.JPG\" width='240' height='160' \/>\n\t\t\t\t\t\t\t<\/a>\n\t\t\t<span> <\/span>\n\t\t<\/div>\n\t<\/div>\n\t\t\t<br style=\"clear: both\" \/>\n\t \t \t\n\t<!-- Pagination -->\n \t<div class='ngg-navigation'><span class='current'>1<\/span>\n<a class='page-numbers' data-pageid='2' href='https:\/\/www.todocon.com\/es_ES\/fabricante-cortinas-cristal-sunflex\/nggallery\/page\/2'>2<\/a>\n<a class='prev' href='https:\/\/www.todocon.com\/es_ES\/fabricante-cortinas-cristal-sunflex\/nggallery\/page\/2' data-pageid=2>&#9658;<\/a><\/div> \t\n<\/div>\n\n\n","protected":false},"excerpt":{"rendered":"<h2 class=\"western\"><em>Sunflex<\/em><\/h2>\n<p><b>Todocon&nbsp;<\/b>es fabricante y colaborador <b>Top Partner<\/b> de la prestigiosa compa\u00f1\u00eda alemana <b>SUNFLEX<\/b>. Sus productos son l\u00edderes del sector del cerramiento desde hace d\u00e9cadas y el sistema de co&#8230;<\/p>\n","protected":false},"author":1,"featured_media":0,"parent":0,"menu_order":0,"comment_status":"closed","ping_status":"open","template":"","meta":{"_monsterinsights_skip_tracking":false,"_monsterinsights_sitenote_active":false,"_monsterinsights_sitenote_note":"","_monsterinsights_sitenote_category":0,"ngg_post_thumbnail":0,"footnotes":""},"class_list":["post-6043","page","type-page","status-publish","hentry"],"yoast_head":"<!-- This site is optimized with the Yoast SEO plugin v17.5 - https:\/\/yoast.com\/wordpress\/plugins\/seo\/ -->\n<meta name=\"robots\" content=\"index, follow, max-snippet:-1, max-image-preview:large, max-video-preview:-1\" \/>\n<link rel=\"canonical\" href=\"https:\/\/www.todocon.com\/es_ES\/fabricante-cortinas-cristal-sunflex\/\" \/>\n<meta property=\"og:locale\" content=\"en_US\" \/>\n<meta property=\"og:type\" content=\"article\" \/>\n<meta property=\"og:title\" content=\"Fabricante cortinas cristal SUNFLEX - Todocon, empresa de cerramientos, cristaler\u00eda y m\u00e1mparas\" \/>\n<meta property=\"og:description\" content=\"Sunflex Todocon&nbsp;es fabricante y colaborador Top Partner de la prestigiosa compa\u00f1\u00eda alemana SUNFLEX. Sus productos son l\u00edderes del sector del cerramiento desde hace d\u00e9cadas y el sistema de co...\" \/>\n<meta property=\"og:url\" content=\"https:\/\/www.todocon.com\/es_ES\/fabricante-cortinas-cristal-sunflex\/\" \/>\n<meta property=\"og:site_name\" content=\"Todocon, empresa de cerramientos, cristaler\u00eda y m\u00e1mparas\" \/>\n<meta property=\"article:modified_time\" content=\"2020-07-15T09:19:54+00:00\" \/>\n<meta name=\"twitter:card\" content=\"summary\" \/>\n<meta name=\"twitter:label1\" content=\"Est. reading time\" \/>\n\t<meta name=\"twitter:data1\" content=\"1 minute\" \/>\n<script type=\"application\/ld+json\" class=\"yoast-schema-graph\">{\"@context\":\"https:\/\/schema.org\",\"@graph\":[{\"@type\":\"WebSite\",\"@id\":\"https:\/\/www.todocon.com\/es_ES\/#website\",\"url\":\"https:\/\/www.todocon.com\/es_ES\/\",\"name\":\"Todocon, empresa de cerramientos, cristaler\\u00eda y m\\u00e1mparas\",\"description\":\"\",\"potentialAction\":[{\"@type\":\"SearchAction\",\"target\":{\"@type\":\"EntryPoint\",\"urlTemplate\":\"https:\/\/www.todocon.com\/es_ES\/?s={search_term_string}\"},\"query-input\":\"required name=search_term_string\"}],\"inLanguage\":\"en-US\"},{\"@type\":\"WebPage\",\"@id\":\"https:\/\/www.todocon.com\/es_ES\/fabricante-cortinas-cristal-sunflex\/#webpage\",\"url\":\"https:\/\/www.todocon.com\/es_ES\/fabricante-cortinas-cristal-sunflex\/\",\"name\":\"Fabricante cortinas cristal SUNFLEX - Todocon, empresa de cerramientos, cristaler\\u00eda y m\\u00e1mparas\",\"isPartOf\":{\"@id\":\"https:\/\/www.todocon.com\/es_ES\/#website\"},\"datePublished\":\"2015-06-25T11:44:50+00:00\",\"dateModified\":\"2020-07-15T09:19:54+00:00\",\"breadcrumb\":{\"@id\":\"https:\/\/www.todocon.com\/es_ES\/fabricante-cortinas-cristal-sunflex\/#breadcrumb\"},\"inLanguage\":\"en-US\",\"potentialAction\":[{\"@type\":\"ReadAction\",\"target\":[\"https:\/\/www.todocon.com\/es_ES\/fabricante-cortinas-cristal-sunflex\/\"]}]},{\"@type\":\"BreadcrumbList\",\"@id\":\"https:\/\/www.todocon.com\/es_ES\/fabricante-cortinas-cristal-sunflex\/#breadcrumb\",\"itemListElement\":[{\"@type\":\"ListItem\",\"position\":1,\"name\":\"Portada\",\"item\":\"https:\/\/www.todocon.com\/\"},{\"@type\":\"ListItem\",\"position\":2,\"name\":\"Fabricante cortinas cristal SUNFLEX\"}]}]}<\/script>\n<!-- \/ Yoast SEO plugin. -->","yoast_head_json":{"robots":{"index":"index","follow":"follow","max-snippet":"max-snippet:-1","max-image-preview":"max-image-preview:large","max-video-preview":"max-video-preview:-1"},"canonical":"https:\/\/www.todocon.com\/es_ES\/fabricante-cortinas-cristal-sunflex\/","og_locale":"en_US","og_type":"article","og_title":"Fabricante cortinas cristal SUNFLEX - Todocon, empresa de cerramientos, cristaler\u00eda y m\u00e1mparas","og_description":"Sunflex Todocon&nbsp;es fabricante y colaborador Top Partner de la prestigiosa compa\u00f1\u00eda alemana SUNFLEX. Sus productos son l\u00edderes del sector del cerramiento desde hace d\u00e9cadas y el sistema de co...","og_url":"https:\/\/www.todocon.com\/es_ES\/fabricante-cortinas-cristal-sunflex\/","og_site_name":"Todocon, empresa de cerramientos, cristaler\u00eda y m\u00e1mparas","article_modified_time":"2020-07-15T09:19:54+00:00","twitter_card":"summary","twitter_misc":{"Est. reading time":"1 minute"},"schema":{"@context":"https:\/\/schema.org","@graph":[{"@type":"WebSite","@id":"https:\/\/www.todocon.com\/es_ES\/#website","url":"https:\/\/www.todocon.com\/es_ES\/","name":"Todocon, empresa de cerramientos, cristaler\u00eda y m\u00e1mparas","description":"","potentialAction":[{"@type":"SearchAction","target":{"@type":"EntryPoint","urlTemplate":"https:\/\/www.todocon.com\/es_ES\/?s={search_term_string}"},"query-input":"required name=search_term_string"}],"inLanguage":"en-US"},{"@type":"WebPage","@id":"https:\/\/www.todocon.com\/es_ES\/fabricante-cortinas-cristal-sunflex\/#webpage","url":"https:\/\/www.todocon.com\/es_ES\/fabricante-cortinas-cristal-sunflex\/","name":"Fabricante cortinas cristal SUNFLEX - Todocon, empresa de cerramientos, cristaler\u00eda y m\u00e1mparas","isPartOf":{"@id":"https:\/\/www.todocon.com\/es_ES\/#website"},"datePublished":"2015-06-25T11:44:50+00:00","dateModified":"2020-07-15T09:19:54+00:00","breadcrumb":{"@id":"https:\/\/www.todocon.com\/es_ES\/fabricante-cortinas-cristal-sunflex\/#breadcrumb"},"inLanguage":"en-US","potentialAction":[{"@type":"ReadAction","target":["https:\/\/www.todocon.com\/es_ES\/fabricante-cortinas-cristal-sunflex\/"]}]},{"@type":"BreadcrumbList","@id":"https:\/\/www.todocon.com\/es_ES\/fabricante-cortinas-cristal-sunflex\/#breadcrumb","itemListElement":[{"@type":"ListItem","position":1,"name":"Portada","item":"https:\/\/www.todocon.com\/"},{"@type":"ListItem","position":2,"name":"Fabricante cortinas cristal SUNFLEX"}]}]}},"_links":{"self":[{"href":"https:\/\/www.todocon.com\/es_ES\/wp-json\/wp\/v2\/pages\/6043","targetHints":{"allow":["GET"]}}],"collection":[{"href":"https:\/\/www.todocon.com\/es_ES\/wp-json\/wp\/v2\/pages"}],"about":[{"href":"https:\/\/www.todocon.com\/es_ES\/wp-json\/wp\/v2\/types\/page"}],"author":[{"embeddable":true,"href":"https:\/\/www.todocon.com\/es_ES\/wp-json\/wp\/v2\/users\/1"}],"replies":[{"embeddable":true,"href":"https:\/\/www.todocon.com\/es_ES\/wp-json\/wp\/v2\/comments?post=6043"}],"version-history":[{"count":22,"href":"https:\/\/www.todocon.com\/es_ES\/wp-json\/wp\/v2\/pages\/6043\/revisions"}],"predecessor-version":[{"id":8436,"href":"https:\/\/www.todocon.com\/es_ES\/wp-json\/wp\/v2\/pages\/6043\/revisions\/8436"}],"wp:attachment":[{"href":"https:\/\/www.todocon.com\/es_ES\/wp-json\/wp\/v2\/media?parent=6043"}],"curies":[{"name":"wp","href":"https:\/\/api.w.org\/{rel}","templated":true}]}}