{"id":6041,"date":"2015-06-25T11:44:09","date_gmt":"2015-06-25T11:44:09","guid":{"rendered":"http:\/\/www.todocon.com\/?page_id=6041"},"modified":"2020-07-15T09:20:32","modified_gmt":"2020-07-15T09:20:32","slug":"distribuidor-velux","status":"publish","type":"page","link":"https:\/\/www.todocon.com\/es_ES\/distribuidor-velux\/","title":{"rendered":"Distribuidor VELUX"},"content":{"rendered":"<h2 class=\"western\"><em>Velux<\/em><\/h2>\n<p>Somos distribuidores e instaladores Velux, que es desde hace m\u00e1s de 60 a\u00f1os, la compa\u00f1\u00eda l\u00edder en ventanas para tejados gracias a su alta calidad, permiti\u00e9ndole disfrutar c\u00f3modamente del espacio m\u00e1s atractivo de su hogar y garantiz\u00e1ndole luz, ventilaci\u00f3n y estanqueidad.&nbsp;Disponemos de una amplia variedad de productos en nuestra exposici\u00f3n.<\/p>\n<p><a href=\"\/wp-content\/uploads\/2015\/07\/logo_g.gif\"><img loading=\"lazy\" decoding=\"async\" class=\"alignleft wp-image-6247\" src=\"\/wp-content\/uploads\/2015\/07\/logo_g.gif\" alt=\"logo_g\" width=\"114\" height=\"38\"\/><\/a><\/p>\n\n<div class=\"ngg-galleryoverview ngg-template-caption\" id=\"ngg-gallery-0844996ee9e7c1780eb1c911edd6147f-6041\">\n\n\n\t<!-- Thumbnails -->\n    \t\t\n\t<div id=\"ngg-image-252\" class=\"ngg-gallery-thumbnail-box\" style=\"width:25%;\" >\n\t\t<div class=\"ngg-gallery-thumbnail\" >\n\t\t\t<a href=\"https:\/\/www.todocon.com\/wp-content\/gallery\/velux\/ALUMINIO-Y-PVC-VELUX3.jpg\"\n               title=\" \"\n               class=\"ngg-fancybox\" rel=\"0844996ee9e7c1780eb1c911edd6147f\" data-image-id=\"252\" data-src=\"https:\/\/www.todocon.com\/wp-content\/gallery\/velux\/ALUMINIO-Y-PVC-VELUX3.jpg\" data-thumbnail=\"https:\/\/www.todocon.com\/wp-content\/gallery\/velux\/thumbs\/thumbs_ALUMINIO-Y-PVC-VELUX3.jpg\" data-title=\"ALUMINIO Y PVC -  VELUX3\" data-description=\" \" >\n\t\t\t\t\t\t\t\t<img title=\"ALUMINIO Y PVC -  VELUX3\" alt=\"ALUMINIO Y PVC -  VELUX3\" src=\"https:\/\/www.todocon.com\/wp-content\/gallery\/velux\/thumbs\/thumbs_ALUMINIO-Y-PVC-VELUX3.jpg\" width='240' height='160' \/>\n\t\t\t\t\t\t\t<\/a>\n\t\t\t<span> <\/span>\n\t\t<\/div>\n\t<\/div>\n\t\t \t\t\n\t<div id=\"ngg-image-253\" class=\"ngg-gallery-thumbnail-box\" style=\"width:25%;\" >\n\t\t<div class=\"ngg-gallery-thumbnail\" >\n\t\t\t<a href=\"https:\/\/www.todocon.com\/wp-content\/gallery\/velux\/ALUMINIO-Y-PVC-VELUX-4.jpg\"\n               title=\" \"\n               class=\"ngg-fancybox\" rel=\"0844996ee9e7c1780eb1c911edd6147f\" data-image-id=\"253\" data-src=\"https:\/\/www.todocon.com\/wp-content\/gallery\/velux\/ALUMINIO-Y-PVC-VELUX-4.jpg\" data-thumbnail=\"https:\/\/www.todocon.com\/wp-content\/gallery\/velux\/thumbs\/thumbs_ALUMINIO-Y-PVC-VELUX-4.jpg\" data-title=\"ALUMINIO Y PVC - VELUX 4\" data-description=\" \" >\n\t\t\t\t\t\t\t\t<img title=\"ALUMINIO Y PVC - VELUX 4\" alt=\"ALUMINIO Y PVC - VELUX 4\" src=\"https:\/\/www.todocon.com\/wp-content\/gallery\/velux\/thumbs\/thumbs_ALUMINIO-Y-PVC-VELUX-4.jpg\" width='240' height='160' \/>\n\t\t\t\t\t\t\t<\/a>\n\t\t\t<span> <\/span>\n\t\t<\/div>\n\t<\/div>\n\t\t \t\t\n\t<div id=\"ngg-image-254\" class=\"ngg-gallery-thumbnail-box\" style=\"width:25%;\" >\n\t\t<div class=\"ngg-gallery-thumbnail\" >\n\t\t\t<a href=\"https:\/\/www.todocon.com\/wp-content\/gallery\/velux\/ALUMINIO-Y-PVC-VELUX.jpg\"\n               title=\" \"\n               class=\"ngg-fancybox\" rel=\"0844996ee9e7c1780eb1c911edd6147f\" data-image-id=\"254\" data-src=\"https:\/\/www.todocon.com\/wp-content\/gallery\/velux\/ALUMINIO-Y-PVC-VELUX.jpg\" data-thumbnail=\"https:\/\/www.todocon.com\/wp-content\/gallery\/velux\/thumbs\/thumbs_ALUMINIO-Y-PVC-VELUX.jpg\" data-title=\"ALUMINIO Y PVC - VELUX\" data-description=\" \" >\n\t\t\t\t\t\t\t\t<img title=\"ALUMINIO Y PVC - VELUX\" alt=\"ALUMINIO Y PVC - VELUX\" src=\"https:\/\/www.todocon.com\/wp-content\/gallery\/velux\/thumbs\/thumbs_ALUMINIO-Y-PVC-VELUX.jpg\" width='240' height='160' \/>\n\t\t\t\t\t\t\t<\/a>\n\t\t\t<span> <\/span>\n\t\t<\/div>\n\t<\/div>\n\t\t \t\t\n\t<div id=\"ngg-image-255\" class=\"ngg-gallery-thumbnail-box\" style=\"width:25%;\" >\n\t\t<div class=\"ngg-gallery-thumbnail\" >\n\t\t\t<a href=\"https:\/\/www.todocon.com\/wp-content\/gallery\/velux\/ALUMINIO-Y-PVC-VELUX2.jpg\"\n               title=\" \"\n               class=\"ngg-fancybox\" rel=\"0844996ee9e7c1780eb1c911edd6147f\" data-image-id=\"255\" data-src=\"https:\/\/www.todocon.com\/wp-content\/gallery\/velux\/ALUMINIO-Y-PVC-VELUX2.jpg\" data-thumbnail=\"https:\/\/www.todocon.com\/wp-content\/gallery\/velux\/thumbs\/thumbs_ALUMINIO-Y-PVC-VELUX2.jpg\" data-title=\"ALUMINIO Y PVC - VELUX2\" data-description=\" \" >\n\t\t\t\t\t\t\t\t<img title=\"ALUMINIO Y PVC - VELUX2\" alt=\"ALUMINIO Y PVC - VELUX2\" src=\"https:\/\/www.todocon.com\/wp-content\/gallery\/velux\/thumbs\/thumbs_ALUMINIO-Y-PVC-VELUX2.jpg\" width='240' height='160' \/>\n\t\t\t\t\t\t\t<\/a>\n\t\t\t<span> <\/span>\n\t\t<\/div>\n\t<\/div>\n\t\t\t<br style=\"clear: both\" \/>\n\t \t \t\n\t<!-- Pagination -->\n \t<div class='ngg-clear'><\/div> \t\n<\/div>\n\n\n","protected":false},"excerpt":{"rendered":"<h2 class=\"western\"><em>Velux<\/em><\/h2>\n<p>Somos distribuidores e instaladores Velux, que es desde hace m\u00e1s de 60 a\u00f1os, la compa\u00f1\u00eda l\u00edder en ventanas para tejados gracias a su alta calidad, permiti\u00e9ndole disfrutar c\u00f3modamente del espacio m\u00e1s atractivo d&#8230;<\/p>\n","protected":false},"author":1,"featured_media":0,"parent":0,"menu_order":0,"comment_status":"closed","ping_status":"open","template":"","meta":{"_monsterinsights_skip_tracking":false,"_monsterinsights_sitenote_active":false,"_monsterinsights_sitenote_note":"","_monsterinsights_sitenote_category":0,"ngg_post_thumbnail":0,"footnotes":""},"class_list":["post-6041","page","type-page","status-publish","hentry"],"yoast_head":"<!-- This site is optimized with the Yoast SEO plugin v17.5 - https:\/\/yoast.com\/wordpress\/plugins\/seo\/ -->\n<meta name=\"robots\" content=\"index, follow, max-snippet:-1, max-image-preview:large, max-video-preview:-1\" \/>\n<link rel=\"canonical\" href=\"https:\/\/www.todocon.com\/es_ES\/distribuidor-velux\/\" \/>\n<meta property=\"og:locale\" content=\"en_US\" \/>\n<meta property=\"og:type\" content=\"article\" \/>\n<meta property=\"og:title\" content=\"Distribuidor VELUX - Todocon, empresa de cerramientos, cristaler\u00eda y m\u00e1mparas\" \/>\n<meta property=\"og:description\" content=\"Velux Somos distribuidores e instaladores Velux, que es desde hace m\u00e1s de 60 a\u00f1os, la compa\u00f1\u00eda l\u00edder en ventanas para tejados gracias a su alta calidad, permiti\u00e9ndole disfrutar c\u00f3modamente del espacio m\u00e1s atractivo d...\" \/>\n<meta property=\"og:url\" content=\"https:\/\/www.todocon.com\/es_ES\/distribuidor-velux\/\" \/>\n<meta property=\"og:site_name\" content=\"Todocon, empresa de cerramientos, cristaler\u00eda y m\u00e1mparas\" \/>\n<meta property=\"article:modified_time\" content=\"2020-07-15T09:20:32+00:00\" \/>\n<meta property=\"og:image\" content=\"https:\/\/www.todocon.com\/wp-content\/uploads\/2015\/07\/logo_g.gif\" \/>\n<meta name=\"twitter:card\" content=\"summary\" \/>\n<script type=\"application\/ld+json\" class=\"yoast-schema-graph\">{\"@context\":\"https:\/\/schema.org\",\"@graph\":[{\"@type\":\"WebSite\",\"@id\":\"https:\/\/www.todocon.com\/es_ES\/#website\",\"url\":\"https:\/\/www.todocon.com\/es_ES\/\",\"name\":\"Todocon, empresa de cerramientos, cristaler\\u00eda y m\\u00e1mparas\",\"description\":\"\",\"potentialAction\":[{\"@type\":\"SearchAction\",\"target\":{\"@type\":\"EntryPoint\",\"urlTemplate\":\"https:\/\/www.todocon.com\/es_ES\/?s={search_term_string}\"},\"query-input\":\"required name=search_term_string\"}],\"inLanguage\":\"en-US\"},{\"@type\":\"ImageObject\",\"@id\":\"https:\/\/www.todocon.com\/es_ES\/distribuidor-velux\/#primaryimage\",\"inLanguage\":\"en-US\",\"url\":\"\/wp-content\/uploads\/2015\/07\/logo_g.gif\",\"contentUrl\":\"\/wp-content\/uploads\/2015\/07\/logo_g.gif\"},{\"@type\":\"WebPage\",\"@id\":\"https:\/\/www.todocon.com\/es_ES\/distribuidor-velux\/#webpage\",\"url\":\"https:\/\/www.todocon.com\/es_ES\/distribuidor-velux\/\",\"name\":\"Distribuidor VELUX - Todocon, empresa de cerramientos, cristaler\\u00eda y m\\u00e1mparas\",\"isPartOf\":{\"@id\":\"https:\/\/www.todocon.com\/es_ES\/#website\"},\"primaryImageOfPage\":{\"@id\":\"https:\/\/www.todocon.com\/es_ES\/distribuidor-velux\/#primaryimage\"},\"datePublished\":\"2015-06-25T11:44:09+00:00\",\"dateModified\":\"2020-07-15T09:20:32+00:00\",\"breadcrumb\":{\"@id\":\"https:\/\/www.todocon.com\/es_ES\/distribuidor-velux\/#breadcrumb\"},\"inLanguage\":\"en-US\",\"potentialAction\":[{\"@type\":\"ReadAction\",\"target\":[\"https:\/\/www.todocon.com\/es_ES\/distribuidor-velux\/\"]}]},{\"@type\":\"BreadcrumbList\",\"@id\":\"https:\/\/www.todocon.com\/es_ES\/distribuidor-velux\/#breadcrumb\",\"itemListElement\":[{\"@type\":\"ListItem\",\"position\":1,\"name\":\"Portada\",\"item\":\"https:\/\/www.todocon.com\/\"},{\"@type\":\"ListItem\",\"position\":2,\"name\":\"Distribuidor VELUX\"}]}]}<\/script>\n<!-- \/ Yoast SEO plugin. -->","yoast_head_json":{"robots":{"index":"index","follow":"follow","max-snippet":"max-snippet:-1","max-image-preview":"max-image-preview:large","max-video-preview":"max-video-preview:-1"},"canonical":"https:\/\/www.todocon.com\/es_ES\/distribuidor-velux\/","og_locale":"en_US","og_type":"article","og_title":"Distribuidor VELUX - Todocon, empresa de cerramientos, cristaler\u00eda y m\u00e1mparas","og_description":"Velux Somos distribuidores e instaladores Velux, que es desde hace m\u00e1s de 60 a\u00f1os, la compa\u00f1\u00eda l\u00edder en ventanas para tejados gracias a su alta calidad, permiti\u00e9ndole disfrutar c\u00f3modamente del espacio m\u00e1s atractivo d...","og_url":"https:\/\/www.todocon.com\/es_ES\/distribuidor-velux\/","og_site_name":"Todocon, empresa de cerramientos, cristaler\u00eda y m\u00e1mparas","article_modified_time":"2020-07-15T09:20:32+00:00","og_image":[{"url":"https:\/\/www.todocon.com\/wp-content\/uploads\/2015\/07\/logo_g.gif"}],"twitter_card":"summary","schema":{"@context":"https:\/\/schema.org","@graph":[{"@type":"WebSite","@id":"https:\/\/www.todocon.com\/es_ES\/#website","url":"https:\/\/www.todocon.com\/es_ES\/","name":"Todocon, empresa de cerramientos, cristaler\u00eda y m\u00e1mparas","description":"","potentialAction":[{"@type":"SearchAction","target":{"@type":"EntryPoint","urlTemplate":"https:\/\/www.todocon.com\/es_ES\/?s={search_term_string}"},"query-input":"required name=search_term_string"}],"inLanguage":"en-US"},{"@type":"ImageObject","@id":"https:\/\/www.todocon.com\/es_ES\/distribuidor-velux\/#primaryimage","inLanguage":"en-US","url":"\/wp-content\/uploads\/2015\/07\/logo_g.gif","contentUrl":"\/wp-content\/uploads\/2015\/07\/logo_g.gif"},{"@type":"WebPage","@id":"https:\/\/www.todocon.com\/es_ES\/distribuidor-velux\/#webpage","url":"https:\/\/www.todocon.com\/es_ES\/distribuidor-velux\/","name":"Distribuidor VELUX - Todocon, empresa de cerramientos, cristaler\u00eda y m\u00e1mparas","isPartOf":{"@id":"https:\/\/www.todocon.com\/es_ES\/#website"},"primaryImageOfPage":{"@id":"https:\/\/www.todocon.com\/es_ES\/distribuidor-velux\/#primaryimage"},"datePublished":"2015-06-25T11:44:09+00:00","dateModified":"2020-07-15T09:20:32+00:00","breadcrumb":{"@id":"https:\/\/www.todocon.com\/es_ES\/distribuidor-velux\/#breadcrumb"},"inLanguage":"en-US","potentialAction":[{"@type":"ReadAction","target":["https:\/\/www.todocon.com\/es_ES\/distribuidor-velux\/"]}]},{"@type":"BreadcrumbList","@id":"https:\/\/www.todocon.com\/es_ES\/distribuidor-velux\/#breadcrumb","itemListElement":[{"@type":"ListItem","position":1,"name":"Portada","item":"https:\/\/www.todocon.com\/"},{"@type":"ListItem","position":2,"name":"Distribuidor VELUX"}]}]}},"_links":{"self":[{"href":"https:\/\/www.todocon.com\/es_ES\/wp-json\/wp\/v2\/pages\/6041","targetHints":{"allow":["GET"]}}],"collection":[{"href":"https:\/\/www.todocon.com\/es_ES\/wp-json\/wp\/v2\/pages"}],"about":[{"href":"https:\/\/www.todocon.com\/es_ES\/wp-json\/wp\/v2\/types\/page"}],"author":[{"embeddable":true,"href":"https:\/\/www.todocon.com\/es_ES\/wp-json\/wp\/v2\/users\/1"}],"replies":[{"embeddable":true,"href":"https:\/\/www.todocon.com\/es_ES\/wp-json\/wp\/v2\/comments?post=6041"}],"version-history":[{"count":26,"href":"https:\/\/www.todocon.com\/es_ES\/wp-json\/wp\/v2\/pages\/6041\/revisions"}],"predecessor-version":[{"id":8438,"href":"https:\/\/www.todocon.com\/es_ES\/wp-json\/wp\/v2\/pages\/6041\/revisions\/8438"}],"wp:attachment":[{"href":"https:\/\/www.todocon.com\/es_ES\/wp-json\/wp\/v2\/media?parent=6041"}],"curies":[{"name":"wp","href":"https:\/\/api.w.org\/{rel}","templated":true}]}}