{"id":6039,"date":"2015-06-25T11:43:39","date_gmt":"2015-06-25T11:43:39","guid":{"rendered":"http:\/\/www.todocon.com\/?page_id=6039"},"modified":"2020-07-15T09:22:47","modified_gmt":"2020-07-15T09:22:47","slug":"persianas","status":"publish","type":"page","link":"https:\/\/www.todocon.com\/es_ES\/persianas\/","title":{"rendered":"Persianas, Mallorquinas y Mosquiteras"},"content":{"rendered":"<h2><em>Persianas<\/em><\/h2>\n<p>La elecci\u00f3n de una buena persiana es fundamental para cualquier tipo de obra, ya sea de nueva construcci\u00f3n o de rehabilitaci\u00f3n. As\u00ed, las&nbsp;<strong>persianas enrollables<\/strong>, nos permite ofrecerle un amplio cat\u00e1logo con el que satisfacer todo tipo de necesidades,&nbsp;consistente en lamas de <strong>aluminio perfilado<\/strong>, <strong>aluminio extrusionado<\/strong> y <strong>PVC<\/strong> con \u00f3ptimas prestaciones, est\u00e9ticas y mec\u00e1nicas, as\u00ed como una gran variedad de cajones, con los que atenuar este flujo energ\u00e9tico y ofrecer protecci\u00f3n solar.<\/p>\n<p>Cajones de PVC como <strong>Euroblock<\/strong> y <strong>Eurodecor<\/strong>, o la novedosa gama de cajones de aluminio perfilado, presentan unas propiedades de <strong>aislamiento ac\u00fastico<\/strong> y&nbsp;<strong>t\u00e9rmico<\/strong> superiores, gracias a un dise\u00f1o innovador y a materiales de primera calidad.<\/p>\n<div id=\"ngg-gallery-6844-1\" class=\"ngg-galleryoverview ngg-ajax-pagination-none\">\n<div id=\"ngg-image-0\" class=\"ngg-gallery-thumbnail-box\">\n<div class=\"ngg-gallery-thumbnail\">\n\n<div class=\"ngg-galleryoverview ngg-template-caption\" id=\"ngg-gallery-f958a6fe0830040cd4ef38a413a19976-6039\">\n\n\n\t<!-- Thumbnails -->\n    \t\t\n\t<div id=\"ngg-image-241\" class=\"ngg-gallery-thumbnail-box\" style=\"width:25%;\" >\n\t\t<div class=\"ngg-gallery-thumbnail\" >\n\t\t\t<a href=\"https:\/\/www.todocon.com\/wp-content\/gallery\/persianas\/ALUM-Y-PVC-TOLDO-INTERIOR.jpg\"\n               title=\" \"\n               class=\"ngg-fancybox\" rel=\"f958a6fe0830040cd4ef38a413a19976\" data-image-id=\"241\" data-src=\"https:\/\/www.todocon.com\/wp-content\/gallery\/persianas\/ALUM-Y-PVC-TOLDO-INTERIOR.jpg\" data-thumbnail=\"https:\/\/www.todocon.com\/wp-content\/gallery\/persianas\/thumbs\/thumbs_ALUM-Y-PVC-TOLDO-INTERIOR.jpg\" data-title=\"ALUM Y PVC TOLDO INTERIOR\" data-description=\" \" >\n\t\t\t\t\t\t\t\t<img title=\"ALUM Y PVC TOLDO INTERIOR\" alt=\"ALUM Y PVC TOLDO INTERIOR\" src=\"https:\/\/www.todocon.com\/wp-content\/gallery\/persianas\/thumbs\/thumbs_ALUM-Y-PVC-TOLDO-INTERIOR.jpg\" width='240' height='160' \/>\n\t\t\t\t\t\t\t<\/a>\n\t\t\t<span> <\/span>\n\t\t<\/div>\n\t<\/div>\n\t\t \t\t\n\t<div id=\"ngg-image-242\" class=\"ngg-gallery-thumbnail-box\" style=\"width:25%;\" >\n\t\t<div class=\"ngg-gallery-thumbnail\" >\n\t\t\t<a href=\"https:\/\/www.todocon.com\/wp-content\/gallery\/persianas\/ALUM-Y-PVC-PUERTA-ABATIBLE-CON-PERSIANA.JPG\"\n               title=\" \"\n               class=\"ngg-fancybox\" rel=\"f958a6fe0830040cd4ef38a413a19976\" data-image-id=\"242\" data-src=\"https:\/\/www.todocon.com\/wp-content\/gallery\/persianas\/ALUM-Y-PVC-PUERTA-ABATIBLE-CON-PERSIANA.JPG\" data-thumbnail=\"https:\/\/www.todocon.com\/wp-content\/gallery\/persianas\/thumbs\/thumbs_ALUM-Y-PVC-PUERTA-ABATIBLE-CON-PERSIANA.JPG\" data-title=\"ALUM Y PVC PUERTA ABATIBLE CON PERSIANA\" data-description=\" \" >\n\t\t\t\t\t\t\t\t<img title=\"ALUM Y PVC PUERTA ABATIBLE CON PERSIANA\" alt=\"ALUM Y PVC PUERTA ABATIBLE CON PERSIANA\" src=\"https:\/\/www.todocon.com\/wp-content\/gallery\/persianas\/thumbs\/thumbs_ALUM-Y-PVC-PUERTA-ABATIBLE-CON-PERSIANA.JPG\" width='240' height='160' \/>\n\t\t\t\t\t\t\t<\/a>\n\t\t\t<span> <\/span>\n\t\t<\/div>\n\t<\/div>\n\t\t \t\t\n\t<div id=\"ngg-image-347\" class=\"ngg-gallery-thumbnail-box\" style=\"width:25%;\" >\n\t\t<div class=\"ngg-gallery-thumbnail\" >\n\t\t\t<a href=\"https:\/\/www.todocon.com\/wp-content\/gallery\/persianas\/ALUM.PVC-PUERTAS-GARAJE-3.JPG\"\n               title=\" \"\n               class=\"ngg-fancybox\" rel=\"f958a6fe0830040cd4ef38a413a19976\" data-image-id=\"347\" data-src=\"https:\/\/www.todocon.com\/wp-content\/gallery\/persianas\/ALUM.PVC-PUERTAS-GARAJE-3.JPG\" data-thumbnail=\"https:\/\/www.todocon.com\/wp-content\/gallery\/persianas\/thumbs\/thumbs_ALUM.PVC-PUERTAS-GARAJE-3.JPG\" data-title=\"SAMSUNG\" data-description=\" \" >\n\t\t\t\t\t\t\t\t<img title=\"SAMSUNG\" alt=\"SAMSUNG\" src=\"https:\/\/www.todocon.com\/wp-content\/gallery\/persianas\/thumbs\/thumbs_ALUM.PVC-PUERTAS-GARAJE-3.JPG\" width='240' height='160' \/>\n\t\t\t\t\t\t\t<\/a>\n\t\t\t<span> <\/span>\n\t\t<\/div>\n\t<\/div>\n\t\t \t \t\n\t<!-- Pagination -->\n \t<div class='ngg-clear'><\/div> \t\n<\/div>\n\n\n<\/div>\n<\/div>\n<div class=\"ngg-clear\">&nbsp;<\/div>\n<\/div>\n<h2><em>Mallorquinas<\/em><\/h2>\n<div class=\"emp_content\">\n<div class=\"txtgen\">\n<div class=\"emp_content\">\n<div class=\"txtgen\">\n<p>Permiten controlar la <strong>entrada de la luz<\/strong>, favoreciendo al <strong>aislamiento t\u00e9rmico<\/strong> y <strong>ac\u00fastico<\/strong>.&nbsp;Como elemento de cerramiento act\u00faan como barrera de seguridad contra&nbsp;<strong>robos<\/strong>, al mismo tiempo que impiden la entrada de <strong>miradas ajenas.&nbsp;<\/strong>Fabricadas en <strong>aluminio&nbsp;<\/strong>de gran durabilidad que ofrecen una alta resistencia contra la intemperie y que requieren poco mantemiento.<\/p>\n<p>Mallorquinas<strong> abatibles<\/strong>, <strong>plegables<\/strong>, <strong>correderas<\/strong>\u2026 tambi\u00e9n con la posibilidad de servirse con <strong>lama fija<\/strong> o <strong>m\u00f3vil<\/strong>, incluso la combinaci\u00f3n de ambas.<\/p>\n<\/div>\n<\/div>\n<\/div>\n<\/div>\n<div id=\"ngg-gallery-7731-1\" class=\"ngg-galleryoverview ngg-ajax-pagination-none\">\n<div id=\"ngg-image-0\" class=\"ngg-gallery-thumbnail-box\">\n<div class=\"ngg-gallery-thumbnail\">\n\n<div class=\"ngg-galleryoverview ngg-template-caption\" id=\"ngg-gallery-d05d68a153314ba37e187d1753713f9a-6039\">\n\n\n\t<!-- Thumbnails -->\n    \t\t\n\t<div id=\"ngg-image-247\" class=\"ngg-gallery-thumbnail-box\" style=\"width:25%;\" >\n\t\t<div class=\"ngg-gallery-thumbnail\" >\n\t\t\t<a href=\"https:\/\/www.todocon.com\/wp-content\/gallery\/mallorquinas\/ALUM.PVC-MALLORQUINA.jpg\"\n               title=\" \"\n               class=\"ngg-fancybox\" rel=\"d05d68a153314ba37e187d1753713f9a\" data-image-id=\"247\" data-src=\"https:\/\/www.todocon.com\/wp-content\/gallery\/mallorquinas\/ALUM.PVC-MALLORQUINA.jpg\" data-thumbnail=\"https:\/\/www.todocon.com\/wp-content\/gallery\/mallorquinas\/thumbs\/thumbs_ALUM.PVC-MALLORQUINA.jpg\" data-title=\"ALUM.PVC MALLORQUINA\" data-description=\" \" >\n\t\t\t\t\t\t\t\t<img title=\"ALUM.PVC MALLORQUINA\" alt=\"ALUM.PVC MALLORQUINA\" src=\"https:\/\/www.todocon.com\/wp-content\/gallery\/mallorquinas\/thumbs\/thumbs_ALUM.PVC-MALLORQUINA.jpg\" width='240' height='160' \/>\n\t\t\t\t\t\t\t<\/a>\n\t\t\t<span> <\/span>\n\t\t<\/div>\n\t<\/div>\n\t\t \t \t\n\t<!-- Pagination -->\n \t<div class='ngg-clear'><\/div> \t\n<\/div>\n\n\n<\/div>\n<\/div>\n<div class=\"ngg-clear\">&nbsp;<\/div>\n<\/div>\n<h2><em>Mosquiteras<\/em><\/h2>\n<p>El sistema m\u00e1s <strong>pr\u00e1ctico <\/strong>y <strong>econ\u00f3mico<\/strong> para disfrutar de la luz, la brisa y las vistas sin sufrir a los molestos insectos.&nbsp;Con nuestra amplia serie de <strong>mosquiteras<\/strong> para puertas y ventanas, podr\u00e1 proteger su hogar contando con el plus de la calidad y valor a\u00f1adido que define a nuestra empresa.&nbsp;<strong>Mosquiteras<\/strong> con un cuidado dise\u00f1o y una funcionalidad para cada caso, junto a una extensa gama de <strong>colores<\/strong> y <strong>acabados<\/strong>, que hacen que nuestras mosquiteras se adapten a a las diversas carpinter\u00edas existentes, guardando las exigencias est\u00e9ticas y de decoraci\u00f3n tan cuidadas en la actualidad. Las hay enrollables, plisadas, abatibles, laterales, correderas y fijas.<\/p>\n\n<div class=\"ngg-galleryoverview ngg-template-caption\" id=\"ngg-gallery-d4a8ce4df09f7071a3976426c854cb9f-6039\">\n\n\n\t<!-- Thumbnails -->\n    \t\t\n\t<div id=\"ngg-image-243\" class=\"ngg-gallery-thumbnail-box\" style=\"width:25%;\" >\n\t\t<div class=\"ngg-gallery-thumbnail\" >\n\t\t\t<a href=\"https:\/\/www.todocon.com\/wp-content\/gallery\/mosquiteras\/ALUM-Y-PVC-MOSQUITERAS.jpg\"\n               title=\" \"\n               class=\"ngg-fancybox\" rel=\"d4a8ce4df09f7071a3976426c854cb9f\" data-image-id=\"243\" data-src=\"https:\/\/www.todocon.com\/wp-content\/gallery\/mosquiteras\/ALUM-Y-PVC-MOSQUITERAS.jpg\" data-thumbnail=\"https:\/\/www.todocon.com\/wp-content\/gallery\/mosquiteras\/thumbs\/thumbs_ALUM-Y-PVC-MOSQUITERAS.jpg\" data-title=\"ALUM Y PVC MOSQUITERAS\" data-description=\" \" >\n\t\t\t\t\t\t\t\t<img title=\"ALUM Y PVC MOSQUITERAS\" alt=\"ALUM Y PVC MOSQUITERAS\" src=\"https:\/\/www.todocon.com\/wp-content\/gallery\/mosquiteras\/thumbs\/thumbs_ALUM-Y-PVC-MOSQUITERAS.jpg\" width='240' height='160' \/>\n\t\t\t\t\t\t\t<\/a>\n\t\t\t<span> <\/span>\n\t\t<\/div>\n\t<\/div>\n\t\t \t\t\n\t<div id=\"ngg-image-244\" class=\"ngg-gallery-thumbnail-box\" style=\"width:25%;\" >\n\t\t<div class=\"ngg-gallery-thumbnail\" >\n\t\t\t<a href=\"https:\/\/www.todocon.com\/wp-content\/gallery\/mosquiteras\/ALUM-Y-PVC-MOSQUITERAS-2.jpg\"\n               title=\" \"\n               class=\"ngg-fancybox\" rel=\"d4a8ce4df09f7071a3976426c854cb9f\" data-image-id=\"244\" data-src=\"https:\/\/www.todocon.com\/wp-content\/gallery\/mosquiteras\/ALUM-Y-PVC-MOSQUITERAS-2.jpg\" data-thumbnail=\"https:\/\/www.todocon.com\/wp-content\/gallery\/mosquiteras\/thumbs\/thumbs_ALUM-Y-PVC-MOSQUITERAS-2.jpg\" data-title=\"ALUM Y PVC MOSQUITERAS 2\" data-description=\" \" >\n\t\t\t\t\t\t\t\t<img title=\"ALUM Y PVC MOSQUITERAS 2\" alt=\"ALUM Y PVC MOSQUITERAS 2\" src=\"https:\/\/www.todocon.com\/wp-content\/gallery\/mosquiteras\/thumbs\/thumbs_ALUM-Y-PVC-MOSQUITERAS-2.jpg\" width='240' height='160' \/>\n\t\t\t\t\t\t\t<\/a>\n\t\t\t<span> <\/span>\n\t\t<\/div>\n\t<\/div>\n\t\t \t\t\n\t<div id=\"ngg-image-348\" class=\"ngg-gallery-thumbnail-box\" style=\"width:25%;\" >\n\t\t<div class=\"ngg-gallery-thumbnail\" >\n\t\t\t<a href=\"https:\/\/www.todocon.com\/wp-content\/gallery\/mosquiteras\/enrollables.jpg\"\n               title=\" \"\n               class=\"ngg-fancybox\" rel=\"d4a8ce4df09f7071a3976426c854cb9f\" data-image-id=\"348\" data-src=\"https:\/\/www.todocon.com\/wp-content\/gallery\/mosquiteras\/enrollables.jpg\" data-thumbnail=\"https:\/\/www.todocon.com\/wp-content\/gallery\/mosquiteras\/thumbs\/thumbs_enrollables.jpg\" data-title=\"enrollables\" data-description=\" \" >\n\t\t\t\t\t\t\t\t<img title=\"enrollables\" alt=\"enrollables\" src=\"https:\/\/www.todocon.com\/wp-content\/gallery\/mosquiteras\/thumbs\/thumbs_enrollables.jpg\" width='240' height='160' \/>\n\t\t\t\t\t\t\t<\/a>\n\t\t\t<span> <\/span>\n\t\t<\/div>\n\t<\/div>\n\t\t \t\t\n\t<div id=\"ngg-image-349\" class=\"ngg-gallery-thumbnail-box\" style=\"width:25%;\" >\n\t\t<div class=\"ngg-gallery-thumbnail\" >\n\t\t\t<a href=\"https:\/\/www.todocon.com\/wp-content\/gallery\/mosquiteras\/plisable.jpg\"\n               title=\" \"\n               class=\"ngg-fancybox\" rel=\"d4a8ce4df09f7071a3976426c854cb9f\" data-image-id=\"349\" data-src=\"https:\/\/www.todocon.com\/wp-content\/gallery\/mosquiteras\/plisable.jpg\" data-thumbnail=\"https:\/\/www.todocon.com\/wp-content\/gallery\/mosquiteras\/thumbs\/thumbs_plisable.jpg\" data-title=\"plisable\" data-description=\" \" >\n\t\t\t\t\t\t\t\t<img title=\"plisable\" alt=\"plisable\" src=\"https:\/\/www.todocon.com\/wp-content\/gallery\/mosquiteras\/thumbs\/thumbs_plisable.jpg\" width='240' height='160' \/>\n\t\t\t\t\t\t\t<\/a>\n\t\t\t<span> <\/span>\n\t\t<\/div>\n\t<\/div>\n\t\t\t<br style=\"clear: both\" \/>\n\t \t \t\n\t<!-- Pagination -->\n \t<div class='ngg-clear'><\/div> \t\n<\/div>\n\n\n","protected":false},"excerpt":{"rendered":"<h2><em>Persianas<\/em><\/h2>\n<p>La elecci\u00f3n de una buena persiana es fundamental para cualquier tipo de obra, ya sea de nueva construcci\u00f3n o de rehabilitaci\u00f3n. As\u00ed, las&nbsp;<strong>persianas enrollables<\/strong>, nos permite ofrecerle un amplio cat\u00e1logo&#8230;<\/p>\n","protected":false},"author":1,"featured_media":0,"parent":0,"menu_order":0,"comment_status":"closed","ping_status":"open","template":"","meta":{"_monsterinsights_skip_tracking":false,"_monsterinsights_sitenote_active":false,"_monsterinsights_sitenote_note":"","_monsterinsights_sitenote_category":0,"ngg_post_thumbnail":0,"footnotes":""},"class_list":["post-6039","page","type-page","status-publish","hentry"],"yoast_head":"<!-- This site is optimized with the Yoast SEO plugin v17.5 - https:\/\/yoast.com\/wordpress\/plugins\/seo\/ -->\n<meta name=\"robots\" content=\"index, follow, max-snippet:-1, max-image-preview:large, max-video-preview:-1\" \/>\n<link rel=\"canonical\" href=\"https:\/\/www.todocon.com\/es_ES\/persianas\/\" \/>\n<meta property=\"og:locale\" content=\"en_US\" \/>\n<meta property=\"og:type\" content=\"article\" \/>\n<meta property=\"og:title\" content=\"Persianas, Mallorquinas y Mosquiteras - Todocon, empresa de cerramientos, cristaler\u00eda y m\u00e1mparas\" \/>\n<meta property=\"og:description\" content=\"Persianas La elecci\u00f3n de una buena persiana es fundamental para cualquier tipo de obra, ya sea de nueva construcci\u00f3n o de rehabilitaci\u00f3n. As\u00ed, las&nbsp;persianas enrollables, nos permite ofrecerle un amplio cat\u00e1logo...\" \/>\n<meta property=\"og:url\" content=\"https:\/\/www.todocon.com\/es_ES\/persianas\/\" \/>\n<meta property=\"og:site_name\" content=\"Todocon, empresa de cerramientos, cristaler\u00eda y m\u00e1mparas\" \/>\n<meta property=\"article:modified_time\" content=\"2020-07-15T09:22:47+00:00\" \/>\n<meta name=\"twitter:card\" content=\"summary\" \/>\n<meta name=\"twitter:label1\" content=\"Est. reading time\" \/>\n\t<meta name=\"twitter:data1\" content=\"2 minutes\" \/>\n<script type=\"application\/ld+json\" class=\"yoast-schema-graph\">{\"@context\":\"https:\/\/schema.org\",\"@graph\":[{\"@type\":\"WebSite\",\"@id\":\"https:\/\/www.todocon.com\/es_ES\/#website\",\"url\":\"https:\/\/www.todocon.com\/es_ES\/\",\"name\":\"Todocon, empresa de cerramientos, cristaler\\u00eda y m\\u00e1mparas\",\"description\":\"\",\"potentialAction\":[{\"@type\":\"SearchAction\",\"target\":{\"@type\":\"EntryPoint\",\"urlTemplate\":\"https:\/\/www.todocon.com\/es_ES\/?s={search_term_string}\"},\"query-input\":\"required name=search_term_string\"}],\"inLanguage\":\"en-US\"},{\"@type\":\"WebPage\",\"@id\":\"https:\/\/www.todocon.com\/es_ES\/persianas\/#webpage\",\"url\":\"https:\/\/www.todocon.com\/es_ES\/persianas\/\",\"name\":\"Persianas, Mallorquinas y Mosquiteras - Todocon, empresa de cerramientos, cristaler\\u00eda y m\\u00e1mparas\",\"isPartOf\":{\"@id\":\"https:\/\/www.todocon.com\/es_ES\/#website\"},\"datePublished\":\"2015-06-25T11:43:39+00:00\",\"dateModified\":\"2020-07-15T09:22:47+00:00\",\"breadcrumb\":{\"@id\":\"https:\/\/www.todocon.com\/es_ES\/persianas\/#breadcrumb\"},\"inLanguage\":\"en-US\",\"potentialAction\":[{\"@type\":\"ReadAction\",\"target\":[\"https:\/\/www.todocon.com\/es_ES\/persianas\/\"]}]},{\"@type\":\"BreadcrumbList\",\"@id\":\"https:\/\/www.todocon.com\/es_ES\/persianas\/#breadcrumb\",\"itemListElement\":[{\"@type\":\"ListItem\",\"position\":1,\"name\":\"Portada\",\"item\":\"https:\/\/www.todocon.com\/\"},{\"@type\":\"ListItem\",\"position\":2,\"name\":\"Persianas, Mallorquinas y Mosquiteras\"}]}]}<\/script>\n<!-- \/ Yoast SEO plugin. -->","yoast_head_json":{"robots":{"index":"index","follow":"follow","max-snippet":"max-snippet:-1","max-image-preview":"max-image-preview:large","max-video-preview":"max-video-preview:-1"},"canonical":"https:\/\/www.todocon.com\/es_ES\/persianas\/","og_locale":"en_US","og_type":"article","og_title":"Persianas, Mallorquinas y Mosquiteras - Todocon, empresa de cerramientos, cristaler\u00eda y m\u00e1mparas","og_description":"Persianas La elecci\u00f3n de una buena persiana es fundamental para cualquier tipo de obra, ya sea de nueva construcci\u00f3n o de rehabilitaci\u00f3n. As\u00ed, las&nbsp;persianas enrollables, nos permite ofrecerle un amplio cat\u00e1logo...","og_url":"https:\/\/www.todocon.com\/es_ES\/persianas\/","og_site_name":"Todocon, empresa de cerramientos, cristaler\u00eda y m\u00e1mparas","article_modified_time":"2020-07-15T09:22:47+00:00","twitter_card":"summary","twitter_misc":{"Est. reading time":"2 minutes"},"schema":{"@context":"https:\/\/schema.org","@graph":[{"@type":"WebSite","@id":"https:\/\/www.todocon.com\/es_ES\/#website","url":"https:\/\/www.todocon.com\/es_ES\/","name":"Todocon, empresa de cerramientos, cristaler\u00eda y m\u00e1mparas","description":"","potentialAction":[{"@type":"SearchAction","target":{"@type":"EntryPoint","urlTemplate":"https:\/\/www.todocon.com\/es_ES\/?s={search_term_string}"},"query-input":"required name=search_term_string"}],"inLanguage":"en-US"},{"@type":"WebPage","@id":"https:\/\/www.todocon.com\/es_ES\/persianas\/#webpage","url":"https:\/\/www.todocon.com\/es_ES\/persianas\/","name":"Persianas, Mallorquinas y Mosquiteras - Todocon, empresa de cerramientos, cristaler\u00eda y m\u00e1mparas","isPartOf":{"@id":"https:\/\/www.todocon.com\/es_ES\/#website"},"datePublished":"2015-06-25T11:43:39+00:00","dateModified":"2020-07-15T09:22:47+00:00","breadcrumb":{"@id":"https:\/\/www.todocon.com\/es_ES\/persianas\/#breadcrumb"},"inLanguage":"en-US","potentialAction":[{"@type":"ReadAction","target":["https:\/\/www.todocon.com\/es_ES\/persianas\/"]}]},{"@type":"BreadcrumbList","@id":"https:\/\/www.todocon.com\/es_ES\/persianas\/#breadcrumb","itemListElement":[{"@type":"ListItem","position":1,"name":"Portada","item":"https:\/\/www.todocon.com\/"},{"@type":"ListItem","position":2,"name":"Persianas, Mallorquinas y Mosquiteras"}]}]}},"_links":{"self":[{"href":"https:\/\/www.todocon.com\/es_ES\/wp-json\/wp\/v2\/pages\/6039","targetHints":{"allow":["GET"]}}],"collection":[{"href":"https:\/\/www.todocon.com\/es_ES\/wp-json\/wp\/v2\/pages"}],"about":[{"href":"https:\/\/www.todocon.com\/es_ES\/wp-json\/wp\/v2\/types\/page"}],"author":[{"embeddable":true,"href":"https:\/\/www.todocon.com\/es_ES\/wp-json\/wp\/v2\/users\/1"}],"replies":[{"embeddable":true,"href":"https:\/\/www.todocon.com\/es_ES\/wp-json\/wp\/v2\/comments?post=6039"}],"version-history":[{"count":33,"href":"https:\/\/www.todocon.com\/es_ES\/wp-json\/wp\/v2\/pages\/6039\/revisions"}],"predecessor-version":[{"id":8446,"href":"https:\/\/www.todocon.com\/es_ES\/wp-json\/wp\/v2\/pages\/6039\/revisions\/8446"}],"wp:attachment":[{"href":"https:\/\/www.todocon.com\/es_ES\/wp-json\/wp\/v2\/media?parent=6039"}],"curies":[{"name":"wp","href":"https:\/\/api.w.org\/{rel}","templated":true}]}}