{"id":6035,"date":"2015-06-25T11:42:38","date_gmt":"2015-06-25T11:42:38","guid":{"rendered":"http:\/\/www.todocon.com\/?page_id=6035"},"modified":"2020-07-15T09:23:34","modified_gmt":"2020-07-15T09:23:34","slug":"toldos","status":"publish","type":"page","link":"https:\/\/www.todocon.com\/es_ES\/toldos\/","title":{"rendered":"Toldos"},"content":{"rendered":"<h2><em>Toldos<\/em><\/h2>\n<p>Disponemos de toldos en todas sus variedades, como stor, punto recto, quitaviento, brazo articulado, monoblock, plano con anillas, plano de palilleria vista u oculta, de capota, cofre. tanto para el hogar como para el comercio. Manuales o motorizados.<\/p>\n<p>Combina un sofisticado e innovador dise\u00f1o, convirti\u00e9ndose en un elemento decorativo (su revolucionario sistema de motorizaci\u00f3n es silencioso). Su estilo est\u00e1 caracterizado por l\u00edneas puras, espacios despejados y ordenados, creando ambientes que destacan por su equilibrio y armon\u00eda. Por ello, es la favorita de Arquitectos y Dise\u00f1adores, siendo ideal para jardines, terrazas y piscinas. La versatilidad de este sistema, posibilita su ajuste y adaptaci\u00f3n a cualquier tipo de superficie, permitiendo tambi\u00e9n los cerramientos perimetrales para mayor privacidad.<\/p>\n<div id=\"ngg-gallery-7457-1\" class=\"ngg-galleryoverview ngg-ajax-pagination-none\">\n<div id=\"ngg-image-0\" class=\"ngg-gallery-thumbnail-box\">\n<div class=\"ngg-gallery-thumbnail\">\n\n<div class=\"ngg-galleryoverview ngg-template-caption\" id=\"ngg-gallery-f6bf3753684003cb4f1caa3eda59448d-6035\">\n\n\n\t<!-- Thumbnails -->\n    \t\t\n\t<div id=\"ngg-image-363\" class=\"ngg-gallery-thumbnail-box\" style=\"width:25%;\" >\n\t\t<div class=\"ngg-gallery-thumbnail\" >\n\t\t\t<a href=\"https:\/\/www.todocon.com\/wp-content\/gallery\/toldos1\/ALUM.-Y-PVC-TOLDO-TERRAZA.jpg\"\n               title=\" \"\n               class=\"ngg-fancybox\" rel=\"f6bf3753684003cb4f1caa3eda59448d\" data-image-id=\"363\" data-src=\"https:\/\/www.todocon.com\/wp-content\/gallery\/toldos1\/ALUM.-Y-PVC-TOLDO-TERRAZA.jpg\" data-thumbnail=\"https:\/\/www.todocon.com\/wp-content\/gallery\/toldos1\/thumbs\/thumbs_ALUM.-Y-PVC-TOLDO-TERRAZA.jpg\" data-title=\"ALUM.-Y-PVC-TOLDO-TERRAZA\" data-description=\" \" >\n\t\t\t\t\t\t\t\t<img title=\"ALUM.-Y-PVC-TOLDO-TERRAZA\" alt=\"ALUM.-Y-PVC-TOLDO-TERRAZA\" src=\"https:\/\/www.todocon.com\/wp-content\/gallery\/toldos1\/thumbs\/thumbs_ALUM.-Y-PVC-TOLDO-TERRAZA.jpg\" width='240' height='160' \/>\n\t\t\t\t\t\t\t<\/a>\n\t\t\t<span> <\/span>\n\t\t<\/div>\n\t<\/div>\n\t\t \t \t\n\t<!-- Pagination -->\n \t<div class='ngg-clear'><\/div> \t\n<\/div>\n\n\n<\/div>\n<\/div>\n<div class=\"ngg-clear\">&nbsp;<\/div>\n<\/div>\n<p>Son toldos ideales para lugares donde no es f\u00e1cil la colocaci\u00f3n de estructuras o gu\u00edas, como puede ser una terraza o un balc\u00f3n,&nbsp;debiendo integrarse perfectamente en el conjunto.<\/p>\n<div id=\"ngg-gallery-7465-1\" class=\"ngg-galleryoverview ngg-ajax-pagination-none\">\n<div id=\"ngg-image-0\" class=\"ngg-gallery-thumbnail-box\">\n<div class=\"ngg-gallery-thumbnail\">\n\n<div class=\"ngg-galleryoverview ngg-template-caption\" id=\"ngg-gallery-2134de2720f2cc15e9d086a2a37bc09b-6035\">\n\n\n\t<!-- Thumbnails -->\n    \t\t\n\t<div id=\"ngg-image-364\" class=\"ngg-gallery-thumbnail-box\" style=\"width:25%;\" >\n\t\t<div class=\"ngg-gallery-thumbnail\" >\n\t\t\t<a href=\"https:\/\/www.todocon.com\/wp-content\/gallery\/toldos2\/ALUM.-Y-PVC-TOLDO-TERRAZA-2-300x278.jpg\"\n               title=\" \"\n               class=\"ngg-fancybox\" rel=\"2134de2720f2cc15e9d086a2a37bc09b\" data-image-id=\"364\" data-src=\"https:\/\/www.todocon.com\/wp-content\/gallery\/toldos2\/ALUM.-Y-PVC-TOLDO-TERRAZA-2-300x278.jpg\" data-thumbnail=\"https:\/\/www.todocon.com\/wp-content\/gallery\/toldos2\/thumbs\/thumbs_ALUM.-Y-PVC-TOLDO-TERRAZA-2-300x278.jpg\" data-title=\"ALUM.-Y-PVC-TOLDO-TERRAZA-2-300x278\" data-description=\" \" >\n\t\t\t\t\t\t\t\t<img title=\"ALUM.-Y-PVC-TOLDO-TERRAZA-2-300x278\" alt=\"ALUM.-Y-PVC-TOLDO-TERRAZA-2-300x278\" src=\"https:\/\/www.todocon.com\/wp-content\/gallery\/toldos2\/thumbs\/thumbs_ALUM.-Y-PVC-TOLDO-TERRAZA-2-300x278.jpg\" width='240' height='160' \/>\n\t\t\t\t\t\t\t<\/a>\n\t\t\t<span> <\/span>\n\t\t<\/div>\n\t<\/div>\n\t\t \t \t\n\t<!-- Pagination -->\n \t<div class='ngg-clear'><\/div> \t\n<\/div>\n\n\n<\/div>\n<\/div>\n<div class=\"ngg-clear\">&nbsp;<\/div>\n<\/div>\n<p>Para instalaci\u00f3n tanto en fachadas como en terrazas o balcones, el sistema Cofre IRIS protege la lona y el propio mecanismo del toldo cuando est\u00e1 recogido, alargando por ello la vida \u00fatil del producto. En definitiva, m\u00e1xima protecci\u00f3n del sol combinada con alta resistencia, durabilidad y confort (gracias a los automatismos sol\/viento, se puede recoger autom\u00e1ticamente \u00e9l solo).<\/p>\n<div id=\"ngg-gallery-7472-1\" class=\"ngg-galleryoverview ngg-ajax-pagination-none\">\n<div id=\"ngg-image-0\" class=\"ngg-gallery-thumbnail-box\">\n<div class=\"ngg-gallery-thumbnail\">\n\n<div class=\"ngg-galleryoverview ngg-template-caption\" id=\"ngg-gallery-5cd3f73ce42a5ff8083a1e0d0cc7b1c3-6035\">\n\n\n\t<!-- Thumbnails -->\n    \t\t\n\t<div id=\"ngg-image-365\" class=\"ngg-gallery-thumbnail-box\" style=\"width:25%;\" >\n\t\t<div class=\"ngg-gallery-thumbnail\" >\n\t\t\t<a href=\"https:\/\/www.todocon.com\/wp-content\/gallery\/toldos3\/ALUM-Y-PVC-TOLDOS-300x225.jpg\"\n               title=\" \"\n               class=\"ngg-fancybox\" rel=\"5cd3f73ce42a5ff8083a1e0d0cc7b1c3\" data-image-id=\"365\" data-src=\"https:\/\/www.todocon.com\/wp-content\/gallery\/toldos3\/ALUM-Y-PVC-TOLDOS-300x225.jpg\" data-thumbnail=\"https:\/\/www.todocon.com\/wp-content\/gallery\/toldos3\/thumbs\/thumbs_ALUM-Y-PVC-TOLDOS-300x225.jpg\" data-title=\"ALUM-Y-PVC-TOLDOS-300x225\" data-description=\" \" >\n\t\t\t\t\t\t\t\t<img title=\"ALUM-Y-PVC-TOLDOS-300x225\" alt=\"ALUM-Y-PVC-TOLDOS-300x225\" src=\"https:\/\/www.todocon.com\/wp-content\/gallery\/toldos3\/thumbs\/thumbs_ALUM-Y-PVC-TOLDOS-300x225.jpg\" width='240' height='160' \/>\n\t\t\t\t\t\t\t<\/a>\n\t\t\t<span> <\/span>\n\t\t<\/div>\n\t<\/div>\n\t\t \t \t\n\t<!-- Pagination -->\n \t<div class='ngg-clear'><\/div> \t\n<\/div>\n\n\n<\/div>\n<\/div>\n<div class=\"ngg-clear\">&nbsp;<\/div>\n<\/div>\n<p>Una soluci\u00f3n de protecci\u00f3n solar y cerramiento de protecci\u00f3n tanto visual como por viento o lluvia. Se trata de un sistema adaptable y con gran versatilidad de estilos que lo convierten en la f\u00f3rmula perfecta para terrazas de \u00e1ticos, y espacios Contract como terrazas de restaurantes y locales de ocio.<\/p>\n<div id=\"ngg-gallery-7477-1\" class=\"ngg-galleryoverview ngg-ajax-pagination-none\">\n<div id=\"ngg-image-0\" class=\"ngg-gallery-thumbnail-box\">\n<div class=\"ngg-gallery-thumbnail\">\n\n<div class=\"ngg-galleryoverview ngg-template-caption\" id=\"ngg-gallery-2d8eedc8b2b0060f24dbf2370126959e-6035\">\n\n\n\t<!-- Thumbnails -->\n    \t\t\n\t<div id=\"ngg-image-366\" class=\"ngg-gallery-thumbnail-box\" style=\"width:25%;\" >\n\t\t<div class=\"ngg-gallery-thumbnail\" >\n\t\t\t<a href=\"https:\/\/www.todocon.com\/wp-content\/gallery\/toldos4\/toldos1-300x198.png\"\n               title=\" \"\n               class=\"ngg-fancybox\" rel=\"2d8eedc8b2b0060f24dbf2370126959e\" data-image-id=\"366\" data-src=\"https:\/\/www.todocon.com\/wp-content\/gallery\/toldos4\/toldos1-300x198.png\" data-thumbnail=\"https:\/\/www.todocon.com\/wp-content\/gallery\/toldos4\/thumbs\/thumbs_toldos1-300x198.png\" data-title=\"toldos1-300x198\" data-description=\" \" >\n\t\t\t\t\t\t\t\t<img title=\"toldos1-300x198\" alt=\"toldos1-300x198\" src=\"https:\/\/www.todocon.com\/wp-content\/gallery\/toldos4\/thumbs\/thumbs_toldos1-300x198.png\" width='240' height='160' \/>\n\t\t\t\t\t\t\t<\/a>\n\t\t\t<span> <\/span>\n\t\t<\/div>\n\t<\/div>\n\t\t \t \t\n\t<!-- Pagination -->\n \t<div class='ngg-clear'><\/div> \t\n<\/div>\n\n\n<\/div>\n<\/div>\n<\/div>\n<p>El sistema Cofre ARES protege la lona y el propio mecanismo del toldo cuando est\u00e1 recogido, alargando por ello la vida del producto. Si se motoriza y automatiza el mismo, ganaremos en calidad de vida y confort.&nbsp;Si buscamos una soluci\u00f3n tipo cofre, el sistema ARES se integra perfectamente en cualquier balc\u00f3n y gracias a los automatismos sol\/viento, se puede recoger autom\u00e1ticamente \u00e9l solo.<\/p>\n\n<div class=\"ngg-galleryoverview ngg-template-caption\" id=\"ngg-gallery-5445e5e76a0af6d621bcb698909ca182-6035\">\n\n\n\t<!-- Thumbnails -->\n    \t\t\n\t<div id=\"ngg-image-367\" class=\"ngg-gallery-thumbnail-box\" style=\"width:25%;\" >\n\t\t<div class=\"ngg-gallery-thumbnail\" >\n\t\t\t<a href=\"https:\/\/www.todocon.com\/wp-content\/gallery\/toldos5\/toldo1-300x198.png\"\n               title=\" \"\n               class=\"ngg-fancybox\" rel=\"5445e5e76a0af6d621bcb698909ca182\" data-image-id=\"367\" data-src=\"https:\/\/www.todocon.com\/wp-content\/gallery\/toldos5\/toldo1-300x198.png\" data-thumbnail=\"https:\/\/www.todocon.com\/wp-content\/gallery\/toldos5\/thumbs\/thumbs_toldo1-300x198.png\" data-title=\"toldo1-300x198\" data-description=\" \" >\n\t\t\t\t\t\t\t\t<img title=\"toldo1-300x198\" alt=\"toldo1-300x198\" src=\"https:\/\/www.todocon.com\/wp-content\/gallery\/toldos5\/thumbs\/thumbs_toldo1-300x198.png\" width='240' height='160' \/>\n\t\t\t\t\t\t\t<\/a>\n\t\t\t<span> <\/span>\n\t\t<\/div>\n\t<\/div>\n\t\t \t \t\n\t<!-- Pagination -->\n \t<div class='ngg-clear'><\/div> \t\n<\/div>\n\n\n<div id=\"ngg-gallery-7482-1\" class=\"ngg-galleryoverview ngg-ajax-pagination-none\">&nbsp;<\/div>\n","protected":false},"excerpt":{"rendered":"<h2><em>Toldos<\/em><\/h2>\n<p>Disponemos de toldos en todas sus variedades, como stor, punto recto, quitaviento, brazo articulado, monoblock, plano con anillas, plano de palilleria vista u oculta, de capota, cofre. tanto para el hogar como para el comerci&#8230;<\/p>\n","protected":false},"author":1,"featured_media":0,"parent":0,"menu_order":0,"comment_status":"closed","ping_status":"open","template":"","meta":{"_monsterinsights_skip_tracking":false,"_monsterinsights_sitenote_active":false,"_monsterinsights_sitenote_note":"","_monsterinsights_sitenote_category":0,"ngg_post_thumbnail":0,"footnotes":""},"class_list":["post-6035","page","type-page","status-publish","hentry"],"yoast_head":"<!-- This site is optimized with the Yoast SEO plugin v17.5 - https:\/\/yoast.com\/wordpress\/plugins\/seo\/ -->\n<meta name=\"robots\" content=\"index, follow, max-snippet:-1, max-image-preview:large, max-video-preview:-1\" \/>\n<link rel=\"canonical\" href=\"https:\/\/www.todocon.com\/es_ES\/toldos\/\" \/>\n<meta property=\"og:locale\" content=\"en_US\" \/>\n<meta property=\"og:type\" content=\"article\" \/>\n<meta property=\"og:title\" content=\"Toldos - Todocon, empresa de cerramientos, cristaler\u00eda y m\u00e1mparas\" \/>\n<meta property=\"og:description\" content=\"Toldos Disponemos de toldos en todas sus variedades, como stor, punto recto, quitaviento, brazo articulado, monoblock, plano con anillas, plano de palilleria vista u oculta, de capota, cofre. tanto para el hogar como para el comerci...\" \/>\n<meta property=\"og:url\" content=\"https:\/\/www.todocon.com\/es_ES\/toldos\/\" \/>\n<meta property=\"og:site_name\" content=\"Todocon, empresa de cerramientos, cristaler\u00eda y m\u00e1mparas\" \/>\n<meta property=\"article:modified_time\" content=\"2020-07-15T09:23:34+00:00\" \/>\n<meta name=\"twitter:card\" content=\"summary\" \/>\n<meta name=\"twitter:label1\" content=\"Est. reading time\" \/>\n\t<meta name=\"twitter:data1\" content=\"3 minutes\" \/>\n<script type=\"application\/ld+json\" class=\"yoast-schema-graph\">{\"@context\":\"https:\/\/schema.org\",\"@graph\":[{\"@type\":\"WebSite\",\"@id\":\"https:\/\/www.todocon.com\/es_ES\/#website\",\"url\":\"https:\/\/www.todocon.com\/es_ES\/\",\"name\":\"Todocon, empresa de cerramientos, cristaler\\u00eda y m\\u00e1mparas\",\"description\":\"\",\"potentialAction\":[{\"@type\":\"SearchAction\",\"target\":{\"@type\":\"EntryPoint\",\"urlTemplate\":\"https:\/\/www.todocon.com\/es_ES\/?s={search_term_string}\"},\"query-input\":\"required name=search_term_string\"}],\"inLanguage\":\"en-US\"},{\"@type\":\"WebPage\",\"@id\":\"https:\/\/www.todocon.com\/es_ES\/toldos\/#webpage\",\"url\":\"https:\/\/www.todocon.com\/es_ES\/toldos\/\",\"name\":\"Toldos - Todocon, empresa de cerramientos, cristaler\\u00eda y m\\u00e1mparas\",\"isPartOf\":{\"@id\":\"https:\/\/www.todocon.com\/es_ES\/#website\"},\"datePublished\":\"2015-06-25T11:42:38+00:00\",\"dateModified\":\"2020-07-15T09:23:34+00:00\",\"breadcrumb\":{\"@id\":\"https:\/\/www.todocon.com\/es_ES\/toldos\/#breadcrumb\"},\"inLanguage\":\"en-US\",\"potentialAction\":[{\"@type\":\"ReadAction\",\"target\":[\"https:\/\/www.todocon.com\/es_ES\/toldos\/\"]}]},{\"@type\":\"BreadcrumbList\",\"@id\":\"https:\/\/www.todocon.com\/es_ES\/toldos\/#breadcrumb\",\"itemListElement\":[{\"@type\":\"ListItem\",\"position\":1,\"name\":\"Portada\",\"item\":\"https:\/\/www.todocon.com\/\"},{\"@type\":\"ListItem\",\"position\":2,\"name\":\"Toldos\"}]}]}<\/script>\n<!-- \/ Yoast SEO plugin. -->","yoast_head_json":{"robots":{"index":"index","follow":"follow","max-snippet":"max-snippet:-1","max-image-preview":"max-image-preview:large","max-video-preview":"max-video-preview:-1"},"canonical":"https:\/\/www.todocon.com\/es_ES\/toldos\/","og_locale":"en_US","og_type":"article","og_title":"Toldos - Todocon, empresa de cerramientos, cristaler\u00eda y m\u00e1mparas","og_description":"Toldos Disponemos de toldos en todas sus variedades, como stor, punto recto, quitaviento, brazo articulado, monoblock, plano con anillas, plano de palilleria vista u oculta, de capota, cofre. tanto para el hogar como para el comerci...","og_url":"https:\/\/www.todocon.com\/es_ES\/toldos\/","og_site_name":"Todocon, empresa de cerramientos, cristaler\u00eda y m\u00e1mparas","article_modified_time":"2020-07-15T09:23:34+00:00","twitter_card":"summary","twitter_misc":{"Est. reading time":"3 minutes"},"schema":{"@context":"https:\/\/schema.org","@graph":[{"@type":"WebSite","@id":"https:\/\/www.todocon.com\/es_ES\/#website","url":"https:\/\/www.todocon.com\/es_ES\/","name":"Todocon, empresa de cerramientos, cristaler\u00eda y m\u00e1mparas","description":"","potentialAction":[{"@type":"SearchAction","target":{"@type":"EntryPoint","urlTemplate":"https:\/\/www.todocon.com\/es_ES\/?s={search_term_string}"},"query-input":"required name=search_term_string"}],"inLanguage":"en-US"},{"@type":"WebPage","@id":"https:\/\/www.todocon.com\/es_ES\/toldos\/#webpage","url":"https:\/\/www.todocon.com\/es_ES\/toldos\/","name":"Toldos - Todocon, empresa de cerramientos, cristaler\u00eda y m\u00e1mparas","isPartOf":{"@id":"https:\/\/www.todocon.com\/es_ES\/#website"},"datePublished":"2015-06-25T11:42:38+00:00","dateModified":"2020-07-15T09:23:34+00:00","breadcrumb":{"@id":"https:\/\/www.todocon.com\/es_ES\/toldos\/#breadcrumb"},"inLanguage":"en-US","potentialAction":[{"@type":"ReadAction","target":["https:\/\/www.todocon.com\/es_ES\/toldos\/"]}]},{"@type":"BreadcrumbList","@id":"https:\/\/www.todocon.com\/es_ES\/toldos\/#breadcrumb","itemListElement":[{"@type":"ListItem","position":1,"name":"Portada","item":"https:\/\/www.todocon.com\/"},{"@type":"ListItem","position":2,"name":"Toldos"}]}]}},"_links":{"self":[{"href":"https:\/\/www.todocon.com\/es_ES\/wp-json\/wp\/v2\/pages\/6035","targetHints":{"allow":["GET"]}}],"collection":[{"href":"https:\/\/www.todocon.com\/es_ES\/wp-json\/wp\/v2\/pages"}],"about":[{"href":"https:\/\/www.todocon.com\/es_ES\/wp-json\/wp\/v2\/types\/page"}],"author":[{"embeddable":true,"href":"https:\/\/www.todocon.com\/es_ES\/wp-json\/wp\/v2\/users\/1"}],"replies":[{"embeddable":true,"href":"https:\/\/www.todocon.com\/es_ES\/wp-json\/wp\/v2\/comments?post=6035"}],"version-history":[{"count":75,"href":"https:\/\/www.todocon.com\/es_ES\/wp-json\/wp\/v2\/pages\/6035\/revisions"}],"predecessor-version":[{"id":8450,"href":"https:\/\/www.todocon.com\/es_ES\/wp-json\/wp\/v2\/pages\/6035\/revisions\/8450"}],"wp:attachment":[{"href":"https:\/\/www.todocon.com\/es_ES\/wp-json\/wp\/v2\/media?parent=6035"}],"curies":[{"name":"wp","href":"https:\/\/api.w.org\/{rel}","templated":true}]}}