{"id":6033,"date":"2015-06-25T11:42:14","date_gmt":"2015-06-25T11:42:14","guid":{"rendered":"http:\/\/www.todocon.com\/?page_id=6033"},"modified":"2020-07-15T09:23:23","modified_gmt":"2020-07-15T09:23:23","slug":"techos-movilesfijos","status":"publish","type":"page","link":"https:\/\/www.todocon.com\/es_ES\/techos-movilesfijos\/","title":{"rendered":"Techos m\u00f3viles\/fijos"},"content":{"rendered":"<h2 class=\"western\"><em>Techos m\u00f3viles o fijos<\/em><\/h2>\n<p>Disponemos de una amplia gama de techos fijos y m\u00f3viles, de apertura tanto manual como motorizada, ideales para cerramientos de terrazas, patios, porches, etc., creando superficies polivalentes con cerramientos de alta calidad, dise\u00f1ados para crear un bienestar en su hogar. Se les puede dar cualquier color de la carta RAL o incluso asignarle colores imitaci\u00f3n de maderas.<\/p>\n\n<div class=\"ngg-galleryoverview ngg-template-caption\" id=\"ngg-gallery-18f95a73c21765c02436ed61dcecd1df-6033\">\n\n\n\t<!-- Thumbnails -->\n    \t\t\n\t<div id=\"ngg-image-332\" class=\"ngg-gallery-thumbnail-box\" style=\"width:25%;\" >\n\t\t<div class=\"ngg-gallery-thumbnail\" >\n\t\t\t<a href=\"https:\/\/www.todocon.com\/wp-content\/gallery\/techos-y-pergolas\/ALUM.PVC-PUERTA-ALUMINIO.JPG\"\n               title=\" \"\n               class=\"ngg-fancybox\" rel=\"18f95a73c21765c02436ed61dcecd1df\" data-image-id=\"332\" data-src=\"https:\/\/www.todocon.com\/wp-content\/gallery\/techos-y-pergolas\/ALUM.PVC-PUERTA-ALUMINIO.JPG\" data-thumbnail=\"https:\/\/www.todocon.com\/wp-content\/gallery\/techos-y-pergolas\/thumbs\/thumbs_ALUM.PVC-PUERTA-ALUMINIO.JPG\" data-title=\"ALUM.PVC - PUERTA ALUMINIO\" data-description=\" \" >\n\t\t\t\t\t\t\t\t<img title=\"ALUM.PVC - PUERTA ALUMINIO\" alt=\"ALUM.PVC - PUERTA ALUMINIO\" src=\"https:\/\/www.todocon.com\/wp-content\/gallery\/techos-y-pergolas\/thumbs\/thumbs_ALUM.PVC-PUERTA-ALUMINIO.JPG\" width='240' height='160' \/>\n\t\t\t\t\t\t\t<\/a>\n\t\t\t<span> <\/span>\n\t\t<\/div>\n\t<\/div>\n\t\t \t\t\n\t<div id=\"ngg-image-333\" class=\"ngg-gallery-thumbnail-box\" style=\"width:25%;\" >\n\t\t<div class=\"ngg-gallery-thumbnail\" >\n\t\t\t<a href=\"https:\/\/www.todocon.com\/wp-content\/gallery\/techos-y-pergolas\/ALUM-Y-PVC-TOLDO-QUITAVIENTOS.jpg\"\n               title=\" \"\n               class=\"ngg-fancybox\" rel=\"18f95a73c21765c02436ed61dcecd1df\" data-image-id=\"333\" data-src=\"https:\/\/www.todocon.com\/wp-content\/gallery\/techos-y-pergolas\/ALUM-Y-PVC-TOLDO-QUITAVIENTOS.jpg\" data-thumbnail=\"https:\/\/www.todocon.com\/wp-content\/gallery\/techos-y-pergolas\/thumbs\/thumbs_ALUM-Y-PVC-TOLDO-QUITAVIENTOS.jpg\" data-title=\"ALUM Y PVC TOLDO QUITAVIENTOS\" data-description=\" \" >\n\t\t\t\t\t\t\t\t<img title=\"ALUM Y PVC TOLDO QUITAVIENTOS\" alt=\"ALUM Y PVC TOLDO QUITAVIENTOS\" src=\"https:\/\/www.todocon.com\/wp-content\/gallery\/techos-y-pergolas\/thumbs\/thumbs_ALUM-Y-PVC-TOLDO-QUITAVIENTOS.jpg\" width='240' height='160' \/>\n\t\t\t\t\t\t\t<\/a>\n\t\t\t<span> <\/span>\n\t\t<\/div>\n\t<\/div>\n\t\t \t\t\n\t<div id=\"ngg-image-334\" class=\"ngg-gallery-thumbnail-box\" style=\"width:25%;\" >\n\t\t<div class=\"ngg-gallery-thumbnail\" >\n\t\t\t<a href=\"https:\/\/www.todocon.com\/wp-content\/gallery\/techos-y-pergolas\/ALUM.PVC-CORTINA-CRISTAL-SUNFLEX-7.JPG\"\n               title=\" \"\n               class=\"ngg-fancybox\" rel=\"18f95a73c21765c02436ed61dcecd1df\" data-image-id=\"334\" data-src=\"https:\/\/www.todocon.com\/wp-content\/gallery\/techos-y-pergolas\/ALUM.PVC-CORTINA-CRISTAL-SUNFLEX-7.JPG\" data-thumbnail=\"https:\/\/www.todocon.com\/wp-content\/gallery\/techos-y-pergolas\/thumbs\/thumbs_ALUM.PVC-CORTINA-CRISTAL-SUNFLEX-7.JPG\" data-title=\"ALUM.PVC CORTINA CRISTAL SUNFLEX 7\" data-description=\" \" >\n\t\t\t\t\t\t\t\t<img title=\"ALUM.PVC CORTINA CRISTAL SUNFLEX 7\" alt=\"ALUM.PVC CORTINA CRISTAL SUNFLEX 7\" src=\"https:\/\/www.todocon.com\/wp-content\/gallery\/techos-y-pergolas\/thumbs\/thumbs_ALUM.PVC-CORTINA-CRISTAL-SUNFLEX-7.JPG\" width='240' height='160' \/>\n\t\t\t\t\t\t\t<\/a>\n\t\t\t<span> <\/span>\n\t\t<\/div>\n\t<\/div>\n\t\t \t\t\n\t<div id=\"ngg-image-335\" class=\"ngg-gallery-thumbnail-box\" style=\"width:25%;\" >\n\t\t<div class=\"ngg-gallery-thumbnail\" >\n\t\t\t<a href=\"https:\/\/www.todocon.com\/wp-content\/gallery\/techos-y-pergolas\/ALUM.-PVC-TECHO.JPG\"\n               title=\" \"\n               class=\"ngg-fancybox\" rel=\"18f95a73c21765c02436ed61dcecd1df\" data-image-id=\"335\" data-src=\"https:\/\/www.todocon.com\/wp-content\/gallery\/techos-y-pergolas\/ALUM.-PVC-TECHO.JPG\" data-thumbnail=\"https:\/\/www.todocon.com\/wp-content\/gallery\/techos-y-pergolas\/thumbs\/thumbs_ALUM.-PVC-TECHO.JPG\" data-title=\"ALUM.-PVC -TECHO\" data-description=\" \" >\n\t\t\t\t\t\t\t\t<img title=\"ALUM.-PVC -TECHO\" alt=\"ALUM.-PVC -TECHO\" src=\"https:\/\/www.todocon.com\/wp-content\/gallery\/techos-y-pergolas\/thumbs\/thumbs_ALUM.-PVC-TECHO.JPG\" width='240' height='160' \/>\n\t\t\t\t\t\t\t<\/a>\n\t\t\t<span> <\/span>\n\t\t<\/div>\n\t<\/div>\n\t\t\t<br style=\"clear: both\" \/>\n\t \t\t\n\t<div id=\"ngg-image-336\" class=\"ngg-gallery-thumbnail-box\" style=\"width:25%;\" >\n\t\t<div class=\"ngg-gallery-thumbnail\" >\n\t\t\t<a href=\"https:\/\/www.todocon.com\/wp-content\/gallery\/techos-y-pergolas\/CRISTAL-TECHO-CRISTAL.JPG\"\n               title=\" \"\n               class=\"ngg-fancybox\" rel=\"18f95a73c21765c02436ed61dcecd1df\" data-image-id=\"336\" data-src=\"https:\/\/www.todocon.com\/wp-content\/gallery\/techos-y-pergolas\/CRISTAL-TECHO-CRISTAL.JPG\" data-thumbnail=\"https:\/\/www.todocon.com\/wp-content\/gallery\/techos-y-pergolas\/thumbs\/thumbs_CRISTAL-TECHO-CRISTAL.JPG\" data-title=\"CRISTAL - TECHO CRISTAL\" data-description=\" \" >\n\t\t\t\t\t\t\t\t<img title=\"CRISTAL - TECHO CRISTAL\" alt=\"CRISTAL - TECHO CRISTAL\" src=\"https:\/\/www.todocon.com\/wp-content\/gallery\/techos-y-pergolas\/thumbs\/thumbs_CRISTAL-TECHO-CRISTAL.JPG\" width='240' height='160' \/>\n\t\t\t\t\t\t\t<\/a>\n\t\t\t<span> <\/span>\n\t\t<\/div>\n\t<\/div>\n\t\t \t \t\n\t<!-- Pagination -->\n \t<div class='ngg-clear'><\/div> \t\n<\/div>\n\n\n","protected":false},"excerpt":{"rendered":"<h2 class=\"western\"><em>Techos m\u00f3viles o fijos<\/em><\/h2>\n<p>Disponemos de una amplia gama de techos fijos y m\u00f3viles, de apertura tanto manual como motorizada, ideales para cerramientos de terrazas, patios, porches, etc., creando superficies polivalentes&#8230;<\/p>\n","protected":false},"author":1,"featured_media":0,"parent":0,"menu_order":0,"comment_status":"closed","ping_status":"open","template":"","meta":{"_monsterinsights_skip_tracking":false,"_monsterinsights_sitenote_active":false,"_monsterinsights_sitenote_note":"","_monsterinsights_sitenote_category":0,"ngg_post_thumbnail":0,"footnotes":""},"class_list":["post-6033","page","type-page","status-publish","hentry"],"yoast_head":"<!-- This site is optimized with the Yoast SEO plugin v17.5 - https:\/\/yoast.com\/wordpress\/plugins\/seo\/ -->\n<meta name=\"robots\" content=\"index, follow, max-snippet:-1, max-image-preview:large, max-video-preview:-1\" \/>\n<link rel=\"canonical\" href=\"https:\/\/www.todocon.com\/es_ES\/techos-movilesfijos\/\" \/>\n<meta property=\"og:locale\" content=\"en_US\" \/>\n<meta property=\"og:type\" content=\"article\" \/>\n<meta property=\"og:title\" content=\"Techos m\u00f3viles\/fijos - Todocon, empresa de cerramientos, cristaler\u00eda y m\u00e1mparas\" \/>\n<meta property=\"og:description\" content=\"Techos m\u00f3viles o fijos Disponemos de una amplia gama de techos fijos y m\u00f3viles, de apertura tanto manual como motorizada, ideales para cerramientos de terrazas, patios, porches, etc., creando superficies polivalentes...\" \/>\n<meta property=\"og:url\" content=\"https:\/\/www.todocon.com\/es_ES\/techos-movilesfijos\/\" \/>\n<meta property=\"og:site_name\" content=\"Todocon, empresa de cerramientos, cristaler\u00eda y m\u00e1mparas\" \/>\n<meta property=\"article:modified_time\" content=\"2020-07-15T09:23:23+00:00\" \/>\n<meta name=\"twitter:card\" content=\"summary\" \/>\n<script type=\"application\/ld+json\" class=\"yoast-schema-graph\">{\"@context\":\"https:\/\/schema.org\",\"@graph\":[{\"@type\":\"WebSite\",\"@id\":\"https:\/\/www.todocon.com\/es_ES\/#website\",\"url\":\"https:\/\/www.todocon.com\/es_ES\/\",\"name\":\"Todocon, empresa de cerramientos, cristaler\\u00eda y m\\u00e1mparas\",\"description\":\"\",\"potentialAction\":[{\"@type\":\"SearchAction\",\"target\":{\"@type\":\"EntryPoint\",\"urlTemplate\":\"https:\/\/www.todocon.com\/es_ES\/?s={search_term_string}\"},\"query-input\":\"required name=search_term_string\"}],\"inLanguage\":\"en-US\"},{\"@type\":\"WebPage\",\"@id\":\"https:\/\/www.todocon.com\/es_ES\/techos-movilesfijos\/#webpage\",\"url\":\"https:\/\/www.todocon.com\/es_ES\/techos-movilesfijos\/\",\"name\":\"Techos m\\u00f3viles\/fijos - Todocon, empresa de cerramientos, cristaler\\u00eda y m\\u00e1mparas\",\"isPartOf\":{\"@id\":\"https:\/\/www.todocon.com\/es_ES\/#website\"},\"datePublished\":\"2015-06-25T11:42:14+00:00\",\"dateModified\":\"2020-07-15T09:23:23+00:00\",\"breadcrumb\":{\"@id\":\"https:\/\/www.todocon.com\/es_ES\/techos-movilesfijos\/#breadcrumb\"},\"inLanguage\":\"en-US\",\"potentialAction\":[{\"@type\":\"ReadAction\",\"target\":[\"https:\/\/www.todocon.com\/es_ES\/techos-movilesfijos\/\"]}]},{\"@type\":\"BreadcrumbList\",\"@id\":\"https:\/\/www.todocon.com\/es_ES\/techos-movilesfijos\/#breadcrumb\",\"itemListElement\":[{\"@type\":\"ListItem\",\"position\":1,\"name\":\"Portada\",\"item\":\"https:\/\/www.todocon.com\/\"},{\"@type\":\"ListItem\",\"position\":2,\"name\":\"Techos m\\u00f3viles\/fijos\"}]}]}<\/script>\n<!-- \/ Yoast SEO plugin. -->","yoast_head_json":{"robots":{"index":"index","follow":"follow","max-snippet":"max-snippet:-1","max-image-preview":"max-image-preview:large","max-video-preview":"max-video-preview:-1"},"canonical":"https:\/\/www.todocon.com\/es_ES\/techos-movilesfijos\/","og_locale":"en_US","og_type":"article","og_title":"Techos m\u00f3viles\/fijos - Todocon, empresa de cerramientos, cristaler\u00eda y m\u00e1mparas","og_description":"Techos m\u00f3viles o fijos Disponemos de una amplia gama de techos fijos y m\u00f3viles, de apertura tanto manual como motorizada, ideales para cerramientos de terrazas, patios, porches, etc., creando superficies polivalentes...","og_url":"https:\/\/www.todocon.com\/es_ES\/techos-movilesfijos\/","og_site_name":"Todocon, empresa de cerramientos, cristaler\u00eda y m\u00e1mparas","article_modified_time":"2020-07-15T09:23:23+00:00","twitter_card":"summary","schema":{"@context":"https:\/\/schema.org","@graph":[{"@type":"WebSite","@id":"https:\/\/www.todocon.com\/es_ES\/#website","url":"https:\/\/www.todocon.com\/es_ES\/","name":"Todocon, empresa de cerramientos, cristaler\u00eda y m\u00e1mparas","description":"","potentialAction":[{"@type":"SearchAction","target":{"@type":"EntryPoint","urlTemplate":"https:\/\/www.todocon.com\/es_ES\/?s={search_term_string}"},"query-input":"required name=search_term_string"}],"inLanguage":"en-US"},{"@type":"WebPage","@id":"https:\/\/www.todocon.com\/es_ES\/techos-movilesfijos\/#webpage","url":"https:\/\/www.todocon.com\/es_ES\/techos-movilesfijos\/","name":"Techos m\u00f3viles\/fijos - Todocon, empresa de cerramientos, cristaler\u00eda y m\u00e1mparas","isPartOf":{"@id":"https:\/\/www.todocon.com\/es_ES\/#website"},"datePublished":"2015-06-25T11:42:14+00:00","dateModified":"2020-07-15T09:23:23+00:00","breadcrumb":{"@id":"https:\/\/www.todocon.com\/es_ES\/techos-movilesfijos\/#breadcrumb"},"inLanguage":"en-US","potentialAction":[{"@type":"ReadAction","target":["https:\/\/www.todocon.com\/es_ES\/techos-movilesfijos\/"]}]},{"@type":"BreadcrumbList","@id":"https:\/\/www.todocon.com\/es_ES\/techos-movilesfijos\/#breadcrumb","itemListElement":[{"@type":"ListItem","position":1,"name":"Portada","item":"https:\/\/www.todocon.com\/"},{"@type":"ListItem","position":2,"name":"Techos m\u00f3viles\/fijos"}]}]}},"_links":{"self":[{"href":"https:\/\/www.todocon.com\/es_ES\/wp-json\/wp\/v2\/pages\/6033","targetHints":{"allow":["GET"]}}],"collection":[{"href":"https:\/\/www.todocon.com\/es_ES\/wp-json\/wp\/v2\/pages"}],"about":[{"href":"https:\/\/www.todocon.com\/es_ES\/wp-json\/wp\/v2\/types\/page"}],"author":[{"embeddable":true,"href":"https:\/\/www.todocon.com\/es_ES\/wp-json\/wp\/v2\/users\/1"}],"replies":[{"embeddable":true,"href":"https:\/\/www.todocon.com\/es_ES\/wp-json\/wp\/v2\/comments?post=6033"}],"version-history":[{"count":17,"href":"https:\/\/www.todocon.com\/es_ES\/wp-json\/wp\/v2\/pages\/6033\/revisions"}],"predecessor-version":[{"id":8449,"href":"https:\/\/www.todocon.com\/es_ES\/wp-json\/wp\/v2\/pages\/6033\/revisions\/8449"}],"wp:attachment":[{"href":"https:\/\/www.todocon.com\/es_ES\/wp-json\/wp\/v2\/media?parent=6033"}],"curies":[{"name":"wp","href":"https:\/\/api.w.org\/{rel}","templated":true}]}}