{"id":6029,"date":"2015-06-25T11:41:13","date_gmt":"2015-06-25T11:41:13","guid":{"rendered":"http:\/\/www.todocon.com\/?page_id=6029"},"modified":"2020-07-15T09:17:53","modified_gmt":"2020-07-15T09:17:53","slug":"claraboyas","status":"publish","type":"page","link":"https:\/\/www.todocon.com\/es_ES\/claraboyas\/","title":{"rendered":"Claraboyas"},"content":{"rendered":"<h2 class=\"western\"><em>Claraboyas<\/em><\/h2>\n<p>Las claraboyas son un producto ideal para aprovechar la luz natural, son decorativas, duraderas y resistentes, proporcionando una mayor difusi\u00f3n y reparto uniforme de la luz.<\/p>\n<p>Est\u00e1n formadas por tres elementos, la c\u00fapula fabricada en metacrilato, uno de los pl\u00e1sticos de mayor calidad \u00f3ptica y m\u00e1s inalterables al sol, el z\u00f3calo de poli\u00e9ster reforzado con fibra de vidrio, que permite el anclaje de la c\u00fapula a la cubierta donde se instala la claraboya. Dispone de distintos sistemas de apertura (por husillo y manivela, el\u00e9ctrica, etc.) ideales para ventilaci\u00f3n de naves industriales, grandes centros comerciales, colegios, viviendas adosadas tipo d\u00faplex, etc.<\/p>\n<p>Normalmente se utiliza el color blanco hielo o incolora y hay una gran variedad de dimensiones y formas (parab\u00f3licas, piramidales, c\u00fapulas bivalvas).<\/p>\n\n<div class=\"ngg-galleryoverview ngg-template-caption\" id=\"ngg-gallery-a3c77de6c84dcc266f07345acf77531f-6029\">\n\n\n\t<!-- Thumbnails -->\n    \t\t\n\t<div id=\"ngg-image-240\" class=\"ngg-gallery-thumbnail-box\"  >\n\t\t<div class=\"ngg-gallery-thumbnail\" >\n\t\t\t<a href=\"https:\/\/www.todocon.com\/wp-content\/gallery\/claraboyas\/ALUM-Y-PVC-claraboya-con-mando-a-distancia.jpg\"\n               title=\" \"\n               class=\"ngg-fancybox\" rel=\"a3c77de6c84dcc266f07345acf77531f\" data-image-id=\"240\" data-src=\"https:\/\/www.todocon.com\/wp-content\/gallery\/claraboyas\/ALUM-Y-PVC-claraboya-con-mando-a-distancia.jpg\" data-thumbnail=\"https:\/\/www.todocon.com\/wp-content\/gallery\/claraboyas\/thumbs\/thumbs_ALUM-Y-PVC-claraboya-con-mando-a-distancia.jpg\" data-title=\"ALUM Y PVC claraboya con mando a distancia\" data-description=\" \" >\n\t\t\t\t\t\t\t\t<img title=\"ALUM Y PVC claraboya con mando a distancia\" alt=\"ALUM Y PVC claraboya con mando a distancia\" src=\"https:\/\/www.todocon.com\/wp-content\/gallery\/claraboyas\/thumbs\/thumbs_ALUM-Y-PVC-claraboya-con-mando-a-distancia.jpg\" width='240' height='160' \/>\n\t\t\t\t\t\t\t<\/a>\n\t\t\t<span> <\/span>\n\t\t<\/div>\n\t<\/div>\n\t\t \t \t\n\t<!-- Pagination -->\n \t<div class='ngg-clear'><\/div> \t\n<\/div>\n\n\n","protected":false},"excerpt":{"rendered":"<h2 class=\"western\"><em>Claraboyas<\/em><\/h2>\n<p>Las claraboyas son un producto ideal para aprovechar la luz natural, son decorativas, duraderas y resistentes, proporcionando una mayor difusi\u00f3n y reparto uniforme de la luz.<\/p>\n<p>Est\u00e1n formadas por tres eleme&#8230;<\/p>\n","protected":false},"author":1,"featured_media":0,"parent":0,"menu_order":0,"comment_status":"closed","ping_status":"open","template":"","meta":{"_monsterinsights_skip_tracking":false,"_monsterinsights_sitenote_active":false,"_monsterinsights_sitenote_note":"","_monsterinsights_sitenote_category":0,"ngg_post_thumbnail":0,"footnotes":""},"class_list":["post-6029","page","type-page","status-publish","hentry"],"yoast_head":"<!-- This site is optimized with the Yoast SEO plugin v17.5 - https:\/\/yoast.com\/wordpress\/plugins\/seo\/ -->\n<meta name=\"robots\" content=\"index, follow, max-snippet:-1, max-image-preview:large, max-video-preview:-1\" \/>\n<link rel=\"canonical\" href=\"https:\/\/www.todocon.com\/es_ES\/claraboyas\/\" \/>\n<meta property=\"og:locale\" content=\"en_US\" \/>\n<meta property=\"og:type\" content=\"article\" \/>\n<meta property=\"og:title\" content=\"Claraboyas - Todocon, empresa de cerramientos, cristaler\u00eda y m\u00e1mparas\" \/>\n<meta property=\"og:description\" content=\"Claraboyas Las claraboyas son un producto ideal para aprovechar la luz natural, son decorativas, duraderas y resistentes, proporcionando una mayor difusi\u00f3n y reparto uniforme de la luz. Est\u00e1n formadas por tres eleme...\" \/>\n<meta property=\"og:url\" content=\"https:\/\/www.todocon.com\/es_ES\/claraboyas\/\" \/>\n<meta property=\"og:site_name\" content=\"Todocon, empresa de cerramientos, cristaler\u00eda y m\u00e1mparas\" \/>\n<meta property=\"article:modified_time\" content=\"2020-07-15T09:17:53+00:00\" \/>\n<meta name=\"twitter:card\" content=\"summary\" \/>\n<meta name=\"twitter:label1\" content=\"Est. reading time\" \/>\n\t<meta name=\"twitter:data1\" content=\"1 minute\" \/>\n<script type=\"application\/ld+json\" class=\"yoast-schema-graph\">{\"@context\":\"https:\/\/schema.org\",\"@graph\":[{\"@type\":\"WebSite\",\"@id\":\"https:\/\/www.todocon.com\/es_ES\/#website\",\"url\":\"https:\/\/www.todocon.com\/es_ES\/\",\"name\":\"Todocon, empresa de cerramientos, cristaler\\u00eda y m\\u00e1mparas\",\"description\":\"\",\"potentialAction\":[{\"@type\":\"SearchAction\",\"target\":{\"@type\":\"EntryPoint\",\"urlTemplate\":\"https:\/\/www.todocon.com\/es_ES\/?s={search_term_string}\"},\"query-input\":\"required name=search_term_string\"}],\"inLanguage\":\"en-US\"},{\"@type\":\"WebPage\",\"@id\":\"https:\/\/www.todocon.com\/es_ES\/claraboyas\/#webpage\",\"url\":\"https:\/\/www.todocon.com\/es_ES\/claraboyas\/\",\"name\":\"Claraboyas - Todocon, empresa de cerramientos, cristaler\\u00eda y m\\u00e1mparas\",\"isPartOf\":{\"@id\":\"https:\/\/www.todocon.com\/es_ES\/#website\"},\"datePublished\":\"2015-06-25T11:41:13+00:00\",\"dateModified\":\"2020-07-15T09:17:53+00:00\",\"breadcrumb\":{\"@id\":\"https:\/\/www.todocon.com\/es_ES\/claraboyas\/#breadcrumb\"},\"inLanguage\":\"en-US\",\"potentialAction\":[{\"@type\":\"ReadAction\",\"target\":[\"https:\/\/www.todocon.com\/es_ES\/claraboyas\/\"]}]},{\"@type\":\"BreadcrumbList\",\"@id\":\"https:\/\/www.todocon.com\/es_ES\/claraboyas\/#breadcrumb\",\"itemListElement\":[{\"@type\":\"ListItem\",\"position\":1,\"name\":\"Portada\",\"item\":\"https:\/\/www.todocon.com\/\"},{\"@type\":\"ListItem\",\"position\":2,\"name\":\"Claraboyas\"}]}]}<\/script>\n<!-- \/ Yoast SEO plugin. -->","yoast_head_json":{"robots":{"index":"index","follow":"follow","max-snippet":"max-snippet:-1","max-image-preview":"max-image-preview:large","max-video-preview":"max-video-preview:-1"},"canonical":"https:\/\/www.todocon.com\/es_ES\/claraboyas\/","og_locale":"en_US","og_type":"article","og_title":"Claraboyas - Todocon, empresa de cerramientos, cristaler\u00eda y m\u00e1mparas","og_description":"Claraboyas Las claraboyas son un producto ideal para aprovechar la luz natural, son decorativas, duraderas y resistentes, proporcionando una mayor difusi\u00f3n y reparto uniforme de la luz. Est\u00e1n formadas por tres eleme...","og_url":"https:\/\/www.todocon.com\/es_ES\/claraboyas\/","og_site_name":"Todocon, empresa de cerramientos, cristaler\u00eda y m\u00e1mparas","article_modified_time":"2020-07-15T09:17:53+00:00","twitter_card":"summary","twitter_misc":{"Est. reading time":"1 minute"},"schema":{"@context":"https:\/\/schema.org","@graph":[{"@type":"WebSite","@id":"https:\/\/www.todocon.com\/es_ES\/#website","url":"https:\/\/www.todocon.com\/es_ES\/","name":"Todocon, empresa de cerramientos, cristaler\u00eda y m\u00e1mparas","description":"","potentialAction":[{"@type":"SearchAction","target":{"@type":"EntryPoint","urlTemplate":"https:\/\/www.todocon.com\/es_ES\/?s={search_term_string}"},"query-input":"required name=search_term_string"}],"inLanguage":"en-US"},{"@type":"WebPage","@id":"https:\/\/www.todocon.com\/es_ES\/claraboyas\/#webpage","url":"https:\/\/www.todocon.com\/es_ES\/claraboyas\/","name":"Claraboyas - Todocon, empresa de cerramientos, cristaler\u00eda y m\u00e1mparas","isPartOf":{"@id":"https:\/\/www.todocon.com\/es_ES\/#website"},"datePublished":"2015-06-25T11:41:13+00:00","dateModified":"2020-07-15T09:17:53+00:00","breadcrumb":{"@id":"https:\/\/www.todocon.com\/es_ES\/claraboyas\/#breadcrumb"},"inLanguage":"en-US","potentialAction":[{"@type":"ReadAction","target":["https:\/\/www.todocon.com\/es_ES\/claraboyas\/"]}]},{"@type":"BreadcrumbList","@id":"https:\/\/www.todocon.com\/es_ES\/claraboyas\/#breadcrumb","itemListElement":[{"@type":"ListItem","position":1,"name":"Portada","item":"https:\/\/www.todocon.com\/"},{"@type":"ListItem","position":2,"name":"Claraboyas"}]}]}},"_links":{"self":[{"href":"https:\/\/www.todocon.com\/es_ES\/wp-json\/wp\/v2\/pages\/6029","targetHints":{"allow":["GET"]}}],"collection":[{"href":"https:\/\/www.todocon.com\/es_ES\/wp-json\/wp\/v2\/pages"}],"about":[{"href":"https:\/\/www.todocon.com\/es_ES\/wp-json\/wp\/v2\/types\/page"}],"author":[{"embeddable":true,"href":"https:\/\/www.todocon.com\/es_ES\/wp-json\/wp\/v2\/users\/1"}],"replies":[{"embeddable":true,"href":"https:\/\/www.todocon.com\/es_ES\/wp-json\/wp\/v2\/comments?post=6029"}],"version-history":[{"count":14,"href":"https:\/\/www.todocon.com\/es_ES\/wp-json\/wp\/v2\/pages\/6029\/revisions"}],"predecessor-version":[{"id":8430,"href":"https:\/\/www.todocon.com\/es_ES\/wp-json\/wp\/v2\/pages\/6029\/revisions\/8430"}],"wp:attachment":[{"href":"https:\/\/www.todocon.com\/es_ES\/wp-json\/wp\/v2\/media?parent=6029"}],"curies":[{"name":"wp","href":"https:\/\/api.w.org\/{rel}","templated":true}]}}