{"id":6023,"date":"2015-06-25T11:39:18","date_gmt":"2015-06-25T11:39:18","guid":{"rendered":"http:\/\/www.todocon.com\/?page_id=6023"},"modified":"2020-07-15T09:20:50","modified_gmt":"2020-07-15T09:20:50","slug":"cristales-decorativos","status":"publish","type":"page","link":"https:\/\/www.todocon.com\/es_ES\/cristales-decorativos\/","title":{"rendered":"Cristales decorativos"},"content":{"rendered":"<h2 class=\"western\"><em>Cristales Decorativos<\/em><\/h2>\n<p>El cristal es un elemento b\u00e1sico en la decoraci\u00f3n y en la actualidad est\u00e1 viviendo un auge especial.&nbsp;Realizamos cualquier trabajo de interiorismo: mamparas, barandillas, escaleras, suelos pisables, espejos, recubrimientos de paredes, puertas o cualquier superficie, mesas o puertas de vidrio, espejos, decorados al \u00e1cido, a la arena o serigraf\u00edas y en general cualquier aplicaci\u00f3n que se le pueda dar al vidrio.<\/p>\n\n<div class=\"ngg-galleryoverview ngg-template-caption\" id=\"ngg-gallery-69d0823edbf80c9278aa630627b08baa-6023\">\n\n\n\t<!-- Thumbnails -->\n    \t\t\n\t<div id=\"ngg-image-179\" class=\"ngg-gallery-thumbnail-box\" style=\"width:25%;\" >\n\t\t<div class=\"ngg-gallery-thumbnail\" >\n\t\t\t<a href=\"https:\/\/www.todocon.com\/wp-content\/gallery\/cristales-decorativos\/CRISTAL-VIDRIOS9.JPG\"\n               title=\" \"\n               class=\"ngg-fancybox\" rel=\"69d0823edbf80c9278aa630627b08baa\" data-image-id=\"179\" data-src=\"https:\/\/www.todocon.com\/wp-content\/gallery\/cristales-decorativos\/CRISTAL-VIDRIOS9.JPG\" data-thumbnail=\"https:\/\/www.todocon.com\/wp-content\/gallery\/cristales-decorativos\/thumbs\/thumbs_CRISTAL-VIDRIOS9.JPG\" data-title=\"CRISTAL - VIDRIOS9\" data-description=\" \" >\n\t\t\t\t\t\t\t\t<img title=\"CRISTAL - VIDRIOS9\" alt=\"CRISTAL - VIDRIOS9\" src=\"https:\/\/www.todocon.com\/wp-content\/gallery\/cristales-decorativos\/thumbs\/thumbs_CRISTAL-VIDRIOS9.JPG\" width='240' height='160' \/>\n\t\t\t\t\t\t\t<\/a>\n\t\t\t<span> <\/span>\n\t\t<\/div>\n\t<\/div>\n\t\t \t\t\n\t<div id=\"ngg-image-180\" class=\"ngg-gallery-thumbnail-box\" style=\"width:25%;\" >\n\t\t<div class=\"ngg-gallery-thumbnail\" >\n\t\t\t<a href=\"https:\/\/www.todocon.com\/wp-content\/gallery\/cristales-decorativos\/CRISTAL-VIDRIOS.JPG\"\n               title=\" \"\n               class=\"ngg-fancybox\" rel=\"69d0823edbf80c9278aa630627b08baa\" data-image-id=\"180\" data-src=\"https:\/\/www.todocon.com\/wp-content\/gallery\/cristales-decorativos\/CRISTAL-VIDRIOS.JPG\" data-thumbnail=\"https:\/\/www.todocon.com\/wp-content\/gallery\/cristales-decorativos\/thumbs\/thumbs_CRISTAL-VIDRIOS.JPG\" data-title=\"CRISTAL- VIDRIOS\" data-description=\" \" >\n\t\t\t\t\t\t\t\t<img title=\"CRISTAL- VIDRIOS\" alt=\"CRISTAL- VIDRIOS\" src=\"https:\/\/www.todocon.com\/wp-content\/gallery\/cristales-decorativos\/thumbs\/thumbs_CRISTAL-VIDRIOS.JPG\" width='240' height='160' \/>\n\t\t\t\t\t\t\t<\/a>\n\t\t\t<span> <\/span>\n\t\t<\/div>\n\t<\/div>\n\t\t \t\t\n\t<div id=\"ngg-image-181\" class=\"ngg-gallery-thumbnail-box\" style=\"width:25%;\" >\n\t\t<div class=\"ngg-gallery-thumbnail\" >\n\t\t\t<a href=\"https:\/\/www.todocon.com\/wp-content\/gallery\/cristales-decorativos\/CRISTAL-VIDRIOS2.JPG\"\n               title=\" \"\n               class=\"ngg-fancybox\" rel=\"69d0823edbf80c9278aa630627b08baa\" data-image-id=\"181\" data-src=\"https:\/\/www.todocon.com\/wp-content\/gallery\/cristales-decorativos\/CRISTAL-VIDRIOS2.JPG\" data-thumbnail=\"https:\/\/www.todocon.com\/wp-content\/gallery\/cristales-decorativos\/thumbs\/thumbs_CRISTAL-VIDRIOS2.JPG\" data-title=\"CRISTAL- VIDRIOS2\" data-description=\" \" >\n\t\t\t\t\t\t\t\t<img title=\"CRISTAL- VIDRIOS2\" alt=\"CRISTAL- VIDRIOS2\" src=\"https:\/\/www.todocon.com\/wp-content\/gallery\/cristales-decorativos\/thumbs\/thumbs_CRISTAL-VIDRIOS2.JPG\" width='240' height='160' \/>\n\t\t\t\t\t\t\t<\/a>\n\t\t\t<span> <\/span>\n\t\t<\/div>\n\t<\/div>\n\t\t \t\t\n\t<div id=\"ngg-image-182\" class=\"ngg-gallery-thumbnail-box\" style=\"width:25%;\" >\n\t\t<div class=\"ngg-gallery-thumbnail\" >\n\t\t\t<a href=\"https:\/\/www.todocon.com\/wp-content\/gallery\/cristales-decorativos\/CRISTAL-VIDRIOS3.JPG\"\n               title=\" \"\n               class=\"ngg-fancybox\" rel=\"69d0823edbf80c9278aa630627b08baa\" data-image-id=\"182\" data-src=\"https:\/\/www.todocon.com\/wp-content\/gallery\/cristales-decorativos\/CRISTAL-VIDRIOS3.JPG\" data-thumbnail=\"https:\/\/www.todocon.com\/wp-content\/gallery\/cristales-decorativos\/thumbs\/thumbs_CRISTAL-VIDRIOS3.JPG\" data-title=\"CRISTAL- VIDRIOS3\" data-description=\" \" >\n\t\t\t\t\t\t\t\t<img title=\"CRISTAL- VIDRIOS3\" alt=\"CRISTAL- VIDRIOS3\" src=\"https:\/\/www.todocon.com\/wp-content\/gallery\/cristales-decorativos\/thumbs\/thumbs_CRISTAL-VIDRIOS3.JPG\" width='240' height='160' \/>\n\t\t\t\t\t\t\t<\/a>\n\t\t\t<span> <\/span>\n\t\t<\/div>\n\t<\/div>\n\t\t\t<br style=\"clear: both\" \/>\n\t \t\t\n\t<div id=\"ngg-image-183\" class=\"ngg-gallery-thumbnail-box\" style=\"width:25%;\" >\n\t\t<div class=\"ngg-gallery-thumbnail\" >\n\t\t\t<a href=\"https:\/\/www.todocon.com\/wp-content\/gallery\/cristales-decorativos\/CRISTAL-VIDRIOS4.JPG\"\n               title=\" \"\n               class=\"ngg-fancybox\" rel=\"69d0823edbf80c9278aa630627b08baa\" data-image-id=\"183\" data-src=\"https:\/\/www.todocon.com\/wp-content\/gallery\/cristales-decorativos\/CRISTAL-VIDRIOS4.JPG\" data-thumbnail=\"https:\/\/www.todocon.com\/wp-content\/gallery\/cristales-decorativos\/thumbs\/thumbs_CRISTAL-VIDRIOS4.JPG\" data-title=\"CRISTAL- VIDRIOS4\" data-description=\" \" >\n\t\t\t\t\t\t\t\t<img title=\"CRISTAL- VIDRIOS4\" alt=\"CRISTAL- VIDRIOS4\" src=\"https:\/\/www.todocon.com\/wp-content\/gallery\/cristales-decorativos\/thumbs\/thumbs_CRISTAL-VIDRIOS4.JPG\" width='240' height='160' \/>\n\t\t\t\t\t\t\t<\/a>\n\t\t\t<span> <\/span>\n\t\t<\/div>\n\t<\/div>\n\t\t \t\t\n\t<div id=\"ngg-image-184\" class=\"ngg-gallery-thumbnail-box\" style=\"width:25%;\" >\n\t\t<div class=\"ngg-gallery-thumbnail\" >\n\t\t\t<a href=\"https:\/\/www.todocon.com\/wp-content\/gallery\/cristales-decorativos\/CRISTAL-VIDRIOS7.JPG\"\n               title=\" \"\n               class=\"ngg-fancybox\" rel=\"69d0823edbf80c9278aa630627b08baa\" data-image-id=\"184\" data-src=\"https:\/\/www.todocon.com\/wp-content\/gallery\/cristales-decorativos\/CRISTAL-VIDRIOS7.JPG\" data-thumbnail=\"https:\/\/www.todocon.com\/wp-content\/gallery\/cristales-decorativos\/thumbs\/thumbs_CRISTAL-VIDRIOS7.JPG\" data-title=\"CRISTAL VIDRIOS7\" data-description=\" \" >\n\t\t\t\t\t\t\t\t<img title=\"CRISTAL VIDRIOS7\" alt=\"CRISTAL VIDRIOS7\" src=\"https:\/\/www.todocon.com\/wp-content\/gallery\/cristales-decorativos\/thumbs\/thumbs_CRISTAL-VIDRIOS7.JPG\" width='240' height='160' \/>\n\t\t\t\t\t\t\t<\/a>\n\t\t\t<span> <\/span>\n\t\t<\/div>\n\t<\/div>\n\t\t \t\t\n\t<div id=\"ngg-image-185\" class=\"ngg-gallery-thumbnail-box\" style=\"width:25%;\" >\n\t\t<div class=\"ngg-gallery-thumbnail\" >\n\t\t\t<a href=\"https:\/\/www.todocon.com\/wp-content\/gallery\/cristales-decorativos\/CRISTAL-VIDRIOS11.JPG\"\n               title=\" \"\n               class=\"ngg-fancybox\" rel=\"69d0823edbf80c9278aa630627b08baa\" data-image-id=\"185\" data-src=\"https:\/\/www.todocon.com\/wp-content\/gallery\/cristales-decorativos\/CRISTAL-VIDRIOS11.JPG\" data-thumbnail=\"https:\/\/www.todocon.com\/wp-content\/gallery\/cristales-decorativos\/thumbs\/thumbs_CRISTAL-VIDRIOS11.JPG\" data-title=\"CRISTAL VIDRIOS11\" data-description=\" \" >\n\t\t\t\t\t\t\t\t<img title=\"CRISTAL VIDRIOS11\" alt=\"CRISTAL VIDRIOS11\" src=\"https:\/\/www.todocon.com\/wp-content\/gallery\/cristales-decorativos\/thumbs\/thumbs_CRISTAL-VIDRIOS11.JPG\" width='240' height='160' \/>\n\t\t\t\t\t\t\t<\/a>\n\t\t\t<span> <\/span>\n\t\t<\/div>\n\t<\/div>\n\t\t \t\t\n\t<div id=\"ngg-image-186\" class=\"ngg-gallery-thumbnail-box\" style=\"width:25%;\" >\n\t\t<div class=\"ngg-gallery-thumbnail\" >\n\t\t\t<a href=\"https:\/\/www.todocon.com\/wp-content\/gallery\/cristales-decorativos\/CRISTALES-1.jpg\"\n               title=\" \"\n               class=\"ngg-fancybox\" rel=\"69d0823edbf80c9278aa630627b08baa\" data-image-id=\"186\" data-src=\"https:\/\/www.todocon.com\/wp-content\/gallery\/cristales-decorativos\/CRISTALES-1.jpg\" data-thumbnail=\"https:\/\/www.todocon.com\/wp-content\/gallery\/cristales-decorativos\/thumbs\/thumbs_CRISTALES-1.jpg\" data-title=\"CRISTALES 1\" data-description=\" \" >\n\t\t\t\t\t\t\t\t<img title=\"CRISTALES 1\" alt=\"CRISTALES 1\" src=\"https:\/\/www.todocon.com\/wp-content\/gallery\/cristales-decorativos\/thumbs\/thumbs_CRISTALES-1.jpg\" width='240' height='160' \/>\n\t\t\t\t\t\t\t<\/a>\n\t\t\t<span> <\/span>\n\t\t<\/div>\n\t<\/div>\n\t\t\t<br style=\"clear: both\" \/>\n\t \t\t\n\t<div id=\"ngg-image-187\" class=\"ngg-gallery-thumbnail-box\" style=\"width:25%;\" >\n\t\t<div class=\"ngg-gallery-thumbnail\" >\n\t\t\t<a href=\"https:\/\/www.todocon.com\/wp-content\/gallery\/cristales-decorativos\/CRISTALES-2.jpg\"\n               title=\" \"\n               class=\"ngg-fancybox\" rel=\"69d0823edbf80c9278aa630627b08baa\" data-image-id=\"187\" data-src=\"https:\/\/www.todocon.com\/wp-content\/gallery\/cristales-decorativos\/CRISTALES-2.jpg\" data-thumbnail=\"https:\/\/www.todocon.com\/wp-content\/gallery\/cristales-decorativos\/thumbs\/thumbs_CRISTALES-2.jpg\" data-title=\"CRISTALES 2\" data-description=\" \" >\n\t\t\t\t\t\t\t\t<img title=\"CRISTALES 2\" alt=\"CRISTALES 2\" src=\"https:\/\/www.todocon.com\/wp-content\/gallery\/cristales-decorativos\/thumbs\/thumbs_CRISTALES-2.jpg\" width='240' height='160' \/>\n\t\t\t\t\t\t\t<\/a>\n\t\t\t<span> <\/span>\n\t\t<\/div>\n\t<\/div>\n\t\t \t\t\n\t<div id=\"ngg-image-188\" class=\"ngg-gallery-thumbnail-box\" style=\"width:25%;\" >\n\t\t<div class=\"ngg-gallery-thumbnail\" >\n\t\t\t<a href=\"https:\/\/www.todocon.com\/wp-content\/gallery\/cristales-decorativos\/CRISTALES-3.jpg\"\n               title=\" \"\n               class=\"ngg-fancybox\" rel=\"69d0823edbf80c9278aa630627b08baa\" data-image-id=\"188\" data-src=\"https:\/\/www.todocon.com\/wp-content\/gallery\/cristales-decorativos\/CRISTALES-3.jpg\" data-thumbnail=\"https:\/\/www.todocon.com\/wp-content\/gallery\/cristales-decorativos\/thumbs\/thumbs_CRISTALES-3.jpg\" data-title=\"CRISTALES 3\" data-description=\" \" >\n\t\t\t\t\t\t\t\t<img title=\"CRISTALES 3\" alt=\"CRISTALES 3\" src=\"https:\/\/www.todocon.com\/wp-content\/gallery\/cristales-decorativos\/thumbs\/thumbs_CRISTALES-3.jpg\" width='240' height='160' \/>\n\t\t\t\t\t\t\t<\/a>\n\t\t\t<span> <\/span>\n\t\t<\/div>\n\t<\/div>\n\t\t \t\t\n\t<div id=\"ngg-image-189\" class=\"ngg-gallery-thumbnail-box\" style=\"width:25%;\" >\n\t\t<div class=\"ngg-gallery-thumbnail\" >\n\t\t\t<a href=\"https:\/\/www.todocon.com\/wp-content\/gallery\/cristales-decorativos\/CRISTALES-4.jpg\"\n               title=\" \"\n               class=\"ngg-fancybox\" rel=\"69d0823edbf80c9278aa630627b08baa\" data-image-id=\"189\" data-src=\"https:\/\/www.todocon.com\/wp-content\/gallery\/cristales-decorativos\/CRISTALES-4.jpg\" data-thumbnail=\"https:\/\/www.todocon.com\/wp-content\/gallery\/cristales-decorativos\/thumbs\/thumbs_CRISTALES-4.jpg\" data-title=\"CRISTALES 4\" data-description=\" \" >\n\t\t\t\t\t\t\t\t<img title=\"CRISTALES 4\" alt=\"CRISTALES 4\" src=\"https:\/\/www.todocon.com\/wp-content\/gallery\/cristales-decorativos\/thumbs\/thumbs_CRISTALES-4.jpg\" width='240' height='160' \/>\n\t\t\t\t\t\t\t<\/a>\n\t\t\t<span> <\/span>\n\t\t<\/div>\n\t<\/div>\n\t\t \t\t\n\t<div id=\"ngg-image-190\" class=\"ngg-gallery-thumbnail-box\" style=\"width:25%;\" >\n\t\t<div class=\"ngg-gallery-thumbnail\" >\n\t\t\t<a href=\"https:\/\/www.todocon.com\/wp-content\/gallery\/cristales-decorativos\/CRISTALES-5.jpg\"\n               title=\" \"\n               class=\"ngg-fancybox\" rel=\"69d0823edbf80c9278aa630627b08baa\" data-image-id=\"190\" data-src=\"https:\/\/www.todocon.com\/wp-content\/gallery\/cristales-decorativos\/CRISTALES-5.jpg\" data-thumbnail=\"https:\/\/www.todocon.com\/wp-content\/gallery\/cristales-decorativos\/thumbs\/thumbs_CRISTALES-5.jpg\" data-title=\"CRISTALES 5\" data-description=\" \" >\n\t\t\t\t\t\t\t\t<img title=\"CRISTALES 5\" alt=\"CRISTALES 5\" src=\"https:\/\/www.todocon.com\/wp-content\/gallery\/cristales-decorativos\/thumbs\/thumbs_CRISTALES-5.jpg\" width='240' height='160' \/>\n\t\t\t\t\t\t\t<\/a>\n\t\t\t<span> <\/span>\n\t\t<\/div>\n\t<\/div>\n\t\t\t<br style=\"clear: both\" \/>\n\t \t\t\n\t<div id=\"ngg-image-191\" class=\"ngg-gallery-thumbnail-box\" style=\"width:25%;\" >\n\t\t<div class=\"ngg-gallery-thumbnail\" >\n\t\t\t<a href=\"https:\/\/www.todocon.com\/wp-content\/gallery\/cristales-decorativos\/CRISTALES-6.jpg\"\n               title=\" \"\n               class=\"ngg-fancybox\" rel=\"69d0823edbf80c9278aa630627b08baa\" data-image-id=\"191\" data-src=\"https:\/\/www.todocon.com\/wp-content\/gallery\/cristales-decorativos\/CRISTALES-6.jpg\" data-thumbnail=\"https:\/\/www.todocon.com\/wp-content\/gallery\/cristales-decorativos\/thumbs\/thumbs_CRISTALES-6.jpg\" data-title=\"CRISTALES 6\" data-description=\" \" >\n\t\t\t\t\t\t\t\t<img title=\"CRISTALES 6\" alt=\"CRISTALES 6\" src=\"https:\/\/www.todocon.com\/wp-content\/gallery\/cristales-decorativos\/thumbs\/thumbs_CRISTALES-6.jpg\" width='240' height='160' \/>\n\t\t\t\t\t\t\t<\/a>\n\t\t\t<span> <\/span>\n\t\t<\/div>\n\t<\/div>\n\t\t \t\t\n\t<div id=\"ngg-image-192\" class=\"ngg-gallery-thumbnail-box\" style=\"width:25%;\" >\n\t\t<div class=\"ngg-gallery-thumbnail\" >\n\t\t\t<a href=\"https:\/\/www.todocon.com\/wp-content\/gallery\/cristales-decorativos\/CRISTALES-7.jpg\"\n               title=\" \"\n               class=\"ngg-fancybox\" rel=\"69d0823edbf80c9278aa630627b08baa\" data-image-id=\"192\" data-src=\"https:\/\/www.todocon.com\/wp-content\/gallery\/cristales-decorativos\/CRISTALES-7.jpg\" data-thumbnail=\"https:\/\/www.todocon.com\/wp-content\/gallery\/cristales-decorativos\/thumbs\/thumbs_CRISTALES-7.jpg\" data-title=\"CRISTALES 7\" data-description=\" \" >\n\t\t\t\t\t\t\t\t<img title=\"CRISTALES 7\" alt=\"CRISTALES 7\" src=\"https:\/\/www.todocon.com\/wp-content\/gallery\/cristales-decorativos\/thumbs\/thumbs_CRISTALES-7.jpg\" width='240' height='160' \/>\n\t\t\t\t\t\t\t<\/a>\n\t\t\t<span> <\/span>\n\t\t<\/div>\n\t<\/div>\n\t\t \t\t\n\t<div id=\"ngg-image-193\" class=\"ngg-gallery-thumbnail-box\" style=\"width:25%;\" >\n\t\t<div class=\"ngg-gallery-thumbnail\" >\n\t\t\t<a href=\"https:\/\/www.todocon.com\/wp-content\/gallery\/cristales-decorativos\/CRISTALES-8.jpg\"\n               title=\" \"\n               class=\"ngg-fancybox\" rel=\"69d0823edbf80c9278aa630627b08baa\" data-image-id=\"193\" data-src=\"https:\/\/www.todocon.com\/wp-content\/gallery\/cristales-decorativos\/CRISTALES-8.jpg\" data-thumbnail=\"https:\/\/www.todocon.com\/wp-content\/gallery\/cristales-decorativos\/thumbs\/thumbs_CRISTALES-8.jpg\" data-title=\"CRISTALES 8\" data-description=\" \" >\n\t\t\t\t\t\t\t\t<img title=\"CRISTALES 8\" alt=\"CRISTALES 8\" src=\"https:\/\/www.todocon.com\/wp-content\/gallery\/cristales-decorativos\/thumbs\/thumbs_CRISTALES-8.jpg\" width='240' height='160' \/>\n\t\t\t\t\t\t\t<\/a>\n\t\t\t<span> <\/span>\n\t\t<\/div>\n\t<\/div>\n\t\t \t\t\n\t<div id=\"ngg-image-194\" class=\"ngg-gallery-thumbnail-box\" style=\"width:25%;\" >\n\t\t<div class=\"ngg-gallery-thumbnail\" >\n\t\t\t<a href=\"https:\/\/www.todocon.com\/wp-content\/gallery\/cristales-decorativos\/CRISTALES-9.jpg\"\n               title=\" \"\n               class=\"ngg-fancybox\" rel=\"69d0823edbf80c9278aa630627b08baa\" data-image-id=\"194\" data-src=\"https:\/\/www.todocon.com\/wp-content\/gallery\/cristales-decorativos\/CRISTALES-9.jpg\" data-thumbnail=\"https:\/\/www.todocon.com\/wp-content\/gallery\/cristales-decorativos\/thumbs\/thumbs_CRISTALES-9.jpg\" data-title=\"CRISTALES 9\" data-description=\" \" >\n\t\t\t\t\t\t\t\t<img title=\"CRISTALES 9\" alt=\"CRISTALES 9\" src=\"https:\/\/www.todocon.com\/wp-content\/gallery\/cristales-decorativos\/thumbs\/thumbs_CRISTALES-9.jpg\" width='240' height='160' \/>\n\t\t\t\t\t\t\t<\/a>\n\t\t\t<span> <\/span>\n\t\t<\/div>\n\t<\/div>\n\t\t\t<br style=\"clear: both\" \/>\n\t \t\t\n\t<div id=\"ngg-image-195\" class=\"ngg-gallery-thumbnail-box\" style=\"width:25%;\" >\n\t\t<div class=\"ngg-gallery-thumbnail\" >\n\t\t\t<a href=\"https:\/\/www.todocon.com\/wp-content\/gallery\/cristales-decorativos\/CRISTALES-13.jpg\"\n               title=\" \"\n               class=\"ngg-fancybox\" rel=\"69d0823edbf80c9278aa630627b08baa\" data-image-id=\"195\" data-src=\"https:\/\/www.todocon.com\/wp-content\/gallery\/cristales-decorativos\/CRISTALES-13.jpg\" data-thumbnail=\"https:\/\/www.todocon.com\/wp-content\/gallery\/cristales-decorativos\/thumbs\/thumbs_CRISTALES-13.jpg\" data-title=\"CRISTALES 13\" data-description=\" \" >\n\t\t\t\t\t\t\t\t<img title=\"CRISTALES 13\" alt=\"CRISTALES 13\" src=\"https:\/\/www.todocon.com\/wp-content\/gallery\/cristales-decorativos\/thumbs\/thumbs_CRISTALES-13.jpg\" width='240' height='160' \/>\n\t\t\t\t\t\t\t<\/a>\n\t\t\t<span> <\/span>\n\t\t<\/div>\n\t<\/div>\n\t\t \t\t\n\t<div id=\"ngg-image-196\" class=\"ngg-gallery-thumbnail-box\" style=\"width:25%;\" >\n\t\t<div class=\"ngg-gallery-thumbnail\" >\n\t\t\t<a href=\"https:\/\/www.todocon.com\/wp-content\/gallery\/cristales-decorativos\/CRISTALES-14.jpg\"\n               title=\" \"\n               class=\"ngg-fancybox\" rel=\"69d0823edbf80c9278aa630627b08baa\" data-image-id=\"196\" data-src=\"https:\/\/www.todocon.com\/wp-content\/gallery\/cristales-decorativos\/CRISTALES-14.jpg\" data-thumbnail=\"https:\/\/www.todocon.com\/wp-content\/gallery\/cristales-decorativos\/thumbs\/thumbs_CRISTALES-14.jpg\" data-title=\"CRISTALES 14\" data-description=\" \" >\n\t\t\t\t\t\t\t\t<img title=\"CRISTALES 14\" alt=\"CRISTALES 14\" src=\"https:\/\/www.todocon.com\/wp-content\/gallery\/cristales-decorativos\/thumbs\/thumbs_CRISTALES-14.jpg\" width='240' height='160' \/>\n\t\t\t\t\t\t\t<\/a>\n\t\t\t<span> <\/span>\n\t\t<\/div>\n\t<\/div>\n\t\t \t\t\n\t<div id=\"ngg-image-197\" class=\"ngg-gallery-thumbnail-box\" style=\"width:25%;\" >\n\t\t<div class=\"ngg-gallery-thumbnail\" >\n\t\t\t<a href=\"https:\/\/www.todocon.com\/wp-content\/gallery\/cristales-decorativos\/CRISTALES-15.jpg\"\n               title=\" \"\n               class=\"ngg-fancybox\" rel=\"69d0823edbf80c9278aa630627b08baa\" data-image-id=\"197\" data-src=\"https:\/\/www.todocon.com\/wp-content\/gallery\/cristales-decorativos\/CRISTALES-15.jpg\" data-thumbnail=\"https:\/\/www.todocon.com\/wp-content\/gallery\/cristales-decorativos\/thumbs\/thumbs_CRISTALES-15.jpg\" data-title=\"CRISTALES 15\" data-description=\" \" >\n\t\t\t\t\t\t\t\t<img title=\"CRISTALES 15\" alt=\"CRISTALES 15\" src=\"https:\/\/www.todocon.com\/wp-content\/gallery\/cristales-decorativos\/thumbs\/thumbs_CRISTALES-15.jpg\" width='240' height='160' \/>\n\t\t\t\t\t\t\t<\/a>\n\t\t\t<span> <\/span>\n\t\t<\/div>\n\t<\/div>\n\t\t \t\t\n\t<div id=\"ngg-image-198\" class=\"ngg-gallery-thumbnail-box\" style=\"width:25%;\" >\n\t\t<div class=\"ngg-gallery-thumbnail\" >\n\t\t\t<a href=\"https:\/\/www.todocon.com\/wp-content\/gallery\/cristales-decorativos\/CRISTALES-16.jpg\"\n               title=\" \"\n               class=\"ngg-fancybox\" rel=\"69d0823edbf80c9278aa630627b08baa\" data-image-id=\"198\" data-src=\"https:\/\/www.todocon.com\/wp-content\/gallery\/cristales-decorativos\/CRISTALES-16.jpg\" data-thumbnail=\"https:\/\/www.todocon.com\/wp-content\/gallery\/cristales-decorativos\/thumbs\/thumbs_CRISTALES-16.jpg\" data-title=\"CRISTALES 16\" data-description=\" \" >\n\t\t\t\t\t\t\t\t<img title=\"CRISTALES 16\" alt=\"CRISTALES 16\" src=\"https:\/\/www.todocon.com\/wp-content\/gallery\/cristales-decorativos\/thumbs\/thumbs_CRISTALES-16.jpg\" width='240' height='160' \/>\n\t\t\t\t\t\t\t<\/a>\n\t\t\t<span> <\/span>\n\t\t<\/div>\n\t<\/div>\n\t\t\t<br style=\"clear: both\" \/>\n\t \t \t\n\t<!-- Pagination -->\n \t<div class='ngg-navigation'><span class='current'>1<\/span>\n<a class='page-numbers' data-pageid='2' href='https:\/\/www.todocon.com\/es_ES\/cristales-decorativos\/nggallery\/page\/2'>2<\/a>\n<a class='prev' href='https:\/\/www.todocon.com\/es_ES\/cristales-decorativos\/nggallery\/page\/2' data-pageid=2>&#9658;<\/a><\/div> \t\n<\/div>\n\n\n","protected":false},"excerpt":{"rendered":"<h2 class=\"western\"><em>Cristales Decorativos<\/em><\/h2>\n<p>El cristal es un elemento b\u00e1sico en la decoraci\u00f3n y en la actualidad est\u00e1 viviendo un auge especial.&nbsp;Realizamos cualquier trabajo de interiorismo: mamparas, barandillas, escaleras, suelos p&#8230;<\/p>\n","protected":false},"author":1,"featured_media":0,"parent":0,"menu_order":0,"comment_status":"closed","ping_status":"open","template":"","meta":{"_monsterinsights_skip_tracking":false,"_monsterinsights_sitenote_active":false,"_monsterinsights_sitenote_note":"","_monsterinsights_sitenote_category":0,"ngg_post_thumbnail":0,"footnotes":""},"class_list":["post-6023","page","type-page","status-publish","hentry"],"yoast_head":"<!-- This site is optimized with the Yoast SEO plugin v17.5 - https:\/\/yoast.com\/wordpress\/plugins\/seo\/ -->\n<meta name=\"robots\" content=\"index, follow, max-snippet:-1, max-image-preview:large, max-video-preview:-1\" \/>\n<link rel=\"canonical\" href=\"https:\/\/www.todocon.com\/es_ES\/cristales-decorativos\/\" \/>\n<meta property=\"og:locale\" content=\"en_US\" \/>\n<meta property=\"og:type\" content=\"article\" \/>\n<meta property=\"og:title\" content=\"Cristales decorativos - Todocon, empresa de cerramientos, cristaler\u00eda y m\u00e1mparas\" \/>\n<meta property=\"og:description\" content=\"Cristales Decorativos El cristal es un elemento b\u00e1sico en la decoraci\u00f3n y en la actualidad est\u00e1 viviendo un auge especial.&nbsp;Realizamos cualquier trabajo de interiorismo: mamparas, barandillas, escaleras, suelos p...\" \/>\n<meta property=\"og:url\" content=\"https:\/\/www.todocon.com\/es_ES\/cristales-decorativos\/\" \/>\n<meta property=\"og:site_name\" content=\"Todocon, empresa de cerramientos, cristaler\u00eda y m\u00e1mparas\" \/>\n<meta property=\"article:modified_time\" content=\"2020-07-15T09:20:50+00:00\" \/>\n<meta name=\"twitter:card\" content=\"summary\" \/>\n<meta name=\"twitter:label1\" content=\"Est. reading time\" \/>\n\t<meta name=\"twitter:data1\" content=\"1 minute\" \/>\n<script type=\"application\/ld+json\" class=\"yoast-schema-graph\">{\"@context\":\"https:\/\/schema.org\",\"@graph\":[{\"@type\":\"WebSite\",\"@id\":\"https:\/\/www.todocon.com\/es_ES\/#website\",\"url\":\"https:\/\/www.todocon.com\/es_ES\/\",\"name\":\"Todocon, empresa de cerramientos, cristaler\\u00eda y m\\u00e1mparas\",\"description\":\"\",\"potentialAction\":[{\"@type\":\"SearchAction\",\"target\":{\"@type\":\"EntryPoint\",\"urlTemplate\":\"https:\/\/www.todocon.com\/es_ES\/?s={search_term_string}\"},\"query-input\":\"required name=search_term_string\"}],\"inLanguage\":\"en-US\"},{\"@type\":\"WebPage\",\"@id\":\"https:\/\/www.todocon.com\/es_ES\/cristales-decorativos\/#webpage\",\"url\":\"https:\/\/www.todocon.com\/es_ES\/cristales-decorativos\/\",\"name\":\"Cristales decorativos - Todocon, empresa de cerramientos, cristaler\\u00eda y m\\u00e1mparas\",\"isPartOf\":{\"@id\":\"https:\/\/www.todocon.com\/es_ES\/#website\"},\"datePublished\":\"2015-06-25T11:39:18+00:00\",\"dateModified\":\"2020-07-15T09:20:50+00:00\",\"breadcrumb\":{\"@id\":\"https:\/\/www.todocon.com\/es_ES\/cristales-decorativos\/#breadcrumb\"},\"inLanguage\":\"en-US\",\"potentialAction\":[{\"@type\":\"ReadAction\",\"target\":[\"https:\/\/www.todocon.com\/es_ES\/cristales-decorativos\/\"]}]},{\"@type\":\"BreadcrumbList\",\"@id\":\"https:\/\/www.todocon.com\/es_ES\/cristales-decorativos\/#breadcrumb\",\"itemListElement\":[{\"@type\":\"ListItem\",\"position\":1,\"name\":\"Portada\",\"item\":\"https:\/\/www.todocon.com\/\"},{\"@type\":\"ListItem\",\"position\":2,\"name\":\"Cristales decorativos\"}]}]}<\/script>\n<!-- \/ Yoast SEO plugin. -->","yoast_head_json":{"robots":{"index":"index","follow":"follow","max-snippet":"max-snippet:-1","max-image-preview":"max-image-preview:large","max-video-preview":"max-video-preview:-1"},"canonical":"https:\/\/www.todocon.com\/es_ES\/cristales-decorativos\/","og_locale":"en_US","og_type":"article","og_title":"Cristales decorativos - Todocon, empresa de cerramientos, cristaler\u00eda y m\u00e1mparas","og_description":"Cristales Decorativos El cristal es un elemento b\u00e1sico en la decoraci\u00f3n y en la actualidad est\u00e1 viviendo un auge especial.&nbsp;Realizamos cualquier trabajo de interiorismo: mamparas, barandillas, escaleras, suelos p...","og_url":"https:\/\/www.todocon.com\/es_ES\/cristales-decorativos\/","og_site_name":"Todocon, empresa de cerramientos, cristaler\u00eda y m\u00e1mparas","article_modified_time":"2020-07-15T09:20:50+00:00","twitter_card":"summary","twitter_misc":{"Est. reading time":"1 minute"},"schema":{"@context":"https:\/\/schema.org","@graph":[{"@type":"WebSite","@id":"https:\/\/www.todocon.com\/es_ES\/#website","url":"https:\/\/www.todocon.com\/es_ES\/","name":"Todocon, empresa de cerramientos, cristaler\u00eda y m\u00e1mparas","description":"","potentialAction":[{"@type":"SearchAction","target":{"@type":"EntryPoint","urlTemplate":"https:\/\/www.todocon.com\/es_ES\/?s={search_term_string}"},"query-input":"required name=search_term_string"}],"inLanguage":"en-US"},{"@type":"WebPage","@id":"https:\/\/www.todocon.com\/es_ES\/cristales-decorativos\/#webpage","url":"https:\/\/www.todocon.com\/es_ES\/cristales-decorativos\/","name":"Cristales decorativos - Todocon, empresa de cerramientos, cristaler\u00eda y m\u00e1mparas","isPartOf":{"@id":"https:\/\/www.todocon.com\/es_ES\/#website"},"datePublished":"2015-06-25T11:39:18+00:00","dateModified":"2020-07-15T09:20:50+00:00","breadcrumb":{"@id":"https:\/\/www.todocon.com\/es_ES\/cristales-decorativos\/#breadcrumb"},"inLanguage":"en-US","potentialAction":[{"@type":"ReadAction","target":["https:\/\/www.todocon.com\/es_ES\/cristales-decorativos\/"]}]},{"@type":"BreadcrumbList","@id":"https:\/\/www.todocon.com\/es_ES\/cristales-decorativos\/#breadcrumb","itemListElement":[{"@type":"ListItem","position":1,"name":"Portada","item":"https:\/\/www.todocon.com\/"},{"@type":"ListItem","position":2,"name":"Cristales decorativos"}]}]}},"_links":{"self":[{"href":"https:\/\/www.todocon.com\/es_ES\/wp-json\/wp\/v2\/pages\/6023","targetHints":{"allow":["GET"]}}],"collection":[{"href":"https:\/\/www.todocon.com\/es_ES\/wp-json\/wp\/v2\/pages"}],"about":[{"href":"https:\/\/www.todocon.com\/es_ES\/wp-json\/wp\/v2\/types\/page"}],"author":[{"embeddable":true,"href":"https:\/\/www.todocon.com\/es_ES\/wp-json\/wp\/v2\/users\/1"}],"replies":[{"embeddable":true,"href":"https:\/\/www.todocon.com\/es_ES\/wp-json\/wp\/v2\/comments?post=6023"}],"version-history":[{"count":13,"href":"https:\/\/www.todocon.com\/es_ES\/wp-json\/wp\/v2\/pages\/6023\/revisions"}],"predecessor-version":[{"id":8439,"href":"https:\/\/www.todocon.com\/es_ES\/wp-json\/wp\/v2\/pages\/6023\/revisions\/8439"}],"wp:attachment":[{"href":"https:\/\/www.todocon.com\/es_ES\/wp-json\/wp\/v2\/media?parent=6023"}],"curies":[{"name":"wp","href":"https:\/\/api.w.org\/{rel}","templated":true}]}}