{"id":6019,"date":"2015-06-25T11:38:00","date_gmt":"2015-06-25T11:38:00","guid":{"rendered":"http:\/\/www.todocon.com\/?page_id=6019"},"modified":"2021-02-15T18:44:37","modified_gmt":"2021-02-15T18:44:37","slug":"interiorismo-y-decoracion","status":"publish","type":"page","link":"https:\/\/www.todocon.com\/es_ES\/interiorismo-y-decoracion\/","title":{"rendered":"Interiorismo y decoraci\u00f3n"},"content":{"rendered":"<h2 class=\"western\"><em>Cortinas de Interior<\/em><\/h2>\n<p>Hay una gran variedad de cortinas y estores, con dise\u00f1os atractivos y elegantes que se adaptan a todos los ambientes, convirti\u00e9ndolos en \u00fanicos. Sistemas que le otorgan un control total sobre su privacidad, con los que podr\u00e1 regular la entrada de la luz, y a su vez, le ayudar\u00e1n a obtener un mayor ahorro energ\u00e9tico. Estores con una colecci\u00f3n rica en tejidos t\u00e9cnicos y decorativos, que garantizan un perfecto uso y funcionamiento a lo largo de los a\u00f1os. Gracias a los modernos accesorios y atractivos acabados que permiten sus componentes, podr\u00e1 realizar una completa personalizaci\u00f3n de su cortina. Cortinas que ofrecen una colecci\u00f3n rica en variedad de tejidos, acabados y accesorios, con materiales de la m\u00e1s alta calidad. Diferentes elementos que, combinados entre s\u00ed, le permitir\u00e1n crear ambientes elegantes y confortables acordes a todo tipo de necesidades.<\/p>\n\n<div class=\"ngg-galleryoverview ngg-template-caption\" id=\"ngg-gallery-d114fa7ed4fd3b75d6fbd2b683bfb07d-6019\">\n\n\n\t<!-- Thumbnails -->\n    \t\t\n\t<div id=\"ngg-image-356\" class=\"ngg-gallery-thumbnail-box\" style=\"width:33%;\" >\n\t\t<div class=\"ngg-gallery-thumbnail\" >\n\t\t\t<a href=\"https:\/\/www.todocon.com\/wp-content\/gallery\/cortinas-de-interior\/IMG_4161.jpeg\"\n               title=\" \"\n               class=\"ngg-fancybox\" rel=\"d114fa7ed4fd3b75d6fbd2b683bfb07d\" data-image-id=\"356\" data-src=\"https:\/\/www.todocon.com\/wp-content\/gallery\/cortinas-de-interior\/IMG_4161.jpeg\" data-thumbnail=\"https:\/\/www.todocon.com\/wp-content\/gallery\/cortinas-de-interior\/thumbs\/thumbs_IMG_4161.jpeg\" data-title=\"IMG_4161\" data-description=\" \" >\n\t\t\t\t\t\t\t\t<img title=\"IMG_4161\" alt=\"IMG_4161\" src=\"https:\/\/www.todocon.com\/wp-content\/gallery\/cortinas-de-interior\/thumbs\/thumbs_IMG_4161.jpeg\" width='240' height='160' \/>\n\t\t\t\t\t\t\t<\/a>\n\t\t\t<span> <\/span>\n\t\t<\/div>\n\t<\/div>\n\t\t \t \t\n\t<!-- Pagination -->\n \t<div class='ngg-clear'><\/div> \t\n<\/div>\n\n\n<h2 class=\"western\"><i>Enrollable<\/i><\/h2>\n<p>Este sistema permite un acabado decorativo que combina est\u00e9tica y funcionalidad. Es el sistema m\u00e1s difundido que, gracias a su mecanismo de enrolle, hace que su integraci\u00f3n en la ventana quede lo m\u00e1s discreto posible. Con una extensa gama de tejidos a nivel t\u00e9cnico y decorativo, le ofrece la posibilidad de dar estilo a cualquier espacio.<\/p>\n\n<div class=\"ngg-galleryoverview ngg-template-caption\" id=\"ngg-gallery-30167ae9273875841ee23966129d3874-6019\">\n\n\n\t<!-- Thumbnails -->\n    \t\t\n\t<div id=\"ngg-image-370\" class=\"ngg-gallery-thumbnail-box\"  >\n\t\t<div class=\"ngg-gallery-thumbnail\" >\n\t\t\t<a href=\"https:\/\/www.todocon.com\/wp-content\/gallery\/enrollable\/Enrollable_web_021-300x231.jpg\"\n               title=\" \"\n               class=\"ngg-fancybox\" rel=\"30167ae9273875841ee23966129d3874\" data-image-id=\"370\" data-src=\"https:\/\/www.todocon.com\/wp-content\/gallery\/enrollable\/Enrollable_web_021-300x231.jpg\" data-thumbnail=\"https:\/\/www.todocon.com\/wp-content\/gallery\/enrollable\/thumbs\/thumbs_Enrollable_web_021-300x231.jpg\" data-title=\"Enrollable_web_021-300x231\" data-description=\" \" >\n\t\t\t\t\t\t\t\t<img title=\"Enrollable_web_021-300x231\" alt=\"Enrollable_web_021-300x231\" src=\"https:\/\/www.todocon.com\/wp-content\/gallery\/enrollable\/thumbs\/thumbs_Enrollable_web_021-300x231.jpg\" width='240' height='160' \/>\n\t\t\t\t\t\t\t<\/a>\n\t\t\t<span> <\/span>\n\t\t<\/div>\n\t<\/div>\n\t\t \t \t\n\t<!-- Pagination -->\n \t<div class='ngg-clear'><\/div> \t\n<\/div>\n\n\n<h2 class=\"western\"><i>Plisada<\/i><\/h2>\n<p>Cortina sencilla y minimalista que ofrece la posibilidad de ser instalada en espacios m\u00ednimos de recogida. Sistema ligero que presenta un f\u00e1cil manejo y uso.<\/p>\n\n<div class=\"ngg-galleryoverview ngg-template-caption\" id=\"ngg-gallery-88c34dbee72d09fa32a7beee05046e60-6019\">\n\n\n\t<!-- Thumbnails -->\n    \t\t\n\t<div id=\"ngg-image-371\" class=\"ngg-gallery-thumbnail-box\"  >\n\t\t<div class=\"ngg-gallery-thumbnail\" >\n\t\t\t<a href=\"https:\/\/www.todocon.com\/wp-content\/gallery\/plisada\/Plisada_web_01-300x231.jpg\"\n               title=\" \"\n               class=\"ngg-fancybox\" rel=\"88c34dbee72d09fa32a7beee05046e60\" data-image-id=\"371\" data-src=\"https:\/\/www.todocon.com\/wp-content\/gallery\/plisada\/Plisada_web_01-300x231.jpg\" data-thumbnail=\"https:\/\/www.todocon.com\/wp-content\/gallery\/plisada\/thumbs\/thumbs_Plisada_web_01-300x231.jpg\" data-title=\"Plisada_web_01-300x231\" data-description=\" \" >\n\t\t\t\t\t\t\t\t<img title=\"Plisada_web_01-300x231\" alt=\"Plisada_web_01-300x231\" src=\"https:\/\/www.todocon.com\/wp-content\/gallery\/plisada\/thumbs\/thumbs_Plisada_web_01-300x231.jpg\" width='240' height='160' \/>\n\t\t\t\t\t\t\t<\/a>\n\t\t\t<span> <\/span>\n\t\t<\/div>\n\t<\/div>\n\t\t \t \t\n\t<!-- Pagination -->\n \t<div class='ngg-clear'><\/div> \t\n<\/div>\n\n\n<h2 class=\"western\"><i>Veneciana de Aluminio<\/i><\/h2>\n<p>Cl\u00e1sica cortina que se adapta a los ambientes m\u00e1s modernos con su amplia gama de colores y acabados. Ideal para ventanas de formato medio y grande, le ofrece un perfecto control tanto de la visi\u00f3n como de la entrada de luz.<\/p>\n\n<div class=\"ngg-galleryoverview ngg-template-caption\" id=\"ngg-gallery-80b10c6331be151916822073357613e5-6019\">\n\n\n\t<!-- Thumbnails -->\n    \t\t\n\t<div id=\"ngg-image-372\" class=\"ngg-gallery-thumbnail-box\" style=\"width:33%;\" >\n\t\t<div class=\"ngg-gallery-thumbnail\" >\n\t\t\t<a href=\"https:\/\/www.todocon.com\/wp-content\/gallery\/venecianaalu\/veneciana-aluminio-300x272.jpg\"\n               title=\" \"\n               class=\"ngg-fancybox\" rel=\"80b10c6331be151916822073357613e5\" data-image-id=\"372\" data-src=\"https:\/\/www.todocon.com\/wp-content\/gallery\/venecianaalu\/veneciana-aluminio-300x272.jpg\" data-thumbnail=\"https:\/\/www.todocon.com\/wp-content\/gallery\/venecianaalu\/thumbs\/thumbs_veneciana-aluminio-300x272.jpg\" data-title=\"veneciana-aluminio-300x272\" data-description=\" \" >\n\t\t\t\t\t\t\t\t<img title=\"veneciana-aluminio-300x272\" alt=\"veneciana-aluminio-300x272\" src=\"https:\/\/www.todocon.com\/wp-content\/gallery\/venecianaalu\/thumbs\/thumbs_veneciana-aluminio-300x272.jpg\" width='240' height='160' \/>\n\t\t\t\t\t\t\t<\/a>\n\t\t\t<span> <\/span>\n\t\t<\/div>\n\t<\/div>\n\t\t \t \t\n\t<!-- Pagination -->\n \t<div class='ngg-clear'><\/div> \t\n<\/div>\n\n\n<h2 class=\"western\"><i>Veneciana de Madera<\/i><\/h2>\n<p>Sistema de orientaci\u00f3n de lamas simple y sencillo en su uso, que permite crear una gran variedad de ambientes. Amplia gama de lamas en madera natural, lacados y acabados especiales, para adaptarse a cualquier estilo decorativo, ofreciendo diferentes posibilidades de colocaci\u00f3n. Un toque de elegancia y calidez para su hogar.<\/p>\n\n<div class=\"ngg-galleryoverview ngg-template-caption\" id=\"ngg-gallery-17639ba23da15a30022ab4f1818fb272-6019\">\n\n\n\t<!-- Thumbnails -->\n    \t\t\n\t<div id=\"ngg-image-373\" class=\"ngg-gallery-thumbnail-box\" style=\"width:33%;\" >\n\t\t<div class=\"ngg-gallery-thumbnail\" >\n\t\t\t<a href=\"https:\/\/www.todocon.com\/wp-content\/gallery\/venecianama\/VenecianaMadera_web_011-300x231.jpg\"\n               title=\" \"\n               class=\"ngg-fancybox\" rel=\"17639ba23da15a30022ab4f1818fb272\" data-image-id=\"373\" data-src=\"https:\/\/www.todocon.com\/wp-content\/gallery\/venecianama\/VenecianaMadera_web_011-300x231.jpg\" data-thumbnail=\"https:\/\/www.todocon.com\/wp-content\/gallery\/venecianama\/thumbs\/thumbs_VenecianaMadera_web_011-300x231.jpg\" data-title=\"VenecianaMadera_web_011-300x231\" data-description=\" \" >\n\t\t\t\t\t\t\t\t<img title=\"VenecianaMadera_web_011-300x231\" alt=\"VenecianaMadera_web_011-300x231\" src=\"https:\/\/www.todocon.com\/wp-content\/gallery\/venecianama\/thumbs\/thumbs_VenecianaMadera_web_011-300x231.jpg\" width='240' height='160' \/>\n\t\t\t\t\t\t\t<\/a>\n\t\t\t<span> <\/span>\n\t\t<\/div>\n\t<\/div>\n\t\t \t \t\n\t<!-- Pagination -->\n \t<div class='ngg-clear'><\/div> \t\n<\/div>\n\n\n<h2 class=\"western\"><i>Plegable<\/i><\/h2>\n<p>La caracter\u00edstica primordial de este sistema es la ca\u00edda natural de la tela. Junto a tejidos como el lino, poli\u00e9ster y algod\u00f3n, le ayuda a crear ambientes acogedores. Aporta un estilo formal con gran car\u00e1cter decorativo y moderno, gracias a una gran variedad de colores y estampados.<\/p>\n\n<div class=\"ngg-galleryoverview ngg-template-caption\" id=\"ngg-gallery-3cf763c5c0cc4cbe34983564772e931e-6019\">\n\n\n\t<!-- Thumbnails -->\n    \t\t\n\t<div id=\"ngg-image-374\" class=\"ngg-gallery-thumbnail-box\" style=\"width:33%;\" >\n\t\t<div class=\"ngg-gallery-thumbnail\" >\n\t\t\t<a href=\"https:\/\/www.todocon.com\/wp-content\/gallery\/plegable\/plegable-300x205.jpg\"\n               title=\" \"\n               class=\"ngg-fancybox\" rel=\"3cf763c5c0cc4cbe34983564772e931e\" data-image-id=\"374\" data-src=\"https:\/\/www.todocon.com\/wp-content\/gallery\/plegable\/plegable-300x205.jpg\" data-thumbnail=\"https:\/\/www.todocon.com\/wp-content\/gallery\/plegable\/thumbs\/thumbs_plegable-300x205.jpg\" data-title=\"plegable-300x205\" data-description=\" \" >\n\t\t\t\t\t\t\t\t<img title=\"plegable-300x205\" alt=\"plegable-300x205\" src=\"https:\/\/www.todocon.com\/wp-content\/gallery\/plegable\/thumbs\/thumbs_plegable-300x205.jpg\" width='240' height='160' \/>\n\t\t\t\t\t\t\t<\/a>\n\t\t\t<span> <\/span>\n\t\t<\/div>\n\t<\/div>\n\t\t \t \t\n\t<!-- Pagination -->\n \t<div class='ngg-clear'><\/div> \t\n<\/div>\n\n\n<h2 class=\"western\"><i>Decoraci\u00f3n<\/i><\/h2>\n","protected":false},"excerpt":{"rendered":"<h2 class=\"western\"><em>Cortinas de Interior<\/em><\/h2>\n<p>Hay una gran variedad de cortinas y estores, con dise\u00f1os atractivos y elegantes que se adaptan a todos los ambientes, convirti\u00e9ndolos en \u00fanicos. Sistemas que le otorgan un control total sobre su &#8230;<\/p>\n","protected":false},"author":1,"featured_media":0,"parent":0,"menu_order":0,"comment_status":"closed","ping_status":"open","template":"","meta":{"_monsterinsights_skip_tracking":false,"_monsterinsights_sitenote_active":false,"_monsterinsights_sitenote_note":"","_monsterinsights_sitenote_category":0,"ngg_post_thumbnail":0,"footnotes":""},"class_list":["post-6019","page","type-page","status-publish","hentry"],"yoast_head":"<!-- This site is optimized with the Yoast SEO plugin v17.5 - https:\/\/yoast.com\/wordpress\/plugins\/seo\/ -->\n<meta name=\"robots\" content=\"index, follow, max-snippet:-1, max-image-preview:large, max-video-preview:-1\" \/>\n<link rel=\"canonical\" href=\"https:\/\/www.todocon.com\/interiorismo-y-decoracion\/\" \/>\n<meta property=\"og:locale\" content=\"en_US\" \/>\n<meta property=\"og:type\" content=\"article\" \/>\n<meta property=\"og:title\" content=\"Interiorismo y decoraci\u00f3n - Todocon, empresa de cerramientos, cristaler\u00eda y m\u00e1mparas\" \/>\n<meta property=\"og:description\" content=\"Cortinas de Interior Hay una gran variedad de cortinas y estores, con dise\u00f1os atractivos y elegantes que se adaptan a todos los ambientes, convirti\u00e9ndolos en \u00fanicos. Sistemas que le otorgan un control total sobre su ...\" \/>\n<meta property=\"og:url\" content=\"https:\/\/www.todocon.com\/interiorismo-y-decoracion\/\" \/>\n<meta property=\"og:site_name\" content=\"Todocon, empresa de cerramientos, cristaler\u00eda y m\u00e1mparas\" \/>\n<meta property=\"article:modified_time\" content=\"2021-02-15T18:44:37+00:00\" \/>\n<meta name=\"twitter:card\" content=\"summary\" \/>\n<meta name=\"twitter:label1\" content=\"Est. reading time\" \/>\n\t<meta name=\"twitter:data1\" content=\"3 minutes\" \/>\n<script type=\"application\/ld+json\" class=\"yoast-schema-graph\">{\"@context\":\"https:\/\/schema.org\",\"@graph\":[{\"@type\":\"WebSite\",\"@id\":\"https:\/\/www.todocon.com\/es_ES\/#website\",\"url\":\"https:\/\/www.todocon.com\/es_ES\/\",\"name\":\"Todocon, empresa de cerramientos, cristaler\\u00eda y m\\u00e1mparas\",\"description\":\"\",\"potentialAction\":[{\"@type\":\"SearchAction\",\"target\":{\"@type\":\"EntryPoint\",\"urlTemplate\":\"https:\/\/www.todocon.com\/es_ES\/?s={search_term_string}\"},\"query-input\":\"required name=search_term_string\"}],\"inLanguage\":\"en-US\"},{\"@type\":\"WebPage\",\"@id\":\"https:\/\/www.todocon.com\/interiorismo-y-decoracion\/#webpage\",\"url\":\"https:\/\/www.todocon.com\/interiorismo-y-decoracion\/\",\"name\":\"Interiorismo y decoraci\\u00f3n - Todocon, empresa de cerramientos, cristaler\\u00eda y m\\u00e1mparas\",\"isPartOf\":{\"@id\":\"https:\/\/www.todocon.com\/es_ES\/#website\"},\"datePublished\":\"2015-06-25T11:38:00+00:00\",\"dateModified\":\"2021-02-15T18:44:37+00:00\",\"breadcrumb\":{\"@id\":\"https:\/\/www.todocon.com\/interiorismo-y-decoracion\/#breadcrumb\"},\"inLanguage\":\"en-US\",\"potentialAction\":[{\"@type\":\"ReadAction\",\"target\":[\"https:\/\/www.todocon.com\/interiorismo-y-decoracion\/\"]}]},{\"@type\":\"BreadcrumbList\",\"@id\":\"https:\/\/www.todocon.com\/interiorismo-y-decoracion\/#breadcrumb\",\"itemListElement\":[{\"@type\":\"ListItem\",\"position\":1,\"name\":\"Portada\",\"item\":\"https:\/\/www.todocon.com\/\"},{\"@type\":\"ListItem\",\"position\":2,\"name\":\"Interiorismo y decoraci\\u00f3n\"}]}]}<\/script>\n<!-- \/ Yoast SEO plugin. -->","yoast_head_json":{"robots":{"index":"index","follow":"follow","max-snippet":"max-snippet:-1","max-image-preview":"max-image-preview:large","max-video-preview":"max-video-preview:-1"},"canonical":"https:\/\/www.todocon.com\/interiorismo-y-decoracion\/","og_locale":"en_US","og_type":"article","og_title":"Interiorismo y decoraci\u00f3n - Todocon, empresa de cerramientos, cristaler\u00eda y m\u00e1mparas","og_description":"Cortinas de Interior Hay una gran variedad de cortinas y estores, con dise\u00f1os atractivos y elegantes que se adaptan a todos los ambientes, convirti\u00e9ndolos en \u00fanicos. Sistemas que le otorgan un control total sobre su ...","og_url":"https:\/\/www.todocon.com\/interiorismo-y-decoracion\/","og_site_name":"Todocon, empresa de cerramientos, cristaler\u00eda y m\u00e1mparas","article_modified_time":"2021-02-15T18:44:37+00:00","twitter_card":"summary","twitter_misc":{"Est. reading time":"3 minutes"},"schema":{"@context":"https:\/\/schema.org","@graph":[{"@type":"WebSite","@id":"https:\/\/www.todocon.com\/es_ES\/#website","url":"https:\/\/www.todocon.com\/es_ES\/","name":"Todocon, empresa de cerramientos, cristaler\u00eda y m\u00e1mparas","description":"","potentialAction":[{"@type":"SearchAction","target":{"@type":"EntryPoint","urlTemplate":"https:\/\/www.todocon.com\/es_ES\/?s={search_term_string}"},"query-input":"required name=search_term_string"}],"inLanguage":"en-US"},{"@type":"WebPage","@id":"https:\/\/www.todocon.com\/interiorismo-y-decoracion\/#webpage","url":"https:\/\/www.todocon.com\/interiorismo-y-decoracion\/","name":"Interiorismo y decoraci\u00f3n - Todocon, empresa de cerramientos, cristaler\u00eda y m\u00e1mparas","isPartOf":{"@id":"https:\/\/www.todocon.com\/es_ES\/#website"},"datePublished":"2015-06-25T11:38:00+00:00","dateModified":"2021-02-15T18:44:37+00:00","breadcrumb":{"@id":"https:\/\/www.todocon.com\/interiorismo-y-decoracion\/#breadcrumb"},"inLanguage":"en-US","potentialAction":[{"@type":"ReadAction","target":["https:\/\/www.todocon.com\/interiorismo-y-decoracion\/"]}]},{"@type":"BreadcrumbList","@id":"https:\/\/www.todocon.com\/interiorismo-y-decoracion\/#breadcrumb","itemListElement":[{"@type":"ListItem","position":1,"name":"Portada","item":"https:\/\/www.todocon.com\/"},{"@type":"ListItem","position":2,"name":"Interiorismo y decoraci\u00f3n"}]}]}},"_links":{"self":[{"href":"https:\/\/www.todocon.com\/es_ES\/wp-json\/wp\/v2\/pages\/6019","targetHints":{"allow":["GET"]}}],"collection":[{"href":"https:\/\/www.todocon.com\/es_ES\/wp-json\/wp\/v2\/pages"}],"about":[{"href":"https:\/\/www.todocon.com\/es_ES\/wp-json\/wp\/v2\/types\/page"}],"author":[{"embeddable":true,"href":"https:\/\/www.todocon.com\/es_ES\/wp-json\/wp\/v2\/users\/1"}],"replies":[{"embeddable":true,"href":"https:\/\/www.todocon.com\/es_ES\/wp-json\/wp\/v2\/comments?post=6019"}],"version-history":[{"count":81,"href":"https:\/\/www.todocon.com\/es_ES\/wp-json\/wp\/v2\/pages\/6019\/revisions"}],"predecessor-version":[{"id":8537,"href":"https:\/\/www.todocon.com\/es_ES\/wp-json\/wp\/v2\/pages\/6019\/revisions\/8537"}],"wp:attachment":[{"href":"https:\/\/www.todocon.com\/es_ES\/wp-json\/wp\/v2\/media?parent=6019"}],"curies":[{"name":"wp","href":"https:\/\/api.w.org\/{rel}","templated":true}]}}