{"id":6017,"date":"2015-06-25T11:35:56","date_gmt":"2015-06-25T11:35:56","guid":{"rendered":"http:\/\/www.todocon.com\/?page_id=6017"},"modified":"2020-07-15T09:19:25","modified_gmt":"2020-07-15T09:19:25","slug":"fiscal","status":"publish","type":"page","link":"https:\/\/www.todocon.com\/es_ES\/fiscal\/","title":{"rendered":"Fiscal y Contable"},"content":{"rendered":"<h2 class=\"western\"><em>Fiscal y contable<\/em><\/h2>\n<p><a href=\"\/wp-content\/uploads\/2015\/06\/contable.png\"><img loading=\"lazy\" decoding=\"async\" class=\"alignleft wp-image-6117 size-full\" src=\"\/wp-content\/uploads\/2015\/06\/contable.png\" alt=\"contable\" width=\"193\" height=\"128\"\/><\/a><\/p>\n<ul>\n<li>Elaboraci\u00f3n y presentaci\u00f3n de los modelos mensuales, trimestrales y anuales:<\/li>\n<li>IVA,IRPF (303, 115, 390, 180, 340..)<\/li>\n<li>M\u00f3dulos (309, 310, 311, 131..)<\/li>\n<li>Intrastat.<\/li>\n<li>Pagos Fraccionados (130, 202).<\/li>\n<li>Impuesto sobre Sociedades.<\/li>\n<li>Declaraciones de la Renta.<\/li>\n<li>Auditor\u00edas.<\/li>\n<li>Elaboraci\u00f3n y presentaci\u00f3n de la Declaraci\u00f3n de No Residentes.<\/li>\n<li>Constituci\u00f3n de Sociedades Mercantiles.<\/li>\n<li>Elaboraci\u00f3n de contabilidades de empresas, trabajadores y profesionales aut\u00f3nomos.<\/li>\n<li>Preparaci\u00f3n y legalizaci\u00f3n de los libros oficiales.<\/li>\n<li>Confecci\u00f3n y dep\u00f3sito de las cuentas anuales en el Registro Mercantil.<\/li>\n<li>Contratos Compraventa.<\/li>\n<li>Contratos Arrendamientos Vivienda y Uso Distinto del de Vivienda.<\/li>\n<li>Administraci\u00f3n de Fincas.<\/li>\n<\/ul>\n","protected":false},"excerpt":{"rendered":"<h2 class=\"western\"><em>Fiscal y contable<\/em><\/h2>\n<p><a href=\"\/wp-content\/uploads\/2015\/06\/contable.png\"><img loading=\"lazy\" decoding=\"async\" class=\"alignleft wp-image-6117 size-full\" src=\"\/wp-content\/uploads\/2015\/06\/contable.png\" alt=\"contable\" width=\"193\" height=\"128\"><\/a><\/p>\n<ul>\n \t<...\n<\/p>\n","protected":false},"author":1,"featured_media":0,"parent":0,"menu_order":0,"comment_status":"closed","ping_status":"open","template":"","meta":{"_monsterinsights_skip_tracking":false,"_monsterinsights_sitenote_active":false,"_monsterinsights_sitenote_note":"","_monsterinsights_sitenote_category":0,"ngg_post_thumbnail":0,"footnotes":""},"class_list":["post-6017","page","type-page","status-publish","hentry"],"yoast_head":"<!-- This site is optimized with the Yoast SEO plugin v17.5 - https:\/\/yoast.com\/wordpress\/plugins\/seo\/ -->\n<meta name=\"robots\" content=\"index, follow, max-snippet:-1, max-image-preview:large, max-video-preview:-1\" \/>\n<link rel=\"canonical\" href=\"https:\/\/www.todocon.com\/es_ES\/fiscal\/\" \/>\n<meta property=\"og:locale\" content=\"en_US\" \/>\n<meta property=\"og:type\" content=\"article\" \/>\n<meta property=\"og:title\" content=\"Fiscal y Contable - Todocon, empresa de cerramientos, cristaler\u00eda y m\u00e1mparas\" \/>\n<meta property=\"og:description\" content=\"Fiscal y contable\" \/>\n<meta property=\"og:url\" content=\"https:\/\/www.todocon.com\/es_ES\/fiscal\/\" \/>\n<meta property=\"og:site_name\" content=\"Todocon, empresa de cerramientos, cristaler\u00eda y m\u00e1mparas\" \/>\n<meta property=\"article:modified_time\" content=\"2020-07-15T09:19:25+00:00\" \/>\n<meta property=\"og:image\" content=\"https:\/\/www.todocon.com\/wp-content\/uploads\/2015\/06\/contable.png\" \/>\n<meta name=\"twitter:card\" content=\"summary\" \/>\n<script type=\"application\/ld+json\" class=\"yoast-schema-graph\">{\"@context\":\"https:\/\/schema.org\",\"@graph\":[{\"@type\":\"WebSite\",\"@id\":\"https:\/\/www.todocon.com\/es_ES\/#website\",\"url\":\"https:\/\/www.todocon.com\/es_ES\/\",\"name\":\"Todocon, empresa de cerramientos, cristaler\\u00eda y m\\u00e1mparas\",\"description\":\"\",\"potentialAction\":[{\"@type\":\"SearchAction\",\"target\":{\"@type\":\"EntryPoint\",\"urlTemplate\":\"https:\/\/www.todocon.com\/es_ES\/?s={search_term_string}\"},\"query-input\":\"required name=search_term_string\"}],\"inLanguage\":\"en-US\"},{\"@type\":\"ImageObject\",\"@id\":\"https:\/\/www.todocon.com\/es_ES\/fiscal\/#primaryimage\",\"inLanguage\":\"en-US\",\"url\":\"\/wp-content\/uploads\/2015\/06\/contable.png\",\"contentUrl\":\"\/wp-content\/uploads\/2015\/06\/contable.png\"},{\"@type\":\"WebPage\",\"@id\":\"https:\/\/www.todocon.com\/es_ES\/fiscal\/#webpage\",\"url\":\"https:\/\/www.todocon.com\/es_ES\/fiscal\/\",\"name\":\"Fiscal y Contable - Todocon, empresa de cerramientos, cristaler\\u00eda y m\\u00e1mparas\",\"isPartOf\":{\"@id\":\"https:\/\/www.todocon.com\/es_ES\/#website\"},\"primaryImageOfPage\":{\"@id\":\"https:\/\/www.todocon.com\/es_ES\/fiscal\/#primaryimage\"},\"datePublished\":\"2015-06-25T11:35:56+00:00\",\"dateModified\":\"2020-07-15T09:19:25+00:00\",\"breadcrumb\":{\"@id\":\"https:\/\/www.todocon.com\/es_ES\/fiscal\/#breadcrumb\"},\"inLanguage\":\"en-US\",\"potentialAction\":[{\"@type\":\"ReadAction\",\"target\":[\"https:\/\/www.todocon.com\/es_ES\/fiscal\/\"]}]},{\"@type\":\"BreadcrumbList\",\"@id\":\"https:\/\/www.todocon.com\/es_ES\/fiscal\/#breadcrumb\",\"itemListElement\":[{\"@type\":\"ListItem\",\"position\":1,\"name\":\"Portada\",\"item\":\"https:\/\/www.todocon.com\/\"},{\"@type\":\"ListItem\",\"position\":2,\"name\":\"Fiscal y Contable\"}]}]}<\/script>\n<!-- \/ Yoast SEO plugin. -->","yoast_head_json":{"robots":{"index":"index","follow":"follow","max-snippet":"max-snippet:-1","max-image-preview":"max-image-preview:large","max-video-preview":"max-video-preview:-1"},"canonical":"https:\/\/www.todocon.com\/es_ES\/fiscal\/","og_locale":"en_US","og_type":"article","og_title":"Fiscal y Contable - Todocon, empresa de cerramientos, cristaler\u00eda y m\u00e1mparas","og_description":"Fiscal y contable","og_url":"https:\/\/www.todocon.com\/es_ES\/fiscal\/","og_site_name":"Todocon, empresa de cerramientos, cristaler\u00eda y m\u00e1mparas","article_modified_time":"2020-07-15T09:19:25+00:00","og_image":[{"url":"https:\/\/www.todocon.com\/wp-content\/uploads\/2015\/06\/contable.png"}],"twitter_card":"summary","schema":{"@context":"https:\/\/schema.org","@graph":[{"@type":"WebSite","@id":"https:\/\/www.todocon.com\/es_ES\/#website","url":"https:\/\/www.todocon.com\/es_ES\/","name":"Todocon, empresa de cerramientos, cristaler\u00eda y m\u00e1mparas","description":"","potentialAction":[{"@type":"SearchAction","target":{"@type":"EntryPoint","urlTemplate":"https:\/\/www.todocon.com\/es_ES\/?s={search_term_string}"},"query-input":"required name=search_term_string"}],"inLanguage":"en-US"},{"@type":"ImageObject","@id":"https:\/\/www.todocon.com\/es_ES\/fiscal\/#primaryimage","inLanguage":"en-US","url":"\/wp-content\/uploads\/2015\/06\/contable.png","contentUrl":"\/wp-content\/uploads\/2015\/06\/contable.png"},{"@type":"WebPage","@id":"https:\/\/www.todocon.com\/es_ES\/fiscal\/#webpage","url":"https:\/\/www.todocon.com\/es_ES\/fiscal\/","name":"Fiscal y Contable - Todocon, empresa de cerramientos, cristaler\u00eda y m\u00e1mparas","isPartOf":{"@id":"https:\/\/www.todocon.com\/es_ES\/#website"},"primaryImageOfPage":{"@id":"https:\/\/www.todocon.com\/es_ES\/fiscal\/#primaryimage"},"datePublished":"2015-06-25T11:35:56+00:00","dateModified":"2020-07-15T09:19:25+00:00","breadcrumb":{"@id":"https:\/\/www.todocon.com\/es_ES\/fiscal\/#breadcrumb"},"inLanguage":"en-US","potentialAction":[{"@type":"ReadAction","target":["https:\/\/www.todocon.com\/es_ES\/fiscal\/"]}]},{"@type":"BreadcrumbList","@id":"https:\/\/www.todocon.com\/es_ES\/fiscal\/#breadcrumb","itemListElement":[{"@type":"ListItem","position":1,"name":"Portada","item":"https:\/\/www.todocon.com\/"},{"@type":"ListItem","position":2,"name":"Fiscal y Contable"}]}]}},"_links":{"self":[{"href":"https:\/\/www.todocon.com\/es_ES\/wp-json\/wp\/v2\/pages\/6017","targetHints":{"allow":["GET"]}}],"collection":[{"href":"https:\/\/www.todocon.com\/es_ES\/wp-json\/wp\/v2\/pages"}],"about":[{"href":"https:\/\/www.todocon.com\/es_ES\/wp-json\/wp\/v2\/types\/page"}],"author":[{"embeddable":true,"href":"https:\/\/www.todocon.com\/es_ES\/wp-json\/wp\/v2\/users\/1"}],"replies":[{"embeddable":true,"href":"https:\/\/www.todocon.com\/es_ES\/wp-json\/wp\/v2\/comments?post=6017"}],"version-history":[{"count":15,"href":"https:\/\/www.todocon.com\/es_ES\/wp-json\/wp\/v2\/pages\/6017\/revisions"}],"predecessor-version":[{"id":8360,"href":"https:\/\/www.todocon.com\/es_ES\/wp-json\/wp\/v2\/pages\/6017\/revisions\/8360"}],"wp:attachment":[{"href":"https:\/\/www.todocon.com\/es_ES\/wp-json\/wp\/v2\/media?parent=6017"}],"curies":[{"name":"wp","href":"https:\/\/api.w.org\/{rel}","templated":true}]}}