{"id":5971,"date":"2015-06-24T10:27:46","date_gmt":"2015-06-24T10:27:46","guid":{"rendered":"http:\/\/www.todocon.com\/?page_id=5971"},"modified":"2021-02-15T18:46:43","modified_gmt":"2021-02-15T18:46:43","slug":"decoracion","status":"publish","type":"page","link":"https:\/\/www.todocon.com\/es_ES\/decoracion\/","title":{"rendered":"Decoraci\u00f3n"},"content":{"rendered":"","protected":false},"excerpt":{"rendered":"","protected":false},"author":1,"featured_media":0,"parent":0,"menu_order":0,"comment_status":"closed","ping_status":"open","template":"","meta":{"_monsterinsights_skip_tracking":false,"_monsterinsights_sitenote_active":false,"_monsterinsights_sitenote_note":"","_monsterinsights_sitenote_category":0,"ngg_post_thumbnail":0,"footnotes":""},"class_list":["post-5971","page","type-page","status-publish","hentry"],"yoast_head":"<!-- This site is optimized with the Yoast SEO plugin v17.5 - https:\/\/yoast.com\/wordpress\/plugins\/seo\/ -->\n<meta name=\"robots\" content=\"index, follow, max-snippet:-1, max-image-preview:large, max-video-preview:-1\" \/>\n<link rel=\"canonical\" href=\"https:\/\/www.todocon.com\/decoracion\/\" \/>\n<meta property=\"og:locale\" content=\"en_US\" \/>\n<meta property=\"og:type\" content=\"article\" \/>\n<meta property=\"og:title\" content=\"Decoraci\u00f3n - Todocon, empresa de cerramientos, cristaler\u00eda y m\u00e1mparas\" \/>\n<meta property=\"og:url\" content=\"https:\/\/www.todocon.com\/decoracion\/\" \/>\n<meta property=\"og:site_name\" content=\"Todocon, empresa de cerramientos, cristaler\u00eda y m\u00e1mparas\" \/>\n<meta property=\"article:modified_time\" content=\"2021-02-15T18:46:43+00:00\" \/>\n<meta name=\"twitter:card\" content=\"summary\" \/>\n<script type=\"application\/ld+json\" class=\"yoast-schema-graph\">{\"@context\":\"https:\/\/schema.org\",\"@graph\":[{\"@type\":\"WebSite\",\"@id\":\"https:\/\/www.todocon.com\/es_ES\/#website\",\"url\":\"https:\/\/www.todocon.com\/es_ES\/\",\"name\":\"Todocon, empresa de cerramientos, cristaler\\u00eda y m\\u00e1mparas\",\"description\":\"\",\"potentialAction\":[{\"@type\":\"SearchAction\",\"target\":{\"@type\":\"EntryPoint\",\"urlTemplate\":\"https:\/\/www.todocon.com\/es_ES\/?s={search_term_string}\"},\"query-input\":\"required name=search_term_string\"}],\"inLanguage\":\"en-US\"},{\"@type\":\"WebPage\",\"@id\":\"https:\/\/www.todocon.com\/decoracion\/#webpage\",\"url\":\"https:\/\/www.todocon.com\/decoracion\/\",\"name\":\"Decoraci\\u00f3n - Todocon, empresa de cerramientos, cristaler\\u00eda y m\\u00e1mparas\",\"isPartOf\":{\"@id\":\"https:\/\/www.todocon.com\/es_ES\/#website\"},\"datePublished\":\"2015-06-24T10:27:46+00:00\",\"dateModified\":\"2021-02-15T18:46:43+00:00\",\"breadcrumb\":{\"@id\":\"https:\/\/www.todocon.com\/decoracion\/#breadcrumb\"},\"inLanguage\":\"en-US\",\"potentialAction\":[{\"@type\":\"ReadAction\",\"target\":[\"https:\/\/www.todocon.com\/decoracion\/\"]}]},{\"@type\":\"BreadcrumbList\",\"@id\":\"https:\/\/www.todocon.com\/decoracion\/#breadcrumb\",\"itemListElement\":[{\"@type\":\"ListItem\",\"position\":1,\"name\":\"Portada\",\"item\":\"https:\/\/www.todocon.com\/\"},{\"@type\":\"ListItem\",\"position\":2,\"name\":\"Decoraci\\u00f3n\"}]}]}<\/script>\n<!-- \/ Yoast SEO plugin. -->","yoast_head_json":{"robots":{"index":"index","follow":"follow","max-snippet":"max-snippet:-1","max-image-preview":"max-image-preview:large","max-video-preview":"max-video-preview:-1"},"canonical":"https:\/\/www.todocon.com\/decoracion\/","og_locale":"en_US","og_type":"article","og_title":"Decoraci\u00f3n - Todocon, empresa de cerramientos, cristaler\u00eda y m\u00e1mparas","og_url":"https:\/\/www.todocon.com\/decoracion\/","og_site_name":"Todocon, empresa de cerramientos, cristaler\u00eda y m\u00e1mparas","article_modified_time":"2021-02-15T18:46:43+00:00","twitter_card":"summary","schema":{"@context":"https:\/\/schema.org","@graph":[{"@type":"WebSite","@id":"https:\/\/www.todocon.com\/es_ES\/#website","url":"https:\/\/www.todocon.com\/es_ES\/","name":"Todocon, empresa de cerramientos, cristaler\u00eda y m\u00e1mparas","description":"","potentialAction":[{"@type":"SearchAction","target":{"@type":"EntryPoint","urlTemplate":"https:\/\/www.todocon.com\/es_ES\/?s={search_term_string}"},"query-input":"required name=search_term_string"}],"inLanguage":"en-US"},{"@type":"WebPage","@id":"https:\/\/www.todocon.com\/decoracion\/#webpage","url":"https:\/\/www.todocon.com\/decoracion\/","name":"Decoraci\u00f3n - Todocon, empresa de cerramientos, cristaler\u00eda y m\u00e1mparas","isPartOf":{"@id":"https:\/\/www.todocon.com\/es_ES\/#website"},"datePublished":"2015-06-24T10:27:46+00:00","dateModified":"2021-02-15T18:46:43+00:00","breadcrumb":{"@id":"https:\/\/www.todocon.com\/decoracion\/#breadcrumb"},"inLanguage":"en-US","potentialAction":[{"@type":"ReadAction","target":["https:\/\/www.todocon.com\/decoracion\/"]}]},{"@type":"BreadcrumbList","@id":"https:\/\/www.todocon.com\/decoracion\/#breadcrumb","itemListElement":[{"@type":"ListItem","position":1,"name":"Portada","item":"https:\/\/www.todocon.com\/"},{"@type":"ListItem","position":2,"name":"Decoraci\u00f3n"}]}]}},"_links":{"self":[{"href":"https:\/\/www.todocon.com\/es_ES\/wp-json\/wp\/v2\/pages\/5971","targetHints":{"allow":["GET"]}}],"collection":[{"href":"https:\/\/www.todocon.com\/es_ES\/wp-json\/wp\/v2\/pages"}],"about":[{"href":"https:\/\/www.todocon.com\/es_ES\/wp-json\/wp\/v2\/types\/page"}],"author":[{"embeddable":true,"href":"https:\/\/www.todocon.com\/es_ES\/wp-json\/wp\/v2\/users\/1"}],"replies":[{"embeddable":true,"href":"https:\/\/www.todocon.com\/es_ES\/wp-json\/wp\/v2\/comments?post=5971"}],"version-history":[{"count":11,"href":"https:\/\/www.todocon.com\/es_ES\/wp-json\/wp\/v2\/pages\/5971\/revisions"}],"predecessor-version":[{"id":8539,"href":"https:\/\/www.todocon.com\/es_ES\/wp-json\/wp\/v2\/pages\/5971\/revisions\/8539"}],"wp:attachment":[{"href":"https:\/\/www.todocon.com\/es_ES\/wp-json\/wp\/v2\/media?parent=5971"}],"curies":[{"name":"wp","href":"https:\/\/api.w.org\/{rel}","templated":true}]}}